{"id":3846,"date":"2023-12-14T08:11:54","date_gmt":"2023-12-14T08:11:54","guid":{"rendered":"https:\/\/www.historial.fr\/allgemeine-geschaeftsbedingungen-agb\/"},"modified":"2024-02-19T09:29:57","modified_gmt":"2024-02-19T09:29:57","slug":"allgemeine-geschaeftsbedingungen-agb","status":"publish","type":"page","link":"https:\/\/www.historial.fr\/de\/allgemeine-geschaeftsbedingungen-agb\/","title":{"rendered":"Allgemeine Gesch\u00e4ftsbedingungen (AGB)"},"content":{"rendered":"\t\t<div data-elementor-type=\"wp-page\" data-elementor-id=\"3846\" class=\"elementor elementor-3846 elementor-1128\">\n\t\t\t\t<div class=\"elementor-element elementor-element-66e3cdf1 e-flex e-con-boxed e-con e-parent\" data-id=\"66e3cdf1\" data-element_type=\"container\" data-e-type=\"container\" data-settings=\"{&quot;background_background&quot;:&quot;classic&quot;}\">\n\t\t\t\t\t<div class=\"e-con-inner\">\n\t\t\t\t<div class=\"elementor-element elementor-element-10359c8 elementor-widget__width-inherit elementor-widget elementor-widget-heading\" data-id=\"10359c8\" data-element_type=\"widget\" data-e-type=\"widget\" data-widget_type=\"heading.default\">\n\t\t\t\t<div class=\"elementor-widget-container\">\n\t\t\t\t\t<h1 class=\"elementor-heading-title elementor-size-default\">Allgemeine Gesch\u00e4ftsbedingungen (AGB) f\u00fcr den Verkauf von Online-Tickets - Historial de la Grande Guerre<\/h1>\t\t\t\t<\/div>\n\t\t\t\t<\/div>\n\t\t\t\t\t<\/div>\n\t\t\t\t<\/div>\n\t\t<div class=\"elementor-element elementor-element-41499967 e-flex e-con-boxed e-con e-parent\" data-id=\"41499967\" data-element_type=\"container\" data-e-type=\"container\">\n\t\t\t\t\t<div class=\"e-con-inner\">\n\t\t\t\t<div class=\"elementor-element elementor-element-72ff173b elementor-widget elementor-widget-text-editor\" data-id=\"72ff173b\" data-element_type=\"widget\" data-e-type=\"widget\" data-widget_type=\"text-editor.default\">\n\t\t\t\t<div class=\"elementor-widget-container\">\n\t\t\t\t\t\t\t\t\t<h3 style=\"font-weight: 400;\"><strong><em>Pr\u00e4ambel:<\/em><\/strong><\/h3>\n\t\t\t\t\t\t\t\t<\/div>\n\t\t\t\t<\/div>\n\t\t\t\t\t<\/div>\n\t\t\t\t<\/div>\n\t\t<div class=\"elementor-element elementor-element-3a5aae53 e-flex e-con-boxed e-con e-parent\" data-id=\"3a5aae53\" data-element_type=\"container\" data-e-type=\"container\">\n\t\t\t\t\t<div class=\"e-con-inner\">\n\t\t\t\t<div class=\"elementor-element elementor-element-3591fd2c elementor-widget elementor-widget-text-editor\" data-id=\"3591fd2c\" data-element_type=\"widget\" data-e-type=\"widget\" data-widget_type=\"text-editor.default\">\n\t\t\t\t<div class=\"elementor-widget-container\">\n\t\t\t\t\t\t\t\t\t<p style=\"font-weight: 400;\">Die vorliegenden Allgemeinen Gesch\u00e4ftsbedingungen (AGB) regeln den Online-Ticketverkauf f\u00fcr das Historial de la Grande Guerre, Museen in P\u00e9ronne und Thiepval. Indem Sie eine Bestellung auf unserer Website aufgeben, akzeptieren Sie diese AGB vollst\u00e4ndig und vorbehaltlos. Bitte lesen Sie diese sorgf\u00e4ltig durch, bevor Sie Ihren Kauf t\u00e4tigen.<\/p>\n\t\t\t\t\t\t\t\t<\/div>\n\t\t\t\t<\/div>\n\t\t\t\t<div class=\"elementor-element elementor-element-98e0440 elementor-widget-divider--view-line elementor-widget elementor-widget-divider\" data-id=\"98e0440\" data-element_type=\"widget\" data-e-type=\"widget\" data-widget_type=\"divider.default\">\n\t\t\t\t<div class=\"elementor-widget-container\">\n\t\t\t\t\t\t\t<div class=\"elementor-divider\">\n\t\t\t<span class=\"elementor-divider-separator\">\n\t\t\t\t\t\t<\/span>\n\t\t<\/div>\n\t\t\t\t\t\t<\/div>\n\t\t\t\t<\/div>\n\t\t\t\t<div class=\"elementor-element elementor-element-ec94482 elementor-widget elementor-widget-text-editor\" data-id=\"ec94482\" data-element_type=\"widget\" data-e-type=\"widget\" data-widget_type=\"text-editor.default\">\n\t\t\t\t<div class=\"elementor-widget-container\">\n\t\t\t\t\t\t\t\t\t<section class=\"av_textblock_section\">\n<div class=\"avia_textblock \">\n<p><strong><em>Artikel 1: Gegenstand und rechtliche Informationen<\/em><\/strong><\/p>\n<p>1.1. Die vorliegenden AGB definieren die Modalit\u00e4ten f\u00fcr den Online-Verkauf von Eintrittskarten f\u00fcr das Historial de la Grande Guerre (im Folgenden \u201eder Verk\u00e4ufer\u201c).<\/p>\n<p>1.2. Der Verk\u00e4ufer:<br \/>Historial de la Grande Guerre<br \/>Place Andr\u00e9 Audinot \u2013 BP 20063 \u2013 80 200 PERONNE<br \/>Tel.: +33 (0)3 22 83 14 18<br \/>E-Mail: info@historial.org<\/p>\n<\/div>\n<\/section>\n<div class=\"hr hr-invisible avia-builder-el-5 el_after_av_textblock el_before_av_textblock \">\n<section class=\"av_textblock_section\">\n<div class=\"avia_textblock \">\n<p><strong><em>Artikel 2: Produkte und Preise<\/em><\/strong><\/p>\n<p>2.1. Die Hauptmerkmale der online angebotenen Tickets sind auf der Website dargestellt.<\/p>\n<p>2.2. Die Eintrittspreise werden in Euro und inklusive Mehrwertsteuer angegeben.<\/p>\n<\/div>\n<\/section>\n<div class=\"hr hr-invisible avia-builder-el-7 el_after_av_textblock el_before_av_textblock \"> <\/div>\n<section class=\"av_textblock_section\">\n<div class=\"avia_textblock \">\n<p><strong><em>Artikel 3: Bestellung und Zahlung<\/em><\/strong><\/p>\n<p>3.1. Der Kunde gibt seine Bestellung online auf, indem er den Schritten des Kaufprozesses folgt.<\/p>\n<p>3.2. Die Zahlung erfolgt online \u00fcber die auf der Website akzeptierten Zahlungsmethoden.<\/p>\n<\/div>\n<\/section>\n<div class=\"hr hr-invisible avia-builder-el-9 el_after_av_textblock el_before_av_textblock \"> <\/div>\n<section class=\"av_textblock_section\">\n<div class=\"avia_textblock \">\n<p><strong><em>Artikel 4: Best\u00e4tigung der Bestellung<\/em><\/strong><\/p>\n<p>4.1. Sobald die Bestellung aufgegeben und die Zahlung best\u00e4tigt wurde, erh\u00e4lt der Kunde eine E-Mail mit einer Auftragsbest\u00e4tigung, die die Einzelheiten seiner Bestellung enth\u00e4lt.<\/p>\n<\/div>\n<\/section>\n<div class=\"hr hr-invisible avia-builder-el-11 el_after_av_textblock el_before_av_textblock \"> <\/div>\n<section class=\"av_textblock_section\">\n<div class=\"avia_textblock \">\n<p><strong><em>Artikel 5: Stornierung und Erstattung<\/em><\/strong><\/p>\n<p>5.1. Gem\u00e4\u00df Artikel L221-28 des franz\u00f6sischen Verbraucherschutzgesetzes besteht f\u00fcr online verkaufte Tickets f\u00fcr Dienstleistungen, die an ein bestimmtes Datum oder einen bestimmten Zeitraum gebunden sind, kein Widerrufsrecht.<\/p>\n<p>5.2. Falls der Verk\u00e4ufer einen Besuch oder eine Veranstaltung absagt, haben die Kunden die M\u00f6glichkeit, ihre Buchung auf ein anderes Datum zu verschieben oder eine R\u00fcckerstattung zu beantragen.<\/p>\n<\/div>\n<\/section>\n<div class=\"hr hr-invisible avia-builder-el-13 el_after_av_textblock el_before_av_textblock \"> <\/div>\n<section class=\"av_textblock_section\">\n<div class=\"avia_textblock \">\n<p><strong><em>Artikel 6: Haftung<\/em><\/strong><\/p>\n<p>6.1. Der Verk\u00e4ufer unternimmt alle Anstrengungen, um die Qualit\u00e4t seiner Dienstleistungen und die Sicherheit seiner Online-Transaktionen zu gew\u00e4hrleisten. Er kann jedoch nicht f\u00fcr Unterbrechungen, Verz\u00f6gerungen oder Funktionsst\u00f6rungen der Website haftbar gemacht werden, die au\u00dferhalb seines Einflussbereichs liegen.<\/p>\n<\/div>\n<\/section>\n<div class=\"hr hr-invisible avia-builder-el-15 el_after_av_textblock el_before_av_textblock \"> <\/div>\n<section class=\"av_textblock_section\">\n<div class=\"avia_textblock \">\n<p><strong><em>Artikel 7: Pers\u00f6nliche Daten<\/em><\/strong><\/p>\n<p>7.1. Die w\u00e4hrend des Bestellvorgangs erhobenen pers\u00f6nlichen Daten werden nur im Zusammenhang mit der Transaktion und in \u00dcbereinstimmung mit der Datenschutzrichtlinie des Verk\u00e4ufers verwendet.<\/p>\n<\/div>\n<\/section>\n<div class=\"hr hr-invisible avia-builder-el-17 el_after_av_textblock el_before_av_textblock \"> <\/div>\n<section class=\"av_textblock_section\">\n<div class=\"avia_textblock \">\n<p><strong><em>Artikel 8: \u00c4nderung der AGB<\/em><\/strong><\/p>\n<p>8.1. Der Verk\u00e4ufer beh\u00e4lt sich das Recht vor, die vorliegenden AGB zu \u00e4ndern. Die \u00c4nderungen gelten ab dem Zeitpunkt, zu dem sie auf der Website ver\u00f6ffentlicht werden.<\/p>\n<\/div>\n<\/section>\n<div class=\"hr hr-invisible avia-builder-el-19 el_after_av_textblock el_before_av_textblock \"> <\/div>\n<section class=\"av_textblock_section\">\n<div class=\"avia_textblock \">\n<p><strong><em>Artikel 9: Schlichtung von Verbraucherangelegenheiten<\/em><\/strong><\/p>\n<p>9.1. Im Falle einer ungel\u00f6sten Rechtsstreitigkeit zwischen dem Verk\u00e4ufer und dem Kunden und gem\u00e4\u00df den Artikeln <a href=\"https:\/\/www.legifrance.gouv.fr\/affichCodeArticle.do?cidTexte=LEGITEXT000006069565&amp;idArticle=LEGIARTI000032224762\">L.616-1<\/a> und <a href=\"https:\/\/www.legifrance.gouv.fr\/affichCodeArticle.do?cidTexte=LEGITEXT000006069565&amp;idArticle=LEGIARTI000032808378\">R.616-1<\/a> des franz\u00f6sischen Verbraucherschutzgesetzes hat unser Verband eine Schlichtungsstelle f\u00fcr Verbraucherangelegenheiten vorgesehen. Die gew\u00e4hlte Schlichtungsstelle ist:<\/p>\n<p>SAS CNPM \u2013 M\u00c9DIATION \u2013 CONSOMMATION. Im Falle einer Rechtsstreitigkeit kann der Verbraucher seine Beschwerde auf folgender Website einreichen:<\/p>\n<p><a href=\"https:\/\/www.cnpm-mediation-consommation.eu\/\">https:\/\/www.cnpm-mediation-consommation.eu\/<\/a><\/p>\n<p>oder auf dem Postweg durch Schreiben an:<\/p>\n<p>CNPM M\u00c9DIATION CONSOMMATION<br \/>27, avenue de la Lib\u00e9ration<br \/>42400 SAINT-CHAMOND<\/p>\n<p>9.2. Bevor er sich an den Mediator wendet, muss der Kunde unbedingt eine schriftliche Beschwerde an den Verk\u00e4ufer richten, in der er den Streitfall schildert und alle erforderlichen Informationen liefert.<\/p>\n<p>9.3. Die Einschaltung des Mediators kann nur dann erfolgen, wenn die vorherige Beschwerde erfolglos geblieben ist oder wenn innerhalb von zwei Monaten nach Eingang der Beschwerde keine Antwort eingegangen ist.<\/p>\n<p>9.4. Das Schlichtungsverfahren ist f\u00fcr den Kunden kostenlos, sofern er die von dem Mediator genannten Bedingungen erf\u00fcllt.<\/p>\n<p>9.5. Die Entscheidung des Mediators ist f\u00fcr die Parteien nicht bindend. Es steht ihnen frei, die Entscheidung anzufechten und den Rechtsweg zu beschreiten, wenn sie dies w\u00fcnschen.<\/p>\n<\/div>\n<\/section>\n<\/div>\n\t\t\t\t\t\t\t\t<\/div>\n\t\t\t\t<\/div>\n\t\t\t\t\t<\/div>\n\t\t\t\t<\/div>\n\t\t\t\t<\/div>\n\t\t","protected":false},"excerpt":{"rendered":"<p>Allgemeine Gesch\u00e4ftsbedingungen (AGB) f\u00fcr den Verkauf von Online-Tickets &#8211; Historial de la Grande Guerre Pr\u00e4ambel: Die vorliegenden Allgemeinen Gesch\u00e4ftsbedingungen (AGB) regeln den Online-Ticketverkauf f\u00fcr das Historial de la Grande Guerre, [&hellip;]<\/p>\n","protected":false},"author":3,"featured_media":0,"parent":0,"menu_order":0,"comment_status":"closed","ping_status":"closed","template":"","meta":{"_acf_changed":false,"footnotes":""},"class_list":["post-3846","page","type-page","status-publish","hentry"],"acf":[],"yoast_head":"<!-- This site is optimized with the Yoast SEO plugin v27.4 - https:\/\/yoast.com\/product\/yoast-seo-wordpress\/ -->\n<title>Allgemeine Gesch\u00e4ftsbedingungen (AGB) - Historial de la Grande Guerre<\/title>\n<meta name=\"robots\" content=\"index, follow, max-snippet:-1, max-image-preview:large, max-video-preview:-1\" \/>\n<link rel=\"canonical\" href=\"https:\/\/www.historial.fr\/de\/allgemeine-geschaeftsbedingungen-agb\/\" \/>\n<meta property=\"og:locale\" content=\"de_DE\" \/>\n<meta property=\"og:type\" content=\"article\" \/>\n<meta property=\"og:title\" content=\"Allgemeine Gesch\u00e4ftsbedingungen (AGB) - Historial de la Grande Guerre\" \/>\n<meta property=\"og:description\" content=\"Allgemeine Gesch\u00e4ftsbedingungen (AGB) f\u00fcr den Verkauf von Online-Tickets &#8211; Historial de la Grande Guerre Pr\u00e4ambel: Die vorliegenden Allgemeinen Gesch\u00e4ftsbedingungen (AGB) regeln den Online-Ticketverkauf f\u00fcr das Historial de la Grande Guerre, [&hellip;]\" \/>\n<meta property=\"og:url\" content=\"https:\/\/www.historial.fr\/de\/allgemeine-geschaeftsbedingungen-agb\/\" \/>\n<meta property=\"og:site_name\" content=\"Historial de la Grande Guerre\" \/>\n<meta property=\"article:modified_time\" content=\"2024-02-19T09:29:57+00:00\" \/>\n<meta name=\"twitter:card\" content=\"summary_large_image\" \/>\n<meta name=\"twitter:label1\" content=\"Gesch\u00e4tzte Lesezeit\" \/>\n\t<meta name=\"twitter:data1\" content=\"3\u00a0Minuten\" \/>\n<script type=\"application\/ld+json\" class=\"yoast-schema-graph\">{\"@context\":\"https:\\\/\\\/schema.org\",\"@graph\":[{\"@type\":\"WebPage\",\"@id\":\"https:\\\/\\\/www.historial.fr\\\/de\\\/allgemeine-geschaeftsbedingungen-agb\\\/\",\"url\":\"https:\\\/\\\/www.historial.fr\\\/de\\\/allgemeine-geschaeftsbedingungen-agb\\\/\",\"name\":\"Allgemeine Gesch\u00e4ftsbedingungen (AGB) - Historial de la Grande Guerre\",\"isPartOf\":{\"@id\":\"https:\\\/\\\/www.historial.fr\\\/#website\"},\"datePublished\":\"2023-12-14T08:11:54+00:00\",\"dateModified\":\"2024-02-19T09:29:57+00:00\",\"breadcrumb\":{\"@id\":\"https:\\\/\\\/www.historial.fr\\\/de\\\/allgemeine-geschaeftsbedingungen-agb\\\/#breadcrumb\"},\"inLanguage\":\"de\",\"potentialAction\":[{\"@type\":\"ReadAction\",\"target\":[\"https:\\\/\\\/www.historial.fr\\\/de\\\/allgemeine-geschaeftsbedingungen-agb\\\/\"]}]},{\"@type\":\"BreadcrumbList\",\"@id\":\"https:\\\/\\\/www.historial.fr\\\/de\\\/allgemeine-geschaeftsbedingungen-agb\\\/#breadcrumb\",\"itemListElement\":[{\"@type\":\"ListItem\",\"position\":1,\"name\":\"Accueil\",\"item\":\"https:\\\/\\\/www.historial.fr\\\/de\\\/\"},{\"@type\":\"ListItem\",\"position\":2,\"name\":\"Allgemeine Gesch\u00e4ftsbedingungen (AGB)\"}]},{\"@type\":\"WebSite\",\"@id\":\"https:\\\/\\\/www.historial.fr\\\/#website\",\"url\":\"https:\\\/\\\/www.historial.fr\\\/\",\"name\":\"Historial de la Grande Guerre\",\"description\":\"Mus\u00e9e de la Premi\u00e8re Guerre Mondiale\",\"potentialAction\":[{\"@type\":\"SearchAction\",\"target\":{\"@type\":\"EntryPoint\",\"urlTemplate\":\"https:\\\/\\\/www.historial.fr\\\/?s={search_term_string}\"},\"query-input\":{\"@type\":\"PropertyValueSpecification\",\"valueRequired\":true,\"valueName\":\"search_term_string\"}}],\"inLanguage\":\"de\"}]}<\/script>\n<!-- \/ Yoast SEO plugin. -->","yoast_head_json":{"title":"Allgemeine Gesch\u00e4ftsbedingungen (AGB) - Historial de la Grande Guerre","robots":{"index":"index","follow":"follow","max-snippet":"max-snippet:-1","max-image-preview":"max-image-preview:large","max-video-preview":"max-video-preview:-1"},"canonical":"https:\/\/www.historial.fr\/de\/allgemeine-geschaeftsbedingungen-agb\/","og_locale":"de_DE","og_type":"article","og_title":"Allgemeine Gesch\u00e4ftsbedingungen (AGB) - Historial de la Grande Guerre","og_description":"Allgemeine Gesch\u00e4ftsbedingungen (AGB) f\u00fcr den Verkauf von Online-Tickets &#8211; Historial de la Grande Guerre Pr\u00e4ambel: Die vorliegenden Allgemeinen Gesch\u00e4ftsbedingungen (AGB) regeln den Online-Ticketverkauf f\u00fcr das Historial de la Grande Guerre, [&hellip;]","og_url":"https:\/\/www.historial.fr\/de\/allgemeine-geschaeftsbedingungen-agb\/","og_site_name":"Historial de la Grande Guerre","article_modified_time":"2024-02-19T09:29:57+00:00","twitter_card":"summary_large_image","twitter_misc":{"Gesch\u00e4tzte Lesezeit":"3\u00a0Minuten"},"schema":{"@context":"https:\/\/schema.org","@graph":[{"@type":"WebPage","@id":"https:\/\/www.historial.fr\/de\/allgemeine-geschaeftsbedingungen-agb\/","url":"https:\/\/www.historial.fr\/de\/allgemeine-geschaeftsbedingungen-agb\/","name":"Allgemeine Gesch\u00e4ftsbedingungen (AGB) - Historial de la Grande Guerre","isPartOf":{"@id":"https:\/\/www.historial.fr\/#website"},"datePublished":"2023-12-14T08:11:54+00:00","dateModified":"2024-02-19T09:29:57+00:00","breadcrumb":{"@id":"https:\/\/www.historial.fr\/de\/allgemeine-geschaeftsbedingungen-agb\/#breadcrumb"},"inLanguage":"de","potentialAction":[{"@type":"ReadAction","target":["https:\/\/www.historial.fr\/de\/allgemeine-geschaeftsbedingungen-agb\/"]}]},{"@type":"BreadcrumbList","@id":"https:\/\/www.historial.fr\/de\/allgemeine-geschaeftsbedingungen-agb\/#breadcrumb","itemListElement":[{"@type":"ListItem","position":1,"name":"Accueil","item":"https:\/\/www.historial.fr\/de\/"},{"@type":"ListItem","position":2,"name":"Allgemeine Gesch\u00e4ftsbedingungen (AGB)"}]},{"@type":"WebSite","@id":"https:\/\/www.historial.fr\/#website","url":"https:\/\/www.historial.fr\/","name":"Historial de la Grande Guerre","description":"Mus\u00e9e de la Premi\u00e8re Guerre Mondiale","potentialAction":[{"@type":"SearchAction","target":{"@type":"EntryPoint","urlTemplate":"https:\/\/www.historial.fr\/?s={search_term_string}"},"query-input":{"@type":"PropertyValueSpecification","valueRequired":true,"valueName":"search_term_string"}}],"inLanguage":"de"}]}},"jetpack_sharing_enabled":true,"_links":{"self":[{"href":"https:\/\/www.historial.fr\/de\/wp-json\/wp\/v2\/pages\/3846","targetHints":{"allow":["GET"]}}],"collection":[{"href":"https:\/\/www.historial.fr\/de\/wp-json\/wp\/v2\/pages"}],"about":[{"href":"https:\/\/www.historial.fr\/de\/wp-json\/wp\/v2\/types\/page"}],"author":[{"embeddable":true,"href":"https:\/\/www.historial.fr\/de\/wp-json\/wp\/v2\/users\/3"}],"replies":[{"embeddable":true,"href":"https:\/\/www.historial.fr\/de\/wp-json\/wp\/v2\/comments?post=3846"}],"version-history":[{"count":1,"href":"https:\/\/www.historial.fr\/de\/wp-json\/wp\/v2\/pages\/3846\/revisions"}],"predecessor-version":[{"id":3847,"href":"https:\/\/www.historial.fr\/de\/wp-json\/wp\/v2\/pages\/3846\/revisions\/3847"}],"wp:attachment":[{"href":"https:\/\/www.historial.fr\/de\/wp-json\/wp\/v2\/media?parent=3846"}],"curies":[{"name":"wp","href":"https:\/\/api.w.org\/{rel}","templated":true}]}}