{"id":3848,"date":"2024-02-15T14:12:21","date_gmt":"2024-02-15T14:12:21","guid":{"rendered":"https:\/\/www.historial.fr\/impressum\/"},"modified":"2025-09-16T07:57:16","modified_gmt":"2025-09-16T07:57:16","slug":"impressum","status":"publish","type":"page","link":"https:\/\/www.historial.fr\/de\/impressum\/","title":{"rendered":"Impressum"},"content":{"rendered":"\t\t<div data-elementor-type=\"wp-page\" data-elementor-id=\"3848\" class=\"elementor elementor-3848 elementor-3804\">\n\t\t\t\t<div class=\"elementor-element elementor-element-2d7fa7fc e-flex e-con-boxed e-con e-parent\" data-id=\"2d7fa7fc\" data-element_type=\"container\" data-e-type=\"container\">\n\t\t\t\t\t<div class=\"e-con-inner\">\n\t\t\t\t<div class=\"elementor-element elementor-element-475c4ec3 elementor-widget elementor-widget-text-editor\" data-id=\"475c4ec3\" data-element_type=\"widget\" data-e-type=\"widget\" data-widget_type=\"text-editor.default\">\n\t\t\t\t<div class=\"elementor-widget-container\">\n\t\t\t\t\t\t\t\t\t<address><strong>Historial de la Grande Guerre<\/strong> <br>BP 20063<br>80201 PERONNE cedex<br>Tel. +33 (0)3.22.83.14.18<br>Fax +33 (0)3.22.83.54.18<\/address>\n<address><a title=\"(Ouvre votre bo\u00eete de messagerie)\" href=\"mailto:info@historial.org\">info@historial.org<\/a><\/address>\n<p><strong>Betreiber der Website:<\/strong> Association Historial de la Grande Guerre<br><strong>Gestaltung &#8211; Realisierung:<\/strong> LINKS Cr\u00e9ation Graphique &#8211; www.links-web.fr<br><strong>Hosting : <\/strong>Hubs Digital &#8211; <a href=\"https:\/\/hubs.fr\">hubs.fr<\/a><strong><br><\/strong><\/p>\n<h2>Urheberrechte und <span lang=\"en\">Copyright<\/span><\/h2>\n<p>Die Website des Historial de la Grande Guerre ist geistiges Eigentum, das durch die geltenden Gesetze gesch\u00fctzt ist.<\/p>\n<p>Die Urheberrechte dieser Website sind f\u00fcr jede Form der Nutzung gesch\u00fctzt. Insbesondere sind die Vervielf\u00e4ltigung der grafischen Elemente der Website, das vollst\u00e4ndige Herunterladen der Website zur Speicherung auf einem Verbreitungsmedium sowie jegliche Nutzung der darin enthaltenen Bilder und Texte, die \u00fcber die individuelle und private Konsultation hinausgeht, ohne Genehmigung untersagt.<\/p>\n<p>Die Rechte an den auf dieser Website enthaltenen Abbildungen und Fotografien geh\u00f6ren, sofern nicht anders angegeben, dem Historial de la Grande Guerre oder sind in einigen F\u00e4llen Eigentum anderer Institutionen oder Personen (Copyright in der Legende angegeben), bei denen das Historial die Nutzungsgenehmigungen eingeholt hat, insbesondere bei der ADAGP (Verbund f\u00fcr Autoren in der grafischen und bildenden Kunst). Sollte sich bei der Zuordnung eines Bildnachweises ein Fehler eingeschlichen haben, bitten wir Sie, uns dies freundlicherweise mitzuteilen. Die Autoren der Fotografien sind, sofern nicht anders angegeben: Alle Rechte vorbehalten.<\/p>\n<p>F\u00fcr die Fotografien aus den Sammlungen des Historial de la Grande Guerre ist, sofern nicht anders angegeben, &nbsp;der Urheber der Fotografien Yazid Medmoun (Conseil d\u00e9partemental de la Somme).<\/p>\n<p>Im Rahmen von Sonderausstellungen bittet das Historial de la Grande Guerre den ADAGP um die Erlaubnis, die Bilder der Kunstwerke seiner Mitglieder, die im Pressebereich vorhanden sind, zu verwenden (Dateien k\u00f6nnen nach Anfrage eines Zugangs mit Passwort heruntergeladen werden).<br>Obligatorische Anmerkung an die Presse f\u00fcr die Mitglieder des ADAGP:<br>\u2013 Befreiung von Vervielf\u00e4ltigungen im Rahmen der Werbung f\u00fcr die Ausstellung, wenn nur h\u00f6chstens zwei Werke vervielf\u00e4ltigt werden (bis zu je \u00bc Seite).<br>&#8211; Bei \u00dcberschreitung dieser Anzahl und dieses Formats m\u00fcssen alle Vervielf\u00e4ltigungen bei der Presseabteilung des ADAGP beantragt werden und unterliegen den Vervielf\u00e4ltigungsrechten.<br>&#8211; F\u00fcr jede Vervielf\u00e4ltigung auf dem Titelblatt oder auf der Titelseite muss eine Genehmigung eingeholt werden.<br>Das Copyright, das bei jeder Vervielf\u00e4ltigung (oder in Bezug auf die Kunstpresse in den Bildnachweisen) angegeben werden muss, ist: \u00a9 ADAGP, Paris, 2010, unabh\u00e4ngig von der Herkunft des Bildes oder dem Ort, an dem es aufbewahrt wird.<\/p>\n<h2>Hinweise<\/h2>\n<p>Die ver\u00f6ffentlichten Informationen werden regelm\u00e4\u00dfig \u00fcberpr\u00fcft. &nbsp;Das Historial de la Grande Guerre&nbsp; \u00fcbernimmt keine Verantwortung f\u00fcr Fehler oder Auslassungen. Die in der Datei der Vereinigungen ver\u00f6ffentlichten Informationen werden unter ihrer Verantwortung ver\u00f6ffentlicht.<\/p>\n<p>Um einen Fehler zu melden oder die Berichtigung von Informationen zu verlangen, wenden Sie sich bitte telefonisch oder per E-Mail an den Webmaster: info@historial.org.<\/p>\n<p>Die technischen Informationen, die sich auf dieser Website befinden, haben nur informativen Wert und k\u00f6nnen sich aufgrund von Gesetzes- und Verordnungs\u00e4nderungen \u00e4ndern.<\/p>\n<p>Das Historial&nbsp; de la Grande&nbsp; Guerre&nbsp; \u00fcbernimmt keine Verantwortung f\u00fcr die Interpretation, die Sie aufgrund der auf dieser Website enthaltenen Informationen treffen k\u00f6nnten.<br>Es obliegt dem Nutzer dieser Website, alle geeigneten Ma\u00dfnahmen zu ergreifen, um seine eigenen Daten und\/oder Software vor einer Kontamination durch eventuelle Viren, die im Internet zirkulieren, zu sch\u00fctzen. Generell lehnt das Historial &nbsp;de la Grande &nbsp;Guerre&nbsp; jede Haftung f\u00fcr eventuelle Sch\u00e4den ab, die w\u00e4hrend der Konsultation der vorliegenden Website entstehen.<\/p>\n<p>Die Links zu anderen Websites werden nur zur Information bereitgestellt und das Historial &nbsp;de la Grande&nbsp; Guerre&nbsp; kann weder f\u00fcr die Inhalte noch f\u00fcr die Zugriffsbedingungen haftbar gemacht werden. Im Umkehrschluss bedeutet dies, dass jede (nat\u00fcrliche oder juristische) Person, die einen oder mehrere Links zu einer oder mehreren Seiten der vorliegenden Website erstellen m\u00f6chte, den Webmaster der Website vorab dar\u00fcber informieren muss.<\/p>\n<h2>Grunds\u00e4tzlich sind jedoch ohne vorherige ausdr\u00fcckliche Zustimmung folgende Verlinkungen zul\u00e4ssig:<\/h2>\n<p>Zitate, die das Urheberrecht des Autors durch die Angabe seines Namens und der Quelle respektieren: Historial de la Grande Guerre, P\u00e9ronne. Das Zitat muss kurz sein, wobei dies sowohl in Bezug auf die Ver\u00f6ffentlichung, aus der es entnommen wurde, als auch auf die Ver\u00f6ffentlichung, in die es eingef\u00fcgt wurde, zu verstehen ist. Das Zitat dient der Veranschaulichung einer Aussage und darf nicht mit der Publikation konkurrieren, aus der es entnommen wurde. Die Vervielf\u00e4ltigung von Zitaten, die zu einer Anthologie f\u00fchrt, wird als abgeleitetes Werk betrachtet und bedarf daher der vorherigen Zustimmung des Urhebers oder Rechteinhabers.<\/p>\n<p>Die Erstellung eines Links, unter der zwingenden Bedingung, dass dieser Link ein neues Browserfenster \u00f6ffnet und dass die durch den Link erreichte Seite nicht in andere Seiten eingebettet ist, insbesondere durch Rahmen (oder \u201eFrames\u201c), die zur Website geh\u00f6ren, die diese Seite(n) auf einer ganzen Seite unter der URL des Historial de la Grande Guerre erscheinen l\u00e4sst.<\/p>\n<h2>In anderen F\u00e4llen, insbesondere:<\/h2>\n<ul>\n<li>\u2022 wenn Sie das Logo des Historial de la Grande Guerre ver\u00f6ffentlichen m\u00f6chten,<\/li>\n<li>\u2022 wenn der Inhalt der Seite des Historial de la Grande Guerre in die Navigation Ihrer Seite integriert werden soll, insbesondere durch Frames,<\/li>\n<li>\u2022 oder wenn der Zugang zu den Seiten, die den Link zur Website des Historial de la Grande Guerre enthalten, nicht kostenlos ist,<\/li>\n<\/ul>\n<p>muss vorab die ausdr\u00fcckliche Genehmigung&nbsp; des Historial de la Grande Guerre eingeholt werden. Die Genehmigung kann per E-Mail an info@historial.org oder schriftlich eingeholt werden, indem Sie an folgende Adresse schreiben:<\/p>\n<address><strong>Historial de la Grande Guerre<\/strong><br>BP 20063<br>80201 PERONNE cedex<br>Tel. +33 (0)3.22.83.14.18<br>Fax +33 (0)3.22.83.54.18<\/address>\n<address><a title=\" (Ouvre votre bo\u00eete de messagerie)\" href=\"mailto:info@historial.org\">info@historial.org<\/a><\/address>\n<p>Das Historial de la Grande Guerre \u00fcbernimmt keine Verantwortung f\u00fcr Links, die von anderen Websites erstellt wurden und auf deren eigenen Websites verweisen. Die Existenz solcher Links impliziert keinesfalls, dass das Historial de la Grande Guerre diese Seiten unterst\u00fctzt oder deren Inhalt billigt.<\/p>\n<p>Um die Identit\u00e4t und Integrit\u00e4t seiner Website zu gew\u00e4hrleisten, beh\u00e4lt sich das Historial de la Grande Guerre das Recht vor, Links zu verbieten, die nicht dem Zweck der Website entsprechen oder die dem Image der Organisation schaden k\u00f6nnten. Das Historial de la Grande Guerre kann nicht f\u00fcr den Inhalt (redaktionelle Beitr\u00e4ge, Illustrationen &#8230;) der Seiten, auf die seine Seiten verweisen, zur Rechenschaft gezogen werden.<\/p>\n<h2>Gesetzliche Bestimmungen<\/h2>\n<ul>\n<li>\u2022 Franz\u00f6sisches Gesetz 78-17 vom 6. Januar 1978 \u201eLoi relative \u00e0 l&#8217;informatique, aux fichiers et aux libert\u00e9s\u201c (Gesetz \u00fcber Datenverarbeitung, Dateien und Freiheiten)<\/li>\n<li>\u2022 Gesetz vom 29. Juli 1881 \u201eLoi sur la libert\u00e9 de la presse\u201c (Gesetz \u00fcber die Pressefreiheit)<\/li>\n<li>\u2022 Gesetz 2000-719 vom 1. August 2000 Auszug aus dem Gesetz \u00fcber die Haftung von technischen Anbietern<\/li>\n<\/ul>\t\t\t\t\t\t\t\t<\/div>\n\t\t\t\t<\/div>\n\t\t\t\t\t<\/div>\n\t\t\t\t<\/div>\n\t\t\t\t<\/div>\n\t\t","protected":false},"excerpt":{"rendered":"<p>Historial de la Grande Guerre BP 2006380201 PERONNE cedexTel. +33 (0)3.22.83.14.18Fax +33 (0)3.22.83.54.18 info@historial.org Betreiber der Website: Association Historial de la Grande GuerreGestaltung &#8211; Realisierung: LINKS Cr\u00e9ation Graphique &#8211; www.links-web.frHosting [&hellip;]<\/p>\n","protected":false},"author":2,"featured_media":0,"parent":0,"menu_order":0,"comment_status":"closed","ping_status":"closed","template":"","meta":{"_acf_changed":false,"footnotes":""},"class_list":["post-3848","page","type-page","status-publish","hentry"],"acf":[],"yoast_head":"<!-- This site is optimized with the Yoast SEO plugin v27.3 - https:\/\/yoast.com\/product\/yoast-seo-wordpress\/ -->\n<title>Impressum - Historial de la Grande Guerre<\/title>\n<meta name=\"robots\" content=\"index, follow, max-snippet:-1, max-image-preview:large, max-video-preview:-1\" \/>\n<link rel=\"canonical\" href=\"https:\/\/www.historial.fr\/de\/impressum\/\" \/>\n<meta property=\"og:locale\" content=\"de_DE\" \/>\n<meta property=\"og:type\" content=\"article\" \/>\n<meta property=\"og:title\" content=\"Impressum - Historial de la Grande Guerre\" \/>\n<meta property=\"og:description\" content=\"Historial de la Grande Guerre BP 2006380201 PERONNE cedexTel. +33 (0)3.22.83.14.18Fax +33 (0)3.22.83.54.18 info@historial.org Betreiber der Website: Association Historial de la Grande GuerreGestaltung &#8211; Realisierung: LINKS Cr\u00e9ation Graphique &#8211; www.links-web.frHosting [&hellip;]\" \/>\n<meta property=\"og:url\" content=\"https:\/\/www.historial.fr\/de\/impressum\/\" \/>\n<meta property=\"og:site_name\" content=\"Historial de la Grande Guerre\" \/>\n<meta property=\"article:modified_time\" content=\"2025-09-16T07:57:16+00:00\" \/>\n<meta name=\"twitter:card\" content=\"summary_large_image\" \/>\n<meta name=\"twitter:label1\" content=\"Gesch\u00e4tzte Lesezeit\" \/>\n\t<meta name=\"twitter:data1\" content=\"6\u00a0Minuten\" \/>\n<script type=\"application\/ld+json\" class=\"yoast-schema-graph\">{\"@context\":\"https:\\\/\\\/schema.org\",\"@graph\":[{\"@type\":\"WebPage\",\"@id\":\"https:\\\/\\\/www.historial.fr\\\/de\\\/impressum\\\/\",\"url\":\"https:\\\/\\\/www.historial.fr\\\/de\\\/impressum\\\/\",\"name\":\"Impressum - Historial de la Grande Guerre\",\"isPartOf\":{\"@id\":\"https:\\\/\\\/www.historial.fr\\\/#website\"},\"datePublished\":\"2024-02-15T14:12:21+00:00\",\"dateModified\":\"2025-09-16T07:57:16+00:00\",\"breadcrumb\":{\"@id\":\"https:\\\/\\\/www.historial.fr\\\/de\\\/impressum\\\/#breadcrumb\"},\"inLanguage\":\"de\",\"potentialAction\":[{\"@type\":\"ReadAction\",\"target\":[\"https:\\\/\\\/www.historial.fr\\\/de\\\/impressum\\\/\"]}]},{\"@type\":\"BreadcrumbList\",\"@id\":\"https:\\\/\\\/www.historial.fr\\\/de\\\/impressum\\\/#breadcrumb\",\"itemListElement\":[{\"@type\":\"ListItem\",\"position\":1,\"name\":\"Accueil\",\"item\":\"https:\\\/\\\/www.historial.fr\\\/de\\\/\"},{\"@type\":\"ListItem\",\"position\":2,\"name\":\"Impressum\"}]},{\"@type\":\"WebSite\",\"@id\":\"https:\\\/\\\/www.historial.fr\\\/#website\",\"url\":\"https:\\\/\\\/www.historial.fr\\\/\",\"name\":\"Historial de la Grande Guerre\",\"description\":\"Mus\u00e9e de la Premi\u00e8re Guerre Mondiale\",\"potentialAction\":[{\"@type\":\"SearchAction\",\"target\":{\"@type\":\"EntryPoint\",\"urlTemplate\":\"https:\\\/\\\/www.historial.fr\\\/?s={search_term_string}\"},\"query-input\":{\"@type\":\"PropertyValueSpecification\",\"valueRequired\":true,\"valueName\":\"search_term_string\"}}],\"inLanguage\":\"de\"}]}<\/script>\n<!-- \/ Yoast SEO plugin. -->","yoast_head_json":{"title":"Impressum - Historial de la Grande Guerre","robots":{"index":"index","follow":"follow","max-snippet":"max-snippet:-1","max-image-preview":"max-image-preview:large","max-video-preview":"max-video-preview:-1"},"canonical":"https:\/\/www.historial.fr\/de\/impressum\/","og_locale":"de_DE","og_type":"article","og_title":"Impressum - Historial de la Grande Guerre","og_description":"Historial de la Grande Guerre BP 2006380201 PERONNE cedexTel. +33 (0)3.22.83.14.18Fax +33 (0)3.22.83.54.18 info@historial.org Betreiber der Website: Association Historial de la Grande GuerreGestaltung &#8211; Realisierung: LINKS Cr\u00e9ation Graphique &#8211; www.links-web.frHosting [&hellip;]","og_url":"https:\/\/www.historial.fr\/de\/impressum\/","og_site_name":"Historial de la Grande Guerre","article_modified_time":"2025-09-16T07:57:16+00:00","twitter_card":"summary_large_image","twitter_misc":{"Gesch\u00e4tzte Lesezeit":"6\u00a0Minuten"},"schema":{"@context":"https:\/\/schema.org","@graph":[{"@type":"WebPage","@id":"https:\/\/www.historial.fr\/de\/impressum\/","url":"https:\/\/www.historial.fr\/de\/impressum\/","name":"Impressum - Historial de la Grande Guerre","isPartOf":{"@id":"https:\/\/www.historial.fr\/#website"},"datePublished":"2024-02-15T14:12:21+00:00","dateModified":"2025-09-16T07:57:16+00:00","breadcrumb":{"@id":"https:\/\/www.historial.fr\/de\/impressum\/#breadcrumb"},"inLanguage":"de","potentialAction":[{"@type":"ReadAction","target":["https:\/\/www.historial.fr\/de\/impressum\/"]}]},{"@type":"BreadcrumbList","@id":"https:\/\/www.historial.fr\/de\/impressum\/#breadcrumb","itemListElement":[{"@type":"ListItem","position":1,"name":"Accueil","item":"https:\/\/www.historial.fr\/de\/"},{"@type":"ListItem","position":2,"name":"Impressum"}]},{"@type":"WebSite","@id":"https:\/\/www.historial.fr\/#website","url":"https:\/\/www.historial.fr\/","name":"Historial de la Grande Guerre","description":"Mus\u00e9e de la Premi\u00e8re Guerre Mondiale","potentialAction":[{"@type":"SearchAction","target":{"@type":"EntryPoint","urlTemplate":"https:\/\/www.historial.fr\/?s={search_term_string}"},"query-input":{"@type":"PropertyValueSpecification","valueRequired":true,"valueName":"search_term_string"}}],"inLanguage":"de"}]}},"jetpack_sharing_enabled":true,"_links":{"self":[{"href":"https:\/\/www.historial.fr\/de\/wp-json\/wp\/v2\/pages\/3848","targetHints":{"allow":["GET"]}}],"collection":[{"href":"https:\/\/www.historial.fr\/de\/wp-json\/wp\/v2\/pages"}],"about":[{"href":"https:\/\/www.historial.fr\/de\/wp-json\/wp\/v2\/types\/page"}],"author":[{"embeddable":true,"href":"https:\/\/www.historial.fr\/de\/wp-json\/wp\/v2\/users\/2"}],"replies":[{"embeddable":true,"href":"https:\/\/www.historial.fr\/de\/wp-json\/wp\/v2\/comments?post=3848"}],"version-history":[{"count":4,"href":"https:\/\/www.historial.fr\/de\/wp-json\/wp\/v2\/pages\/3848\/revisions"}],"predecessor-version":[{"id":12092,"href":"https:\/\/www.historial.fr\/de\/wp-json\/wp\/v2\/pages\/3848\/revisions\/12092"}],"wp:attachment":[{"href":"https:\/\/www.historial.fr\/de\/wp-json\/wp\/v2\/media?parent=3848"}],"curies":[{"name":"wp","href":"https:\/\/api.w.org\/{rel}","templated":true}]}}