{"id":3850,"date":"2023-12-07T13:19:30","date_gmt":"2023-12-07T13:19:30","guid":{"rendered":"https:\/\/www.historial.fr\/gruppenfuehrungen-fuer-erwachsene\/"},"modified":"2025-10-02T15:20:33","modified_gmt":"2025-10-02T15:20:33","slug":"gruppenfuehrungen-fuer-erwachsene","status":"publish","type":"page","link":"https:\/\/www.historial.fr\/de\/visites-et-activites\/gruppenfuehrungen-fuer-erwachsene\/","title":{"rendered":"Gruppenf\u00fchrungen f\u00fcr Erwachsene"},"content":{"rendered":"\t\t<div data-elementor-type=\"wp-page\" data-elementor-id=\"3850\" class=\"elementor elementor-3850 elementor-361\">\n\t\t\t\t<div class=\"elementor-element elementor-element-3c37ed90 e-flex e-con-boxed e-con e-parent\" data-id=\"3c37ed90\" data-element_type=\"container\" data-e-type=\"container\" data-settings=\"{&quot;background_background&quot;:&quot;classic&quot;}\">\n\t\t\t\t\t<div class=\"e-con-inner\">\n\t\t\t\t<div class=\"elementor-element elementor-element-6e3e1d4f elementor-widget__width-inherit elementor-widget elementor-widget-heading\" data-id=\"6e3e1d4f\" data-element_type=\"widget\" data-e-type=\"widget\" data-widget_type=\"heading.default\">\n\t\t\t\t<div class=\"elementor-widget-container\">\n\t\t\t\t\t<h1 class=\"elementor-heading-title elementor-size-default\">Gruppenf\u00fchrungen f\u00fcr Erwachsene<\/h1>\t\t\t\t<\/div>\n\t\t\t\t<\/div>\n\t\t\t\t\t<\/div>\n\t\t\t\t<\/div>\n\t\t<div class=\"elementor-element elementor-element-73f491de e-flex e-con-boxed e-con e-parent\" data-id=\"73f491de\" data-element_type=\"container\" data-e-type=\"container\">\n\t\t\t\t\t<div class=\"e-con-inner\">\n\t\t\t\t<div class=\"elementor-element elementor-element-23d1ed30 elementor-widget elementor-widget-text-editor\" data-id=\"23d1ed30\" data-element_type=\"widget\" data-e-type=\"widget\" data-widget_type=\"text-editor.default\">\n\t\t\t\t<div class=\"elementor-widget-container\">\n\t\t\t\t\t\t\t\t\t<h3>Reisen Sie mit dem Historial de la Grande Guerre durch die Geschichte! Tauchen Sie in Begleitung eines Kulturvermittlers im Herzen der Schlachtfelder der Somme um die Geschichte ganz anders zu erleben.<\/h3>\n\t\t\t\t\t\t\t\t<\/div>\n\t\t\t\t<\/div>\n\t\t\t\t<div class=\"elementor-element elementor-element-a754e70 elementor-widget elementor-widget-text-editor\" data-id=\"a754e70\" data-element_type=\"widget\" data-e-type=\"widget\" data-widget_type=\"text-editor.default\">\n\t\t\t\t<div class=\"elementor-widget-container\">\n\t\t\t\t\t\t\t\t\t<h2><strong>Gestalten Sie Ihren Besuch: <\/strong><\/h2>\n\t\t\t\t\t\t\t\t<\/div>\n\t\t\t\t<\/div>\n\t\t\t\t<div class=\"elementor-element elementor-element-d941564 elementor-widget elementor-widget-text-editor\" data-id=\"d941564\" data-element_type=\"widget\" data-e-type=\"widget\" data-widget_type=\"text-editor.default\">\n\t\t\t\t<div class=\"elementor-widget-container\">\n\t\t\t\t\t\t\t\t\t<p><strong>Freie Besichtigungen, klassische oder thematische F\u00fchrungen,<\/strong> um den Ersten Weltkrieg anhand der Sammlungen des Museums und\/oder nach einem von Ihnen gew\u00e4hlten Thema zu entdecken.<\/p>\n\t\t\t\t\t\t\t\t<\/div>\n\t\t\t\t<\/div>\n\t\t\t\t<div class=\"elementor-element elementor-element-edd7a08 elementor-widget elementor-widget-text-editor\" data-id=\"edd7a08\" data-element_type=\"widget\" data-e-type=\"widget\" data-widget_type=\"text-editor.default\">\n\t\t\t\t<div class=\"elementor-widget-container\">\n\t\t\t\t\t\t\t\t\t<h2><strong>Planen Sie Ihren Besuch f\u00fcr einen ganzen Tag: <\/strong><\/h2>\n\t\t\t\t\t\t\t\t<\/div>\n\t\t\t\t<\/div>\n\t\t\t\t<div class=\"elementor-element elementor-element-1572397 elementor-widget elementor-widget-text-editor\" data-id=\"1572397\" data-element_type=\"widget\" data-e-type=\"widget\" data-widget_type=\"text-editor.default\">\n\t\t\t\t<div class=\"elementor-widget-container\">\n\t\t\t\t\t\t\t\t\t<ul>\n<li><strong>&#8211; Panoramen des Gro\u00dfen Krieges&nbsp;:<\/strong> Eine bewegende Reise auf den Spuren des Gro\u00dfen Krieges, im Herzen der Schlachtfelder der Somme. Lernen Sie alles \u00fcber dieses wichtige Kapitel der Weltgeschichte.\n<p>40 \u20ac pro Person (auf der Basis von 40 Teilnehmern)<\/p><\/li><li><p><strong style=\"color: var( --e-global-color-text ); font-family: var( --e-global-typography-text-font-family ), Sans-serif; font-size: 1rem;\">&#8211; Geschichte, Landschaft und Natur der Haute-Somme<\/strong><span style=\"color: var( --e-global-color-text ); font-family: var( --e-global-typography-text-font-family ), Sans-serif; font-weight: var( --e-global-typography-text-font-weight ); font-size: 1rem;\">: Eine Entdeckungsreise zu den historischen und nat\u00fcrlichen Reicht\u00fcmern unserer Region. Lassen Sie sich von den Landschaften der Haute-Somme verzaubern!<br><\/span><span style=\"color: var( --e-global-color-text ); font-family: var( --e-global-typography-text-font-family ), Sans-serif; font-size: 1rem; font-weight: var( --e-global-typography-text-font-weight );\">39 \u20ac pro Person (auf der Basis von 40 Teilnehmern)<\/span><\/p><\/li><li><p><span style=\"color: var( --e-global-color-text ); font-family: var( --e-global-typography-text-font-family ), Sans-serif; font-weight: var( --e-global-typography-text-font-weight ); font-size: 1rem;\">&#8211; Individuelle Angebote&nbsp;: Weitere &nbsp;Tages-Programme&nbsp;, die Geschichte, Natur, Gastronomie und Kunst verbinden sind ebenfalls m\u00f6glich.<\/span><\/p><\/li><li>&#8211; Es werden mehrere Verpflegungsm\u00f6glichkeiten vor Ort oder zum Mitnehmen angeboten&nbsp;: fertige Mahlzeiten, ein vollst\u00e4ndiges Mittagessen, Picknickkorb, Fr\u00fchst\u00fccksempfang, Kaffee und Kuchen.<\/li>\n<\/ul>\t\t\t\t\t\t\t\t<\/div>\n\t\t\t\t<\/div>\n\t\t\t\t\t<\/div>\n\t\t\t\t<\/div>\n\t\t<div class=\"elementor-element elementor-element-fddf4c6 e-flex e-con-boxed e-con e-parent\" data-id=\"fddf4c6\" data-element_type=\"container\" data-e-type=\"container\">\n\t\t\t\t\t<div class=\"e-con-inner\">\n\t\t\t\t<div class=\"elementor-element elementor-element-9afe00d raven--h-position-center raven--v-position-middle elementor-arrows-position-inside elementor-pagination-position-inside elementor-widget elementor-widget-raven-slider\" data-id=\"9afe00d\" data-element_type=\"widget\" data-e-type=\"widget\" data-settings=\"{&quot;navigation&quot;:&quot;both&quot;,&quot;autoplay&quot;:&quot;yes&quot;,&quot;pause_on_hover&quot;:&quot;yes&quot;,&quot;pause_on_interaction&quot;:&quot;yes&quot;,&quot;autoplay_speed&quot;:5000,&quot;infinite&quot;:&quot;yes&quot;,&quot;transition&quot;:&quot;slide&quot;,&quot;transition_speed&quot;:500}\" data-widget_type=\"raven-slider.default\">\n\t\t\t\t<div class=\"elementor-widget-container\">\n\t\t\t\t\t\t\t<div class=\"elementor-swiper\">\n\t\t\t<div class=\"raven-slider-wrapper elementor-main-swiper swiper\" dir=\"ltr\" data-animation=\"fadeInUp\">\n\t\t\t\t<div class=\"swiper-wrapper raven-slider\">\n\t\t\t\t\t\t\t\t\t\t<div class=\"elementor-repeater-item-78bf46c swiper-slide\"><div style=\"background-image: url(https:\/\/www.historial.fr\/wp-content\/uploads\/2023\/12\/HGG-Groupes_adultes.jpg)\" class=\"swiper-slide-bg\"><\/div><div class=\"swiper-slide-inner\" ><div class=\"swiper-slide-contents\"><\/div><\/div><\/div><div class=\"elementor-repeater-item-d0c7a45 swiper-slide\"><div style=\"background-image: url(https:\/\/www.historial.fr\/wp-content\/uploads\/2023\/12\/HGG-Groupes_adultes1.jpg)\" class=\"swiper-slide-bg\"><\/div><div class=\"swiper-slide-inner\" ><div class=\"swiper-slide-contents\"><\/div><\/div><\/div><div class=\"elementor-repeater-item-3fe2494 swiper-slide\"><div style=\"background-image: url(https:\/\/www.historial.fr\/wp-content\/uploads\/2023\/12\/HGG-Groupes_adultes2.jpg)\" class=\"swiper-slide-bg\"><\/div><div class=\"swiper-slide-inner\" ><div class=\"swiper-slide-contents\"><\/div><\/div><\/div><div class=\"elementor-repeater-item-202d021 swiper-slide\"><div style=\"background-image: url(https:\/\/www.historial.fr\/wp-content\/uploads\/2023\/12\/HGG-Groupes_adultes3.jpg)\" class=\"swiper-slide-bg\"><\/div><div class=\"swiper-slide-inner\" ><div class=\"swiper-slide-contents\"><\/div><\/div><\/div><div class=\"elementor-repeater-item-3290d4c swiper-slide\"><div style=\"background-image: url(https:\/\/www.historial.fr\/wp-content\/uploads\/2023\/12\/HGG-Groupes_adultes4.jpg)\" class=\"swiper-slide-bg\"><\/div><div class=\"swiper-slide-inner\" ><div class=\"swiper-slide-contents\"><\/div><\/div><\/div><div class=\"elementor-repeater-item-f86ee4e swiper-slide\"><div style=\"background-image: url(https:\/\/www.historial.fr\/wp-content\/uploads\/2023\/12\/HGG-Groupes_adultes5.jpg)\" class=\"swiper-slide-bg\"><\/div><div class=\"swiper-slide-inner\" ><div class=\"swiper-slide-contents\"><\/div><\/div><\/div><div class=\"elementor-repeater-item-1fe66f6 swiper-slide\"><div style=\"background-image: url(https:\/\/www.historial.fr\/wp-content\/uploads\/2023\/12\/HGG-Groupes_adultes6.jpg)\" class=\"swiper-slide-bg\"><\/div><div class=\"swiper-slide-inner\" ><div class=\"swiper-slide-contents\"><\/div><\/div><\/div><div class=\"elementor-repeater-item-ed44151 swiper-slide\"><div style=\"background-image: url(https:\/\/www.historial.fr\/wp-content\/uploads\/2023\/12\/HGG-Groupes_adultes7.jpg)\" class=\"swiper-slide-bg\"><\/div><div class=\"swiper-slide-inner\" ><div class=\"swiper-slide-contents\"><\/div><\/div><\/div>\t\t\t\t<\/div>\n\t\t\t\t\t\t\t\t\t\t\t\t\t\t\t<div class=\"swiper-pagination\"><\/div>\n\t\t\t\t\t\t\t\t\t\t\t\t\t\t\t\t<div class=\"elementor-swiper-button elementor-swiper-button-prev\">\n\t\t\t\t\t\t\t<svg aria-hidden=\"true\" class=\"e-font-icon-svg e-eicon-chevron-left\" viewBox=\"0 0 1000 1000\" xmlns=\"http:\/\/www.w3.org\/2000\/svg\"><path d=\"M646 125C629 125 613 133 604 142L308 442C296 454 292 471 292 487 292 504 296 521 308 533L604 854C617 867 629 875 646 875 663 875 679 871 692 858 704 846 713 829 713 812 713 796 708 779 692 767L438 487 692 225C700 217 708 204 708 187 708 171 704 154 692 142 675 129 663 125 646 125Z\"><\/path><\/svg>\t\t\t\t\t\t\t<span class=\"elementor-screen-only\">Previous<\/span>\n\t\t\t\t\t\t<\/div>\n\t\t\t\t\t\t<div class=\"elementor-swiper-button elementor-swiper-button-next\">\n\t\t\t\t\t\t\t<svg aria-hidden=\"true\" class=\"e-font-icon-svg e-eicon-chevron-right\" viewBox=\"0 0 1000 1000\" xmlns=\"http:\/\/www.w3.org\/2000\/svg\"><path d=\"M696 533C708 521 713 504 713 487 713 471 708 454 696 446L400 146C388 133 375 125 354 125 338 125 325 129 313 142 300 154 292 171 292 187 292 204 296 221 308 233L563 492 304 771C292 783 288 800 288 817 288 833 296 850 308 863 321 871 338 875 354 875 371 875 388 867 400 854L696 533Z\"><\/path><\/svg>\t\t\t\t\t\t\t<span class=\"elementor-screen-only\">Next<\/span>\n\t\t\t\t\t\t<\/div>\n\t\t\t\t\t\t\t\t\t\t\t\t<\/div>\n\t\t<\/div>\n\t\t\t\t\t\t<\/div>\n\t\t\t\t<\/div>\n\t\t\t\t\t<\/div>\n\t\t\t\t<\/div>\n\t\t<div class=\"elementor-element elementor-element-9ca41c6 e-flex e-con-boxed e-con e-parent\" data-id=\"9ca41c6\" data-element_type=\"container\" data-e-type=\"container\">\n\t\t\t\t\t<div class=\"e-con-inner\">\n\t\t\t\t<div class=\"elementor-element elementor-element-7781385 elementor-widget elementor-widget-text-editor\" data-id=\"7781385\" data-element_type=\"widget\" data-e-type=\"widget\" data-widget_type=\"text-editor.default\">\n\t\t\t\t<div class=\"elementor-widget-container\">\n\t\t\t\t\t\t\t\t\t<h2><strong>N\u00fctzliche Informationen<\/strong><\/h2>\n\t\t\t\t\t\t\t\t<\/div>\n\t\t\t\t<\/div>\n\t\t\t\t<div class=\"elementor-element elementor-element-e72bef8 elementor-widget elementor-widget-text-editor\" data-id=\"e72bef8\" data-element_type=\"widget\" data-e-type=\"widget\" data-widget_type=\"text-editor.default\">\n\t\t\t\t<div class=\"elementor-widget-container\">\n\t\t\t\t\t\t\t\t\t<ul>\n<li>\u2022 Dauer des Museumsbesuchs: 1 Stunde bis 1,5 Stunden\n<\/li>\n<li>Eintritt Historial- Museum in P\u00e9ronne (min. 20 Personen): 7 \u20ac pro Pers. (freier Besuch) &#8211; 8 \u20ac pro Pers. (gef\u00fchrte Besichtigung) oder Pauschalpreis von 160 \u20ac (Eintritt + gef\u00fchrte Besichtigung) bei weniger als 20 Personen\n<\/li>\n<li>Eintritt Historial- Museum in Thiepval (min. 20 Personen): 5 \u20ac pro Pers. (freier Besuch)\n<\/li>\n<li>Eintritt Museum in P\u00e9ronne + Museum in Thiepval (min. 20 Personen): 10 \u20ac pro Pers. (freier Besuch) &#8211; 11 \u20ac pro Pers. (gef\u00fchrte Tour in P\u00e9ronne und freier Besuch in Thiepval)\n<\/li>\n<li>Freier Eintritt f\u00fcr den Fahrer und 1 Begleitperson\n<\/li>\n<li>Nationales Label \u201eTourisme &amp;Handicap\u201c\n<\/li>\n<li>Kostenlose Busparkpl\u00e4tze in der N\u00e4he<br \/>Das Historial beh\u00e4lt sich das Recht vor, seine Preise und sein Programm ohne Vorank\u00fcndigung zu \u00e4ndern.<\/li>\n<\/ul>\n\t\t\t\t\t\t\t\t<\/div>\n\t\t\t\t<\/div>\n\t\t\t\t<div class=\"elementor-element elementor-element-aa0da34 elementor-widget elementor-widget-text-editor\" data-id=\"aa0da34\" data-element_type=\"widget\" data-e-type=\"widget\" data-widget_type=\"text-editor.default\">\n\t\t\t\t<div class=\"elementor-widget-container\">\n\t\t\t\t\t\t\t\t\t<p>Um Ihren Besuch nach Ihren W\u00fcnschen zu gestalten, wenden <strong>Sie sich bitte<\/strong> an die <strong>Verkaufsabteilung<br \/><\/strong><\/p><p>Kevin Deneux +33 (0)3 22 83 54 15 &#8211; <a href=\"mailto:kedeneux@somme.fr\">kedeneux@somme.fr<\/a><\/p><p>Reservierungsabteilung +33 (0)3 22 83 54 14 &#8211; <a href=\"mailto:historialreservation@somme.fr\">historialreservation@somme.fr<\/a><\/p>\t\t\t\t\t\t\t\t<\/div>\n\t\t\t\t<\/div>\n\t\t\t\t\t<\/div>\n\t\t\t\t<\/div>\n\t\t\t\t<\/div>\n\t\t","protected":false},"excerpt":{"rendered":"<p>Gruppenf\u00fchrungen f\u00fcr Erwachsene Reisen Sie mit dem Historial de la Grande Guerre durch die Geschichte! Tauchen Sie in Begleitung eines Kulturvermittlers im Herzen der Schlachtfelder der Somme um die Geschichte [&hellip;]<\/p>\n","protected":false},"author":2,"featured_media":0,"parent":3856,"menu_order":0,"comment_status":"closed","ping_status":"closed","template":"","meta":{"_acf_changed":false,"footnotes":""},"class_list":["post-3850","page","type-page","status-publish","hentry"],"acf":[],"yoast_head":"<!-- This site is optimized with the Yoast SEO plugin v27.4 - https:\/\/yoast.com\/product\/yoast-seo-wordpress\/ -->\n<title>Gruppenf\u00fchrungen f\u00fcr Erwachsene - Historial de la Grande Guerre<\/title>\n<meta name=\"robots\" content=\"index, follow, max-snippet:-1, max-image-preview:large, max-video-preview:-1\" \/>\n<link rel=\"canonical\" href=\"https:\/\/www.historial.fr\/de\/visites-et-activites\/gruppenfuehrungen-fuer-erwachsene\/\" \/>\n<meta property=\"og:locale\" content=\"de_DE\" \/>\n<meta property=\"og:type\" content=\"article\" \/>\n<meta property=\"og:title\" content=\"Gruppenf\u00fchrungen f\u00fcr Erwachsene - Historial de la Grande Guerre\" \/>\n<meta property=\"og:description\" content=\"Gruppenf\u00fchrungen f\u00fcr Erwachsene Reisen Sie mit dem Historial de la Grande Guerre durch die Geschichte! Tauchen Sie in Begleitung eines Kulturvermittlers im Herzen der Schlachtfelder der Somme um die Geschichte [&hellip;]\" \/>\n<meta property=\"og:url\" content=\"https:\/\/www.historial.fr\/de\/visites-et-activites\/gruppenfuehrungen-fuer-erwachsene\/\" \/>\n<meta property=\"og:site_name\" content=\"Historial de la Grande Guerre\" \/>\n<meta property=\"article:modified_time\" content=\"2025-10-02T15:20:33+00:00\" \/>\n<meta name=\"twitter:card\" content=\"summary_large_image\" \/>\n<meta name=\"twitter:label1\" content=\"Gesch\u00e4tzte Lesezeit\" \/>\n\t<meta name=\"twitter:data1\" content=\"2\u00a0Minuten\" \/>\n<script type=\"application\/ld+json\" class=\"yoast-schema-graph\">{\"@context\":\"https:\\\/\\\/schema.org\",\"@graph\":[{\"@type\":\"WebPage\",\"@id\":\"https:\\\/\\\/www.historial.fr\\\/de\\\/visites-et-activites\\\/gruppenfuehrungen-fuer-erwachsene\\\/\",\"url\":\"https:\\\/\\\/www.historial.fr\\\/de\\\/visites-et-activites\\\/gruppenfuehrungen-fuer-erwachsene\\\/\",\"name\":\"Gruppenf\u00fchrungen f\u00fcr Erwachsene - Historial de la Grande Guerre\",\"isPartOf\":{\"@id\":\"https:\\\/\\\/www.historial.fr\\\/#website\"},\"datePublished\":\"2023-12-07T13:19:30+00:00\",\"dateModified\":\"2025-10-02T15:20:33+00:00\",\"breadcrumb\":{\"@id\":\"https:\\\/\\\/www.historial.fr\\\/de\\\/visites-et-activites\\\/gruppenfuehrungen-fuer-erwachsene\\\/#breadcrumb\"},\"inLanguage\":\"de\",\"potentialAction\":[{\"@type\":\"ReadAction\",\"target\":[\"https:\\\/\\\/www.historial.fr\\\/de\\\/visites-et-activites\\\/gruppenfuehrungen-fuer-erwachsene\\\/\"]}]},{\"@type\":\"BreadcrumbList\",\"@id\":\"https:\\\/\\\/www.historial.fr\\\/de\\\/visites-et-activites\\\/gruppenfuehrungen-fuer-erwachsene\\\/#breadcrumb\",\"itemListElement\":[{\"@type\":\"ListItem\",\"position\":1,\"name\":\"Accueil\",\"item\":\"https:\\\/\\\/www.historial.fr\\\/de\\\/\"},{\"@type\":\"ListItem\",\"position\":2,\"name\":\"Touren und Aktivit\u00e4ten\",\"item\":\"https:\\\/\\\/www.historial.fr\\\/de\\\/visites-et-activites\\\/\"},{\"@type\":\"ListItem\",\"position\":3,\"name\":\"Gruppenf\u00fchrungen f\u00fcr Erwachsene\"}]},{\"@type\":\"WebSite\",\"@id\":\"https:\\\/\\\/www.historial.fr\\\/#website\",\"url\":\"https:\\\/\\\/www.historial.fr\\\/\",\"name\":\"Historial de la Grande Guerre\",\"description\":\"Mus\u00e9e de la Premi\u00e8re Guerre Mondiale\",\"potentialAction\":[{\"@type\":\"SearchAction\",\"target\":{\"@type\":\"EntryPoint\",\"urlTemplate\":\"https:\\\/\\\/www.historial.fr\\\/?s={search_term_string}\"},\"query-input\":{\"@type\":\"PropertyValueSpecification\",\"valueRequired\":true,\"valueName\":\"search_term_string\"}}],\"inLanguage\":\"de\"}]}<\/script>\n<!-- \/ Yoast SEO plugin. -->","yoast_head_json":{"title":"Gruppenf\u00fchrungen f\u00fcr Erwachsene - Historial de la Grande Guerre","robots":{"index":"index","follow":"follow","max-snippet":"max-snippet:-1","max-image-preview":"max-image-preview:large","max-video-preview":"max-video-preview:-1"},"canonical":"https:\/\/www.historial.fr\/de\/visites-et-activites\/gruppenfuehrungen-fuer-erwachsene\/","og_locale":"de_DE","og_type":"article","og_title":"Gruppenf\u00fchrungen f\u00fcr Erwachsene - Historial de la Grande Guerre","og_description":"Gruppenf\u00fchrungen f\u00fcr Erwachsene Reisen Sie mit dem Historial de la Grande Guerre durch die Geschichte! Tauchen Sie in Begleitung eines Kulturvermittlers im Herzen der Schlachtfelder der Somme um die Geschichte [&hellip;]","og_url":"https:\/\/www.historial.fr\/de\/visites-et-activites\/gruppenfuehrungen-fuer-erwachsene\/","og_site_name":"Historial de la Grande Guerre","article_modified_time":"2025-10-02T15:20:33+00:00","twitter_card":"summary_large_image","twitter_misc":{"Gesch\u00e4tzte Lesezeit":"2\u00a0Minuten"},"schema":{"@context":"https:\/\/schema.org","@graph":[{"@type":"WebPage","@id":"https:\/\/www.historial.fr\/de\/visites-et-activites\/gruppenfuehrungen-fuer-erwachsene\/","url":"https:\/\/www.historial.fr\/de\/visites-et-activites\/gruppenfuehrungen-fuer-erwachsene\/","name":"Gruppenf\u00fchrungen f\u00fcr Erwachsene - Historial de la Grande Guerre","isPartOf":{"@id":"https:\/\/www.historial.fr\/#website"},"datePublished":"2023-12-07T13:19:30+00:00","dateModified":"2025-10-02T15:20:33+00:00","breadcrumb":{"@id":"https:\/\/www.historial.fr\/de\/visites-et-activites\/gruppenfuehrungen-fuer-erwachsene\/#breadcrumb"},"inLanguage":"de","potentialAction":[{"@type":"ReadAction","target":["https:\/\/www.historial.fr\/de\/visites-et-activites\/gruppenfuehrungen-fuer-erwachsene\/"]}]},{"@type":"BreadcrumbList","@id":"https:\/\/www.historial.fr\/de\/visites-et-activites\/gruppenfuehrungen-fuer-erwachsene\/#breadcrumb","itemListElement":[{"@type":"ListItem","position":1,"name":"Accueil","item":"https:\/\/www.historial.fr\/de\/"},{"@type":"ListItem","position":2,"name":"Touren und Aktivit\u00e4ten","item":"https:\/\/www.historial.fr\/de\/visites-et-activites\/"},{"@type":"ListItem","position":3,"name":"Gruppenf\u00fchrungen f\u00fcr Erwachsene"}]},{"@type":"WebSite","@id":"https:\/\/www.historial.fr\/#website","url":"https:\/\/www.historial.fr\/","name":"Historial de la Grande Guerre","description":"Mus\u00e9e de la Premi\u00e8re Guerre Mondiale","potentialAction":[{"@type":"SearchAction","target":{"@type":"EntryPoint","urlTemplate":"https:\/\/www.historial.fr\/?s={search_term_string}"},"query-input":{"@type":"PropertyValueSpecification","valueRequired":true,"valueName":"search_term_string"}}],"inLanguage":"de"}]}},"jetpack_sharing_enabled":true,"_links":{"self":[{"href":"https:\/\/www.historial.fr\/de\/wp-json\/wp\/v2\/pages\/3850","targetHints":{"allow":["GET"]}}],"collection":[{"href":"https:\/\/www.historial.fr\/de\/wp-json\/wp\/v2\/pages"}],"about":[{"href":"https:\/\/www.historial.fr\/de\/wp-json\/wp\/v2\/types\/page"}],"author":[{"embeddable":true,"href":"https:\/\/www.historial.fr\/de\/wp-json\/wp\/v2\/users\/2"}],"replies":[{"embeddable":true,"href":"https:\/\/www.historial.fr\/de\/wp-json\/wp\/v2\/comments?post=3850"}],"version-history":[{"count":10,"href":"https:\/\/www.historial.fr\/de\/wp-json\/wp\/v2\/pages\/3850\/revisions"}],"predecessor-version":[{"id":12299,"href":"https:\/\/www.historial.fr\/de\/wp-json\/wp\/v2\/pages\/3850\/revisions\/12299"}],"up":[{"embeddable":true,"href":"https:\/\/www.historial.fr\/de\/wp-json\/wp\/v2\/pages\/3856"}],"wp:attachment":[{"href":"https:\/\/www.historial.fr\/de\/wp-json\/wp\/v2\/media?parent=3850"}],"curies":[{"name":"wp","href":"https:\/\/api.w.org\/{rel}","templated":true}]}}