{"id":3852,"date":"2023-12-07T13:21:03","date_gmt":"2023-12-07T13:21:03","guid":{"rendered":"https:\/\/www.historial.fr\/paedagogische-und-digitale-angebote\/"},"modified":"2025-06-13T15:22:16","modified_gmt":"2025-06-13T15:22:16","slug":"paedagogische-und-digitale-angebote","status":"publish","type":"page","link":"https:\/\/www.historial.fr\/de\/visites-et-activites\/paedagogische-und-digitale-angebote\/","title":{"rendered":"P\u00e4dagogische und digitale Angebote"},"content":{"rendered":"\t\t<div data-elementor-type=\"wp-page\" data-elementor-id=\"3852\" class=\"elementor elementor-3852 elementor-365\">\n\t\t\t\t<div class=\"elementor-element elementor-element-360abd49 e-flex e-con-boxed e-con e-parent\" data-id=\"360abd49\" data-element_type=\"container\" data-e-type=\"container\" data-settings=\"{&quot;background_background&quot;:&quot;classic&quot;}\">\n\t\t\t\t\t<div class=\"e-con-inner\">\n\t\t\t\t<div class=\"elementor-element elementor-element-2ccf4e3e elementor-widget__width-inherit elementor-widget elementor-widget-heading\" data-id=\"2ccf4e3e\" data-element_type=\"widget\" data-e-type=\"widget\" data-widget_type=\"heading.default\">\n\t\t\t\t<div class=\"elementor-widget-container\">\n\t\t\t\t\t<h1 class=\"elementor-heading-title elementor-size-default\">P\u00e4dagogische und digitale Angebote<\/h1>\t\t\t\t<\/div>\n\t\t\t\t<\/div>\n\t\t\t\t\t<\/div>\n\t\t\t\t<\/div>\n\t\t<div class=\"elementor-element elementor-element-4aef5577 e-flex e-con-boxed e-con e-parent\" data-id=\"4aef5577\" data-element_type=\"container\" data-e-type=\"container\">\n\t\t\t\t\t<div class=\"e-con-inner\">\n\t\t\t\t<div class=\"elementor-element elementor-element-260c8394 elementor-widget elementor-widget-text-editor\" data-id=\"260c8394\" data-element_type=\"widget\" data-e-type=\"widget\" data-widget_type=\"text-editor.default\">\n\t\t\t\t<div class=\"elementor-widget-container\">\n\t\t\t\t\t\t\t\t\t<h3>Das ganze Jahr \u00fcber werden im Museum in P\u00e9ronne spezielle Animationen,<\/h3><h3>Aktivit\u00e4ten und Rundg\u00e4nge angeboten.<\/h3>\t\t\t\t\t\t\t\t<\/div>\n\t\t\t\t<\/div>\n\t\t\t\t\t<\/div>\n\t\t\t\t<\/div>\n\t\t<div class=\"elementor-element elementor-element-1b9b0dc e-flex e-con-boxed e-con e-parent\" data-id=\"1b9b0dc\" data-element_type=\"container\" data-e-type=\"container\">\n\t\t\t\t\t<div class=\"e-con-inner\">\n\t\t\t\t<div class=\"elementor-element elementor-element-b288776 elementor-widget elementor-widget-text-editor\" data-id=\"b288776\" data-element_type=\"widget\" data-e-type=\"widget\" data-widget_type=\"text-editor.default\">\n\t\t\t\t<div class=\"elementor-widget-container\">\n\t\t\t\t\t\t\t\t\t<h2><strong>P\u00e4dagogische Angebote:<\/strong><\/h2><ul><li><strong>Aktivit\u00e4tshefte f\u00fcr Kinder<\/strong><ul><li><strong>T\u00e4glich:<\/strong> Die an verschiedene Altersgruppen angepassten Aktivit\u00e4tshefte vermitteln die verschiedenen Themenbereiche des Museums auf unterhaltsame Weise (\u201eDie Frauen im Gro\u00dfen Krieg\u201c, \u201eDie Kleinen im Museum\u201c, \u201eSpielzeug im Gro\u00dfen Krieg\u201c, \u201eDie Tiere im<br \/>Gro\u00dfen Krieg\u201c usw.). <br \/><strong>NEU:<\/strong> Das Aktivit\u00e4tsheft des Museums \u201eJouons au mus\u00e9e\u201c (Spielen wir im Museum) im Museum in Thiepval.<br \/>Erh\u00e4ltlich auf Anfrage am Empfang.<\/li><\/ul><\/li><\/ul><ul><li><strong>Taktile Animation: <em>\u201eDurch Ber\u00fchrung entdecken\u201c<\/em><\/strong><ul><li>Geschichte zum Greifen nah: W\u00e4hrend dieser Animation k\u00f6nnen Sie Gegenst\u00e4nde aus dem 1. Weltkrieg ber\u00fchren, in der Hand halten und bedienen. <br \/>Diese Animation wird auf Anfrage beim Empfangspersonal w\u00e4hrend Ihres Besuchs organisiert.<\/li><\/ul><\/li><\/ul><ul><li><strong>Blitzf\u00fchrungen <\/strong><ul><li><strong>W\u00e4hrend der Schulferien oder zu besonderen Anl\u00e4ssen<\/strong> bieten unsere Vermittler ein ganzes Programm von <a href=\"https:\/\/www.historial.fr\/actualites\/agenda\/\">Blitzf\u00fchrungen<\/a> an. Eine Blitzf\u00fchrung ist eine schnelle, 30 bis 45 Minuten dauernde Besichtigung, die kurz, aber dennoch ausf\u00fchrlich ist und sich auf den Austausch zu einem bestimmten Thema st\u00fctzt!<\/li><\/ul><\/li><li><strong style=\"color: var( --e-global-color-text ); font-family: var( --e-global-typography-text-font-family ), Sans-serif; text-align: var(--text-align); font-size: 1rem;\">Workshops f\u00fcr Familien und junges Publikum<br \/><\/strong><\/li><li><strong>Schulferien:<\/strong> Nehmen Sie unter Anleitung eines Museumsp\u00e4dagogen an einem spie-lerischen und kreativen Workshop rund um den Ersten Weltkrieg oder das Mittelal-ter teil.<br \/><em>Die Anzahl der Pl\u00e4tze ist begrenzt. Informationen und Reservierungen unter +33 (0)3 22 83 14 18 oder per E-Mail <\/em><a href=\"mailto:accu-eil@historial.org\"><em>accu-eil@histo<\/em><em>rial.org<\/em><\/a><em>.<\/em><\/li><li><strong>Die kleinen Koffer des Historial (f\u00fcr die ganze Familie) NEU!<\/strong><ul><li><strong>Wochenenden und Schulferien:<\/strong> Die kleinen Koffer mit generations\u00fcbergreifenden Inhalten (Spiele, Hefte, Bastelaktivit\u00e4ten, &#8230;) vermitteln auf spielerische und unterhaltsame Art Wissen. Es stehen mehrere Themen zur Auswahl: Spiele und Spielzeug, Pflanzenabenteuer, Ern\u00e4hrung, Mittelalter, und mehr.<p>Auf Anfrage am Empfang (gegen Vorlage eines Personalausweises) erh\u00e4ltlich.<\/p><\/li><\/ul><\/li><\/ul><ul><li><strong>Spieleausstellungen (f\u00fcr die ganze Familie) NEU!<\/strong><ul><li><strong>Gelegentliche Veranstaltungen:<\/strong> Mit dem Notizbuch in der Hand geht es auf eine Entdeckungstour zu einer bestimmten Thematik und seinem Zusammenhang mit dem Ersten Weltkrieg: B\u00e4ume, Krieg und Vegetation, Geschichten von Spielen, u.v.m.<\/li><\/ul><\/li><\/ul><ul><li><strong>Gef\u00fchrte Besichtigungen<\/strong><ul><li><strong>F\u00fcr Gruppen und auf Reservierung:<\/strong> Das Historial bietet f\u00fcr Erwachsenengruppen F\u00fchrungen durch seine Museen und geplante Tagesausfl\u00fcge. <br \/>Kontaktieren Sie die Verkaufsabteilung, um die Angebote zu entdecken und Ihr <a style=\"font-family: var( --e-global-typography-text-font-family ), Sans-serif; font-weight: var( --e-global-typography-text-font-weight ); text-align: var(--text-align); background-color: #ffffff; font-size: 1rem;\" href=\"https:\/\/www.historial.fr\/de\/gruppenfuehrungen-fuer-erwachsene\/\">Besuchsprogramm zusammenzustellen!<\/a><\/li><\/ul><\/li><\/ul>\t\t\t\t\t\t\t\t<\/div>\n\t\t\t\t<\/div>\n\t\t\t\t\t<\/div>\n\t\t\t\t<\/div>\n\t\t<div class=\"elementor-element elementor-element-c3a1a22 e-flex e-con-boxed e-con e-parent\" data-id=\"c3a1a22\" data-element_type=\"container\" data-e-type=\"container\">\n\t\t\t\t\t<div class=\"e-con-inner\">\n\t\t\t\t<div class=\"elementor-element elementor-element-0b8efd3 raven--h-position-center raven--v-position-middle elementor-arrows-position-inside elementor-pagination-position-inside elementor-widget elementor-widget-raven-slider\" data-id=\"0b8efd3\" data-element_type=\"widget\" data-e-type=\"widget\" data-settings=\"{&quot;navigation&quot;:&quot;both&quot;,&quot;autoplay&quot;:&quot;yes&quot;,&quot;pause_on_hover&quot;:&quot;yes&quot;,&quot;pause_on_interaction&quot;:&quot;yes&quot;,&quot;autoplay_speed&quot;:5000,&quot;infinite&quot;:&quot;yes&quot;,&quot;transition&quot;:&quot;slide&quot;,&quot;transition_speed&quot;:500}\" data-widget_type=\"raven-slider.default\">\n\t\t\t\t<div class=\"elementor-widget-container\">\n\t\t\t\t\t\t\t<div class=\"elementor-swiper\">\n\t\t\t<div class=\"raven-slider-wrapper elementor-main-swiper swiper\" dir=\"ltr\" data-animation=\"fadeInUp\">\n\t\t\t\t<div class=\"swiper-wrapper raven-slider\">\n\t\t\t\t\t\t\t\t\t\t<div class=\"elementor-repeater-item-75f8c76 swiper-slide\"><div style=\"background-image: url(https:\/\/www.historial.fr\/wp-content\/uploads\/2023\/12\/HGG-Mediations_humaines.jpg)\" class=\"swiper-slide-bg\"><\/div><div class=\"swiper-slide-inner\" ><div class=\"swiper-slide-contents\"><\/div><\/div><\/div><div class=\"elementor-repeater-item-5de41f5 swiper-slide\"><div style=\"background-image: url(https:\/\/www.historial.fr\/wp-content\/uploads\/2023\/12\/HGG-Mediations_humaines1.jpg)\" class=\"swiper-slide-bg\"><\/div><div class=\"swiper-slide-inner\" ><div class=\"swiper-slide-contents\"><\/div><\/div><\/div><div class=\"elementor-repeater-item-5ce5a01 swiper-slide\"><div style=\"background-image: url(https:\/\/www.historial.fr\/wp-content\/uploads\/2023\/12\/HGG-Mediations_humaines2.jpg)\" class=\"swiper-slide-bg\"><\/div><div class=\"swiper-slide-inner\" ><div class=\"swiper-slide-contents\"><\/div><\/div><\/div><div class=\"elementor-repeater-item-e7e42c6 swiper-slide\"><div style=\"background-image: url(https:\/\/www.historial.fr\/wp-content\/uploads\/2023\/12\/HGG-Groupes_adultes5.jpg)\" class=\"swiper-slide-bg\"><\/div><div class=\"swiper-slide-inner\" ><div class=\"swiper-slide-contents\"><\/div><\/div><\/div>\t\t\t\t<\/div>\n\t\t\t\t\t\t\t\t\t\t\t\t\t\t\t<div class=\"swiper-pagination\"><\/div>\n\t\t\t\t\t\t\t\t\t\t\t\t\t\t\t\t<div class=\"elementor-swiper-button elementor-swiper-button-prev\">\n\t\t\t\t\t\t\t<svg aria-hidden=\"true\" class=\"e-font-icon-svg e-eicon-chevron-left\" viewBox=\"0 0 1000 1000\" xmlns=\"http:\/\/www.w3.org\/2000\/svg\"><path d=\"M646 125C629 125 613 133 604 142L308 442C296 454 292 471 292 487 292 504 296 521 308 533L604 854C617 867 629 875 646 875 663 875 679 871 692 858 704 846 713 829 713 812 713 796 708 779 692 767L438 487 692 225C700 217 708 204 708 187 708 171 704 154 692 142 675 129 663 125 646 125Z\"><\/path><\/svg>\t\t\t\t\t\t\t<span class=\"elementor-screen-only\">Previous<\/span>\n\t\t\t\t\t\t<\/div>\n\t\t\t\t\t\t<div class=\"elementor-swiper-button elementor-swiper-button-next\">\n\t\t\t\t\t\t\t<svg aria-hidden=\"true\" class=\"e-font-icon-svg e-eicon-chevron-right\" viewBox=\"0 0 1000 1000\" xmlns=\"http:\/\/www.w3.org\/2000\/svg\"><path d=\"M696 533C708 521 713 504 713 487 713 471 708 454 696 446L400 146C388 133 375 125 354 125 338 125 325 129 313 142 300 154 292 171 292 187 292 204 296 221 308 233L563 492 304 771C292 783 288 800 288 817 288 833 296 850 308 863 321 871 338 875 354 875 371 875 388 867 400 854L696 533Z\"><\/path><\/svg>\t\t\t\t\t\t\t<span class=\"elementor-screen-only\">Next<\/span>\n\t\t\t\t\t\t<\/div>\n\t\t\t\t\t\t\t\t\t\t\t\t<\/div>\n\t\t<\/div>\n\t\t\t\t\t\t<\/div>\n\t\t\t\t<\/div>\n\t\t\t\t\t<\/div>\n\t\t\t\t<\/div>\n\t\t<div class=\"elementor-element elementor-element-17ba87d e-flex e-con-boxed e-con e-parent\" data-id=\"17ba87d\" data-element_type=\"container\" data-e-type=\"container\">\n\t\t\t\t\t<div class=\"e-con-inner\">\n\t\t\t\t<div class=\"elementor-element elementor-element-21709bb elementor-widget elementor-widget-text-editor\" data-id=\"21709bb\" data-element_type=\"widget\" data-e-type=\"widget\" data-widget_type=\"text-editor.default\">\n\t\t\t\t<div class=\"elementor-widget-container\">\n\t\t\t\t\t\t\t\t\t<h2><strong>Digitale Angebote: <\/strong><\/h2><p>Unser digitales Angebot in P\u00e9ronne und Thiepval bietet Ihnen die M\u00f6glichkeit, Ihren Besuch noch abwechslungsreicher zu gestalten.<\/p><ul><li><strong>Overlap Reality:<\/strong> Erleben Sie eine v\u00f6llig neue immersive Erfahrung mit dieser \u201eMade in France\u201c-Technologie, die Sie mitten in die Geschichte eintauchen l\u00e4sst!<br \/>Scannen Sie einfach den QR-Code mit Ihrem Smartphone und lassen Sie sich mitrei\u00dfen&#8230;<\/li><li><strong style=\"color: var( --e-global-color-text ); font-family: var( --e-global-typography-text-font-family ), Sans-serif; text-align: var(--text-align); font-size: 1rem;\">Zwei mobile Apps:<\/strong> <strong>Reporter 14-18<\/strong>, eine App f\u00fcr die ganze Familie, die Sie dazu einl\u00e4dt, den Lebensweg von drei Soldaten zur\u00fcckzuverfolgen und dabei Ihr Wissen entsprechend Ihren Interessen durch spielerische Aktivit\u00e4ten und Animationen zu vertiefen.<strong><br \/>Chemin d&#8217;\u00e9crivains<\/strong>, eine App, um Landschafts- und Gedenkst\u00e4tten des Ersten Weltkriegs aus der Sicht von Schriftstellern und Dichtern zu entdecken.<br \/>Die Apps k\u00f6nnen kostenlos im Playstore und Appstore heruntergeladen werden. Tablets k\u00f6nnen am Empfang ausgeliehen werden (gegen Vorlage eines Personalausweises).<\/li><li><strong>Digitale Karten und Tische:<\/strong> In allen Ausstellungsr\u00e4umen des Museums von P\u00e9ronne sind zahlreiche taktile Elemente auf dem Rundgang zu finden<strong>.<\/strong> Diese bieten Ihnen eine animierte Kartografie und zus\u00e4tzliche Informationen zu den ausgestellten Dokumenten und Objekten. Im Saal \u201eAviation\u201c in Thiepval erg\u00e4nzt ein Touchscreen-Tisch zum Thema Milit\u00e4rflugzeuge die Ausstellungsinhalte.<\/li><\/ul>\t\t\t\t\t\t\t\t<\/div>\n\t\t\t\t<\/div>\n\t\t\t\t\t<\/div>\n\t\t\t\t<\/div>\n\t\t<div class=\"elementor-element elementor-element-2afc52b e-flex e-con-boxed e-con e-parent\" data-id=\"2afc52b\" data-element_type=\"container\" data-e-type=\"container\">\n\t\t\t\t\t<div class=\"e-con-inner\">\n\t\t\t\t<div class=\"elementor-element elementor-element-d090a49 raven--h-position-center raven--v-position-middle elementor-arrows-position-inside elementor-pagination-position-inside elementor-widget elementor-widget-raven-slider\" data-id=\"d090a49\" data-element_type=\"widget\" data-e-type=\"widget\" data-settings=\"{&quot;navigation&quot;:&quot;both&quot;,&quot;autoplay&quot;:&quot;yes&quot;,&quot;pause_on_hover&quot;:&quot;yes&quot;,&quot;pause_on_interaction&quot;:&quot;yes&quot;,&quot;autoplay_speed&quot;:5000,&quot;infinite&quot;:&quot;yes&quot;,&quot;transition&quot;:&quot;slide&quot;,&quot;transition_speed&quot;:500}\" data-widget_type=\"raven-slider.default\">\n\t\t\t\t<div class=\"elementor-widget-container\">\n\t\t\t\t\t\t\t<div class=\"elementor-swiper\">\n\t\t\t<div class=\"raven-slider-wrapper elementor-main-swiper swiper\" dir=\"ltr\" data-animation=\"fadeInUp\">\n\t\t\t\t<div class=\"swiper-wrapper raven-slider\">\n\t\t\t\t\t\t\t\t\t\t<div class=\"elementor-repeater-item-75f8c76 swiper-slide\"><div style=\"background-image: url(https:\/\/www.historial.fr\/wp-content\/uploads\/2023\/12\/HGG-Mediations_numerique.jpg)\" class=\"swiper-slide-bg\"><\/div><div class=\"swiper-slide-inner\" ><div class=\"swiper-slide-contents\"><\/div><\/div><\/div><div class=\"elementor-repeater-item-5de41f5 swiper-slide\"><div style=\"background-image: url(https:\/\/www.historial.fr\/wp-content\/uploads\/2023\/12\/HGG-Mediations_numerique1-scaled.jpg)\" class=\"swiper-slide-bg\"><\/div><div class=\"swiper-slide-inner\" ><div class=\"swiper-slide-contents\"><\/div><\/div><\/div><div class=\"elementor-repeater-item-6964c0f swiper-slide\"><div style=\"background-image: url(https:\/\/www.historial.fr\/wp-content\/uploads\/2023\/12\/HGG-Mediations_numerique3.jpg)\" class=\"swiper-slide-bg\"><\/div><div class=\"swiper-slide-inner\" ><div class=\"swiper-slide-contents\"><\/div><\/div><\/div><div class=\"elementor-repeater-item-f699b03 swiper-slide\"><div style=\"background-image: url(https:\/\/www.historial.fr\/wp-content\/uploads\/2023\/12\/HGG-Mediations_numerique4.jpg)\" class=\"swiper-slide-bg\"><\/div><div class=\"swiper-slide-inner\" ><div class=\"swiper-slide-contents\"><\/div><\/div><\/div>\t\t\t\t<\/div>\n\t\t\t\t\t\t\t\t\t\t\t\t\t\t\t<div class=\"swiper-pagination\"><\/div>\n\t\t\t\t\t\t\t\t\t\t\t\t\t\t\t\t<div class=\"elementor-swiper-button elementor-swiper-button-prev\">\n\t\t\t\t\t\t\t<svg aria-hidden=\"true\" class=\"e-font-icon-svg e-eicon-chevron-left\" viewBox=\"0 0 1000 1000\" xmlns=\"http:\/\/www.w3.org\/2000\/svg\"><path d=\"M646 125C629 125 613 133 604 142L308 442C296 454 292 471 292 487 292 504 296 521 308 533L604 854C617 867 629 875 646 875 663 875 679 871 692 858 704 846 713 829 713 812 713 796 708 779 692 767L438 487 692 225C700 217 708 204 708 187 708 171 704 154 692 142 675 129 663 125 646 125Z\"><\/path><\/svg>\t\t\t\t\t\t\t<span class=\"elementor-screen-only\">Previous<\/span>\n\t\t\t\t\t\t<\/div>\n\t\t\t\t\t\t<div class=\"elementor-swiper-button elementor-swiper-button-next\">\n\t\t\t\t\t\t\t<svg aria-hidden=\"true\" class=\"e-font-icon-svg e-eicon-chevron-right\" viewBox=\"0 0 1000 1000\" xmlns=\"http:\/\/www.w3.org\/2000\/svg\"><path d=\"M696 533C708 521 713 504 713 487 713 471 708 454 696 446L400 146C388 133 375 125 354 125 338 125 325 129 313 142 300 154 292 171 292 187 292 204 296 221 308 233L563 492 304 771C292 783 288 800 288 817 288 833 296 850 308 863 321 871 338 875 354 875 371 875 388 867 400 854L696 533Z\"><\/path><\/svg>\t\t\t\t\t\t\t<span class=\"elementor-screen-only\">Next<\/span>\n\t\t\t\t\t\t<\/div>\n\t\t\t\t\t\t\t\t\t\t\t\t<\/div>\n\t\t<\/div>\n\t\t\t\t\t\t<\/div>\n\t\t\t\t<\/div>\n\t\t\t\t\t<\/div>\n\t\t\t\t<\/div>\n\t\t<div class=\"elementor-element elementor-element-a552027 e-flex e-con-boxed e-con e-parent\" data-id=\"a552027\" data-element_type=\"container\" data-e-type=\"container\">\n\t\t\t\t\t<div class=\"e-con-inner\">\n\t\t\t\t<div class=\"elementor-element elementor-element-b833ee8 elementor-align-center elementor-widget elementor-widget-button\" data-id=\"b833ee8\" data-element_type=\"widget\" data-e-type=\"widget\" data-widget_type=\"button.default\">\n\t\t\t\t<div class=\"elementor-widget-container\">\n\t\t\t\t\t\t\t\t\t<div class=\"elementor-button-wrapper\">\n\t\t\t\t\t<a class=\"elementor-button elementor-button-link elementor-size-xl\" href=\"https:\/\/www.historial.fr\/de\/oeffnungszeiten-preise-anfahrt\/\">\n\t\t\t\t\t\t<span class=\"elementor-button-content-wrapper\">\n\t\t\t\t\t\t\t\t\t<span class=\"elementor-button-text\">praktische Information<\/span>\n\t\t\t\t\t<\/span>\n\t\t\t\t\t<\/a>\n\t\t\t\t<\/div>\n\t\t\t\t\t\t\t\t<\/div>\n\t\t\t\t<\/div>\n\t\t\t\t\t<\/div>\n\t\t\t\t<\/div>\n\t\t\t\t<\/div>\n\t\t","protected":false},"excerpt":{"rendered":"<p>P\u00e4dagogische und digitale Angebote Das ganze Jahr \u00fcber werden im Museum in P\u00e9ronne spezielle Animationen, Aktivit\u00e4ten und Rundg\u00e4nge angeboten. P\u00e4dagogische Angebote: Aktivit\u00e4tshefte f\u00fcr Kinder T\u00e4glich: Die an verschiedene Altersgruppen angepassten [&hellip;]<\/p>\n","protected":false},"author":2,"featured_media":0,"parent":3856,"menu_order":0,"comment_status":"closed","ping_status":"closed","template":"","meta":{"_acf_changed":false,"footnotes":""},"class_list":["post-3852","page","type-page","status-publish","hentry"],"acf":[],"yoast_head":"<!-- This site is optimized with the Yoast SEO plugin v27.5 - https:\/\/yoast.com\/product\/yoast-seo-wordpress\/ -->\n<title>P\u00e4dagogische und digitale Angebote - Historial de la Grande Guerre<\/title>\n<meta name=\"robots\" content=\"index, follow, max-snippet:-1, max-image-preview:large, max-video-preview:-1\" \/>\n<link rel=\"canonical\" href=\"https:\/\/www.historial.fr\/de\/visites-et-activites\/paedagogische-und-digitale-angebote\/\" \/>\n<meta property=\"og:locale\" content=\"de_DE\" \/>\n<meta property=\"og:type\" content=\"article\" \/>\n<meta property=\"og:title\" content=\"P\u00e4dagogische und digitale Angebote - Historial de la Grande Guerre\" \/>\n<meta property=\"og:description\" content=\"P\u00e4dagogische und digitale Angebote Das ganze Jahr \u00fcber werden im Museum in P\u00e9ronne spezielle Animationen, Aktivit\u00e4ten und Rundg\u00e4nge angeboten. P\u00e4dagogische Angebote: Aktivit\u00e4tshefte f\u00fcr Kinder T\u00e4glich: Die an verschiedene Altersgruppen angepassten [&hellip;]\" \/>\n<meta property=\"og:url\" content=\"https:\/\/www.historial.fr\/de\/visites-et-activites\/paedagogische-und-digitale-angebote\/\" \/>\n<meta property=\"og:site_name\" content=\"Historial de la Grande Guerre\" \/>\n<meta property=\"article:modified_time\" content=\"2025-06-13T15:22:16+00:00\" \/>\n<meta name=\"twitter:card\" content=\"summary_large_image\" \/>\n<meta name=\"twitter:label1\" content=\"Gesch\u00e4tzte Lesezeit\" \/>\n\t<meta name=\"twitter:data1\" content=\"3\u00a0Minuten\" \/>\n<script type=\"application\/ld+json\" class=\"yoast-schema-graph\">{\"@context\":\"https:\\\/\\\/schema.org\",\"@graph\":[{\"@type\":\"WebPage\",\"@id\":\"https:\\\/\\\/www.historial.fr\\\/de\\\/visites-et-activites\\\/paedagogische-und-digitale-angebote\\\/\",\"url\":\"https:\\\/\\\/www.historial.fr\\\/de\\\/visites-et-activites\\\/paedagogische-und-digitale-angebote\\\/\",\"name\":\"P\u00e4dagogische und digitale Angebote - Historial de la Grande Guerre\",\"isPartOf\":{\"@id\":\"https:\\\/\\\/www.historial.fr\\\/#website\"},\"datePublished\":\"2023-12-07T13:21:03+00:00\",\"dateModified\":\"2025-06-13T15:22:16+00:00\",\"breadcrumb\":{\"@id\":\"https:\\\/\\\/www.historial.fr\\\/de\\\/visites-et-activites\\\/paedagogische-und-digitale-angebote\\\/#breadcrumb\"},\"inLanguage\":\"de\",\"potentialAction\":[{\"@type\":\"ReadAction\",\"target\":[\"https:\\\/\\\/www.historial.fr\\\/de\\\/visites-et-activites\\\/paedagogische-und-digitale-angebote\\\/\"]}]},{\"@type\":\"BreadcrumbList\",\"@id\":\"https:\\\/\\\/www.historial.fr\\\/de\\\/visites-et-activites\\\/paedagogische-und-digitale-angebote\\\/#breadcrumb\",\"itemListElement\":[{\"@type\":\"ListItem\",\"position\":1,\"name\":\"Accueil\",\"item\":\"https:\\\/\\\/www.historial.fr\\\/de\\\/\"},{\"@type\":\"ListItem\",\"position\":2,\"name\":\"Touren und Aktivit\u00e4ten\",\"item\":\"https:\\\/\\\/www.historial.fr\\\/de\\\/visites-et-activites\\\/\"},{\"@type\":\"ListItem\",\"position\":3,\"name\":\"P\u00e4dagogische und digitale Angebote\"}]},{\"@type\":\"WebSite\",\"@id\":\"https:\\\/\\\/www.historial.fr\\\/#website\",\"url\":\"https:\\\/\\\/www.historial.fr\\\/\",\"name\":\"Historial de la Grande Guerre\",\"description\":\"Mus\u00e9e de la Premi\u00e8re Guerre Mondiale\",\"potentialAction\":[{\"@type\":\"SearchAction\",\"target\":{\"@type\":\"EntryPoint\",\"urlTemplate\":\"https:\\\/\\\/www.historial.fr\\\/?s={search_term_string}\"},\"query-input\":{\"@type\":\"PropertyValueSpecification\",\"valueRequired\":true,\"valueName\":\"search_term_string\"}}],\"inLanguage\":\"de\"}]}<\/script>\n<!-- \/ Yoast SEO plugin. -->","yoast_head_json":{"title":"P\u00e4dagogische und digitale Angebote - Historial de la Grande Guerre","robots":{"index":"index","follow":"follow","max-snippet":"max-snippet:-1","max-image-preview":"max-image-preview:large","max-video-preview":"max-video-preview:-1"},"canonical":"https:\/\/www.historial.fr\/de\/visites-et-activites\/paedagogische-und-digitale-angebote\/","og_locale":"de_DE","og_type":"article","og_title":"P\u00e4dagogische und digitale Angebote - Historial de la Grande Guerre","og_description":"P\u00e4dagogische und digitale Angebote Das ganze Jahr \u00fcber werden im Museum in P\u00e9ronne spezielle Animationen, Aktivit\u00e4ten und Rundg\u00e4nge angeboten. P\u00e4dagogische Angebote: Aktivit\u00e4tshefte f\u00fcr Kinder T\u00e4glich: Die an verschiedene Altersgruppen angepassten [&hellip;]","og_url":"https:\/\/www.historial.fr\/de\/visites-et-activites\/paedagogische-und-digitale-angebote\/","og_site_name":"Historial de la Grande Guerre","article_modified_time":"2025-06-13T15:22:16+00:00","twitter_card":"summary_large_image","twitter_misc":{"Gesch\u00e4tzte Lesezeit":"3\u00a0Minuten"},"schema":{"@context":"https:\/\/schema.org","@graph":[{"@type":"WebPage","@id":"https:\/\/www.historial.fr\/de\/visites-et-activites\/paedagogische-und-digitale-angebote\/","url":"https:\/\/www.historial.fr\/de\/visites-et-activites\/paedagogische-und-digitale-angebote\/","name":"P\u00e4dagogische und digitale Angebote - Historial de la Grande Guerre","isPartOf":{"@id":"https:\/\/www.historial.fr\/#website"},"datePublished":"2023-12-07T13:21:03+00:00","dateModified":"2025-06-13T15:22:16+00:00","breadcrumb":{"@id":"https:\/\/www.historial.fr\/de\/visites-et-activites\/paedagogische-und-digitale-angebote\/#breadcrumb"},"inLanguage":"de","potentialAction":[{"@type":"ReadAction","target":["https:\/\/www.historial.fr\/de\/visites-et-activites\/paedagogische-und-digitale-angebote\/"]}]},{"@type":"BreadcrumbList","@id":"https:\/\/www.historial.fr\/de\/visites-et-activites\/paedagogische-und-digitale-angebote\/#breadcrumb","itemListElement":[{"@type":"ListItem","position":1,"name":"Accueil","item":"https:\/\/www.historial.fr\/de\/"},{"@type":"ListItem","position":2,"name":"Touren und Aktivit\u00e4ten","item":"https:\/\/www.historial.fr\/de\/visites-et-activites\/"},{"@type":"ListItem","position":3,"name":"P\u00e4dagogische und digitale Angebote"}]},{"@type":"WebSite","@id":"https:\/\/www.historial.fr\/#website","url":"https:\/\/www.historial.fr\/","name":"Historial de la Grande Guerre","description":"Mus\u00e9e de la Premi\u00e8re Guerre Mondiale","potentialAction":[{"@type":"SearchAction","target":{"@type":"EntryPoint","urlTemplate":"https:\/\/www.historial.fr\/?s={search_term_string}"},"query-input":{"@type":"PropertyValueSpecification","valueRequired":true,"valueName":"search_term_string"}}],"inLanguage":"de"}]}},"jetpack_sharing_enabled":true,"_links":{"self":[{"href":"https:\/\/www.historial.fr\/de\/wp-json\/wp\/v2\/pages\/3852","targetHints":{"allow":["GET"]}}],"collection":[{"href":"https:\/\/www.historial.fr\/de\/wp-json\/wp\/v2\/pages"}],"about":[{"href":"https:\/\/www.historial.fr\/de\/wp-json\/wp\/v2\/types\/page"}],"author":[{"embeddable":true,"href":"https:\/\/www.historial.fr\/de\/wp-json\/wp\/v2\/users\/2"}],"replies":[{"embeddable":true,"href":"https:\/\/www.historial.fr\/de\/wp-json\/wp\/v2\/comments?post=3852"}],"version-history":[{"count":19,"href":"https:\/\/www.historial.fr\/de\/wp-json\/wp\/v2\/pages\/3852\/revisions"}],"predecessor-version":[{"id":11252,"href":"https:\/\/www.historial.fr\/de\/wp-json\/wp\/v2\/pages\/3852\/revisions\/11252"}],"up":[{"embeddable":true,"href":"https:\/\/www.historial.fr\/de\/wp-json\/wp\/v2\/pages\/3856"}],"wp:attachment":[{"href":"https:\/\/www.historial.fr\/de\/wp-json\/wp\/v2\/media?parent=3852"}],"curies":[{"name":"wp","href":"https:\/\/api.w.org\/{rel}","templated":true}]}}