{"id":3854,"date":"2023-12-07T13:18:42","date_gmt":"2023-12-07T13:18:42","guid":{"rendered":"https:\/\/www.historial.fr\/allein-mit-der-familie-oder-mit-freunden\/"},"modified":"2024-03-04T09:23:44","modified_gmt":"2024-03-04T09:23:44","slug":"allein-mit-der-familie-oder-mit-freunden","status":"publish","type":"page","link":"https:\/\/www.historial.fr\/de\/visites-et-activites\/allein-mit-der-familie-oder-mit-freunden\/","title":{"rendered":"Allein, mit der Familie oder mit Freunden"},"content":{"rendered":"\t\t<div data-elementor-type=\"wp-page\" data-elementor-id=\"3854\" class=\"elementor elementor-3854 elementor-359\">\n\t\t\t\t<div class=\"elementor-element elementor-element-4071e46e e-flex e-con-boxed e-con e-parent\" data-id=\"4071e46e\" data-element_type=\"container\" data-e-type=\"container\" data-settings=\"{&quot;background_background&quot;:&quot;classic&quot;}\">\n\t\t\t\t\t<div class=\"e-con-inner\">\n\t\t\t\t<div class=\"elementor-element elementor-element-67b4eb01 elementor-widget__width-inherit elementor-widget elementor-widget-heading\" data-id=\"67b4eb01\" data-element_type=\"widget\" data-e-type=\"widget\" data-widget_type=\"heading.default\">\n\t\t\t\t<div class=\"elementor-widget-container\">\n\t\t\t\t\t<h1 class=\"elementor-heading-title elementor-size-default\">Allein, mit der Familie oder mit Freunden<\/h1>\t\t\t\t<\/div>\n\t\t\t\t<\/div>\n\t\t\t\t\t<\/div>\n\t\t\t\t<\/div>\n\t\t<div class=\"elementor-element elementor-element-3c3e6d74 e-flex e-con-boxed e-con e-parent\" data-id=\"3c3e6d74\" data-element_type=\"container\" data-e-type=\"container\">\n\t\t\t\t\t<div class=\"e-con-inner\">\n\t\t\t\t<div class=\"elementor-element elementor-element-523e410 elementor-widget elementor-widget-text-editor\" data-id=\"523e410\" data-element_type=\"widget\" data-e-type=\"widget\" data-widget_type=\"text-editor.default\">\n\t\t\t\t<div class=\"elementor-widget-container\">\n\t\t\t\t\t\t\t\t\t<h3>Hinter den T\u00fcren unserer Museen k\u00f6nnen Sie Geschichte hautnah erleben! Entdecken Sie unsere Sammlungen und nutzen Sie die verschiedenen p\u00e4dagogischen und digitalen Angebote, um Ihren Besuch zu bereichern.<\/h3>\n\t\t\t\t\t\t\t\t<\/div>\n\t\t\t\t<\/div>\n\t\t\t\t\t<\/div>\n\t\t\t\t<\/div>\n\t\t<div class=\"elementor-element elementor-element-33b51f27 e-flex e-con-boxed e-con e-parent\" data-id=\"33b51f27\" data-element_type=\"container\" data-e-type=\"container\">\n\t\t\t\t\t<div class=\"e-con-inner\">\n\t\t\t\t<div class=\"elementor-element elementor-element-3ae11025 elementor-widget elementor-widget-text-editor\" data-id=\"3ae11025\" data-element_type=\"widget\" data-e-type=\"widget\" data-widget_type=\"text-editor.default\">\n\t\t\t\t<div class=\"elementor-widget-container\">\n\t\t\t\t\t\t\t\t\t<p>Das Historial bietet Ihnen:<\/p><ul><li>Einen f\u00fcr alle Altersgruppen zug\u00e4nglichen (angepassten) Rundgang.<\/li><li>Zahlreiche Multimedia-Tools, um Ihren Besuch zu bereichern: digitale Karten, die App \u201eReporter 14-18\u201c und Overlap Reality.<\/li><li>Workshops, thematische F\u00fchrungen, p\u00e4dagogische Hefte, Animationen f\u00fcr junges Publikum&#8230;<\/li><li>W\u00e4hrend der Schulferien organisieren wir Aktivit\u00e4ten f\u00fcr das junge Publikum und f\u00fcr Familien. Entdeckungstouren, Workshops, Aktivit\u00e4tshefte&#8230; geben Ihnen die Gelegenheit, das Museum mit Spiel und Spa\u00df zu entdecken.<\/li><\/ul>\t\t\t\t\t\t\t\t<\/div>\n\t\t\t\t<\/div>\n\t\t\t\t\t<\/div>\n\t\t\t\t<\/div>\n\t\t<div class=\"elementor-element elementor-element-097e12e e-flex e-con-boxed e-con e-parent\" data-id=\"097e12e\" data-element_type=\"container\" data-e-type=\"container\">\n\t\t\t\t\t<div class=\"e-con-inner\">\n\t\t\t\t<div class=\"elementor-element elementor-element-84f1d3d raven--h-position-center raven--v-position-middle elementor-arrows-position-inside elementor-pagination-position-inside elementor-widget elementor-widget-raven-slider\" data-id=\"84f1d3d\" data-element_type=\"widget\" data-e-type=\"widget\" data-settings=\"{&quot;navigation&quot;:&quot;both&quot;,&quot;autoplay&quot;:&quot;yes&quot;,&quot;pause_on_hover&quot;:&quot;yes&quot;,&quot;pause_on_interaction&quot;:&quot;yes&quot;,&quot;autoplay_speed&quot;:5000,&quot;infinite&quot;:&quot;yes&quot;,&quot;transition&quot;:&quot;slide&quot;,&quot;transition_speed&quot;:500}\" data-widget_type=\"raven-slider.default\">\n\t\t\t\t<div class=\"elementor-widget-container\">\n\t\t\t\t\t\t\t<div class=\"elementor-swiper\">\n\t\t\t<div class=\"raven-slider-wrapper elementor-main-swiper swiper\" dir=\"ltr\" data-animation=\"fadeInUp\">\n\t\t\t\t<div class=\"swiper-wrapper raven-slider\">\n\t\t\t\t\t\t\t\t\t\t<div class=\"elementor-repeater-item-5de41f5 swiper-slide\"><div style=\"background-image: url(https:\/\/www.historial.fr\/wp-content\/uploads\/2023\/12\/HGG-seul-en-famille-ou-entre-amis2.jpg)\" class=\"swiper-slide-bg\"><\/div><div class=\"swiper-slide-inner\" ><div class=\"swiper-slide-contents\"><\/div><\/div><\/div><div class=\"elementor-repeater-item-5ce5a01 swiper-slide\"><div style=\"background-image: url(https:\/\/www.historial.fr\/wp-content\/uploads\/2023\/12\/HGG-seul-en-famille-ou-entre-amis3.jpg)\" class=\"swiper-slide-bg\"><\/div><div class=\"swiper-slide-inner\" ><div class=\"swiper-slide-contents\"><\/div><\/div><\/div><div class=\"elementor-repeater-item-8cc26eb swiper-slide\"><div style=\"background-image: url(https:\/\/www.historial.fr\/wp-content\/uploads\/2023\/12\/HGG-seul-en-famille-ou-entre-amis4-scaled.jpg)\" class=\"swiper-slide-bg\"><\/div><div class=\"swiper-slide-inner\" ><div class=\"swiper-slide-contents\"><\/div><\/div><\/div>\t\t\t\t<\/div>\n\t\t\t\t\t\t\t\t\t\t\t\t\t\t\t<div class=\"swiper-pagination\"><\/div>\n\t\t\t\t\t\t\t\t\t\t\t\t\t\t\t\t<div class=\"elementor-swiper-button elementor-swiper-button-prev\">\n\t\t\t\t\t\t\t<svg aria-hidden=\"true\" class=\"e-font-icon-svg e-eicon-chevron-left\" viewBox=\"0 0 1000 1000\" xmlns=\"http:\/\/www.w3.org\/2000\/svg\"><path d=\"M646 125C629 125 613 133 604 142L308 442C296 454 292 471 292 487 292 504 296 521 308 533L604 854C617 867 629 875 646 875 663 875 679 871 692 858 704 846 713 829 713 812 713 796 708 779 692 767L438 487 692 225C700 217 708 204 708 187 708 171 704 154 692 142 675 129 663 125 646 125Z\"><\/path><\/svg>\t\t\t\t\t\t\t<span class=\"elementor-screen-only\">Previous<\/span>\n\t\t\t\t\t\t<\/div>\n\t\t\t\t\t\t<div class=\"elementor-swiper-button elementor-swiper-button-next\">\n\t\t\t\t\t\t\t<svg aria-hidden=\"true\" class=\"e-font-icon-svg e-eicon-chevron-right\" viewBox=\"0 0 1000 1000\" xmlns=\"http:\/\/www.w3.org\/2000\/svg\"><path d=\"M696 533C708 521 713 504 713 487 713 471 708 454 696 446L400 146C388 133 375 125 354 125 338 125 325 129 313 142 300 154 292 171 292 187 292 204 296 221 308 233L563 492 304 771C292 783 288 800 288 817 288 833 296 850 308 863 321 871 338 875 354 875 371 875 388 867 400 854L696 533Z\"><\/path><\/svg>\t\t\t\t\t\t\t<span class=\"elementor-screen-only\">Next<\/span>\n\t\t\t\t\t\t<\/div>\n\t\t\t\t\t\t\t\t\t\t\t\t<\/div>\n\t\t<\/div>\n\t\t\t\t\t\t<\/div>\n\t\t\t\t<\/div>\n\t\t\t\t\t<\/div>\n\t\t\t\t<\/div>\n\t\t<div class=\"elementor-element elementor-element-10d53dd e-flex e-con-boxed e-con e-parent\" data-id=\"10d53dd\" data-element_type=\"container\" data-e-type=\"container\">\n\t\t\t\t\t<div class=\"e-con-inner\">\n\t\t\t\t<div class=\"elementor-element elementor-element-cd2d468 elementor-widget elementor-widget-text-editor\" data-id=\"cd2d468\" data-element_type=\"widget\" data-e-type=\"widget\" data-widget_type=\"text-editor.default\">\n\t\t\t\t<div class=\"elementor-widget-container\">\n\t\t\t\t\t\t\t\t\t<p>Vervollst\u00e4ndigen Sie Ihren Rundgang mit einem Besuch der <a href=\"https:\/\/www.historial.fr\/de\/unsere-museen\/schlachtfelder\/\">Schlachtfelder der Somme<\/a><\/p>\t\t\t\t\t\t\t\t<\/div>\n\t\t\t\t<\/div>\n\t\t\t\t\t<\/div>\n\t\t\t\t<\/div>\n\t\t<div class=\"elementor-element elementor-element-3ad7864b e-flex e-con-boxed e-con e-parent\" data-id=\"3ad7864b\" data-element_type=\"container\" data-e-type=\"container\">\n\t\t\t\t\t<div class=\"e-con-inner\">\n\t\t\t\t<div class=\"elementor-element elementor-element-29e31b4a elementor-align-center elementor-widget elementor-widget-button\" data-id=\"29e31b4a\" data-element_type=\"widget\" data-e-type=\"widget\" data-widget_type=\"button.default\">\n\t\t\t\t<div class=\"elementor-widget-container\">\n\t\t\t\t\t\t\t\t\t<div class=\"elementor-button-wrapper\">\n\t\t\t\t\t<a class=\"elementor-button elementor-button-link elementor-size-xl\" href=\"https:\/\/www.historial.fr\/de\/oeffnungszeiten-preise-anfahrt\/\">\n\t\t\t\t\t\t<span class=\"elementor-button-content-wrapper\">\n\t\t\t\t\t\t\t\t\t<span class=\"elementor-button-text\">\u00d6ffnungszeiten Eintrittspreise<\/span>\n\t\t\t\t\t<\/span>\n\t\t\t\t\t<\/a>\n\t\t\t\t<\/div>\n\t\t\t\t\t\t\t\t<\/div>\n\t\t\t\t<\/div>\n\t\t<div class=\"elementor-element elementor-element-741e3af e-flex e-con-boxed e-con e-child\" data-id=\"741e3af\" data-element_type=\"container\" data-e-type=\"container\">\n\t\t\t\t\t<div class=\"e-con-inner\">\n\t\t<div class=\"elementor-element elementor-element-f59473f e-flex e-con-boxed e-con e-child\" data-id=\"f59473f\" data-element_type=\"container\" data-e-type=\"container\">\n\t\t\t\t\t<div class=\"e-con-inner\">\n\t\t<div class=\"elementor-element elementor-element-e09dc0c e-con-full elementor-hidden-tablet elementor-hidden-mobile e-flex e-con e-child\" data-id=\"e09dc0c\" data-element_type=\"container\" data-e-type=\"container\">\n\t\t\t\t<\/div>\n\t\t<div class=\"elementor-element elementor-element-3c17925 e-con-full e-flex e-con e-child\" data-id=\"3c17925\" data-element_type=\"container\" data-e-type=\"container\" data-settings=\"{&quot;background_background&quot;:&quot;classic&quot;}\">\n\t\t\t\t<div class=\"elementor-element elementor-element-a789daf elementor-widget elementor-widget-text-editor\" data-id=\"a789daf\" data-element_type=\"widget\" data-e-type=\"widget\" data-widget_type=\"text-editor.default\">\n\t\t\t\t<div class=\"elementor-widget-container\">\n\t\t\t\t\t\t\t\t\t<h1><a href=\"https:\/\/www.historial.fr\/de\/paedagogische-und-digitale-angebote\/\"><span style=\"color: #ffffff;\">P\u00e4dagogische &amp; digitale<\/span><\/a><\/h1>\n\t\t\t\t\t\t\t\t<\/div>\n\t\t\t\t<\/div>\n\t\t\t\t<\/div>\n\t\t<div class=\"elementor-element elementor-element-52bf858 e-con-full e-flex e-con e-child\" data-id=\"52bf858\" data-element_type=\"container\" data-e-type=\"container\">\n\t\t\t\t<\/div>\n\t\t\t\t\t<\/div>\n\t\t\t\t<\/div>\n\t\t\t\t\t<\/div>\n\t\t\t\t<\/div>\n\t\t\t\t\t<\/div>\n\t\t\t\t<\/div>\n\t\t\t\t<\/div>\n\t\t","protected":false},"excerpt":{"rendered":"<p>Allein, mit der Familie oder mit Freunden Hinter den T\u00fcren unserer Museen k\u00f6nnen Sie Geschichte hautnah erleben! Entdecken Sie unsere Sammlungen und nutzen Sie die verschiedenen p\u00e4dagogischen und digitalen Angebote, [&hellip;]<\/p>\n","protected":false},"author":2,"featured_media":0,"parent":3856,"menu_order":0,"comment_status":"closed","ping_status":"closed","template":"","meta":{"_acf_changed":false,"footnotes":""},"class_list":["post-3854","page","type-page","status-publish","hentry"],"acf":[],"yoast_head":"<!-- This site is optimized with the Yoast SEO plugin v27.5 - https:\/\/yoast.com\/product\/yoast-seo-wordpress\/ -->\n<title>Allein, mit der Familie oder mit Freunden - Historial de la Grande Guerre<\/title>\n<meta name=\"robots\" content=\"index, follow, max-snippet:-1, max-image-preview:large, max-video-preview:-1\" \/>\n<link rel=\"canonical\" href=\"https:\/\/www.historial.fr\/de\/visites-et-activites\/allein-mit-der-familie-oder-mit-freunden\/\" \/>\n<meta property=\"og:locale\" content=\"de_DE\" \/>\n<meta property=\"og:type\" content=\"article\" \/>\n<meta property=\"og:title\" content=\"Allein, mit der Familie oder mit Freunden - Historial de la Grande Guerre\" \/>\n<meta property=\"og:description\" content=\"Allein, mit der Familie oder mit Freunden Hinter den T\u00fcren unserer Museen k\u00f6nnen Sie Geschichte hautnah erleben! Entdecken Sie unsere Sammlungen und nutzen Sie die verschiedenen p\u00e4dagogischen und digitalen Angebote, [&hellip;]\" \/>\n<meta property=\"og:url\" content=\"https:\/\/www.historial.fr\/de\/visites-et-activites\/allein-mit-der-familie-oder-mit-freunden\/\" \/>\n<meta property=\"og:site_name\" content=\"Historial de la Grande Guerre\" \/>\n<meta property=\"article:modified_time\" content=\"2024-03-04T09:23:44+00:00\" \/>\n<meta name=\"twitter:card\" content=\"summary_large_image\" \/>\n<meta name=\"twitter:label1\" content=\"Gesch\u00e4tzte Lesezeit\" \/>\n\t<meta name=\"twitter:data1\" content=\"1\u00a0Minute\" \/>\n<script type=\"application\/ld+json\" class=\"yoast-schema-graph\">{\"@context\":\"https:\\\/\\\/schema.org\",\"@graph\":[{\"@type\":\"WebPage\",\"@id\":\"https:\\\/\\\/www.historial.fr\\\/de\\\/visites-et-activites\\\/allein-mit-der-familie-oder-mit-freunden\\\/\",\"url\":\"https:\\\/\\\/www.historial.fr\\\/de\\\/visites-et-activites\\\/allein-mit-der-familie-oder-mit-freunden\\\/\",\"name\":\"Allein, mit der Familie oder mit Freunden - Historial de la Grande Guerre\",\"isPartOf\":{\"@id\":\"https:\\\/\\\/www.historial.fr\\\/#website\"},\"datePublished\":\"2023-12-07T13:18:42+00:00\",\"dateModified\":\"2024-03-04T09:23:44+00:00\",\"breadcrumb\":{\"@id\":\"https:\\\/\\\/www.historial.fr\\\/de\\\/visites-et-activites\\\/allein-mit-der-familie-oder-mit-freunden\\\/#breadcrumb\"},\"inLanguage\":\"de\",\"potentialAction\":[{\"@type\":\"ReadAction\",\"target\":[\"https:\\\/\\\/www.historial.fr\\\/de\\\/visites-et-activites\\\/allein-mit-der-familie-oder-mit-freunden\\\/\"]}]},{\"@type\":\"BreadcrumbList\",\"@id\":\"https:\\\/\\\/www.historial.fr\\\/de\\\/visites-et-activites\\\/allein-mit-der-familie-oder-mit-freunden\\\/#breadcrumb\",\"itemListElement\":[{\"@type\":\"ListItem\",\"position\":1,\"name\":\"Accueil\",\"item\":\"https:\\\/\\\/www.historial.fr\\\/de\\\/\"},{\"@type\":\"ListItem\",\"position\":2,\"name\":\"Touren und Aktivit\u00e4ten\",\"item\":\"https:\\\/\\\/www.historial.fr\\\/de\\\/visites-et-activites\\\/\"},{\"@type\":\"ListItem\",\"position\":3,\"name\":\"Allein, mit der Familie oder mit Freunden\"}]},{\"@type\":\"WebSite\",\"@id\":\"https:\\\/\\\/www.historial.fr\\\/#website\",\"url\":\"https:\\\/\\\/www.historial.fr\\\/\",\"name\":\"Historial de la Grande Guerre\",\"description\":\"Mus\u00e9e de la Premi\u00e8re Guerre Mondiale\",\"potentialAction\":[{\"@type\":\"SearchAction\",\"target\":{\"@type\":\"EntryPoint\",\"urlTemplate\":\"https:\\\/\\\/www.historial.fr\\\/?s={search_term_string}\"},\"query-input\":{\"@type\":\"PropertyValueSpecification\",\"valueRequired\":true,\"valueName\":\"search_term_string\"}}],\"inLanguage\":\"de\"}]}<\/script>\n<!-- \/ Yoast SEO plugin. -->","yoast_head_json":{"title":"Allein, mit der Familie oder mit Freunden - Historial de la Grande Guerre","robots":{"index":"index","follow":"follow","max-snippet":"max-snippet:-1","max-image-preview":"max-image-preview:large","max-video-preview":"max-video-preview:-1"},"canonical":"https:\/\/www.historial.fr\/de\/visites-et-activites\/allein-mit-der-familie-oder-mit-freunden\/","og_locale":"de_DE","og_type":"article","og_title":"Allein, mit der Familie oder mit Freunden - Historial de la Grande Guerre","og_description":"Allein, mit der Familie oder mit Freunden Hinter den T\u00fcren unserer Museen k\u00f6nnen Sie Geschichte hautnah erleben! Entdecken Sie unsere Sammlungen und nutzen Sie die verschiedenen p\u00e4dagogischen und digitalen Angebote, [&hellip;]","og_url":"https:\/\/www.historial.fr\/de\/visites-et-activites\/allein-mit-der-familie-oder-mit-freunden\/","og_site_name":"Historial de la Grande Guerre","article_modified_time":"2024-03-04T09:23:44+00:00","twitter_card":"summary_large_image","twitter_misc":{"Gesch\u00e4tzte Lesezeit":"1\u00a0Minute"},"schema":{"@context":"https:\/\/schema.org","@graph":[{"@type":"WebPage","@id":"https:\/\/www.historial.fr\/de\/visites-et-activites\/allein-mit-der-familie-oder-mit-freunden\/","url":"https:\/\/www.historial.fr\/de\/visites-et-activites\/allein-mit-der-familie-oder-mit-freunden\/","name":"Allein, mit der Familie oder mit Freunden - Historial de la Grande Guerre","isPartOf":{"@id":"https:\/\/www.historial.fr\/#website"},"datePublished":"2023-12-07T13:18:42+00:00","dateModified":"2024-03-04T09:23:44+00:00","breadcrumb":{"@id":"https:\/\/www.historial.fr\/de\/visites-et-activites\/allein-mit-der-familie-oder-mit-freunden\/#breadcrumb"},"inLanguage":"de","potentialAction":[{"@type":"ReadAction","target":["https:\/\/www.historial.fr\/de\/visites-et-activites\/allein-mit-der-familie-oder-mit-freunden\/"]}]},{"@type":"BreadcrumbList","@id":"https:\/\/www.historial.fr\/de\/visites-et-activites\/allein-mit-der-familie-oder-mit-freunden\/#breadcrumb","itemListElement":[{"@type":"ListItem","position":1,"name":"Accueil","item":"https:\/\/www.historial.fr\/de\/"},{"@type":"ListItem","position":2,"name":"Touren und Aktivit\u00e4ten","item":"https:\/\/www.historial.fr\/de\/visites-et-activites\/"},{"@type":"ListItem","position":3,"name":"Allein, mit der Familie oder mit Freunden"}]},{"@type":"WebSite","@id":"https:\/\/www.historial.fr\/#website","url":"https:\/\/www.historial.fr\/","name":"Historial de la Grande Guerre","description":"Mus\u00e9e de la Premi\u00e8re Guerre Mondiale","potentialAction":[{"@type":"SearchAction","target":{"@type":"EntryPoint","urlTemplate":"https:\/\/www.historial.fr\/?s={search_term_string}"},"query-input":{"@type":"PropertyValueSpecification","valueRequired":true,"valueName":"search_term_string"}}],"inLanguage":"de"}]}},"jetpack_sharing_enabled":true,"_links":{"self":[{"href":"https:\/\/www.historial.fr\/de\/wp-json\/wp\/v2\/pages\/3854","targetHints":{"allow":["GET"]}}],"collection":[{"href":"https:\/\/www.historial.fr\/de\/wp-json\/wp\/v2\/pages"}],"about":[{"href":"https:\/\/www.historial.fr\/de\/wp-json\/wp\/v2\/types\/page"}],"author":[{"embeddable":true,"href":"https:\/\/www.historial.fr\/de\/wp-json\/wp\/v2\/users\/2"}],"replies":[{"embeddable":true,"href":"https:\/\/www.historial.fr\/de\/wp-json\/wp\/v2\/comments?post=3854"}],"version-history":[{"count":14,"href":"https:\/\/www.historial.fr\/de\/wp-json\/wp\/v2\/pages\/3854\/revisions"}],"predecessor-version":[{"id":4511,"href":"https:\/\/www.historial.fr\/de\/wp-json\/wp\/v2\/pages\/3854\/revisions\/4511"}],"up":[{"embeddable":true,"href":"https:\/\/www.historial.fr\/de\/wp-json\/wp\/v2\/pages\/3856"}],"wp:attachment":[{"href":"https:\/\/www.historial.fr\/de\/wp-json\/wp\/v2\/media?parent=3854"}],"curies":[{"name":"wp","href":"https:\/\/api.w.org\/{rel}","templated":true}]}}