{"id":3862,"date":"2023-12-07T13:27:09","date_gmt":"2023-12-07T13:27:09","guid":{"rendered":"https:\/\/www.historial.fr\/der-standort-und-seine-geschichte\/"},"modified":"2024-03-20T09:08:43","modified_gmt":"2024-03-20T09:08:43","slug":"der-standort-und-seine-geschichte","status":"publish","type":"page","link":"https:\/\/www.historial.fr\/de\/unsere-museen\/peronne-historisches-museum\/der-standort-und-seine-geschichte\/","title":{"rendered":"Der Standort und seine Geschichte"},"content":{"rendered":"\t\t<div data-elementor-type=\"wp-page\" data-elementor-id=\"3862\" class=\"elementor elementor-3862 elementor-386\">\n\t\t\t\t<div class=\"elementor-element elementor-element-6e6a9013 e-flex e-con-boxed e-con e-parent\" data-id=\"6e6a9013\" data-element_type=\"container\" data-e-type=\"container\" data-settings=\"{&quot;background_background&quot;:&quot;classic&quot;}\">\n\t\t\t\t\t<div class=\"e-con-inner\">\n\t\t\t\t<div class=\"elementor-element elementor-element-dc7172a elementor-widget__width-inherit elementor-widget elementor-widget-heading\" data-id=\"dc7172a\" data-element_type=\"widget\" data-e-type=\"widget\" data-widget_type=\"heading.default\">\n\t\t\t\t<div class=\"elementor-widget-container\">\n\t\t\t\t\t<h1 class=\"elementor-heading-title elementor-size-default\">Der Standort und seine Geschichte<\/h1>\t\t\t\t<\/div>\n\t\t\t\t<\/div>\n\t\t\t\t\t<\/div>\n\t\t\t\t<\/div>\n\t\t<div class=\"elementor-element elementor-element-79a429e7 e-flex e-con-boxed e-con e-parent\" data-id=\"79a429e7\" data-element_type=\"container\" data-e-type=\"container\">\n\t\t\t\t\t<div class=\"e-con-inner\">\n\t\t\t\t<div class=\"elementor-element elementor-element-160d7e5d elementor-widget elementor-widget-text-editor\" data-id=\"160d7e5d\" data-element_type=\"widget\" data-e-type=\"widget\" data-widget_type=\"text-editor.default\">\n\t\t\t\t<div class=\"elementor-widget-container\">\n\t\t\t\t\t\t\t\t\t<h3>Das Museum wurde 1992 im Herzen der Schlachtfelder an der Somme er\u00f6ffnet und ist in das Schloss aus dem 13&nbsp; Jahrhundert integriert, ein Wahrzeichen der Stadt P\u00e9ronne, welche im Laufe der Geschichte mehrmals belagert wurde. <br \/>Die Dauerausstellung zum Ersten Weltkrieg ist in dem neuen Geb\u00e4ude untergebracht, das von dem Architekten Henri-Edouard Ciriani entworfen wurde.<\/h3>\n\t\t\t\t\t\t\t\t<\/div>\n\t\t\t\t<\/div>\n\t\t\t\t\t<\/div>\n\t\t\t\t<\/div>\n\t\t<div class=\"elementor-element elementor-element-50ea840a e-flex e-con-boxed e-con e-parent\" data-id=\"50ea840a\" data-element_type=\"container\" data-e-type=\"container\">\n\t\t\t\t\t<div class=\"e-con-inner\">\n\t\t<div class=\"elementor-element elementor-element-4931f41b e-con-full e-flex e-con e-child\" data-id=\"4931f41b\" data-element_type=\"container\" data-e-type=\"container\" data-settings=\"{&quot;background_background&quot;:&quot;classic&quot;}\">\n\t\t\t\t<\/div>\n\t\t<div class=\"elementor-element elementor-element-649f4e8c e-con-full e-flex e-con e-child\" data-id=\"649f4e8c\" data-element_type=\"container\" data-e-type=\"container\">\n\t\t<div class=\"elementor-element elementor-element-3da3c96 e-flex e-con-boxed e-con e-child\" data-id=\"3da3c96\" data-element_type=\"container\" data-e-type=\"container\" data-settings=\"{&quot;background_background&quot;:&quot;classic&quot;}\">\n\t\t\t\t\t<div class=\"e-con-inner\">\n\t\t\t\t<div class=\"elementor-element elementor-element-754c98b7 elementor-widget-divider--view-line elementor-widget elementor-widget-divider\" data-id=\"754c98b7\" data-element_type=\"widget\" data-e-type=\"widget\" data-widget_type=\"divider.default\">\n\t\t\t\t<div class=\"elementor-widget-container\">\n\t\t\t\t\t\t\t<div class=\"elementor-divider\">\n\t\t\t<span class=\"elementor-divider-separator\">\n\t\t\t\t\t\t<\/span>\n\t\t<\/div>\n\t\t\t\t\t\t<\/div>\n\t\t\t\t<\/div>\n\t\t\t\t<div class=\"elementor-element elementor-element-3010a1b elementor-widget elementor-widget-text-editor\" data-id=\"3010a1b\" data-element_type=\"widget\" data-e-type=\"widget\" data-widget_type=\"text-editor.default\">\n\t\t\t\t<div class=\"elementor-widget-container\">\n\t\t\t\t\t\t\t\t\t<p>Das Schloss von P\u00e9ronne ist ein mittelalterliches Bauwerk aus dem 13. Jahrhundert und wurde von Philippe Auguste im Philippianischen Stil errichtet. . Das Schloss, das einen wichtigen strategischen und sch\u00fctzenden \u00dcbergang bildet, entwickelte sich zusammen mit der Stadt P\u00e9ronne im Zuge von B\u00fcndnissen und Konflikten Im Laufe der Jahrhunderte wurde das Schloss mehrmals belagert, doch im Ersten Weltkrieg wurde es besonders stark in Mitleidenschaft gezogen und gr\u00f6\u00dftenteils zerst\u00f6rt.<br \/>Nach dem Ersten Weltkrieg wurde das Schloss wieder aufgebaut und renoviert und beh\u00e4lt heute seine urspr\u00fcngliche Form bei. Nur die T\u00fcrme wurden nicht vollst\u00e4ndig wieder hergestellt.<\/p>\n\t\t\t\t\t\t\t\t<\/div>\n\t\t\t\t<\/div>\n\t\t\t\t<div class=\"elementor-element elementor-element-1304a877 elementor-widget-divider--view-line elementor-widget elementor-widget-divider\" data-id=\"1304a877\" data-element_type=\"widget\" data-e-type=\"widget\" data-widget_type=\"divider.default\">\n\t\t\t\t<div class=\"elementor-widget-container\">\n\t\t\t\t\t\t\t<div class=\"elementor-divider\">\n\t\t\t<span class=\"elementor-divider-separator\">\n\t\t\t\t\t\t<\/span>\n\t\t<\/div>\n\t\t\t\t\t\t<\/div>\n\t\t\t\t<\/div>\n\t\t\t\t\t<\/div>\n\t\t\t\t<\/div>\n\t\t\t\t<\/div>\n\t\t\t\t\t<\/div>\n\t\t\t\t<\/div>\n\t\t<div class=\"elementor-element elementor-element-2fe610f e-flex e-con-boxed e-con e-parent\" data-id=\"2fe610f\" data-element_type=\"container\" data-e-type=\"container\">\n\t\t\t\t\t<div class=\"e-con-inner\">\n\t\t<div class=\"elementor-element elementor-element-922d699 e-con-full e-flex e-con e-child\" data-id=\"922d699\" data-element_type=\"container\" data-e-type=\"container\">\n\t\t<div class=\"elementor-element elementor-element-391f5b0 e-flex e-con-boxed e-con e-child\" data-id=\"391f5b0\" data-element_type=\"container\" data-e-type=\"container\" data-settings=\"{&quot;background_background&quot;:&quot;classic&quot;}\">\n\t\t\t\t\t<div class=\"e-con-inner\">\n\t\t\t\t<div class=\"elementor-element elementor-element-e3415a9 elementor-hidden-tablet elementor-hidden-mobile elementor-widget-divider--view-line elementor-widget elementor-widget-divider\" data-id=\"e3415a9\" data-element_type=\"widget\" data-e-type=\"widget\" data-widget_type=\"divider.default\">\n\t\t\t\t<div class=\"elementor-widget-container\">\n\t\t\t\t\t\t\t<div class=\"elementor-divider\">\n\t\t\t<span class=\"elementor-divider-separator\">\n\t\t\t\t\t\t<\/span>\n\t\t<\/div>\n\t\t\t\t\t\t<\/div>\n\t\t\t\t<\/div>\n\t\t\t\t<div class=\"elementor-element elementor-element-3ceb85d elementor-widget elementor-widget-text-editor\" data-id=\"3ceb85d\" data-element_type=\"widget\" data-e-type=\"widget\" data-widget_type=\"text-editor.default\">\n\t\t\t\t<div class=\"elementor-widget-container\">\n\t\t\t\t\t\t\t\t\t<p>Die Architektur des Historial bringt die Bestimmung des Geb\u00e4udes eindrucksvoll zum Ausdruck: die Geschichte des Ersten Weltkriegs auf andere Weise zu zeigen, ohne sie nur auf die Schlachten zu reduzieren. Die schlichten Formen, die stark mit der mittelalterlichen Anlage des Schlosses von P\u00e9ronne verbunden sind, verleihen dem Museum einen zeitlosen Charakter und unterstreichen die Emotionen dieser schrecklichen Zeit.<\/p>\n\t\t\t\t\t\t\t\t<\/div>\n\t\t\t\t<\/div>\n\t\t\t\t<div class=\"elementor-element elementor-element-edbdf38 elementor-widget-divider--view-line elementor-widget elementor-widget-divider\" data-id=\"edbdf38\" data-element_type=\"widget\" data-e-type=\"widget\" data-widget_type=\"divider.default\">\n\t\t\t\t<div class=\"elementor-widget-container\">\n\t\t\t\t\t\t\t<div class=\"elementor-divider\">\n\t\t\t<span class=\"elementor-divider-separator\">\n\t\t\t\t\t\t<\/span>\n\t\t<\/div>\n\t\t\t\t\t\t<\/div>\n\t\t\t\t<\/div>\n\t\t\t\t\t<\/div>\n\t\t\t\t<\/div>\n\t\t\t\t<\/div>\n\t\t<div class=\"elementor-element elementor-element-66658fb e-con-full e-flex e-con e-child\" data-id=\"66658fb\" data-element_type=\"container\" data-e-type=\"container\" data-settings=\"{&quot;background_background&quot;:&quot;classic&quot;}\">\n\t\t\t\t<\/div>\n\t\t\t\t\t<\/div>\n\t\t\t\t<\/div>\n\t\t<div class=\"elementor-element elementor-element-902f36a e-flex e-con-boxed e-con e-parent\" data-id=\"902f36a\" data-element_type=\"container\" data-e-type=\"container\">\n\t\t\t\t\t<div class=\"e-con-inner\">\n\t\t<div class=\"elementor-element elementor-element-098c670 e-con-full e-flex e-con e-child\" data-id=\"098c670\" data-element_type=\"container\" data-e-type=\"container\" data-settings=\"{&quot;background_background&quot;:&quot;classic&quot;}\">\n\t\t\t\t<\/div>\n\t\t<div class=\"elementor-element elementor-element-6be789e e-con-full e-flex e-con e-child\" data-id=\"6be789e\" data-element_type=\"container\" data-e-type=\"container\">\n\t\t<div class=\"elementor-element elementor-element-7bbfd03 e-flex e-con-boxed e-con e-child\" data-id=\"7bbfd03\" data-element_type=\"container\" data-e-type=\"container\" data-settings=\"{&quot;background_background&quot;:&quot;classic&quot;}\">\n\t\t\t\t\t<div class=\"e-con-inner\">\n\t\t\t\t<div class=\"elementor-element elementor-element-ef1f89f elementor-widget-divider--view-line elementor-widget elementor-widget-divider\" data-id=\"ef1f89f\" data-element_type=\"widget\" data-e-type=\"widget\" data-widget_type=\"divider.default\">\n\t\t\t\t<div class=\"elementor-widget-container\">\n\t\t\t\t\t\t\t<div class=\"elementor-divider\">\n\t\t\t<span class=\"elementor-divider-separator\">\n\t\t\t\t\t\t<\/span>\n\t\t<\/div>\n\t\t\t\t\t\t<\/div>\n\t\t\t\t<\/div>\n\t\t\t\t<div class=\"elementor-element elementor-element-f716dcc elementor-widget elementor-widget-text-editor\" data-id=\"f716dcc\" data-element_type=\"widget\" data-e-type=\"widget\" data-widget_type=\"text-editor.default\">\n\t\t\t\t<div class=\"elementor-widget-container\">\n\t\t\t\t\t\t\t\t\t<p>Das Museum befindet sich im Herzen der Stadt P\u00e9ronne und am Rande des \u00c9tang du Cam, einer gr\u00fcnen Oase mitten im Geschehen. Die wundersch\u00f6nen G\u00e4rten an den Wassergr\u00e4ben und im Schlosshof wurden von dem Landschaftsarchitekten Peter Donegan entworfen.<\/p>\n\t\t\t\t\t\t\t\t<\/div>\n\t\t\t\t<\/div>\n\t\t\t\t<div class=\"elementor-element elementor-element-f82fd5c elementor-widget-divider--view-line elementor-widget elementor-widget-divider\" data-id=\"f82fd5c\" data-element_type=\"widget\" data-e-type=\"widget\" data-widget_type=\"divider.default\">\n\t\t\t\t<div class=\"elementor-widget-container\">\n\t\t\t\t\t\t\t<div class=\"elementor-divider\">\n\t\t\t<span class=\"elementor-divider-separator\">\n\t\t\t\t\t\t<\/span>\n\t\t<\/div>\n\t\t\t\t\t\t<\/div>\n\t\t\t\t<\/div>\n\t\t\t\t\t<\/div>\n\t\t\t\t<\/div>\n\t\t\t\t<\/div>\n\t\t\t\t\t<\/div>\n\t\t\t\t<\/div>\n\t\t<div class=\"elementor-element elementor-element-4fc8aed e-flex e-con-boxed e-con e-parent\" data-id=\"4fc8aed\" data-element_type=\"container\" data-e-type=\"container\">\n\t\t\t\t\t<div class=\"e-con-inner\">\n\t\t<div class=\"elementor-element elementor-element-4bce837 e-flex e-con-boxed e-con e-child\" data-id=\"4bce837\" data-element_type=\"container\" data-e-type=\"container\">\n\t\t\t\t\t<div class=\"e-con-inner\">\n\t\t<div class=\"elementor-element elementor-element-7232cae e-con-full elementor-hidden-tablet elementor-hidden-mobile e-flex e-con e-child\" data-id=\"7232cae\" data-element_type=\"container\" data-e-type=\"container\">\n\t\t\t\t<\/div>\n\t\t<div class=\"elementor-element elementor-element-23c8ae3 e-con-full e-flex e-con e-child\" data-id=\"23c8ae3\" data-element_type=\"container\" data-e-type=\"container\" data-settings=\"{&quot;background_background&quot;:&quot;classic&quot;}\">\n\t\t\t\t<div class=\"elementor-element elementor-element-109f0c8 elementor-widget elementor-widget-text-editor\" data-id=\"109f0c8\" data-element_type=\"widget\" data-e-type=\"widget\" data-widget_type=\"text-editor.default\">\n\t\t\t\t<div class=\"elementor-widget-container\">\n\t\t\t\t\t\t\t\t\t<h1><a href=\"https:\/\/www.historial.fr\/de\/unsere-museen\/peronne-historisches-museum\/die-ausstellungsrundgaenge\/\"><span style=\"color: #ffffff;\">Entdecken<\/span><\/a><br \/><span style=\"color: #ffffff;\">Sie die Ausstellungsrundg\u00e4nge<\/span><\/h1>\n\t\t\t\t\t\t\t\t<\/div>\n\t\t\t\t<\/div>\n\t\t\t\t<\/div>\n\t\t<div class=\"elementor-element elementor-element-854c8a7 e-con-full e-flex e-con e-child\" data-id=\"854c8a7\" data-element_type=\"container\" data-e-type=\"container\">\n\t\t\t\t<\/div>\n\t\t\t\t\t<\/div>\n\t\t\t\t<\/div>\n\t\t\t\t\t<\/div>\n\t\t\t\t<\/div>\n\t\t\t\t<\/div>\n\t\t","protected":false},"excerpt":{"rendered":"<p>Der Standort und seine Geschichte Das Museum wurde 1992 im Herzen der Schlachtfelder an der Somme er\u00f6ffnet und ist in das Schloss aus dem 13&nbsp; Jahrhundert integriert, ein Wahrzeichen der [&hellip;]<\/p>\n","protected":false},"author":2,"featured_media":0,"parent":3872,"menu_order":0,"comment_status":"closed","ping_status":"closed","template":"","meta":{"_acf_changed":false,"footnotes":""},"class_list":["post-3862","page","type-page","status-publish","hentry"],"acf":[],"yoast_head":"<!-- This site is optimized with the Yoast SEO plugin v27.4 - https:\/\/yoast.com\/product\/yoast-seo-wordpress\/ -->\n<title>Der Standort und seine Geschichte - Historial de la Grande Guerre<\/title>\n<meta name=\"robots\" content=\"index, follow, max-snippet:-1, max-image-preview:large, max-video-preview:-1\" \/>\n<link rel=\"canonical\" href=\"https:\/\/www.historial.fr\/nos-musees\/peronne-musee-dhistoire\/le-site-et-son-histoire\/\" \/>\n<meta property=\"og:locale\" content=\"de_DE\" \/>\n<meta property=\"og:type\" content=\"article\" \/>\n<meta property=\"og:title\" content=\"Der Standort und seine Geschichte - Historial de la Grande Guerre\" \/>\n<meta property=\"og:description\" content=\"Der Standort und seine Geschichte Das Museum wurde 1992 im Herzen der Schlachtfelder an der Somme er\u00f6ffnet und ist in das Schloss aus dem 13&nbsp; Jahrhundert integriert, ein Wahrzeichen der [&hellip;]\" \/>\n<meta property=\"og:url\" content=\"https:\/\/www.historial.fr\/nos-musees\/peronne-musee-dhistoire\/le-site-et-son-histoire\/\" \/>\n<meta property=\"og:site_name\" content=\"Historial de la Grande Guerre\" \/>\n<meta property=\"article:modified_time\" content=\"2024-03-20T09:08:43+00:00\" \/>\n<meta name=\"twitter:card\" content=\"summary_large_image\" \/>\n<meta name=\"twitter:label1\" content=\"Gesch\u00e4tzte Lesezeit\" \/>\n\t<meta name=\"twitter:data1\" content=\"1\u00a0Minute\" \/>\n<script type=\"application\/ld+json\" class=\"yoast-schema-graph\">{\"@context\":\"https:\\\/\\\/schema.org\",\"@graph\":[{\"@type\":\"WebPage\",\"@id\":\"https:\\\/\\\/www.historial.fr\\\/nos-musees\\\/peronne-musee-dhistoire\\\/le-site-et-son-histoire\\\/\",\"url\":\"https:\\\/\\\/www.historial.fr\\\/nos-musees\\\/peronne-musee-dhistoire\\\/le-site-et-son-histoire\\\/\",\"name\":\"Der Standort und seine Geschichte - Historial de la Grande Guerre\",\"isPartOf\":{\"@id\":\"https:\\\/\\\/www.historial.fr\\\/#website\"},\"datePublished\":\"2023-12-07T13:27:09+00:00\",\"dateModified\":\"2024-03-20T09:08:43+00:00\",\"breadcrumb\":{\"@id\":\"https:\\\/\\\/www.historial.fr\\\/nos-musees\\\/peronne-musee-dhistoire\\\/le-site-et-son-histoire\\\/#breadcrumb\"},\"inLanguage\":\"de\",\"potentialAction\":[{\"@type\":\"ReadAction\",\"target\":[\"https:\\\/\\\/www.historial.fr\\\/nos-musees\\\/peronne-musee-dhistoire\\\/le-site-et-son-histoire\\\/\"]}]},{\"@type\":\"BreadcrumbList\",\"@id\":\"https:\\\/\\\/www.historial.fr\\\/nos-musees\\\/peronne-musee-dhistoire\\\/le-site-et-son-histoire\\\/#breadcrumb\",\"itemListElement\":[{\"@type\":\"ListItem\",\"position\":1,\"name\":\"Accueil\",\"item\":\"https:\\\/\\\/www.historial.fr\\\/de\\\/\"},{\"@type\":\"ListItem\",\"position\":2,\"name\":\"Unsere Museen\",\"item\":\"https:\\\/\\\/www.historial.fr\\\/de\\\/unsere-museen\\\/\"},{\"@type\":\"ListItem\",\"position\":3,\"name\":\"P\u00e9ronne: Historisches Museum\",\"item\":\"https:\\\/\\\/www.historial.fr\\\/de\\\/unsere-museen\\\/peronne-historisches-museum\\\/\"},{\"@type\":\"ListItem\",\"position\":4,\"name\":\"Der Standort und seine Geschichte\"}]},{\"@type\":\"WebSite\",\"@id\":\"https:\\\/\\\/www.historial.fr\\\/#website\",\"url\":\"https:\\\/\\\/www.historial.fr\\\/\",\"name\":\"Historial de la Grande Guerre\",\"description\":\"Mus\u00e9e de la Premi\u00e8re Guerre Mondiale\",\"potentialAction\":[{\"@type\":\"SearchAction\",\"target\":{\"@type\":\"EntryPoint\",\"urlTemplate\":\"https:\\\/\\\/www.historial.fr\\\/?s={search_term_string}\"},\"query-input\":{\"@type\":\"PropertyValueSpecification\",\"valueRequired\":true,\"valueName\":\"search_term_string\"}}],\"inLanguage\":\"de\"}]}<\/script>\n<!-- \/ Yoast SEO plugin. -->","yoast_head_json":{"title":"Der Standort und seine Geschichte - Historial de la Grande Guerre","robots":{"index":"index","follow":"follow","max-snippet":"max-snippet:-1","max-image-preview":"max-image-preview:large","max-video-preview":"max-video-preview:-1"},"canonical":"https:\/\/www.historial.fr\/nos-musees\/peronne-musee-dhistoire\/le-site-et-son-histoire\/","og_locale":"de_DE","og_type":"article","og_title":"Der Standort und seine Geschichte - Historial de la Grande Guerre","og_description":"Der Standort und seine Geschichte Das Museum wurde 1992 im Herzen der Schlachtfelder an der Somme er\u00f6ffnet und ist in das Schloss aus dem 13&nbsp; Jahrhundert integriert, ein Wahrzeichen der [&hellip;]","og_url":"https:\/\/www.historial.fr\/nos-musees\/peronne-musee-dhistoire\/le-site-et-son-histoire\/","og_site_name":"Historial de la Grande Guerre","article_modified_time":"2024-03-20T09:08:43+00:00","twitter_card":"summary_large_image","twitter_misc":{"Gesch\u00e4tzte Lesezeit":"1\u00a0Minute"},"schema":{"@context":"https:\/\/schema.org","@graph":[{"@type":"WebPage","@id":"https:\/\/www.historial.fr\/nos-musees\/peronne-musee-dhistoire\/le-site-et-son-histoire\/","url":"https:\/\/www.historial.fr\/nos-musees\/peronne-musee-dhistoire\/le-site-et-son-histoire\/","name":"Der Standort und seine Geschichte - Historial de la Grande Guerre","isPartOf":{"@id":"https:\/\/www.historial.fr\/#website"},"datePublished":"2023-12-07T13:27:09+00:00","dateModified":"2024-03-20T09:08:43+00:00","breadcrumb":{"@id":"https:\/\/www.historial.fr\/nos-musees\/peronne-musee-dhistoire\/le-site-et-son-histoire\/#breadcrumb"},"inLanguage":"de","potentialAction":[{"@type":"ReadAction","target":["https:\/\/www.historial.fr\/nos-musees\/peronne-musee-dhistoire\/le-site-et-son-histoire\/"]}]},{"@type":"BreadcrumbList","@id":"https:\/\/www.historial.fr\/nos-musees\/peronne-musee-dhistoire\/le-site-et-son-histoire\/#breadcrumb","itemListElement":[{"@type":"ListItem","position":1,"name":"Accueil","item":"https:\/\/www.historial.fr\/de\/"},{"@type":"ListItem","position":2,"name":"Unsere Museen","item":"https:\/\/www.historial.fr\/de\/unsere-museen\/"},{"@type":"ListItem","position":3,"name":"P\u00e9ronne: Historisches Museum","item":"https:\/\/www.historial.fr\/de\/unsere-museen\/peronne-historisches-museum\/"},{"@type":"ListItem","position":4,"name":"Der Standort und seine Geschichte"}]},{"@type":"WebSite","@id":"https:\/\/www.historial.fr\/#website","url":"https:\/\/www.historial.fr\/","name":"Historial de la Grande Guerre","description":"Mus\u00e9e de la Premi\u00e8re Guerre Mondiale","potentialAction":[{"@type":"SearchAction","target":{"@type":"EntryPoint","urlTemplate":"https:\/\/www.historial.fr\/?s={search_term_string}"},"query-input":{"@type":"PropertyValueSpecification","valueRequired":true,"valueName":"search_term_string"}}],"inLanguage":"de"}]}},"jetpack_sharing_enabled":true,"_links":{"self":[{"href":"https:\/\/www.historial.fr\/de\/wp-json\/wp\/v2\/pages\/3862","targetHints":{"allow":["GET"]}}],"collection":[{"href":"https:\/\/www.historial.fr\/de\/wp-json\/wp\/v2\/pages"}],"about":[{"href":"https:\/\/www.historial.fr\/de\/wp-json\/wp\/v2\/types\/page"}],"author":[{"embeddable":true,"href":"https:\/\/www.historial.fr\/de\/wp-json\/wp\/v2\/users\/2"}],"replies":[{"embeddable":true,"href":"https:\/\/www.historial.fr\/de\/wp-json\/wp\/v2\/comments?post=3862"}],"version-history":[{"count":3,"href":"https:\/\/www.historial.fr\/de\/wp-json\/wp\/v2\/pages\/3862\/revisions"}],"predecessor-version":[{"id":5738,"href":"https:\/\/www.historial.fr\/de\/wp-json\/wp\/v2\/pages\/3862\/revisions\/5738"}],"up":[{"embeddable":true,"href":"https:\/\/www.historial.fr\/de\/wp-json\/wp\/v2\/pages\/3872"}],"wp:attachment":[{"href":"https:\/\/www.historial.fr\/de\/wp-json\/wp\/v2\/media?parent=3862"}],"curies":[{"name":"wp","href":"https:\/\/api.w.org\/{rel}","templated":true}]}}