{"id":3870,"date":"2023-12-07T13:28:12","date_gmt":"2023-12-07T13:28:12","guid":{"rendered":"https:\/\/www.historial.fr\/unsere-museen\/museum-in-thiepval\/der-standort-und-seine-geschichte\/"},"modified":"2024-03-04T09:25:56","modified_gmt":"2024-03-04T09:25:56","slug":"der-standort-und-seine-geschichte","status":"publish","type":"page","link":"https:\/\/www.historial.fr\/de\/unsere-museen\/museum-in-thiepval\/der-standort-und-seine-geschichte\/","title":{"rendered":"Der Standort und seine Geschichte"},"content":{"rendered":"\t\t<div data-elementor-type=\"wp-page\" data-elementor-id=\"3870\" class=\"elementor elementor-3870 elementor-390\">\n\t\t\t\t<div class=\"elementor-element elementor-element-2e783a1 e-flex e-con-boxed e-con e-parent\" data-id=\"2e783a1\" data-element_type=\"container\" data-e-type=\"container\" data-settings=\"{&quot;background_background&quot;:&quot;classic&quot;}\">\n\t\t\t\t\t<div class=\"e-con-inner\">\n\t\t\t\t<div class=\"elementor-element elementor-element-58ca2ad6 elementor-widget__width-inherit elementor-widget elementor-widget-heading\" data-id=\"58ca2ad6\" data-element_type=\"widget\" data-e-type=\"widget\" data-widget_type=\"heading.default\">\n\t\t\t\t<div class=\"elementor-widget-container\">\n\t\t\t\t\t<h1 class=\"elementor-heading-title elementor-size-default\">Der Standort und seine Geschichte <\/h1>\t\t\t\t<\/div>\n\t\t\t\t<\/div>\n\t\t\t\t\t<\/div>\n\t\t\t\t<\/div>\n\t\t<div class=\"elementor-element elementor-element-8aa39b6 e-flex e-con-boxed e-con e-parent\" data-id=\"8aa39b6\" data-element_type=\"container\" data-e-type=\"container\">\n\t\t\t\t\t<div class=\"e-con-inner\">\n\t\t\t\t<div class=\"elementor-element elementor-element-535f20f elementor-widget elementor-widget-text-editor\" data-id=\"535f20f\" data-element_type=\"widget\" data-e-type=\"widget\" data-widget_type=\"text-editor.default\">\n\t\t\t\t<div class=\"elementor-widget-container\">\n\t\t\t\t\t\t\t\t\t<h3 style=\"font-weight: 400;\">Das Historial empf\u00e4ngt die Besucher seit 2004 in Thiepval, in der N\u00e4he <a href=\"https:\/\/www.cwgc.org\/visit-us\/find-cemeteries-memorials\/cemetery-details\/80800\/thiepval-memorial\/\">der britisch-franz\u00f6sischen<\/a> Gedenkst\u00e4tte, inmitten der Schlachtfelder an der Somme. Zur Einleitung des Besuchs des 2016 er\u00f6ffneten Museums fasst das Besucher- und Interpretationszentrum die Geschichte des Ersten Weltkriegs, der Schlacht an der Somme und die Geschichte der Entstehung der Gedenkst\u00e4tte Thiepval zusammen.<\/h3>\t\t\t\t\t\t\t\t<\/div>\n\t\t\t\t<\/div>\n\t\t\t\t\t<\/div>\n\t\t\t\t<\/div>\n\t\t<div class=\"elementor-element elementor-element-f57c3b6 e-flex e-con-boxed e-con e-parent\" data-id=\"f57c3b6\" data-element_type=\"container\" data-e-type=\"container\">\n\t\t\t\t\t<div class=\"e-con-inner\">\n\t\t<div class=\"elementor-element elementor-element-0ec32e4 e-con-full e-flex e-con e-child\" data-id=\"0ec32e4\" data-element_type=\"container\" data-e-type=\"container\" data-settings=\"{&quot;background_background&quot;:&quot;classic&quot;}\">\n\t\t\t\t<\/div>\n\t\t<div class=\"elementor-element elementor-element-090e43e e-con-full e-flex e-con e-child\" data-id=\"090e43e\" data-element_type=\"container\" data-e-type=\"container\">\n\t\t<div class=\"elementor-element elementor-element-09d7ac1 e-flex e-con-boxed e-con e-child\" data-id=\"09d7ac1\" data-element_type=\"container\" data-e-type=\"container\" data-settings=\"{&quot;background_background&quot;:&quot;classic&quot;}\">\n\t\t\t\t\t<div class=\"e-con-inner\">\n\t\t\t\t<div class=\"elementor-element elementor-element-5191d6a elementor-widget-divider--view-line elementor-widget elementor-widget-divider\" data-id=\"5191d6a\" data-element_type=\"widget\" data-e-type=\"widget\" data-widget_type=\"divider.default\">\n\t\t\t\t<div class=\"elementor-widget-container\">\n\t\t\t\t\t\t\t<div class=\"elementor-divider\">\n\t\t\t<span class=\"elementor-divider-separator\">\n\t\t\t\t\t\t<\/span>\n\t\t<\/div>\n\t\t\t\t\t\t<\/div>\n\t\t\t\t<\/div>\n\t\t\t\t<div class=\"elementor-element elementor-element-fcc5354 elementor-invisible elementor-widget elementor-widget-heading\" data-id=\"fcc5354\" data-element_type=\"widget\" data-e-type=\"widget\" data-settings=\"{&quot;_animation&quot;:&quot;fadeInRight&quot;}\" data-widget_type=\"heading.default\">\n\t\t\t\t<div class=\"elementor-widget-container\">\n\t\t\t\t\t<h1 class=\"elementor-heading-title elementor-size-default\">Das Museum<\/h1>\t\t\t\t<\/div>\n\t\t\t\t<\/div>\n\t\t\t\t<div class=\"elementor-element elementor-element-2681ba6 elementor-widget-divider--view-line elementor-widget elementor-widget-divider\" data-id=\"2681ba6\" data-element_type=\"widget\" data-e-type=\"widget\" data-widget_type=\"divider.default\">\n\t\t\t\t<div class=\"elementor-widget-container\">\n\t\t\t\t\t\t\t<div class=\"elementor-divider\">\n\t\t\t<span class=\"elementor-divider-separator\">\n\t\t\t\t\t\t<\/span>\n\t\t<\/div>\n\t\t\t\t\t\t<\/div>\n\t\t\t\t<\/div>\n\t\t\t\t\t<\/div>\n\t\t\t\t<\/div>\n\t\t\t\t<\/div>\n\t\t\t\t\t<\/div>\n\t\t\t\t<\/div>\n\t\t<div class=\"elementor-element elementor-element-117d5172 e-flex e-con-boxed e-con e-parent\" data-id=\"117d5172\" data-element_type=\"container\" data-e-type=\"container\">\n\t\t\t\t\t<div class=\"e-con-inner\">\n\t\t\t\t<div class=\"elementor-element elementor-element-6784ae36 elementor-widget elementor-widget-text-editor\" data-id=\"6784ae36\" data-element_type=\"widget\" data-e-type=\"widget\" data-widget_type=\"text-editor.default\">\n\t\t\t\t<div class=\"elementor-widget-container\">\n\t\t\t\t\t\t\t\t\t<p>Das am 1<span style=\"font-size: 12px;\">.<\/span>\u00a0Juni 2016 er\u00f6ffnete Museum ist der Geschichte der Schlachten an der Somme, insbesondere der Schlacht von 1916, und dem Gedenken an die vermissten Soldaten gewidmet.<\/p>\t\t\t\t\t\t\t\t<\/div>\n\t\t\t\t<\/div>\n\t\t\t\t\t<\/div>\n\t\t\t\t<\/div>\n\t\t<div class=\"elementor-element elementor-element-8db6522 e-flex e-con-boxed e-con e-parent\" data-id=\"8db6522\" data-element_type=\"container\" data-e-type=\"container\">\n\t\t\t\t\t<div class=\"e-con-inner\">\n\t\t<div class=\"elementor-element elementor-element-486ba7c e-flex e-con-boxed e-con e-child\" data-id=\"486ba7c\" data-element_type=\"container\" data-e-type=\"container\">\n\t\t\t\t\t<div class=\"e-con-inner\">\n\t\t<div class=\"elementor-element elementor-element-e956de5 e-con-full elementor-hidden-tablet elementor-hidden-mobile e-flex e-con e-child\" data-id=\"e956de5\" data-element_type=\"container\" data-e-type=\"container\">\n\t\t\t\t<\/div>\n\t\t<div class=\"elementor-element elementor-element-1479ab6 e-con-full e-flex e-con e-child\" data-id=\"1479ab6\" data-element_type=\"container\" data-e-type=\"container\" data-settings=\"{&quot;background_background&quot;:&quot;classic&quot;}\">\n\t\t\t\t<div class=\"elementor-element elementor-element-34d91d9 elementor-widget elementor-widget-text-editor\" data-id=\"34d91d9\" data-element_type=\"widget\" data-e-type=\"widget\" data-widget_type=\"text-editor.default\">\n\t\t\t\t<div class=\"elementor-widget-container\">\n\t\t\t\t\t\t\t\t\t<h1><a href=\"https:\/\/www.historial.fr\/de\/unsere-museen\/museum-in-thiepval\/ausstellungsrundgang\/\"><span style=\"color: #ffffff;\">Entdecken<\/span><\/a> <span style=\"color: #ffffff;\">Sie den Ausstellungsrundgang<\/span><\/h1>\t\t\t\t\t\t\t\t<\/div>\n\t\t\t\t<\/div>\n\t\t\t\t<\/div>\n\t\t<div class=\"elementor-element elementor-element-ece96b8 e-con-full e-flex e-con e-child\" data-id=\"ece96b8\" data-element_type=\"container\" data-e-type=\"container\">\n\t\t\t\t<\/div>\n\t\t\t\t\t<\/div>\n\t\t\t\t<\/div>\n\t\t\t\t\t<\/div>\n\t\t\t\t<\/div>\n\t\t\t\t<\/div>\n\t\t","protected":false},"excerpt":{"rendered":"<p>Der Standort und seine Geschichte Das Historial empf\u00e4ngt die Besucher seit 2004 in Thiepval, in der N\u00e4he der britisch-franz\u00f6sischen Gedenkst\u00e4tte, inmitten der Schlachtfelder an der Somme. Zur Einleitung des Besuchs [&hellip;]<\/p>\n","protected":false},"author":2,"featured_media":0,"parent":3866,"menu_order":0,"comment_status":"closed","ping_status":"closed","template":"","meta":{"_acf_changed":false,"footnotes":""},"class_list":["post-3870","page","type-page","status-publish","hentry"],"acf":[],"yoast_head":"<!-- This site is optimized with the Yoast SEO plugin v27.4 - https:\/\/yoast.com\/product\/yoast-seo-wordpress\/ -->\n<title>Der Standort und seine Geschichte - Historial de la Grande Guerre<\/title>\n<meta name=\"robots\" content=\"index, follow, max-snippet:-1, max-image-preview:large, max-video-preview:-1\" \/>\n<link rel=\"canonical\" href=\"https:\/\/www.historial.fr\/de\/unsere-museen\/museum-in-thiepval\/der-standort-und-seine-geschichte\/\" \/>\n<meta property=\"og:locale\" content=\"de_DE\" \/>\n<meta property=\"og:type\" content=\"article\" \/>\n<meta property=\"og:title\" content=\"Der Standort und seine Geschichte - Historial de la Grande Guerre\" \/>\n<meta property=\"og:description\" content=\"Der Standort und seine Geschichte Das Historial empf\u00e4ngt die Besucher seit 2004 in Thiepval, in der N\u00e4he der britisch-franz\u00f6sischen Gedenkst\u00e4tte, inmitten der Schlachtfelder an der Somme. Zur Einleitung des Besuchs [&hellip;]\" \/>\n<meta property=\"og:url\" content=\"https:\/\/www.historial.fr\/de\/unsere-museen\/museum-in-thiepval\/der-standort-und-seine-geschichte\/\" \/>\n<meta property=\"og:site_name\" content=\"Historial de la Grande Guerre\" \/>\n<meta property=\"article:modified_time\" content=\"2024-03-04T09:25:56+00:00\" \/>\n<meta name=\"twitter:card\" content=\"summary_large_image\" \/>\n<meta name=\"twitter:label1\" content=\"Gesch\u00e4tzte Lesezeit\" \/>\n\t<meta name=\"twitter:data1\" content=\"1\u00a0Minute\" \/>\n<script type=\"application\/ld+json\" class=\"yoast-schema-graph\">{\"@context\":\"https:\\\/\\\/schema.org\",\"@graph\":[{\"@type\":\"WebPage\",\"@id\":\"https:\\\/\\\/www.historial.fr\\\/de\\\/unsere-museen\\\/museum-in-thiepval\\\/der-standort-und-seine-geschichte\\\/\",\"url\":\"https:\\\/\\\/www.historial.fr\\\/de\\\/unsere-museen\\\/museum-in-thiepval\\\/der-standort-und-seine-geschichte\\\/\",\"name\":\"Der Standort und seine Geschichte - Historial de la Grande Guerre\",\"isPartOf\":{\"@id\":\"https:\\\/\\\/www.historial.fr\\\/#website\"},\"datePublished\":\"2023-12-07T13:28:12+00:00\",\"dateModified\":\"2024-03-04T09:25:56+00:00\",\"breadcrumb\":{\"@id\":\"https:\\\/\\\/www.historial.fr\\\/de\\\/unsere-museen\\\/museum-in-thiepval\\\/der-standort-und-seine-geschichte\\\/#breadcrumb\"},\"inLanguage\":\"de\",\"potentialAction\":[{\"@type\":\"ReadAction\",\"target\":[\"https:\\\/\\\/www.historial.fr\\\/de\\\/unsere-museen\\\/museum-in-thiepval\\\/der-standort-und-seine-geschichte\\\/\"]}]},{\"@type\":\"BreadcrumbList\",\"@id\":\"https:\\\/\\\/www.historial.fr\\\/de\\\/unsere-museen\\\/museum-in-thiepval\\\/der-standort-und-seine-geschichte\\\/#breadcrumb\",\"itemListElement\":[{\"@type\":\"ListItem\",\"position\":1,\"name\":\"Accueil\",\"item\":\"https:\\\/\\\/www.historial.fr\\\/de\\\/\"},{\"@type\":\"ListItem\",\"position\":2,\"name\":\"Unsere Museen\",\"item\":\"https:\\\/\\\/www.historial.fr\\\/de\\\/unsere-museen\\\/\"},{\"@type\":\"ListItem\",\"position\":3,\"name\":\"Museum in Thiepval\",\"item\":\"https:\\\/\\\/www.historial.fr\\\/de\\\/unsere-museen\\\/museum-in-thiepval\\\/\"},{\"@type\":\"ListItem\",\"position\":4,\"name\":\"Der Standort und seine Geschichte\"}]},{\"@type\":\"WebSite\",\"@id\":\"https:\\\/\\\/www.historial.fr\\\/#website\",\"url\":\"https:\\\/\\\/www.historial.fr\\\/\",\"name\":\"Historial de la Grande Guerre\",\"description\":\"Mus\u00e9e de la Premi\u00e8re Guerre Mondiale\",\"potentialAction\":[{\"@type\":\"SearchAction\",\"target\":{\"@type\":\"EntryPoint\",\"urlTemplate\":\"https:\\\/\\\/www.historial.fr\\\/?s={search_term_string}\"},\"query-input\":{\"@type\":\"PropertyValueSpecification\",\"valueRequired\":true,\"valueName\":\"search_term_string\"}}],\"inLanguage\":\"de\"}]}<\/script>\n<!-- \/ Yoast SEO plugin. -->","yoast_head_json":{"title":"Der Standort und seine Geschichte - Historial de la Grande Guerre","robots":{"index":"index","follow":"follow","max-snippet":"max-snippet:-1","max-image-preview":"max-image-preview:large","max-video-preview":"max-video-preview:-1"},"canonical":"https:\/\/www.historial.fr\/de\/unsere-museen\/museum-in-thiepval\/der-standort-und-seine-geschichte\/","og_locale":"de_DE","og_type":"article","og_title":"Der Standort und seine Geschichte - Historial de la Grande Guerre","og_description":"Der Standort und seine Geschichte Das Historial empf\u00e4ngt die Besucher seit 2004 in Thiepval, in der N\u00e4he der britisch-franz\u00f6sischen Gedenkst\u00e4tte, inmitten der Schlachtfelder an der Somme. Zur Einleitung des Besuchs [&hellip;]","og_url":"https:\/\/www.historial.fr\/de\/unsere-museen\/museum-in-thiepval\/der-standort-und-seine-geschichte\/","og_site_name":"Historial de la Grande Guerre","article_modified_time":"2024-03-04T09:25:56+00:00","twitter_card":"summary_large_image","twitter_misc":{"Gesch\u00e4tzte Lesezeit":"1\u00a0Minute"},"schema":{"@context":"https:\/\/schema.org","@graph":[{"@type":"WebPage","@id":"https:\/\/www.historial.fr\/de\/unsere-museen\/museum-in-thiepval\/der-standort-und-seine-geschichte\/","url":"https:\/\/www.historial.fr\/de\/unsere-museen\/museum-in-thiepval\/der-standort-und-seine-geschichte\/","name":"Der Standort und seine Geschichte - Historial de la Grande Guerre","isPartOf":{"@id":"https:\/\/www.historial.fr\/#website"},"datePublished":"2023-12-07T13:28:12+00:00","dateModified":"2024-03-04T09:25:56+00:00","breadcrumb":{"@id":"https:\/\/www.historial.fr\/de\/unsere-museen\/museum-in-thiepval\/der-standort-und-seine-geschichte\/#breadcrumb"},"inLanguage":"de","potentialAction":[{"@type":"ReadAction","target":["https:\/\/www.historial.fr\/de\/unsere-museen\/museum-in-thiepval\/der-standort-und-seine-geschichte\/"]}]},{"@type":"BreadcrumbList","@id":"https:\/\/www.historial.fr\/de\/unsere-museen\/museum-in-thiepval\/der-standort-und-seine-geschichte\/#breadcrumb","itemListElement":[{"@type":"ListItem","position":1,"name":"Accueil","item":"https:\/\/www.historial.fr\/de\/"},{"@type":"ListItem","position":2,"name":"Unsere Museen","item":"https:\/\/www.historial.fr\/de\/unsere-museen\/"},{"@type":"ListItem","position":3,"name":"Museum in Thiepval","item":"https:\/\/www.historial.fr\/de\/unsere-museen\/museum-in-thiepval\/"},{"@type":"ListItem","position":4,"name":"Der Standort und seine Geschichte"}]},{"@type":"WebSite","@id":"https:\/\/www.historial.fr\/#website","url":"https:\/\/www.historial.fr\/","name":"Historial de la Grande Guerre","description":"Mus\u00e9e de la Premi\u00e8re Guerre Mondiale","potentialAction":[{"@type":"SearchAction","target":{"@type":"EntryPoint","urlTemplate":"https:\/\/www.historial.fr\/?s={search_term_string}"},"query-input":{"@type":"PropertyValueSpecification","valueRequired":true,"valueName":"search_term_string"}}],"inLanguage":"de"}]}},"jetpack_sharing_enabled":true,"_links":{"self":[{"href":"https:\/\/www.historial.fr\/de\/wp-json\/wp\/v2\/pages\/3870","targetHints":{"allow":["GET"]}}],"collection":[{"href":"https:\/\/www.historial.fr\/de\/wp-json\/wp\/v2\/pages"}],"about":[{"href":"https:\/\/www.historial.fr\/de\/wp-json\/wp\/v2\/types\/page"}],"author":[{"embeddable":true,"href":"https:\/\/www.historial.fr\/de\/wp-json\/wp\/v2\/users\/2"}],"replies":[{"embeddable":true,"href":"https:\/\/www.historial.fr\/de\/wp-json\/wp\/v2\/comments?post=3870"}],"version-history":[{"count":12,"href":"https:\/\/www.historial.fr\/de\/wp-json\/wp\/v2\/pages\/3870\/revisions"}],"predecessor-version":[{"id":4520,"href":"https:\/\/www.historial.fr\/de\/wp-json\/wp\/v2\/pages\/3870\/revisions\/4520"}],"up":[{"embeddable":true,"href":"https:\/\/www.historial.fr\/de\/wp-json\/wp\/v2\/pages\/3866"}],"wp:attachment":[{"href":"https:\/\/www.historial.fr\/de\/wp-json\/wp\/v2\/media?parent=3870"}],"curies":[{"name":"wp","href":"https:\/\/api.w.org\/{rel}","templated":true}]}}