{"id":3872,"date":"2023-12-07T13:15:41","date_gmt":"2023-12-07T13:15:41","guid":{"rendered":"https:\/\/www.historial.fr\/unsere-museen\/peronne-historisches-museum\/"},"modified":"2024-03-04T07:59:06","modified_gmt":"2024-03-04T07:59:06","slug":"peronne-historisches-museum","status":"publish","type":"page","link":"https:\/\/www.historial.fr\/de\/unsere-museen\/peronne-historisches-museum\/","title":{"rendered":"P\u00e9ronne: Historisches Museum"},"content":{"rendered":"\t\t<div data-elementor-type=\"wp-page\" data-elementor-id=\"3872\" class=\"elementor elementor-3872 elementor-347\">\n\t\t\t\t<div class=\"elementor-element elementor-element-157d2d6 e-flex e-con-boxed e-con e-parent\" data-id=\"157d2d6\" data-element_type=\"container\" data-e-type=\"container\" data-settings=\"{&quot;background_background&quot;:&quot;classic&quot;}\">\n\t\t\t\t\t<div class=\"e-con-inner\">\n\t\t\t\t<div class=\"elementor-element elementor-element-491f25b elementor-widget__width-inherit elementor-widget elementor-widget-heading\" data-id=\"491f25b\" data-element_type=\"widget\" data-e-type=\"widget\" data-widget_type=\"heading.default\">\n\t\t\t\t<div class=\"elementor-widget-container\">\n\t\t\t\t\t<h1 class=\"elementor-heading-title elementor-size-default\">P\u00e9ronne: Historisches Museum<\/h1>\t\t\t\t<\/div>\n\t\t\t\t<\/div>\n\t\t\t\t\t<\/div>\n\t\t\t\t<\/div>\n\t\t<div class=\"elementor-element elementor-element-29dd7f8c e-flex e-con-boxed e-con e-parent\" data-id=\"29dd7f8c\" data-element_type=\"container\" data-e-type=\"container\">\n\t\t\t\t\t<div class=\"e-con-inner\">\n\t\t\t\t<div class=\"elementor-element elementor-element-7a88841 elementor-widget elementor-widget-text-editor\" data-id=\"7a88841\" data-element_type=\"widget\" data-e-type=\"widget\" data-widget_type=\"text-editor.default\">\n\t\t\t\t<div class=\"elementor-widget-container\">\n\t\t\t\t\t\t\t\t\t<h3>Als Referenzmuseum f\u00fcr den Ersten Weltkrieg behandelt das Historial de la Grande Guerre den ersten globalen Konflikt in all seinen Ausma\u00dfen: kulturell, sozial und milit\u00e4risch. Die Perspektiven der drei wichtigsten k\u00e4mpfenden europ\u00e4ischen Nationen (Frankreich, Deutschland, Gro\u00dfbritannien) an der Westfront werden durch die an der Front und im Hinterland erlebten Spuren des Krieges miteinander verbunden.<\/h3>\n\t\t\t\t\t\t\t\t<\/div>\n\t\t\t\t<\/div>\n\t\t\t\t\t<\/div>\n\t\t\t\t<\/div>\n\t\t<div class=\"elementor-element elementor-element-44c3619 e-flex e-con-boxed e-con e-parent\" data-id=\"44c3619\" data-element_type=\"container\" data-e-type=\"container\" data-settings=\"{&quot;background_background&quot;:&quot;classic&quot;}\">\n\t\t\t\t\t<div class=\"e-con-inner\">\n\t\t<div class=\"elementor-element elementor-element-810ebc5 e-flex e-con-boxed e-con e-child\" data-id=\"810ebc5\" data-element_type=\"container\" data-e-type=\"container\">\n\t\t\t\t\t<div class=\"e-con-inner\">\n\t\t<div class=\"elementor-element elementor-element-02bd998 e-con-full e-flex e-con e-child\" data-id=\"02bd998\" data-element_type=\"container\" data-e-type=\"container\" data-settings=\"{&quot;background_background&quot;:&quot;classic&quot;}\">\n\t\t\t\t<\/div>\n\t\t<div class=\"elementor-element elementor-element-d9eedcb e-con-full e-flex e-con e-child\" data-id=\"d9eedcb\" data-element_type=\"container\" data-e-type=\"container\">\n\t\t<div class=\"elementor-element elementor-element-e8e3446 e-flex e-con-boxed e-con e-child\" data-id=\"e8e3446\" data-element_type=\"container\" data-e-type=\"container\" data-settings=\"{&quot;background_background&quot;:&quot;classic&quot;}\">\n\t\t\t\t\t<div class=\"e-con-inner\">\n\t\t\t\t<div class=\"elementor-element elementor-element-9946675 elementor-widget-divider--view-line elementor-widget elementor-widget-divider\" data-id=\"9946675\" data-element_type=\"widget\" data-e-type=\"widget\" data-widget_type=\"divider.default\">\n\t\t\t\t<div class=\"elementor-widget-container\">\n\t\t\t\t\t\t\t<div class=\"elementor-divider\">\n\t\t\t<span class=\"elementor-divider-separator\">\n\t\t\t\t\t\t<\/span>\n\t\t<\/div>\n\t\t\t\t\t\t<\/div>\n\t\t\t\t<\/div>\n\t\t\t\t<div class=\"elementor-element elementor-element-7ee46c1 elementor-invisible elementor-widget elementor-widget-heading\" data-id=\"7ee46c1\" data-element_type=\"widget\" data-e-type=\"widget\" data-settings=\"{&quot;_animation&quot;:&quot;fadeInRight&quot;}\" data-widget_type=\"heading.default\">\n\t\t\t\t<div class=\"elementor-widget-container\">\n\t\t\t\t\t<h1 class=\"elementor-heading-title elementor-size-default\"><a href=\"https:\/\/www.historial.fr\/de\/der-standort-und-seine-geschichte\/\">Die Gedenkst\u00e4tte <\/a><\/h1>\t\t\t\t<\/div>\n\t\t\t\t<\/div>\n\t\t\t\t<div class=\"elementor-element elementor-element-050385c elementor-invisible elementor-widget elementor-widget-heading\" data-id=\"050385c\" data-element_type=\"widget\" data-e-type=\"widget\" data-settings=\"{&quot;_animation&quot;:&quot;fadeInLeft&quot;}\" data-widget_type=\"heading.default\">\n\t\t\t\t<div class=\"elementor-widget-container\">\n\t\t\t\t\t<h1 class=\"elementor-heading-title elementor-size-default\"><a href=\"https:\/\/www.historial.fr\/de\/der-standort-und-seine-geschichte\/\">und ihre Geschichte<\/a><\/h1>\t\t\t\t<\/div>\n\t\t\t\t<\/div>\n\t\t\t\t<div class=\"elementor-element elementor-element-5247245 elementor-widget-divider--view-line elementor-widget elementor-widget-divider\" data-id=\"5247245\" data-element_type=\"widget\" data-e-type=\"widget\" data-widget_type=\"divider.default\">\n\t\t\t\t<div class=\"elementor-widget-container\">\n\t\t\t\t\t\t\t<div class=\"elementor-divider\">\n\t\t\t<span class=\"elementor-divider-separator\">\n\t\t\t\t\t\t<\/span>\n\t\t<\/div>\n\t\t\t\t\t\t<\/div>\n\t\t\t\t<\/div>\n\t\t\t\t\t<\/div>\n\t\t\t\t<\/div>\n\t\t\t\t<\/div>\n\t\t<div class=\"elementor-element elementor-element-f625fab e-con-full e-flex e-con e-child\" data-id=\"f625fab\" data-element_type=\"container\" data-e-type=\"container\">\n\t\t\t\t<div class=\"elementor-element elementor-element-5f5b99c elementor-view-default elementor-widget elementor-widget-icon\" data-id=\"5f5b99c\" data-element_type=\"widget\" data-e-type=\"widget\" data-widget_type=\"icon.default\">\n\t\t\t\t<div class=\"elementor-widget-container\">\n\t\t\t\t\t\t\t<div class=\"elementor-icon-wrapper\">\n\t\t\t<a class=\"elementor-icon\" href=\"https:\/\/www.historial.fr\/de\/der-standort-und-seine-geschichte\/\">\n\t\t\t<svg aria-hidden=\"true\" class=\"e-font-icon-svg e-fas-arrow-right\" viewBox=\"0 0 448 512\" xmlns=\"http:\/\/www.w3.org\/2000\/svg\"><path d=\"M190.5 66.9l22.2-22.2c9.4-9.4 24.6-9.4 33.9 0L441 239c9.4 9.4 9.4 24.6 0 33.9L246.6 467.3c-9.4 9.4-24.6 9.4-33.9 0l-22.2-22.2c-9.5-9.5-9.3-25 .4-34.3L311.4 296H24c-13.3 0-24-10.7-24-24v-32c0-13.3 10.7-24 24-24h287.4L190.9 101.2c-9.8-9.3-10-24.8-.4-34.3z\"><\/path><\/svg>\t\t\t<\/a>\n\t\t<\/div>\n\t\t\t\t\t\t<\/div>\n\t\t\t\t<\/div>\n\t\t\t\t<\/div>\n\t\t\t\t\t<\/div>\n\t\t\t\t<\/div>\n\t\t\t\t\t<\/div>\n\t\t\t\t<\/div>\n\t\t<div class=\"elementor-element elementor-element-e7946dd e-flex e-con-boxed e-con e-parent\" data-id=\"e7946dd\" data-element_type=\"container\" data-e-type=\"container\">\n\t\t\t\t\t<div class=\"e-con-inner\">\n\t\t\t\t<div class=\"elementor-element elementor-element-ae76307 elementor-widget elementor-widget-text-editor\" data-id=\"ae76307\" data-element_type=\"widget\" data-e-type=\"widget\" data-widget_type=\"text-editor.default\">\n\t\t\t\t<div class=\"elementor-widget-container\">\n\t\t\t\t\t\t\t\t\t<p>Zwischen dem Stadtzentrum von P\u00e9ronne und dem \u00c9tang du Cam ist das Historial in einem neomodernen Betongeb\u00e4ude des Architekten Henri-\u00c9douard Ciriani und in R\u00e4umen des mittelalterlichen Schlosses untergebracht.<\/p>\n\t\t\t\t\t\t\t\t<\/div>\n\t\t\t\t<\/div>\n\t\t\t\t\t<\/div>\n\t\t\t\t<\/div>\n\t\t<div class=\"elementor-element elementor-element-738a44a3 e-flex e-con-boxed e-con e-parent\" data-id=\"738a44a3\" data-element_type=\"container\" data-e-type=\"container\">\n\t\t\t\t\t<div class=\"e-con-inner\">\n\t\t<div class=\"elementor-element elementor-element-3c8cdd7 e-con-full e-flex e-con e-child\" data-id=\"3c8cdd7\" data-element_type=\"container\" data-e-type=\"container\">\n\t\t\t\t<div class=\"elementor-element elementor-element-72445d4 elementor-view-default elementor-widget elementor-widget-icon\" data-id=\"72445d4\" data-element_type=\"widget\" data-e-type=\"widget\" data-widget_type=\"icon.default\">\n\t\t\t\t<div class=\"elementor-widget-container\">\n\t\t\t\t\t\t\t<div class=\"elementor-icon-wrapper\">\n\t\t\t<a class=\"elementor-icon\" href=\"https:\/\/www.historial.fr\/de\/die-ausstellungsrundgaenge\/\">\n\t\t\t<svg aria-hidden=\"true\" class=\"e-font-icon-svg e-fas-arrow-left\" viewBox=\"0 0 448 512\" xmlns=\"http:\/\/www.w3.org\/2000\/svg\"><path d=\"M257.5 445.1l-22.2 22.2c-9.4 9.4-24.6 9.4-33.9 0L7 273c-9.4-9.4-9.4-24.6 0-33.9L201.4 44.7c9.4-9.4 24.6-9.4 33.9 0l22.2 22.2c9.5 9.5 9.3 25-.4 34.3L136.6 216H424c13.3 0 24 10.7 24 24v32c0 13.3-10.7 24-24 24H136.6l120.5 114.8c9.8 9.3 10 24.8.4 34.3z\"><\/path><\/svg>\t\t\t<\/a>\n\t\t<\/div>\n\t\t\t\t\t\t<\/div>\n\t\t\t\t<\/div>\n\t\t\t\t<\/div>\n\t\t<div class=\"elementor-element elementor-element-43272935 e-con-full e-flex e-con e-child\" data-id=\"43272935\" data-element_type=\"container\" data-e-type=\"container\">\n\t\t<div class=\"elementor-element elementor-element-4a3c9c1e e-flex e-con-boxed e-con e-child\" data-id=\"4a3c9c1e\" data-element_type=\"container\" data-e-type=\"container\" data-settings=\"{&quot;background_background&quot;:&quot;classic&quot;}\">\n\t\t\t\t\t<div class=\"e-con-inner\">\n\t\t\t\t<div class=\"elementor-element elementor-element-34a3f7bc elementor-widget-divider--view-line elementor-widget elementor-widget-divider\" data-id=\"34a3f7bc\" data-element_type=\"widget\" data-e-type=\"widget\" data-widget_type=\"divider.default\">\n\t\t\t\t<div class=\"elementor-widget-container\">\n\t\t\t\t\t\t\t<div class=\"elementor-divider\">\n\t\t\t<span class=\"elementor-divider-separator\">\n\t\t\t\t\t\t<\/span>\n\t\t<\/div>\n\t\t\t\t\t\t<\/div>\n\t\t\t\t<\/div>\n\t\t\t\t<div class=\"elementor-element elementor-element-4d79e86f elementor-invisible elementor-widget elementor-widget-heading\" data-id=\"4d79e86f\" data-element_type=\"widget\" data-e-type=\"widget\" data-settings=\"{&quot;_animation&quot;:&quot;fadeInRight&quot;}\" data-widget_type=\"heading.default\">\n\t\t\t\t<div class=\"elementor-widget-container\">\n\t\t\t\t\t<h1 class=\"elementor-heading-title elementor-size-default\"><a href=\"https:\/\/www.historial.fr\/de\/die-ausstellungsrundgaenge\/\">Ausstellungsrundg\u00e4nge<\/a><\/h1>\t\t\t\t<\/div>\n\t\t\t\t<\/div>\n\t\t\t\t<div class=\"elementor-element elementor-element-71ce8afc elementor-widget-divider--view-line elementor-widget elementor-widget-divider\" data-id=\"71ce8afc\" data-element_type=\"widget\" data-e-type=\"widget\" data-widget_type=\"divider.default\">\n\t\t\t\t<div class=\"elementor-widget-container\">\n\t\t\t\t\t\t\t<div class=\"elementor-divider\">\n\t\t\t<span class=\"elementor-divider-separator\">\n\t\t\t\t\t\t<\/span>\n\t\t<\/div>\n\t\t\t\t\t\t<\/div>\n\t\t\t\t<\/div>\n\t\t\t\t\t<\/div>\n\t\t\t\t<\/div>\n\t\t\t\t<\/div>\n\t\t<div class=\"elementor-element elementor-element-7ff60d82 e-con-full e-flex e-con e-child\" data-id=\"7ff60d82\" data-element_type=\"container\" data-e-type=\"container\" data-settings=\"{&quot;background_background&quot;:&quot;classic&quot;}\">\n\t\t\t\t<\/div>\n\t\t\t\t\t<\/div>\n\t\t\t\t<\/div>\n\t\t<div class=\"elementor-element elementor-element-9a9c9b6 e-flex e-con-boxed e-con e-parent\" data-id=\"9a9c9b6\" data-element_type=\"container\" data-e-type=\"container\">\n\t\t\t\t\t<div class=\"e-con-inner\">\n\t\t\t\t<div class=\"elementor-element elementor-element-4e6bb76 elementor-widget elementor-widget-text-editor\" data-id=\"4e6bb76\" data-element_type=\"widget\" data-e-type=\"widget\" data-widget_type=\"text-editor.default\">\n\t\t\t\t<div class=\"elementor-widget-container\">\n\t\t\t\t\t\t\t\t\t<p>Im Schlossbereich steht in den Salles des Gardes die lokale Geschichte im Mittelpunkt: die Geschichte des Schlosses von P\u00e9ronne und der Region, sowie die Geschichte der Schlacht um den Mont-Saint-Quentin.<br \/><span style=\"color: var( --e-global-color-text ); font-family: var( --e-global-typography-text-font-family ), Sans-serif; font-weight: var( --e-global-typography-text-font-weight ); font-size: 1rem;\">Das moderne Geb\u00e4ude umfasst 5 R\u00e4ume f\u00fcr die Dauerausstellung und 2 audiovisuelle R\u00e4ume, die den Rundgang durch den Gro\u00dfen Krieg bilden und den gesamten Konflikt von seinen Urspr\u00fcngen bis zu seinen Folgen behandeln.<\/span><\/p>\n\t\t\t\t\t\t\t\t<\/div>\n\t\t\t\t<\/div>\n\t\t\t\t\t<\/div>\n\t\t\t\t<\/div>\n\t\t<div class=\"elementor-element elementor-element-74853a2d e-flex e-con-boxed e-con e-parent\" data-id=\"74853a2d\" data-element_type=\"container\" data-e-type=\"container\" data-settings=\"{&quot;background_background&quot;:&quot;classic&quot;}\">\n\t\t\t\t\t<div class=\"e-con-inner\">\n\t\t\t\t<div class=\"elementor-element elementor-element-46966b04 elementor-align-center elementor-widget elementor-widget-button\" data-id=\"46966b04\" data-element_type=\"widget\" data-e-type=\"widget\" data-widget_type=\"button.default\">\n\t\t\t\t<div class=\"elementor-widget-container\">\n\t\t\t\t\t\t\t\t\t<div class=\"elementor-button-wrapper\">\n\t\t\t\t\t<a class=\"elementor-button elementor-button-link elementor-size-xl\" href=\"https:\/\/www.historial.fr\/de\/visites-et-activites\/\">\n\t\t\t\t\t\t<span class=\"elementor-button-content-wrapper\">\n\t\t\t\t\t\t\t\t\t<span class=\"elementor-button-text\">Bereiten Sie Ihren Besuch vor<\/span>\n\t\t\t\t\t<\/span>\n\t\t\t\t\t<\/a>\n\t\t\t\t<\/div>\n\t\t\t\t\t\t\t\t<\/div>\n\t\t\t\t<\/div>\n\t\t<div class=\"elementor-element elementor-element-c53d75e e-con-full e-flex e-con e-child\" data-id=\"c53d75e\" data-element_type=\"container\" data-e-type=\"container\" data-settings=\"{&quot;background_background&quot;:&quot;classic&quot;}\">\n\t\t\t\t<div class=\"elementor-element elementor-element-d63803b elementor-widget elementor-widget-text-editor\" data-id=\"d63803b\" data-element_type=\"widget\" data-e-type=\"widget\" data-widget_type=\"text-editor.default\">\n\t\t\t\t<div class=\"elementor-widget-container\">\n\t\t\t\t\t\t\t\t\t<h1><a href=\"https:\/\/www.historial.fr\/de\/unsere-museen\/museum-in-thiepval\/\"><span style=\"color: #ffffff;\">Entdecken<\/span><\/a><br \/><span style=\"color: #ffffff;\">Sie das Museum in Thiepval<\/span><\/h1>\t\t\t\t\t\t\t\t<\/div>\n\t\t\t\t<\/div>\n\t\t\t\t<\/div>\n\t\t\t\t\t<\/div>\n\t\t\t\t<\/div>\n\t\t\t\t<\/div>\n\t\t","protected":false},"excerpt":{"rendered":"<p>P\u00e9ronne: Historisches Museum Als Referenzmuseum f\u00fcr den Ersten Weltkrieg behandelt das Historial de la Grande Guerre den ersten globalen Konflikt in all seinen Ausma\u00dfen: kulturell, sozial und milit\u00e4risch. Die Perspektiven [&hellip;]<\/p>\n","protected":false},"author":2,"featured_media":0,"parent":3860,"menu_order":0,"comment_status":"closed","ping_status":"closed","template":"","meta":{"_acf_changed":false,"footnotes":""},"class_list":["post-3872","page","type-page","status-publish","hentry"],"acf":[],"yoast_head":"<!-- This site is optimized with the Yoast SEO plugin v27.4 - https:\/\/yoast.com\/product\/yoast-seo-wordpress\/ -->\n<title>P\u00e9ronne: Historisches Museum - Historial de la Grande Guerre<\/title>\n<meta name=\"robots\" content=\"index, follow, max-snippet:-1, max-image-preview:large, max-video-preview:-1\" \/>\n<link rel=\"canonical\" href=\"https:\/\/www.historial.fr\/de\/unsere-museen\/peronne-historisches-museum\/\" \/>\n<meta property=\"og:locale\" content=\"de_DE\" \/>\n<meta property=\"og:type\" content=\"article\" \/>\n<meta property=\"og:title\" content=\"P\u00e9ronne: Historisches Museum - Historial de la Grande Guerre\" \/>\n<meta property=\"og:description\" content=\"P\u00e9ronne: Historisches Museum Als Referenzmuseum f\u00fcr den Ersten Weltkrieg behandelt das Historial de la Grande Guerre den ersten globalen Konflikt in all seinen Ausma\u00dfen: kulturell, sozial und milit\u00e4risch. Die Perspektiven [&hellip;]\" \/>\n<meta property=\"og:url\" content=\"https:\/\/www.historial.fr\/de\/unsere-museen\/peronne-historisches-museum\/\" \/>\n<meta property=\"og:site_name\" content=\"Historial de la Grande Guerre\" \/>\n<meta property=\"article:modified_time\" content=\"2024-03-04T07:59:06+00:00\" \/>\n<meta name=\"twitter:card\" content=\"summary_large_image\" \/>\n<meta name=\"twitter:label1\" content=\"Gesch\u00e4tzte Lesezeit\" \/>\n\t<meta name=\"twitter:data1\" content=\"1\u00a0Minute\" \/>\n<script type=\"application\/ld+json\" class=\"yoast-schema-graph\">{\"@context\":\"https:\\\/\\\/schema.org\",\"@graph\":[{\"@type\":\"WebPage\",\"@id\":\"https:\\\/\\\/www.historial.fr\\\/de\\\/unsere-museen\\\/peronne-historisches-museum\\\/\",\"url\":\"https:\\\/\\\/www.historial.fr\\\/de\\\/unsere-museen\\\/peronne-historisches-museum\\\/\",\"name\":\"P\u00e9ronne: Historisches Museum - Historial de la Grande Guerre\",\"isPartOf\":{\"@id\":\"https:\\\/\\\/www.historial.fr\\\/#website\"},\"datePublished\":\"2023-12-07T13:15:41+00:00\",\"dateModified\":\"2024-03-04T07:59:06+00:00\",\"breadcrumb\":{\"@id\":\"https:\\\/\\\/www.historial.fr\\\/de\\\/unsere-museen\\\/peronne-historisches-museum\\\/#breadcrumb\"},\"inLanguage\":\"de\",\"potentialAction\":[{\"@type\":\"ReadAction\",\"target\":[\"https:\\\/\\\/www.historial.fr\\\/de\\\/unsere-museen\\\/peronne-historisches-museum\\\/\"]}]},{\"@type\":\"BreadcrumbList\",\"@id\":\"https:\\\/\\\/www.historial.fr\\\/de\\\/unsere-museen\\\/peronne-historisches-museum\\\/#breadcrumb\",\"itemListElement\":[{\"@type\":\"ListItem\",\"position\":1,\"name\":\"Accueil\",\"item\":\"https:\\\/\\\/www.historial.fr\\\/de\\\/\"},{\"@type\":\"ListItem\",\"position\":2,\"name\":\"Unsere Museen\",\"item\":\"https:\\\/\\\/www.historial.fr\\\/de\\\/unsere-museen\\\/\"},{\"@type\":\"ListItem\",\"position\":3,\"name\":\"P\u00e9ronne: Historisches Museum\"}]},{\"@type\":\"WebSite\",\"@id\":\"https:\\\/\\\/www.historial.fr\\\/#website\",\"url\":\"https:\\\/\\\/www.historial.fr\\\/\",\"name\":\"Historial de la Grande Guerre\",\"description\":\"Mus\u00e9e de la Premi\u00e8re Guerre Mondiale\",\"potentialAction\":[{\"@type\":\"SearchAction\",\"target\":{\"@type\":\"EntryPoint\",\"urlTemplate\":\"https:\\\/\\\/www.historial.fr\\\/?s={search_term_string}\"},\"query-input\":{\"@type\":\"PropertyValueSpecification\",\"valueRequired\":true,\"valueName\":\"search_term_string\"}}],\"inLanguage\":\"de\"}]}<\/script>\n<!-- \/ Yoast SEO plugin. -->","yoast_head_json":{"title":"P\u00e9ronne: Historisches Museum - Historial de la Grande Guerre","robots":{"index":"index","follow":"follow","max-snippet":"max-snippet:-1","max-image-preview":"max-image-preview:large","max-video-preview":"max-video-preview:-1"},"canonical":"https:\/\/www.historial.fr\/de\/unsere-museen\/peronne-historisches-museum\/","og_locale":"de_DE","og_type":"article","og_title":"P\u00e9ronne: Historisches Museum - Historial de la Grande Guerre","og_description":"P\u00e9ronne: Historisches Museum Als Referenzmuseum f\u00fcr den Ersten Weltkrieg behandelt das Historial de la Grande Guerre den ersten globalen Konflikt in all seinen Ausma\u00dfen: kulturell, sozial und milit\u00e4risch. Die Perspektiven [&hellip;]","og_url":"https:\/\/www.historial.fr\/de\/unsere-museen\/peronne-historisches-museum\/","og_site_name":"Historial de la Grande Guerre","article_modified_time":"2024-03-04T07:59:06+00:00","twitter_card":"summary_large_image","twitter_misc":{"Gesch\u00e4tzte Lesezeit":"1\u00a0Minute"},"schema":{"@context":"https:\/\/schema.org","@graph":[{"@type":"WebPage","@id":"https:\/\/www.historial.fr\/de\/unsere-museen\/peronne-historisches-museum\/","url":"https:\/\/www.historial.fr\/de\/unsere-museen\/peronne-historisches-museum\/","name":"P\u00e9ronne: Historisches Museum - Historial de la Grande Guerre","isPartOf":{"@id":"https:\/\/www.historial.fr\/#website"},"datePublished":"2023-12-07T13:15:41+00:00","dateModified":"2024-03-04T07:59:06+00:00","breadcrumb":{"@id":"https:\/\/www.historial.fr\/de\/unsere-museen\/peronne-historisches-museum\/#breadcrumb"},"inLanguage":"de","potentialAction":[{"@type":"ReadAction","target":["https:\/\/www.historial.fr\/de\/unsere-museen\/peronne-historisches-museum\/"]}]},{"@type":"BreadcrumbList","@id":"https:\/\/www.historial.fr\/de\/unsere-museen\/peronne-historisches-museum\/#breadcrumb","itemListElement":[{"@type":"ListItem","position":1,"name":"Accueil","item":"https:\/\/www.historial.fr\/de\/"},{"@type":"ListItem","position":2,"name":"Unsere Museen","item":"https:\/\/www.historial.fr\/de\/unsere-museen\/"},{"@type":"ListItem","position":3,"name":"P\u00e9ronne: Historisches Museum"}]},{"@type":"WebSite","@id":"https:\/\/www.historial.fr\/#website","url":"https:\/\/www.historial.fr\/","name":"Historial de la Grande Guerre","description":"Mus\u00e9e de la Premi\u00e8re Guerre Mondiale","potentialAction":[{"@type":"SearchAction","target":{"@type":"EntryPoint","urlTemplate":"https:\/\/www.historial.fr\/?s={search_term_string}"},"query-input":{"@type":"PropertyValueSpecification","valueRequired":true,"valueName":"search_term_string"}}],"inLanguage":"de"}]}},"jetpack_sharing_enabled":true,"_links":{"self":[{"href":"https:\/\/www.historial.fr\/de\/wp-json\/wp\/v2\/pages\/3872","targetHints":{"allow":["GET"]}}],"collection":[{"href":"https:\/\/www.historial.fr\/de\/wp-json\/wp\/v2\/pages"}],"about":[{"href":"https:\/\/www.historial.fr\/de\/wp-json\/wp\/v2\/types\/page"}],"author":[{"embeddable":true,"href":"https:\/\/www.historial.fr\/de\/wp-json\/wp\/v2\/users\/2"}],"replies":[{"embeddable":true,"href":"https:\/\/www.historial.fr\/de\/wp-json\/wp\/v2\/comments?post=3872"}],"version-history":[{"count":7,"href":"https:\/\/www.historial.fr\/de\/wp-json\/wp\/v2\/pages\/3872\/revisions"}],"predecessor-version":[{"id":4497,"href":"https:\/\/www.historial.fr\/de\/wp-json\/wp\/v2\/pages\/3872\/revisions\/4497"}],"up":[{"embeddable":true,"href":"https:\/\/www.historial.fr\/de\/wp-json\/wp\/v2\/pages\/3860"}],"wp:attachment":[{"href":"https:\/\/www.historial.fr\/de\/wp-json\/wp\/v2\/media?parent=3872"}],"curies":[{"name":"wp","href":"https:\/\/api.w.org\/{rel}","templated":true}]}}