{"id":3876,"date":"2023-12-07T13:21:30","date_gmt":"2023-12-07T13:21:30","guid":{"rendered":"https:\/\/www.historial.fr\/oeffnungszeiten-preise-anfahrt\/unsere-museumsshops\/"},"modified":"2024-11-08T09:20:19","modified_gmt":"2024-11-08T09:20:19","slug":"unsere-museumsshops","status":"publish","type":"page","link":"https:\/\/www.historial.fr\/de\/oeffnungszeiten-preise-anfahrt\/unsere-museumsshops\/","title":{"rendered":"Unsere Museumsshops"},"content":{"rendered":"\t\t<div data-elementor-type=\"wp-page\" data-elementor-id=\"3876\" class=\"elementor elementor-3876 elementor-367\">\n\t\t\t\t<div class=\"elementor-element elementor-element-62c1fdb7 e-flex e-con-boxed e-con e-parent\" data-id=\"62c1fdb7\" data-element_type=\"container\" data-e-type=\"container\" data-settings=\"{&quot;background_background&quot;:&quot;classic&quot;}\">\n\t\t\t\t\t<div class=\"e-con-inner\">\n\t\t\t\t<div class=\"elementor-element elementor-element-20f367f2 elementor-widget__width-inherit elementor-widget elementor-widget-heading\" data-id=\"20f367f2\" data-element_type=\"widget\" data-e-type=\"widget\" data-widget_type=\"heading.default\">\n\t\t\t\t<div class=\"elementor-widget-container\">\n\t\t\t\t\t<h1 class=\"elementor-heading-title elementor-size-default\">Unsere Museumsshops <\/h1>\t\t\t\t<\/div>\n\t\t\t\t<\/div>\n\t\t\t\t\t<\/div>\n\t\t\t\t<\/div>\n\t\t<div class=\"elementor-element elementor-element-6ce082ac e-flex e-con-boxed e-con e-parent\" data-id=\"6ce082ac\" data-element_type=\"container\" data-e-type=\"container\">\n\t\t\t\t\t<div class=\"e-con-inner\">\n\t\t\t\t<div class=\"elementor-element elementor-element-22fed27 elementor-widget elementor-widget-text-editor\" data-id=\"22fed27\" data-element_type=\"widget\" data-e-type=\"widget\" data-widget_type=\"text-editor.default\">\n\t\t\t\t<div class=\"elementor-widget-container\">\n\t\t\t\t\t\t\t\t\t<h3><span style=\"color: #ff0000;\">Achtung, in P\u00e9ronne ist der Laden am 1. Dezember um 17 Uhr geschlossen.<\/span><\/h3><h3>In unseren Shops finden Sie eine gro\u00dfe Auswahl an literarischen, historischen, k\u00fcnstlerischen und milit\u00e4rischen Werken \u00fcber den Ersten Weltkrieg, darunter Erz\u00e4hlungen, Briefe, Gedichte und Romane von Soldaten oder Zeitgenossen, <br \/>sowie vom Historial de la Grande Guerre und den Historikern des Centre international de Recherche ver\u00f6ffentlichte Werke.<\/h3>\t\t\t\t\t\t\t\t<\/div>\n\t\t\t\t<\/div>\n\t\t\t\t\t<\/div>\n\t\t\t\t<\/div>\n\t\t<div class=\"elementor-element elementor-element-ea7ee2b e-flex e-con-boxed e-con e-parent\" data-id=\"ea7ee2b\" data-element_type=\"container\" data-e-type=\"container\">\n\t\t\t\t\t<div class=\"e-con-inner\">\n\t\t\t\t<div class=\"elementor-element elementor-element-7489a6eb elementor-widget elementor-widget-text-editor\" data-id=\"7489a6eb\" data-element_type=\"widget\" data-e-type=\"widget\" data-widget_type=\"text-editor.default\">\n\t\t\t\t<div class=\"elementor-widget-container\">\n\t\t\t\t\t\t\t\t\t<p>In P\u00e9ronne sind ausgew\u00e4hlte Werke auch auf Englisch und Deutsch erh\u00e4ltlich. In Thiepval h\u00e4lt der Shop eine gro\u00dfe Auswahl an B\u00fcchern auf Englisch, Franz\u00f6sisch und Niederl\u00e4ndisch f\u00fcr Sie bereit.<\/p>\n<p>Bringen Sie ein Souvenir von Ihrem Besuch mit nach Hause! Es sind auch zahlreiche Gegenst\u00e4nde erh\u00e4ltlich, die mit dem Ersten Weltkrieg und unseren St\u00e4tten in Verbindung stehen, darunter Poster, Touristenkarten, Postkarten, Zeitschriften, Medaillen, Textilien, Kugelschreiber, Schl\u00fcsselanh\u00e4nger und vieles mehr.<\/p>\n\t\t\t\t\t\t\t\t<\/div>\n\t\t\t\t<\/div>\n\t\t\t\t\t<\/div>\n\t\t\t\t<\/div>\n\t\t<div class=\"elementor-element elementor-element-1f8a3fbb e-flex e-con-boxed e-con e-parent\" data-id=\"1f8a3fbb\" data-element_type=\"container\" data-e-type=\"container\">\n\t\t\t\t\t<div class=\"e-con-inner\">\n\t\t<div class=\"elementor-element elementor-element-53763b62 e-con-full e-flex e-con e-child\" data-id=\"53763b62\" data-element_type=\"container\" data-e-type=\"container\" data-settings=\"{&quot;background_background&quot;:&quot;classic&quot;}\">\n\t\t\t\t<\/div>\n\t\t<div class=\"elementor-element elementor-element-6c7da193 e-con-full e-flex e-con e-child\" data-id=\"6c7da193\" data-element_type=\"container\" data-e-type=\"container\">\n\t\t<div class=\"elementor-element elementor-element-7f5a9788 e-flex e-con-boxed e-con e-child\" data-id=\"7f5a9788\" data-element_type=\"container\" data-e-type=\"container\" data-settings=\"{&quot;background_background&quot;:&quot;classic&quot;}\">\n\t\t\t\t\t<div class=\"e-con-inner\">\n\t\t\t\t<div class=\"elementor-element elementor-element-5e5f0f7b elementor-widget-divider--view-line elementor-widget elementor-widget-divider\" data-id=\"5e5f0f7b\" data-element_type=\"widget\" data-e-type=\"widget\" data-widget_type=\"divider.default\">\n\t\t\t\t<div class=\"elementor-widget-container\">\n\t\t\t\t\t\t\t<div class=\"elementor-divider\">\n\t\t\t<span class=\"elementor-divider-separator\">\n\t\t\t\t\t\t<\/span>\n\t\t<\/div>\n\t\t\t\t\t\t<\/div>\n\t\t\t\t<\/div>\n\t\t\t\t<div class=\"elementor-element elementor-element-37bab86 elementor-invisible elementor-widget elementor-widget-heading\" data-id=\"37bab86\" data-element_type=\"widget\" data-e-type=\"widget\" data-settings=\"{&quot;_animation&quot;:&quot;fadeInRight&quot;}\" data-widget_type=\"heading.default\">\n\t\t\t\t<div class=\"elementor-widget-container\">\n\t\t\t\t\t<h1 class=\"elementor-heading-title elementor-size-default\">Ein besonderer Bereich <\/h1>\t\t\t\t<\/div>\n\t\t\t\t<\/div>\n\t\t\t\t<div class=\"elementor-element elementor-element-5f20a20b elementor-invisible elementor-widget elementor-widget-heading\" data-id=\"5f20a20b\" data-element_type=\"widget\" data-e-type=\"widget\" data-settings=\"{&quot;_animation&quot;:&quot;fadeInLeft&quot;}\" data-widget_type=\"heading.default\">\n\t\t\t\t<div class=\"elementor-widget-container\">\n\t\t\t\t\t<h1 class=\"elementor-heading-title elementor-size-default\">f\u00fcr das junge Publikum<\/h1>\t\t\t\t<\/div>\n\t\t\t\t<\/div>\n\t\t\t\t<div class=\"elementor-element elementor-element-14db0b14 elementor-widget-divider--view-line elementor-widget elementor-widget-divider\" data-id=\"14db0b14\" data-element_type=\"widget\" data-e-type=\"widget\" data-widget_type=\"divider.default\">\n\t\t\t\t<div class=\"elementor-widget-container\">\n\t\t\t\t\t\t\t<div class=\"elementor-divider\">\n\t\t\t<span class=\"elementor-divider-separator\">\n\t\t\t\t\t\t<\/span>\n\t\t<\/div>\n\t\t\t\t\t\t<\/div>\n\t\t\t\t<\/div>\n\t\t\t\t\t<\/div>\n\t\t\t\t<\/div>\n\t\t\t\t<\/div>\n\t\t\t\t\t<\/div>\n\t\t\t\t<\/div>\n\t\t<div class=\"elementor-element elementor-element-fc85dca e-flex e-con-boxed e-con e-parent\" data-id=\"fc85dca\" data-element_type=\"container\" data-e-type=\"container\">\n\t\t\t\t\t<div class=\"e-con-inner\">\n\t\t\t\t<div class=\"elementor-element elementor-element-e3ef591 elementor-widget elementor-widget-text-editor\" data-id=\"e3ef591\" data-element_type=\"widget\" data-e-type=\"widget\" data-widget_type=\"text-editor.default\">\n\t\t\t\t<div class=\"elementor-widget-container\">\n\t\t\t\t\t\t\t\t\tIn den Shops gibt es einen Bereich f\u00fcr Jugendliteratur mit einer gro\u00dfen Auswahl an Romanen, Comics und Themenb\u00fcchern.\n<p style=\"font-weight: 400;\">Eine gro\u00dfe Auswahl an Arbeitsheften und Spielen zum Thema Gro\u00dfer Krieg, die f\u00fcr alle Altersgruppen geeignet sind, wird ebenfalls angeboten: Trivial Pursuit Gro\u00dfer Krieg, Monopoly 14-18, G\u00e4nsespiel, Memory und viele andere.\nEs gibt auch eine gro\u00dfe Auswahl an Kost\u00fcmen und Accessoires in P\u00e9ronne: Helme, Kost\u00fcme, Schmuck, mittelalterliche Accessoires, die daran erinnern, dass sich das Museum in einem Schloss aus dem 13<sup>.<\/sup> Jahrhundert befindet.<\/p>\t\t\t\t\t\t\t\t<\/div>\n\t\t\t\t<\/div>\n\t\t\t\t\t<\/div>\n\t\t\t\t<\/div>\n\t\t<div class=\"elementor-element elementor-element-293976cf e-flex e-con-boxed e-con e-parent\" data-id=\"293976cf\" data-element_type=\"container\" data-e-type=\"container\">\n\t\t\t\t\t<div class=\"e-con-inner\">\n\t\t<div class=\"elementor-element elementor-element-6cd7f7c3 e-con-full e-flex e-con e-child\" data-id=\"6cd7f7c3\" data-element_type=\"container\" data-e-type=\"container\">\n\t\t<div class=\"elementor-element elementor-element-51e37585 e-flex e-con-boxed e-con e-child\" data-id=\"51e37585\" data-element_type=\"container\" data-e-type=\"container\" data-settings=\"{&quot;background_background&quot;:&quot;classic&quot;}\">\n\t\t\t\t\t<div class=\"e-con-inner\">\n\t\t\t\t<div class=\"elementor-element elementor-element-7711a7f7 elementor-widget-divider--view-line elementor-widget elementor-widget-divider\" data-id=\"7711a7f7\" data-element_type=\"widget\" data-e-type=\"widget\" data-widget_type=\"divider.default\">\n\t\t\t\t<div class=\"elementor-widget-container\">\n\t\t\t\t\t\t\t<div class=\"elementor-divider\">\n\t\t\t<span class=\"elementor-divider-separator\">\n\t\t\t\t\t\t<\/span>\n\t\t<\/div>\n\t\t\t\t\t\t<\/div>\n\t\t\t\t<\/div>\n\t\t\t\t<div class=\"elementor-element elementor-element-2e0dfa07 elementor-invisible elementor-widget elementor-widget-heading\" data-id=\"2e0dfa07\" data-element_type=\"widget\" data-e-type=\"widget\" data-settings=\"{&quot;_animation&quot;:&quot;fadeInRight&quot;}\" data-widget_type=\"heading.default\">\n\t\t\t\t<div class=\"elementor-widget-container\">\n\t\t\t\t\t<h1 class=\"elementor-heading-title elementor-size-default\">Lokales Kunsthandwerk<\/h1>\t\t\t\t<\/div>\n\t\t\t\t<\/div>\n\t\t\t\t<div class=\"elementor-element elementor-element-45c545d3 elementor-invisible elementor-widget elementor-widget-heading\" data-id=\"45c545d3\" data-element_type=\"widget\" data-e-type=\"widget\" data-settings=\"{&quot;_animation&quot;:&quot;fadeInLeft&quot;}\" data-widget_type=\"heading.default\">\n\t\t\t\t<div class=\"elementor-widget-container\">\n\t\t\t\t\t<h1 class=\"elementor-heading-title elementor-size-default\">im Vordergrund<\/h1>\t\t\t\t<\/div>\n\t\t\t\t<\/div>\n\t\t\t\t<div class=\"elementor-element elementor-element-3feeeb79 elementor-widget-divider--view-line elementor-widget elementor-widget-divider\" data-id=\"3feeeb79\" data-element_type=\"widget\" data-e-type=\"widget\" data-widget_type=\"divider.default\">\n\t\t\t\t<div class=\"elementor-widget-container\">\n\t\t\t\t\t\t\t<div class=\"elementor-divider\">\n\t\t\t<span class=\"elementor-divider-separator\">\n\t\t\t\t\t\t<\/span>\n\t\t<\/div>\n\t\t\t\t\t\t<\/div>\n\t\t\t\t<\/div>\n\t\t\t\t\t<\/div>\n\t\t\t\t<\/div>\n\t\t\t\t<\/div>\n\t\t<div class=\"elementor-element elementor-element-2a184d8d e-con-full e-flex e-con e-child\" data-id=\"2a184d8d\" data-element_type=\"container\" data-e-type=\"container\" data-settings=\"{&quot;background_background&quot;:&quot;classic&quot;}\">\n\t\t\t\t<\/div>\n\t\t\t\t\t<\/div>\n\t\t\t\t<\/div>\n\t\t<div class=\"elementor-element elementor-element-49c31052 e-flex e-con-boxed e-con e-parent\" data-id=\"49c31052\" data-element_type=\"container\" data-e-type=\"container\">\n\t\t\t\t\t<div class=\"e-con-inner\">\n\t\t\t\t<div class=\"elementor-element elementor-element-93e7f99 elementor-widget elementor-widget-text-editor\" data-id=\"93e7f99\" data-element_type=\"widget\" data-e-type=\"widget\" data-widget_type=\"text-editor.default\">\n\t\t\t\t<div class=\"elementor-widget-container\">\n\t\t\t\t\t\t\t\t\t<p>In unseren Shops sind zahlreiche handgemachte Produkte erh\u00e4ltlich: Gem\u00e4lde, handgefertigter Schmuck, Gipsb\u00fcsten, Textilien und in P\u00e9ronne auch Produkte f\u00fcr Feinschmecker, da mehrere lokale Landwirte oder H\u00e4ndler vor Ort sind.<\/p>\n\t\t\t\t\t\t\t\t<\/div>\n\t\t\t\t<\/div>\n\t\t\t\t\t<\/div>\n\t\t\t\t<\/div>\n\t\t<div class=\"elementor-element elementor-element-10aacb8 e-flex e-con-boxed e-con e-parent\" data-id=\"10aacb8\" data-element_type=\"container\" data-e-type=\"container\">\n\t\t\t\t\t<div class=\"e-con-inner\">\n\t\t\t\t<div class=\"elementor-element elementor-element-0cf00d0 elementor-widget elementor-widget-text-editor\" data-id=\"0cf00d0\" data-element_type=\"widget\" data-e-type=\"widget\" data-widget_type=\"text-editor.default\">\n\t\t\t\t<div class=\"elementor-widget-container\">\n\t\t\t\t\t\t\t\t\t<h4><strong>In unseren beiden Museen sind die Shops frei zug\u00e4nglich.<\/strong><\/h4>\n\t\t\t\t\t\t\t\t<\/div>\n\t\t\t\t<\/div>\n\t\t\t\t<div class=\"elementor-element elementor-element-8c28e04 elementor-widget elementor-widget-text-editor\" data-id=\"8c28e04\" data-element_type=\"widget\" data-e-type=\"widget\" data-widget_type=\"text-editor.default\">\n\t\t\t\t<div class=\"elementor-widget-container\">\n\t\t\t\t\t\t\t\t\t<p>In P\u00e9ronne ist der direkte Zugang \u00fcber den Eingang an der R\u00fcckseite des Geb\u00e4udes auf der Seite des \u201eEtang du Cam\u201c m\u00f6glich.<\/p>\n<p>In Thiepval befindet er sich im Besucherzentrum, das ebenfalls frei zug\u00e4nglich ist.<\/p>\n\t\t\t\t\t\t\t\t<\/div>\n\t\t\t\t<\/div>\n\t\t\t\t\t<\/div>\n\t\t\t\t<\/div>\n\t\t<div class=\"elementor-element elementor-element-9cc7dae e-flex e-con-boxed e-con e-parent\" data-id=\"9cc7dae\" data-element_type=\"container\" data-e-type=\"container\">\n\t\t\t\t\t<div class=\"e-con-inner\">\n\t\t\t\t<div class=\"elementor-element elementor-element-d10b6d2 raven--h-position-center raven--v-position-middle elementor-arrows-position-inside elementor-pagination-position-inside elementor-widget elementor-widget-raven-slider\" data-id=\"d10b6d2\" data-element_type=\"widget\" data-e-type=\"widget\" data-settings=\"{&quot;navigation&quot;:&quot;both&quot;,&quot;autoplay&quot;:&quot;yes&quot;,&quot;pause_on_hover&quot;:&quot;yes&quot;,&quot;pause_on_interaction&quot;:&quot;yes&quot;,&quot;autoplay_speed&quot;:5000,&quot;infinite&quot;:&quot;yes&quot;,&quot;transition&quot;:&quot;slide&quot;,&quot;transition_speed&quot;:500}\" data-widget_type=\"raven-slider.default\">\n\t\t\t\t<div class=\"elementor-widget-container\">\n\t\t\t\t\t\t\t<div class=\"elementor-swiper\">\n\t\t\t<div class=\"raven-slider-wrapper elementor-main-swiper swiper\" dir=\"ltr\" data-animation=\"fadeInUp\">\n\t\t\t\t<div class=\"swiper-wrapper raven-slider\">\n\t\t\t\t\t\t\t\t\t\t<div class=\"elementor-repeater-item-e615729 swiper-slide\"><div style=\"background-image: url(https:\/\/www.historial.fr\/wp-content\/uploads\/2023\/12\/HGG-infos_pratiques-Librairie_boutique-2.jpg)\" class=\"swiper-slide-bg\"><\/div><div class=\"swiper-slide-inner\" ><div class=\"swiper-slide-contents\"><\/div><\/div><\/div><div class=\"elementor-repeater-item-6632d2e swiper-slide\"><div style=\"background-image: url(https:\/\/www.historial.fr\/wp-content\/uploads\/2023\/12\/HGG-infos_pratiques-Librairie_boutique-3.jpg)\" class=\"swiper-slide-bg\"><\/div><div class=\"swiper-slide-inner\" ><div class=\"swiper-slide-contents\"><\/div><\/div><\/div><div class=\"elementor-repeater-item-6044512 swiper-slide\"><div style=\"background-image: url(https:\/\/www.historial.fr\/wp-content\/uploads\/2023\/12\/HGG-infos_pratiques-Librairie_boutique-5.jpg)\" class=\"swiper-slide-bg\"><\/div><div class=\"swiper-slide-inner\" ><div class=\"swiper-slide-contents\"><\/div><\/div><\/div><div class=\"elementor-repeater-item-8523522 swiper-slide\"><div style=\"background-image: url(https:\/\/www.historial.fr\/wp-content\/uploads\/2023\/12\/HGG-infos_pratiques-Librairie_boutique-7.jpg)\" class=\"swiper-slide-bg\"><\/div><div class=\"swiper-slide-inner\" ><div class=\"swiper-slide-contents\"><\/div><\/div><\/div>\t\t\t\t<\/div>\n\t\t\t\t\t\t\t\t\t\t\t\t\t\t\t<div class=\"swiper-pagination\"><\/div>\n\t\t\t\t\t\t\t\t\t\t\t\t\t\t\t\t<div class=\"elementor-swiper-button elementor-swiper-button-prev\">\n\t\t\t\t\t\t\t<svg aria-hidden=\"true\" class=\"e-font-icon-svg e-eicon-chevron-left\" viewBox=\"0 0 1000 1000\" xmlns=\"http:\/\/www.w3.org\/2000\/svg\"><path d=\"M646 125C629 125 613 133 604 142L308 442C296 454 292 471 292 487 292 504 296 521 308 533L604 854C617 867 629 875 646 875 663 875 679 871 692 858 704 846 713 829 713 812 713 796 708 779 692 767L438 487 692 225C700 217 708 204 708 187 708 171 704 154 692 142 675 129 663 125 646 125Z\"><\/path><\/svg>\t\t\t\t\t\t\t<span class=\"elementor-screen-only\">Previous<\/span>\n\t\t\t\t\t\t<\/div>\n\t\t\t\t\t\t<div class=\"elementor-swiper-button elementor-swiper-button-next\">\n\t\t\t\t\t\t\t<svg aria-hidden=\"true\" class=\"e-font-icon-svg e-eicon-chevron-right\" viewBox=\"0 0 1000 1000\" xmlns=\"http:\/\/www.w3.org\/2000\/svg\"><path d=\"M696 533C708 521 713 504 713 487 713 471 708 454 696 446L400 146C388 133 375 125 354 125 338 125 325 129 313 142 300 154 292 171 292 187 292 204 296 221 308 233L563 492 304 771C292 783 288 800 288 817 288 833 296 850 308 863 321 871 338 875 354 875 371 875 388 867 400 854L696 533Z\"><\/path><\/svg>\t\t\t\t\t\t\t<span class=\"elementor-screen-only\">Next<\/span>\n\t\t\t\t\t\t<\/div>\n\t\t\t\t\t\t\t\t\t\t\t\t<\/div>\n\t\t<\/div>\n\t\t\t\t\t\t<\/div>\n\t\t\t\t<\/div>\n\t\t\t\t\t<\/div>\n\t\t\t\t<\/div>\n\t\t<div class=\"elementor-element elementor-element-a4c14c7 e-flex e-con-boxed e-con e-parent\" data-id=\"a4c14c7\" data-element_type=\"container\" data-e-type=\"container\">\n\t\t\t\t\t<div class=\"e-con-inner\">\n\t\t<div class=\"elementor-element elementor-element-0de4976 e-con-full e-flex e-con e-child\" data-id=\"0de4976\" data-element_type=\"container\" data-e-type=\"container\">\n\t\t\t\t<div class=\"elementor-element elementor-element-8b9155f elementor-widget elementor-widget-heading\" data-id=\"8b9155f\" data-element_type=\"widget\" data-e-type=\"widget\" data-widget_type=\"heading.default\">\n\t\t\t\t<div class=\"elementor-widget-container\">\n\t\t\t\t\t<h2 class=\"elementor-heading-title elementor-size-default\">Kontakt Shop in P\u00e9ronne:<\/h2>\t\t\t\t<\/div>\n\t\t\t\t<\/div>\n\t\t\t\t<div class=\"elementor-element elementor-element-e491a72 elementor-widget elementor-widget-text-editor\" data-id=\"e491a72\" data-element_type=\"widget\" data-e-type=\"widget\" data-widget_type=\"text-editor.default\">\n\t\t\t\t<div class=\"elementor-widget-container\">\n\t\t\t\t\t\t\t\t\t<p><strong>03 22 83 54 06<\/strong><\/p>\n<p><a href=\"mailto:librairie-boutique@historial.fr\"><strong>librairie-boutique@historial.fr<\/strong><\/a><\/p>\n\t\t\t\t\t\t\t\t<\/div>\n\t\t\t\t<\/div>\n\t\t\t\t<\/div>\n\t\t<div class=\"elementor-element elementor-element-6db8a21 e-con-full e-flex e-con e-child\" data-id=\"6db8a21\" data-element_type=\"container\" data-e-type=\"container\">\n\t\t\t\t<div class=\"elementor-element elementor-element-3ce535a elementor-widget elementor-widget-heading\" data-id=\"3ce535a\" data-element_type=\"widget\" data-e-type=\"widget\" data-widget_type=\"heading.default\">\n\t\t\t\t<div class=\"elementor-widget-container\">\n\t\t\t\t\t<h2 class=\"elementor-heading-title elementor-size-default\">Kontakt Shop in Thiepval: <\/h2>\t\t\t\t<\/div>\n\t\t\t\t<\/div>\n\t\t\t\t<div class=\"elementor-element elementor-element-7bf0252 elementor-widget elementor-widget-text-editor\" data-id=\"7bf0252\" data-element_type=\"widget\" data-e-type=\"widget\" data-widget_type=\"text-editor.default\">\n\t\t\t\t<div class=\"elementor-widget-container\">\n\t\t\t\t\t\t\t\t\t<p><strong>03 22 74 60 47<\/strong><\/p>\n<p><a href=\"mailto:thiepval@historial.org\"><strong>thiepval@historial.org<\/strong><\/a><\/p>\n\t\t\t\t\t\t\t\t<\/div>\n\t\t\t\t<\/div>\n\t\t\t\t<\/div>\n\t\t\t\t\t<\/div>\n\t\t\t\t<\/div>\n\t\t\t\t<\/div>\n\t\t","protected":false},"excerpt":{"rendered":"<p>Unsere Museumsshops Achtung, in P\u00e9ronne ist der Laden am 1. Dezember um 17 Uhr geschlossen. In unseren Shops finden Sie eine gro\u00dfe Auswahl an literarischen, historischen, k\u00fcnstlerischen und milit\u00e4rischen Werken [&hellip;]<\/p>\n","protected":false},"author":2,"featured_media":0,"parent":3874,"menu_order":0,"comment_status":"closed","ping_status":"closed","template":"","meta":{"_acf_changed":false,"footnotes":""},"class_list":["post-3876","page","type-page","status-publish","hentry"],"acf":[],"yoast_head":"<!-- This site is optimized with the Yoast SEO plugin v27.4 - https:\/\/yoast.com\/product\/yoast-seo-wordpress\/ -->\n<title>Unsere Museumsshops - Historial de la Grande Guerre<\/title>\n<meta name=\"robots\" content=\"index, follow, max-snippet:-1, max-image-preview:large, max-video-preview:-1\" \/>\n<link rel=\"canonical\" href=\"https:\/\/www.historial.fr\/de\/oeffnungszeiten-preise-anfahrt\/unsere-museumsshops\/\" \/>\n<meta property=\"og:locale\" content=\"de_DE\" \/>\n<meta property=\"og:type\" content=\"article\" \/>\n<meta property=\"og:title\" content=\"Unsere Museumsshops - Historial de la Grande Guerre\" \/>\n<meta property=\"og:description\" content=\"Unsere Museumsshops Achtung, in P\u00e9ronne ist der Laden am 1. Dezember um 17 Uhr geschlossen. In unseren Shops finden Sie eine gro\u00dfe Auswahl an literarischen, historischen, k\u00fcnstlerischen und milit\u00e4rischen Werken [&hellip;]\" \/>\n<meta property=\"og:url\" content=\"https:\/\/www.historial.fr\/de\/oeffnungszeiten-preise-anfahrt\/unsere-museumsshops\/\" \/>\n<meta property=\"og:site_name\" content=\"Historial de la Grande Guerre\" \/>\n<meta property=\"article:modified_time\" content=\"2024-11-08T09:20:19+00:00\" \/>\n<meta name=\"twitter:card\" content=\"summary_large_image\" \/>\n<meta name=\"twitter:label1\" content=\"Gesch\u00e4tzte Lesezeit\" \/>\n\t<meta name=\"twitter:data1\" content=\"2\u00a0Minuten\" \/>\n<script type=\"application\/ld+json\" class=\"yoast-schema-graph\">{\"@context\":\"https:\\\/\\\/schema.org\",\"@graph\":[{\"@type\":\"WebPage\",\"@id\":\"https:\\\/\\\/www.historial.fr\\\/de\\\/oeffnungszeiten-preise-anfahrt\\\/unsere-museumsshops\\\/\",\"url\":\"https:\\\/\\\/www.historial.fr\\\/de\\\/oeffnungszeiten-preise-anfahrt\\\/unsere-museumsshops\\\/\",\"name\":\"Unsere Museumsshops - Historial de la Grande Guerre\",\"isPartOf\":{\"@id\":\"https:\\\/\\\/www.historial.fr\\\/#website\"},\"datePublished\":\"2023-12-07T13:21:30+00:00\",\"dateModified\":\"2024-11-08T09:20:19+00:00\",\"breadcrumb\":{\"@id\":\"https:\\\/\\\/www.historial.fr\\\/de\\\/oeffnungszeiten-preise-anfahrt\\\/unsere-museumsshops\\\/#breadcrumb\"},\"inLanguage\":\"de\",\"potentialAction\":[{\"@type\":\"ReadAction\",\"target\":[\"https:\\\/\\\/www.historial.fr\\\/de\\\/oeffnungszeiten-preise-anfahrt\\\/unsere-museumsshops\\\/\"]}]},{\"@type\":\"BreadcrumbList\",\"@id\":\"https:\\\/\\\/www.historial.fr\\\/de\\\/oeffnungszeiten-preise-anfahrt\\\/unsere-museumsshops\\\/#breadcrumb\",\"itemListElement\":[{\"@type\":\"ListItem\",\"position\":1,\"name\":\"Accueil\",\"item\":\"https:\\\/\\\/www.historial.fr\\\/de\\\/\"},{\"@type\":\"ListItem\",\"position\":2,\"name\":\"\u00d6FFNUNGSZEITEN, PREISE &amp; ANFAHRT\",\"item\":\"https:\\\/\\\/www.historial.fr\\\/de\\\/oeffnungszeiten-preise-anfahrt\\\/\"},{\"@type\":\"ListItem\",\"position\":3,\"name\":\"Unsere Museumsshops\"}]},{\"@type\":\"WebSite\",\"@id\":\"https:\\\/\\\/www.historial.fr\\\/#website\",\"url\":\"https:\\\/\\\/www.historial.fr\\\/\",\"name\":\"Historial de la Grande Guerre\",\"description\":\"Mus\u00e9e de la Premi\u00e8re Guerre Mondiale\",\"potentialAction\":[{\"@type\":\"SearchAction\",\"target\":{\"@type\":\"EntryPoint\",\"urlTemplate\":\"https:\\\/\\\/www.historial.fr\\\/?s={search_term_string}\"},\"query-input\":{\"@type\":\"PropertyValueSpecification\",\"valueRequired\":true,\"valueName\":\"search_term_string\"}}],\"inLanguage\":\"de\"}]}<\/script>\n<!-- \/ Yoast SEO plugin. -->","yoast_head_json":{"title":"Unsere Museumsshops - Historial de la Grande Guerre","robots":{"index":"index","follow":"follow","max-snippet":"max-snippet:-1","max-image-preview":"max-image-preview:large","max-video-preview":"max-video-preview:-1"},"canonical":"https:\/\/www.historial.fr\/de\/oeffnungszeiten-preise-anfahrt\/unsere-museumsshops\/","og_locale":"de_DE","og_type":"article","og_title":"Unsere Museumsshops - Historial de la Grande Guerre","og_description":"Unsere Museumsshops Achtung, in P\u00e9ronne ist der Laden am 1. Dezember um 17 Uhr geschlossen. In unseren Shops finden Sie eine gro\u00dfe Auswahl an literarischen, historischen, k\u00fcnstlerischen und milit\u00e4rischen Werken [&hellip;]","og_url":"https:\/\/www.historial.fr\/de\/oeffnungszeiten-preise-anfahrt\/unsere-museumsshops\/","og_site_name":"Historial de la Grande Guerre","article_modified_time":"2024-11-08T09:20:19+00:00","twitter_card":"summary_large_image","twitter_misc":{"Gesch\u00e4tzte Lesezeit":"2\u00a0Minuten"},"schema":{"@context":"https:\/\/schema.org","@graph":[{"@type":"WebPage","@id":"https:\/\/www.historial.fr\/de\/oeffnungszeiten-preise-anfahrt\/unsere-museumsshops\/","url":"https:\/\/www.historial.fr\/de\/oeffnungszeiten-preise-anfahrt\/unsere-museumsshops\/","name":"Unsere Museumsshops - Historial de la Grande Guerre","isPartOf":{"@id":"https:\/\/www.historial.fr\/#website"},"datePublished":"2023-12-07T13:21:30+00:00","dateModified":"2024-11-08T09:20:19+00:00","breadcrumb":{"@id":"https:\/\/www.historial.fr\/de\/oeffnungszeiten-preise-anfahrt\/unsere-museumsshops\/#breadcrumb"},"inLanguage":"de","potentialAction":[{"@type":"ReadAction","target":["https:\/\/www.historial.fr\/de\/oeffnungszeiten-preise-anfahrt\/unsere-museumsshops\/"]}]},{"@type":"BreadcrumbList","@id":"https:\/\/www.historial.fr\/de\/oeffnungszeiten-preise-anfahrt\/unsere-museumsshops\/#breadcrumb","itemListElement":[{"@type":"ListItem","position":1,"name":"Accueil","item":"https:\/\/www.historial.fr\/de\/"},{"@type":"ListItem","position":2,"name":"\u00d6FFNUNGSZEITEN, PREISE &amp; ANFAHRT","item":"https:\/\/www.historial.fr\/de\/oeffnungszeiten-preise-anfahrt\/"},{"@type":"ListItem","position":3,"name":"Unsere Museumsshops"}]},{"@type":"WebSite","@id":"https:\/\/www.historial.fr\/#website","url":"https:\/\/www.historial.fr\/","name":"Historial de la Grande Guerre","description":"Mus\u00e9e de la Premi\u00e8re Guerre Mondiale","potentialAction":[{"@type":"SearchAction","target":{"@type":"EntryPoint","urlTemplate":"https:\/\/www.historial.fr\/?s={search_term_string}"},"query-input":{"@type":"PropertyValueSpecification","valueRequired":true,"valueName":"search_term_string"}}],"inLanguage":"de"}]}},"jetpack_sharing_enabled":true,"_links":{"self":[{"href":"https:\/\/www.historial.fr\/de\/wp-json\/wp\/v2\/pages\/3876","targetHints":{"allow":["GET"]}}],"collection":[{"href":"https:\/\/www.historial.fr\/de\/wp-json\/wp\/v2\/pages"}],"about":[{"href":"https:\/\/www.historial.fr\/de\/wp-json\/wp\/v2\/types\/page"}],"author":[{"embeddable":true,"href":"https:\/\/www.historial.fr\/de\/wp-json\/wp\/v2\/users\/2"}],"replies":[{"embeddable":true,"href":"https:\/\/www.historial.fr\/de\/wp-json\/wp\/v2\/comments?post=3876"}],"version-history":[{"count":7,"href":"https:\/\/www.historial.fr\/de\/wp-json\/wp\/v2\/pages\/3876\/revisions"}],"predecessor-version":[{"id":9797,"href":"https:\/\/www.historial.fr\/de\/wp-json\/wp\/v2\/pages\/3876\/revisions\/9797"}],"up":[{"embeddable":true,"href":"https:\/\/www.historial.fr\/de\/wp-json\/wp\/v2\/pages\/3874"}],"wp:attachment":[{"href":"https:\/\/www.historial.fr\/de\/wp-json\/wp\/v2\/media?parent=3876"}],"curies":[{"name":"wp","href":"https:\/\/api.w.org\/{rel}","templated":true}]}}