{"id":4121,"date":"2023-12-07T13:26:39","date_gmt":"2023-12-07T13:26:39","guid":{"rendered":"https:\/\/www.historial.fr\/pressebereich\/"},"modified":"2024-03-18T16:37:46","modified_gmt":"2024-03-18T16:37:46","slug":"pressebereich","status":"publish","type":"page","link":"https:\/\/www.historial.fr\/de\/ressourcen\/pressebereich\/","title":{"rendered":"Pressebereich"},"content":{"rendered":"\t\t<div data-elementor-type=\"wp-page\" data-elementor-id=\"4121\" class=\"elementor elementor-4121 elementor-384\">\n\t\t\t\t<div class=\"elementor-element elementor-element-6a348792 e-flex e-con-boxed e-con e-parent\" data-id=\"6a348792\" data-element_type=\"container\" data-e-type=\"container\" data-settings=\"{&quot;background_background&quot;:&quot;classic&quot;}\">\n\t\t\t\t\t<div class=\"e-con-inner\">\n\t\t\t\t<div class=\"elementor-element elementor-element-d16c308 elementor-widget__width-inherit elementor-widget elementor-widget-heading\" data-id=\"d16c308\" data-element_type=\"widget\" data-e-type=\"widget\" data-widget_type=\"heading.default\">\n\t\t\t\t<div class=\"elementor-widget-container\">\n\t\t\t\t\t<h1 class=\"elementor-heading-title elementor-size-default\">Pressebereich<\/h1>\t\t\t\t<\/div>\n\t\t\t\t<\/div>\n\t\t\t\t\t<\/div>\n\t\t\t\t<\/div>\n\t\t<div class=\"elementor-element elementor-element-66fa5608 e-flex e-con-boxed e-con e-parent\" data-id=\"66fa5608\" data-element_type=\"container\" data-e-type=\"container\">\n\t\t\t\t\t<div class=\"e-con-inner\">\n\t\t\t\t<div class=\"elementor-element elementor-element-6c53aa4 elementor-widget elementor-widget-text-editor\" data-id=\"6c53aa4\" data-element_type=\"widget\" data-e-type=\"widget\" data-widget_type=\"text-editor.default\">\n\t\t\t\t<div class=\"elementor-widget-container\">\n\t\t\t\t\t\t\t\t\t<h3>Sind Sie Journalist, Redakteur oder Blogger? Das Historial stellt Ihnen gerne die n\u00f6tigen redaktionellen und ikonografischen Dokumentationsressourcen f\u00fcr Ihre Artikel zur Verf\u00fcgung. Die Kommunikationsabteilung steht Ihnen ebenfalls zur Verf\u00fcgung, um Sie im Historial zu empfangen.<\/h3>\n\t\t\t\t\t\t\t\t<\/div>\n\t\t\t\t<\/div>\n\t\t\t\t\t<\/div>\n\t\t\t\t<\/div>\n\t\t<div class=\"elementor-element elementor-element-9cab37d e-flex e-con-boxed e-con e-parent\" data-id=\"9cab37d\" data-element_type=\"container\" data-e-type=\"container\">\n\t\t\t\t\t<div class=\"e-con-inner\">\n\t\t<div class=\"elementor-element elementor-element-ae7b6a9 e-con-full e-flex e-con e-child\" data-id=\"ae7b6a9\" data-element_type=\"container\" data-e-type=\"container\">\n\t\t\t\t<div class=\"elementor-element elementor-element-32d135c elementor-widget elementor-widget-heading\" data-id=\"32d135c\" data-element_type=\"widget\" data-e-type=\"widget\" data-widget_type=\"heading.default\">\n\t\t\t\t<div class=\"elementor-widget-container\">\n\t\t\t\t\t<h2 class=\"elementor-heading-title elementor-size-default\">Dokumente zum Herunterladen: <\/h2>\t\t\t\t<\/div>\n\t\t\t\t<\/div>\n\t\t\t\t<\/div>\n\t\t<div class=\"elementor-element elementor-element-21461f9 e-con-full e-flex e-con e-child\" data-id=\"21461f9\" data-element_type=\"container\" data-e-type=\"container\">\n\t\t\t\t<div class=\"elementor-element elementor-element-9cff81d elementor-align-justify elementor-widget__width-inherit elementor-widget elementor-widget-button\" data-id=\"9cff81d\" data-element_type=\"widget\" data-e-type=\"widget\" data-widget_type=\"button.default\">\n\t\t\t\t<div class=\"elementor-widget-container\">\n\t\t\t\t\t\t\t\t\t<div class=\"elementor-button-wrapper\">\n\t\t\t\t\t<a class=\"elementor-button elementor-size-md\" role=\"button\">\n\t\t\t\t\t\t<span class=\"elementor-button-content-wrapper\">\n\t\t\t\t\t\t\t\t\t<span class=\"elementor-button-text\">Lien vers CP \u00e0 venir<\/span>\n\t\t\t\t\t<\/span>\n\t\t\t\t\t<\/a>\n\t\t\t\t<\/div>\n\t\t\t\t\t\t\t\t<\/div>\n\t\t\t\t<\/div>\n\t\t\t\t<div class=\"elementor-element elementor-element-9fcff38 elementor-align-justify elementor-widget__width-inherit elementor-widget elementor-widget-button\" data-id=\"9fcff38\" data-element_type=\"widget\" data-e-type=\"widget\" data-widget_type=\"button.default\">\n\t\t\t\t<div class=\"elementor-widget-container\">\n\t\t\t\t\t\t\t\t\t<div class=\"elementor-button-wrapper\">\n\t\t\t\t\t<a class=\"elementor-button elementor-size-md\" role=\"button\">\n\t\t\t\t\t\t<span class=\"elementor-button-content-wrapper\">\n\t\t\t\t\t\t\t\t\t<span class=\"elementor-button-text\">Lien vers DP \u00e0 venir<\/span>\n\t\t\t\t\t<\/span>\n\t\t\t\t\t<\/a>\n\t\t\t\t<\/div>\n\t\t\t\t\t\t\t\t<\/div>\n\t\t\t\t<\/div>\n\t\t\t\t<\/div>\n\t\t\t\t\t<\/div>\n\t\t\t\t<\/div>\n\t\t<div class=\"elementor-element elementor-element-815f450 e-flex e-con-boxed e-con e-parent\" data-id=\"815f450\" data-element_type=\"container\" data-e-type=\"container\" data-settings=\"{&quot;background_background&quot;:&quot;classic&quot;}\">\n\t\t\t\t\t<div class=\"e-con-inner\">\n\t\t<div class=\"elementor-element elementor-element-54e347b e-con-full e-flex e-con e-child\" data-id=\"54e347b\" data-element_type=\"container\" data-e-type=\"container\" data-settings=\"{&quot;background_background&quot;:&quot;classic&quot;}\">\n\t\t\t\t<div class=\"elementor-element elementor-element-f13e135 elementor-widget elementor-widget-text-editor\" data-id=\"f13e135\" data-element_type=\"widget\" data-e-type=\"widget\" data-widget_type=\"text-editor.default\">\n\t\t\t\t<div class=\"elementor-widget-container\">\n\t\t\t\t\t\t\t\t\t<h1><a href=\"https:\/\/www.historial.fr\/actualites\/\"><span style=\"color: #ffffff;\">Letzte Neuigkeiten:<\/span><\/a><\/h1>\n\t\t\t\t\t\t\t\t<\/div>\n\t\t\t\t<\/div>\n\t\t\t\t<\/div>\n\t\t\t\t\t<\/div>\n\t\t\t\t<\/div>\n\t\t<div class=\"elementor-element elementor-element-3b140db e-flex e-con-boxed e-con e-parent\" data-id=\"3b140db\" data-element_type=\"container\" data-e-type=\"container\">\n\t\t\t\t\t<div class=\"e-con-inner\">\n\t\t\t\t<div class=\"elementor-element elementor-element-935ba18 elementor-widget elementor-widget-text-editor\" data-id=\"935ba18\" data-element_type=\"widget\" data-e-type=\"widget\" data-widget_type=\"text-editor.default\">\n\t\t\t\t<div class=\"elementor-widget-container\">\n\t\t\t\t\t\t\t\t\t<p>Unser Logo und andere visuelle Darstellungen k\u00f6nnen auf Anfrage per E-Mail an <a href=\"mailto:communication@historial.org\">communication@historial.org<\/a> angefordert werden.<\/p>\n\t\t\t\t\t\t\t\t<\/div>\n\t\t\t\t<\/div>\n\t\t\t\t\t<\/div>\n\t\t\t\t<\/div>\n\t\t<div class=\"elementor-element elementor-element-f0769ae e-flex e-con-boxed e-con e-parent\" data-id=\"f0769ae\" data-element_type=\"container\" data-e-type=\"container\">\n\t\t\t\t\t<div class=\"e-con-inner\">\n\t\t\t\t<div class=\"elementor-element elementor-element-5c4ebb8 elementor-widget elementor-widget-heading\" data-id=\"5c4ebb8\" data-element_type=\"widget\" data-e-type=\"widget\" data-widget_type=\"heading.default\">\n\t\t\t\t<div class=\"elementor-widget-container\">\n\t\t\t\t\t<h2 class=\"elementor-heading-title elementor-size-default\">Melden Sie sich f\u00fcr den Newsletter an um \u00fcber die letzten Neuigkeiten informiert zu werden.<\/h2>\t\t\t\t<\/div>\n\t\t\t\t<\/div>\n\t\t\t\t\t<\/div>\n\t\t\t\t<\/div>\n\t\t\t\t<\/div>\n\t\t","protected":false},"excerpt":{"rendered":"<p>Pressebereich Sind Sie Journalist, Redakteur oder Blogger? Das Historial stellt Ihnen gerne die n\u00f6tigen redaktionellen und ikonografischen Dokumentationsressourcen f\u00fcr Ihre Artikel zur Verf\u00fcgung. Die Kommunikationsabteilung steht Ihnen ebenfalls zur Verf\u00fcgung, [&hellip;]<\/p>\n","protected":false},"author":2,"featured_media":0,"parent":4887,"menu_order":0,"comment_status":"closed","ping_status":"closed","template":"","meta":{"_acf_changed":false,"footnotes":""},"class_list":["post-4121","page","type-page","status-publish","hentry"],"acf":[],"yoast_head":"<!-- This site is optimized with the Yoast SEO plugin v27.4 - https:\/\/yoast.com\/product\/yoast-seo-wordpress\/ -->\n<title>Pressebereich - Historial de la Grande Guerre<\/title>\n<meta name=\"robots\" content=\"index, follow, max-snippet:-1, max-image-preview:large, max-video-preview:-1\" \/>\n<link rel=\"canonical\" href=\"https:\/\/www.historial.fr\/de\/ressourcen\/pressebereich\/\" \/>\n<meta property=\"og:locale\" content=\"de_DE\" \/>\n<meta property=\"og:type\" content=\"article\" \/>\n<meta property=\"og:title\" content=\"Pressebereich - Historial de la Grande Guerre\" \/>\n<meta property=\"og:description\" content=\"Pressebereich Sind Sie Journalist, Redakteur oder Blogger? Das Historial stellt Ihnen gerne die n\u00f6tigen redaktionellen und ikonografischen Dokumentationsressourcen f\u00fcr Ihre Artikel zur Verf\u00fcgung. Die Kommunikationsabteilung steht Ihnen ebenfalls zur Verf\u00fcgung, [&hellip;]\" \/>\n<meta property=\"og:url\" content=\"https:\/\/www.historial.fr\/de\/ressourcen\/pressebereich\/\" \/>\n<meta property=\"og:site_name\" content=\"Historial de la Grande Guerre\" \/>\n<meta property=\"article:modified_time\" content=\"2024-03-18T16:37:46+00:00\" \/>\n<meta name=\"twitter:card\" content=\"summary_large_image\" \/>\n<script type=\"application\/ld+json\" class=\"yoast-schema-graph\">{\"@context\":\"https:\\\/\\\/schema.org\",\"@graph\":[{\"@type\":\"WebPage\",\"@id\":\"https:\\\/\\\/www.historial.fr\\\/de\\\/ressourcen\\\/pressebereich\\\/\",\"url\":\"https:\\\/\\\/www.historial.fr\\\/de\\\/ressourcen\\\/pressebereich\\\/\",\"name\":\"Pressebereich - Historial de la Grande Guerre\",\"isPartOf\":{\"@id\":\"https:\\\/\\\/www.historial.fr\\\/#website\"},\"datePublished\":\"2023-12-07T13:26:39+00:00\",\"dateModified\":\"2024-03-18T16:37:46+00:00\",\"breadcrumb\":{\"@id\":\"https:\\\/\\\/www.historial.fr\\\/de\\\/ressourcen\\\/pressebereich\\\/#breadcrumb\"},\"inLanguage\":\"de\",\"potentialAction\":[{\"@type\":\"ReadAction\",\"target\":[\"https:\\\/\\\/www.historial.fr\\\/de\\\/ressourcen\\\/pressebereich\\\/\"]}]},{\"@type\":\"BreadcrumbList\",\"@id\":\"https:\\\/\\\/www.historial.fr\\\/de\\\/ressourcen\\\/pressebereich\\\/#breadcrumb\",\"itemListElement\":[{\"@type\":\"ListItem\",\"position\":1,\"name\":\"Accueil\",\"item\":\"https:\\\/\\\/www.historial.fr\\\/de\\\/\"},{\"@type\":\"ListItem\",\"position\":2,\"name\":\"Ressourcen\",\"item\":\"https:\\\/\\\/www.historial.fr\\\/de\\\/ressourcen\\\/\"},{\"@type\":\"ListItem\",\"position\":3,\"name\":\"Pressebereich\"}]},{\"@type\":\"WebSite\",\"@id\":\"https:\\\/\\\/www.historial.fr\\\/#website\",\"url\":\"https:\\\/\\\/www.historial.fr\\\/\",\"name\":\"Historial de la Grande Guerre\",\"description\":\"Mus\u00e9e de la Premi\u00e8re Guerre Mondiale\",\"potentialAction\":[{\"@type\":\"SearchAction\",\"target\":{\"@type\":\"EntryPoint\",\"urlTemplate\":\"https:\\\/\\\/www.historial.fr\\\/?s={search_term_string}\"},\"query-input\":{\"@type\":\"PropertyValueSpecification\",\"valueRequired\":true,\"valueName\":\"search_term_string\"}}],\"inLanguage\":\"de\"}]}<\/script>\n<!-- \/ Yoast SEO plugin. -->","yoast_head_json":{"title":"Pressebereich - Historial de la Grande Guerre","robots":{"index":"index","follow":"follow","max-snippet":"max-snippet:-1","max-image-preview":"max-image-preview:large","max-video-preview":"max-video-preview:-1"},"canonical":"https:\/\/www.historial.fr\/de\/ressourcen\/pressebereich\/","og_locale":"de_DE","og_type":"article","og_title":"Pressebereich - Historial de la Grande Guerre","og_description":"Pressebereich Sind Sie Journalist, Redakteur oder Blogger? Das Historial stellt Ihnen gerne die n\u00f6tigen redaktionellen und ikonografischen Dokumentationsressourcen f\u00fcr Ihre Artikel zur Verf\u00fcgung. Die Kommunikationsabteilung steht Ihnen ebenfalls zur Verf\u00fcgung, [&hellip;]","og_url":"https:\/\/www.historial.fr\/de\/ressourcen\/pressebereich\/","og_site_name":"Historial de la Grande Guerre","article_modified_time":"2024-03-18T16:37:46+00:00","twitter_card":"summary_large_image","schema":{"@context":"https:\/\/schema.org","@graph":[{"@type":"WebPage","@id":"https:\/\/www.historial.fr\/de\/ressourcen\/pressebereich\/","url":"https:\/\/www.historial.fr\/de\/ressourcen\/pressebereich\/","name":"Pressebereich - Historial de la Grande Guerre","isPartOf":{"@id":"https:\/\/www.historial.fr\/#website"},"datePublished":"2023-12-07T13:26:39+00:00","dateModified":"2024-03-18T16:37:46+00:00","breadcrumb":{"@id":"https:\/\/www.historial.fr\/de\/ressourcen\/pressebereich\/#breadcrumb"},"inLanguage":"de","potentialAction":[{"@type":"ReadAction","target":["https:\/\/www.historial.fr\/de\/ressourcen\/pressebereich\/"]}]},{"@type":"BreadcrumbList","@id":"https:\/\/www.historial.fr\/de\/ressourcen\/pressebereich\/#breadcrumb","itemListElement":[{"@type":"ListItem","position":1,"name":"Accueil","item":"https:\/\/www.historial.fr\/de\/"},{"@type":"ListItem","position":2,"name":"Ressourcen","item":"https:\/\/www.historial.fr\/de\/ressourcen\/"},{"@type":"ListItem","position":3,"name":"Pressebereich"}]},{"@type":"WebSite","@id":"https:\/\/www.historial.fr\/#website","url":"https:\/\/www.historial.fr\/","name":"Historial de la Grande Guerre","description":"Mus\u00e9e de la Premi\u00e8re Guerre Mondiale","potentialAction":[{"@type":"SearchAction","target":{"@type":"EntryPoint","urlTemplate":"https:\/\/www.historial.fr\/?s={search_term_string}"},"query-input":{"@type":"PropertyValueSpecification","valueRequired":true,"valueName":"search_term_string"}}],"inLanguage":"de"}]}},"jetpack_sharing_enabled":true,"_links":{"self":[{"href":"https:\/\/www.historial.fr\/de\/wp-json\/wp\/v2\/pages\/4121","targetHints":{"allow":["GET"]}}],"collection":[{"href":"https:\/\/www.historial.fr\/de\/wp-json\/wp\/v2\/pages"}],"about":[{"href":"https:\/\/www.historial.fr\/de\/wp-json\/wp\/v2\/types\/page"}],"author":[{"embeddable":true,"href":"https:\/\/www.historial.fr\/de\/wp-json\/wp\/v2\/users\/2"}],"replies":[{"embeddable":true,"href":"https:\/\/www.historial.fr\/de\/wp-json\/wp\/v2\/comments?post=4121"}],"version-history":[{"count":3,"href":"https:\/\/www.historial.fr\/de\/wp-json\/wp\/v2\/pages\/4121\/revisions"}],"predecessor-version":[{"id":5449,"href":"https:\/\/www.historial.fr\/de\/wp-json\/wp\/v2\/pages\/4121\/revisions\/5449"}],"up":[{"embeddable":true,"href":"https:\/\/www.historial.fr\/de\/wp-json\/wp\/v2\/pages\/4887"}],"wp:attachment":[{"href":"https:\/\/www.historial.fr\/de\/wp-json\/wp\/v2\/media?parent=4121"}],"curies":[{"name":"wp","href":"https:\/\/api.w.org\/{rel}","templated":true}]}}