{"id":4809,"date":"2023-12-18T09:41:33","date_gmt":"2023-12-18T09:41:33","guid":{"rendered":"https:\/\/www.historial.fr\/?page_id=4809"},"modified":"2024-03-14T16:15:40","modified_gmt":"2024-03-14T16:15:40","slug":"somme-battlefields-partner","status":"publish","type":"page","link":"https:\/\/www.historial.fr\/de\/oeffnungszeiten-preise-anfahrt\/partenaires\/somme-battlefields-partner\/","title":{"rendered":"Somme Battlefields&#8216; Partner"},"content":{"rendered":"\t\t<div data-elementor-type=\"wp-page\" data-elementor-id=\"4809\" class=\"elementor elementor-4809 elementor-1654\">\n\t\t\t\t<div class=\"elementor-element elementor-element-57f636a8 e-flex e-con-boxed e-con e-parent\" data-id=\"57f636a8\" data-element_type=\"container\" data-e-type=\"container\" data-settings=\"{&quot;background_background&quot;:&quot;classic&quot;}\">\n\t\t\t\t\t<div class=\"e-con-inner\">\n\t\t\t\t<div class=\"elementor-element elementor-element-75562e40 elementor-widget__width-inherit elementor-widget elementor-widget-heading\" data-id=\"75562e40\" data-element_type=\"widget\" data-e-type=\"widget\" data-widget_type=\"heading.default\">\n\t\t\t\t<div class=\"elementor-widget-container\">\n\t\t\t\t\t<h1 class=\"elementor-heading-title elementor-size-default\">Das Netzwerk \u201eSomme Battlefields\u2019 Partner\u201c<\/h1>\t\t\t\t<\/div>\n\t\t\t\t<\/div>\n\t\t\t\t\t<\/div>\n\t\t\t\t<\/div>\n\t\t<div class=\"elementor-element elementor-element-a68ca02 e-flex e-con-boxed e-con e-parent\" data-id=\"a68ca02\" data-element_type=\"container\" data-e-type=\"container\">\n\t\t\t\t\t<div class=\"e-con-inner\">\n\t\t\t\t<div class=\"elementor-element elementor-element-a1c4ba7 elementor-widget elementor-widget-text-editor\" data-id=\"a1c4ba7\" data-element_type=\"widget\" data-e-type=\"widget\" data-widget_type=\"text-editor.default\">\n\t\t\t\t<div class=\"elementor-widget-container\">\n\t\t\t\t\t\t\t\t\t<h3>Das Historial de la Grande Guerre beteiligt sich an der Entwicklung des Gebiets im Osten der Somme, indem dort die lokalen Akteure im Bereich der Thematik des Gro\u00dfen Krieges unter dem Label \u201eSomme Battlefields\u2019 Partner\u201c zusammengef\u00fchrt werden.<\/h3>\t\t\t\t\t\t\t\t<\/div>\n\t\t\t\t<\/div>\n\t\t\t\t\t<\/div>\n\t\t\t\t<\/div>\n\t\t<div class=\"elementor-element elementor-element-6e809ec e-flex e-con-boxed e-con e-parent\" data-id=\"6e809ec\" data-element_type=\"container\" data-e-type=\"container\">\n\t\t\t\t\t<div class=\"e-con-inner\">\n\t\t\t\t<div class=\"elementor-element elementor-element-5db857a elementor-widget elementor-widget-heading\" data-id=\"5db857a\" data-element_type=\"widget\" data-e-type=\"widget\" data-widget_type=\"heading.default\">\n\t\t\t\t<div class=\"elementor-widget-container\">\n\t\t\t\t\t<h2 class=\"elementor-heading-title elementor-size-default\">Das Label Somme Battlefields\u2019 Partner<\/h2>\t\t\t\t<\/div>\n\t\t\t\t<\/div>\n\t\t\t\t<div class=\"elementor-element elementor-element-b417ae6 elementor-widget elementor-widget-text-editor\" data-id=\"b417ae6\" data-element_type=\"widget\" data-e-type=\"widget\" data-widget_type=\"text-editor.default\">\n\t\t\t\t<div class=\"elementor-widget-container\">\n\t\t\t\t\t\t\t\t\t<p>Das am 11. Dezember 2007 offiziell gegr\u00fcndete Netzwerk <strong>Somme Battlefields\u2018 Partner<\/strong> entstand aus dem Wunsch heraus, die Akteure der Tourismusbranche rund um das Thema <strong>Gro\u00dfer Krieg<\/strong> durch das <strong>Historial de la Grande Guerre<\/strong>, das <strong>Comit\u00e9 D\u00e9partemental du Tourisme de la Somme<\/strong>, die <strong>Industrie- und Handelskammer Amiens-Picardie<\/strong> und das <strong>Museum Somme 1916<\/strong> zu vereinen.<br \/>Ziel ist es, das Tourismusangebot zu erweitern, indem den Akteuren in der Tourismusbranche angeboten wird, ihre beruflichen Kompetenzen durch Schulungen in Geschichte, Englisch, Web-Training, Empfang und Marketing sowie durch Schulungsfahrten zu verbessern und so zu echten Tourismusbotschaftern zu werden.<br \/><strong>Somme Battefields&#8216; Partner<\/strong> ist ein Netzwerk von Tourismusfachleuten, das das historische Potenzial dieses in Frankreich einzigartigen historischen Raums aufwerten will. Es umfasst heute ungef\u00e4hr 140 Mitglieder und verschiedene Berufsgruppen (Museen, Gedenkst\u00e4tten, Freizeiteinrichtungen, Tourismusb\u00fcros, Gastgewerbe, Restaurants, freiberufliche Reiseleiter, Taxiunternehmen, Einzelh\u00e4ndler usw.), die in der Somme, aber auch in den angrenzenden Departements t\u00e4tig sind und sich dazu verpflichten, eine Anlaufstelle f\u00fcr Gastfreundschaft, Authentizit\u00e4t und Wissen \u00fcber das Kulturerbe zu werden.<br \/>Ihr Ansprechpartner von <strong>Somme Battlefields&#8216; Partner<\/strong> ist der Botschafter Ihres Reiseziels. Die Botschafter k\u00f6nnen Ihnen Tipps und Empfehlungen rund um Besichtigungen, guten Restaurants und au\u00dfergew\u00f6hnlichen Erlebnissen geben. Sie kennen sich am Besten aus!<\/p>\t\t\t\t\t\t\t\t<\/div>\n\t\t\t\t<\/div>\n\t\t\t\t<div class=\"elementor-element elementor-element-3f2c937 elementor-widget elementor-widget-image\" data-id=\"3f2c937\" data-element_type=\"widget\" data-e-type=\"widget\" data-widget_type=\"image.default\">\n\t\t\t\t<div class=\"elementor-widget-container\">\n\t\t\t\t\t\t\t\t\t\t\t\t\t\t\t<img fetchpriority=\"high\" decoding=\"async\" width=\"343\" height=\"207\" src=\"https:\/\/www.historial.fr\/wp-content\/uploads\/2023\/12\/Partenaires-SBP.jpg\" class=\"attachment-full size-full wp-image-1177\" alt=\"\" srcset=\"https:\/\/www.historial.fr\/wp-content\/uploads\/2023\/12\/Partenaires-SBP.jpg 343w, https:\/\/www.historial.fr\/wp-content\/uploads\/2023\/12\/Partenaires-SBP-300x181.jpg 300w\" sizes=\"(max-width: 343px) 100vw, 343px\" \/>\t\t\t\t\t\t\t\t\t\t\t\t\t\t\t<\/div>\n\t\t\t\t<\/div>\n\t\t\t\t<div class=\"elementor-element elementor-element-25e2825 elementor-widget elementor-widget-text-editor\" data-id=\"25e2825\" data-element_type=\"widget\" data-e-type=\"widget\" data-widget_type=\"text-editor.default\">\n\t\t\t\t<div class=\"elementor-widget-container\">\n\t\t\t\t\t\t\t\t\t<p>F\u00fcr mehr Informationen kontaktieren Sie L\u00e9a Manot per E-Mail an:<br \/><a href=\"mailto:l.manot@somme-tourisme.com\">l.manot@somme-tourisme.com<\/a> \u2013 <a href=\"https:\/\/www.somme-tourisme.com\/la-grande-guerre\/pour-vous-accueillir-le-reseau-somme-battlefields-partner\">www.somme-tourisme.com<\/a><\/p>\t\t\t\t\t\t\t\t<\/div>\n\t\t\t\t<\/div>\n\t\t\t\t\t<\/div>\n\t\t\t\t<\/div>\n\t\t\t\t<\/div>\n\t\t","protected":false},"excerpt":{"rendered":"<p>Das Netzwerk \u201eSomme Battlefields\u2019 Partner\u201c Das Historial de la Grande Guerre beteiligt sich an der Entwicklung des Gebiets im Osten der Somme, indem dort die lokalen Akteure im Bereich der [&hellip;]<\/p>\n","protected":false},"author":4,"featured_media":0,"parent":4845,"menu_order":0,"comment_status":"closed","ping_status":"closed","template":"","meta":{"_acf_changed":false,"footnotes":""},"class_list":["post-4809","page","type-page","status-publish","hentry"],"acf":[],"yoast_head":"<!-- This site is optimized with the Yoast SEO plugin v27.4 - https:\/\/yoast.com\/product\/yoast-seo-wordpress\/ -->\n<title>Somme Battlefields&#039; Partner - Historial de la Grande Guerre<\/title>\n<meta name=\"robots\" content=\"index, follow, max-snippet:-1, max-image-preview:large, max-video-preview:-1\" \/>\n<link rel=\"canonical\" href=\"https:\/\/www.historial.fr\/de\/somme-battlefields-partner\/\" \/>\n<meta property=\"og:locale\" content=\"de_DE\" \/>\n<meta property=\"og:type\" content=\"article\" \/>\n<meta property=\"og:title\" content=\"Somme Battlefields&#039; Partner - Historial de la Grande Guerre\" \/>\n<meta property=\"og:description\" content=\"Das Netzwerk \u201eSomme Battlefields\u2019 Partner\u201c Das Historial de la Grande Guerre beteiligt sich an der Entwicklung des Gebiets im Osten der Somme, indem dort die lokalen Akteure im Bereich der [&hellip;]\" \/>\n<meta property=\"og:url\" content=\"https:\/\/www.historial.fr\/de\/somme-battlefields-partner\/\" \/>\n<meta property=\"og:site_name\" content=\"Historial de la Grande Guerre\" \/>\n<meta property=\"article:modified_time\" content=\"2024-03-14T16:15:40+00:00\" \/>\n<meta property=\"og:image\" content=\"https:\/\/www.historial.fr\/wp-content\/uploads\/2023\/12\/Partenaires-SBP.jpg\" \/>\n<meta name=\"twitter:card\" content=\"summary_large_image\" \/>\n<meta name=\"twitter:label1\" content=\"Gesch\u00e4tzte Lesezeit\" \/>\n\t<meta name=\"twitter:data1\" content=\"2\u00a0Minuten\" \/>\n<script type=\"application\/ld+json\" class=\"yoast-schema-graph\">{\"@context\":\"https:\\\/\\\/schema.org\",\"@graph\":[{\"@type\":\"WebPage\",\"@id\":\"https:\\\/\\\/www.historial.fr\\\/de\\\/somme-battlefields-partner\\\/\",\"url\":\"https:\\\/\\\/www.historial.fr\\\/de\\\/somme-battlefields-partner\\\/\",\"name\":\"Somme Battlefields' Partner - Historial de la Grande Guerre\",\"isPartOf\":{\"@id\":\"https:\\\/\\\/www.historial.fr\\\/#website\"},\"primaryImageOfPage\":{\"@id\":\"https:\\\/\\\/www.historial.fr\\\/de\\\/somme-battlefields-partner\\\/#primaryimage\"},\"image\":{\"@id\":\"https:\\\/\\\/www.historial.fr\\\/de\\\/somme-battlefields-partner\\\/#primaryimage\"},\"thumbnailUrl\":\"https:\\\/\\\/www.historial.fr\\\/wp-content\\\/uploads\\\/2023\\\/12\\\/Partenaires-SBP.jpg\",\"datePublished\":\"2023-12-18T09:41:33+00:00\",\"dateModified\":\"2024-03-14T16:15:40+00:00\",\"breadcrumb\":{\"@id\":\"https:\\\/\\\/www.historial.fr\\\/de\\\/somme-battlefields-partner\\\/#breadcrumb\"},\"inLanguage\":\"de\",\"potentialAction\":[{\"@type\":\"ReadAction\",\"target\":[\"https:\\\/\\\/www.historial.fr\\\/de\\\/somme-battlefields-partner\\\/\"]}]},{\"@type\":\"ImageObject\",\"inLanguage\":\"de\",\"@id\":\"https:\\\/\\\/www.historial.fr\\\/de\\\/somme-battlefields-partner\\\/#primaryimage\",\"url\":\"https:\\\/\\\/www.historial.fr\\\/wp-content\\\/uploads\\\/2023\\\/12\\\/Partenaires-SBP.jpg\",\"contentUrl\":\"https:\\\/\\\/www.historial.fr\\\/wp-content\\\/uploads\\\/2023\\\/12\\\/Partenaires-SBP.jpg\"},{\"@type\":\"BreadcrumbList\",\"@id\":\"https:\\\/\\\/www.historial.fr\\\/de\\\/somme-battlefields-partner\\\/#breadcrumb\",\"itemListElement\":[{\"@type\":\"ListItem\",\"position\":1,\"name\":\"Accueil\",\"item\":\"https:\\\/\\\/www.historial.fr\\\/de\\\/\"},{\"@type\":\"ListItem\",\"position\":2,\"name\":\"Somme Battlefields&rsquo; Partner\"}]},{\"@type\":\"WebSite\",\"@id\":\"https:\\\/\\\/www.historial.fr\\\/#website\",\"url\":\"https:\\\/\\\/www.historial.fr\\\/\",\"name\":\"Historial de la Grande Guerre\",\"description\":\"Mus\u00e9e de la Premi\u00e8re Guerre Mondiale\",\"potentialAction\":[{\"@type\":\"SearchAction\",\"target\":{\"@type\":\"EntryPoint\",\"urlTemplate\":\"https:\\\/\\\/www.historial.fr\\\/?s={search_term_string}\"},\"query-input\":{\"@type\":\"PropertyValueSpecification\",\"valueRequired\":true,\"valueName\":\"search_term_string\"}}],\"inLanguage\":\"de\"}]}<\/script>\n<!-- \/ Yoast SEO plugin. -->","yoast_head_json":{"title":"Somme Battlefields' Partner - Historial de la Grande Guerre","robots":{"index":"index","follow":"follow","max-snippet":"max-snippet:-1","max-image-preview":"max-image-preview:large","max-video-preview":"max-video-preview:-1"},"canonical":"https:\/\/www.historial.fr\/de\/somme-battlefields-partner\/","og_locale":"de_DE","og_type":"article","og_title":"Somme Battlefields' Partner - Historial de la Grande Guerre","og_description":"Das Netzwerk \u201eSomme Battlefields\u2019 Partner\u201c Das Historial de la Grande Guerre beteiligt sich an der Entwicklung des Gebiets im Osten der Somme, indem dort die lokalen Akteure im Bereich der [&hellip;]","og_url":"https:\/\/www.historial.fr\/de\/somme-battlefields-partner\/","og_site_name":"Historial de la Grande Guerre","article_modified_time":"2024-03-14T16:15:40+00:00","og_image":[{"url":"https:\/\/www.historial.fr\/wp-content\/uploads\/2023\/12\/Partenaires-SBP.jpg","type":"","width":"","height":""}],"twitter_card":"summary_large_image","twitter_misc":{"Gesch\u00e4tzte Lesezeit":"2\u00a0Minuten"},"schema":{"@context":"https:\/\/schema.org","@graph":[{"@type":"WebPage","@id":"https:\/\/www.historial.fr\/de\/somme-battlefields-partner\/","url":"https:\/\/www.historial.fr\/de\/somme-battlefields-partner\/","name":"Somme Battlefields' Partner - Historial de la Grande Guerre","isPartOf":{"@id":"https:\/\/www.historial.fr\/#website"},"primaryImageOfPage":{"@id":"https:\/\/www.historial.fr\/de\/somme-battlefields-partner\/#primaryimage"},"image":{"@id":"https:\/\/www.historial.fr\/de\/somme-battlefields-partner\/#primaryimage"},"thumbnailUrl":"https:\/\/www.historial.fr\/wp-content\/uploads\/2023\/12\/Partenaires-SBP.jpg","datePublished":"2023-12-18T09:41:33+00:00","dateModified":"2024-03-14T16:15:40+00:00","breadcrumb":{"@id":"https:\/\/www.historial.fr\/de\/somme-battlefields-partner\/#breadcrumb"},"inLanguage":"de","potentialAction":[{"@type":"ReadAction","target":["https:\/\/www.historial.fr\/de\/somme-battlefields-partner\/"]}]},{"@type":"ImageObject","inLanguage":"de","@id":"https:\/\/www.historial.fr\/de\/somme-battlefields-partner\/#primaryimage","url":"https:\/\/www.historial.fr\/wp-content\/uploads\/2023\/12\/Partenaires-SBP.jpg","contentUrl":"https:\/\/www.historial.fr\/wp-content\/uploads\/2023\/12\/Partenaires-SBP.jpg"},{"@type":"BreadcrumbList","@id":"https:\/\/www.historial.fr\/de\/somme-battlefields-partner\/#breadcrumb","itemListElement":[{"@type":"ListItem","position":1,"name":"Accueil","item":"https:\/\/www.historial.fr\/de\/"},{"@type":"ListItem","position":2,"name":"Somme Battlefields&rsquo; Partner"}]},{"@type":"WebSite","@id":"https:\/\/www.historial.fr\/#website","url":"https:\/\/www.historial.fr\/","name":"Historial de la Grande Guerre","description":"Mus\u00e9e de la Premi\u00e8re Guerre Mondiale","potentialAction":[{"@type":"SearchAction","target":{"@type":"EntryPoint","urlTemplate":"https:\/\/www.historial.fr\/?s={search_term_string}"},"query-input":{"@type":"PropertyValueSpecification","valueRequired":true,"valueName":"search_term_string"}}],"inLanguage":"de"}]}},"jetpack_sharing_enabled":true,"_links":{"self":[{"href":"https:\/\/www.historial.fr\/de\/wp-json\/wp\/v2\/pages\/4809","targetHints":{"allow":["GET"]}}],"collection":[{"href":"https:\/\/www.historial.fr\/de\/wp-json\/wp\/v2\/pages"}],"about":[{"href":"https:\/\/www.historial.fr\/de\/wp-json\/wp\/v2\/types\/page"}],"author":[{"embeddable":true,"href":"https:\/\/www.historial.fr\/de\/wp-json\/wp\/v2\/users\/4"}],"replies":[{"embeddable":true,"href":"https:\/\/www.historial.fr\/de\/wp-json\/wp\/v2\/comments?post=4809"}],"version-history":[{"count":16,"href":"https:\/\/www.historial.fr\/de\/wp-json\/wp\/v2\/pages\/4809\/revisions"}],"predecessor-version":[{"id":4832,"href":"https:\/\/www.historial.fr\/de\/wp-json\/wp\/v2\/pages\/4809\/revisions\/4832"}],"up":[{"embeddable":true,"href":"https:\/\/www.historial.fr\/de\/wp-json\/wp\/v2\/pages\/4845"}],"wp:attachment":[{"href":"https:\/\/www.historial.fr\/de\/wp-json\/wp\/v2\/media?parent=4809"}],"curies":[{"name":"wp","href":"https:\/\/api.w.org\/{rel}","templated":true}]}}