{"id":4859,"date":"2023-12-07T13:40:54","date_gmt":"2023-12-07T13:40:54","guid":{"rendered":"https:\/\/www.historial.fr\/dokumentationszentrum\/"},"modified":"2024-03-15T09:36:19","modified_gmt":"2024-03-15T09:36:19","slug":"dokumentationszentrum","status":"publish","type":"page","link":"https:\/\/www.historial.fr\/de\/ressourcen\/sammlungen-und-dokumentationen\/dokumentationszentrum\/","title":{"rendered":"Dokumentationszentrum"},"content":{"rendered":"\t\t<div data-elementor-type=\"wp-page\" data-elementor-id=\"4859\" class=\"elementor elementor-4859\">\n\t\t\t\t<div class=\"elementor-element elementor-element-32ac1bc e-flex e-con-boxed e-con e-parent\" data-id=\"32ac1bc\" data-element_type=\"container\" data-e-type=\"container\" data-settings=\"{&quot;background_background&quot;:&quot;classic&quot;}\">\n\t\t\t\t\t<div class=\"e-con-inner\">\n\t\t\t\t<div class=\"elementor-element elementor-element-4e688a6 elementor-widget__width-inherit elementor-widget elementor-widget-heading\" data-id=\"4e688a6\" data-element_type=\"widget\" data-e-type=\"widget\" data-widget_type=\"heading.default\">\n\t\t\t\t<div class=\"elementor-widget-container\">\n\t\t\t\t\t<h1 class=\"elementor-heading-title elementor-size-default\">Das Dokumentationszentrum<\/h1>\t\t\t\t<\/div>\n\t\t\t\t<\/div>\n\t\t\t\t\t<\/div>\n\t\t\t\t<\/div>\n\t\t<div class=\"elementor-element elementor-element-6552013e e-flex e-con-boxed e-con e-parent\" data-id=\"6552013e\" data-element_type=\"container\" data-e-type=\"container\">\n\t\t\t\t\t<div class=\"e-con-inner\">\n\t\t\t\t<div class=\"elementor-element elementor-element-7b25072e elementor-widget elementor-widget-text-editor\" data-id=\"7b25072e\" data-element_type=\"widget\" data-e-type=\"widget\" data-widget_type=\"text-editor.default\">\n\t\t\t\t<div class=\"elementor-widget-container\">\n\t\t\t\t\t\t\t\t\t<h3>Das Dokumentationszentrum ist nach Voranmeldung von Montag bis Freitag (9-12 Uhr \/ 14-17 Uhr) kostenlos zug\u00e4nglich und erm\u00f6glicht den Zugang zu Archivbest\u00e4nden, Fotografien, Postkarten, B\u00fcchern, Brosch\u00fcren und gebundenen Presseb\u00e4nden.<\/h3>\t\t\t\t\t\t\t\t<\/div>\n\t\t\t\t<\/div>\n\t\t\t\t\t<\/div>\n\t\t\t\t<\/div>\n\t\t<div class=\"elementor-element elementor-element-4341d86b e-flex e-con-boxed e-con e-parent\" data-id=\"4341d86b\" data-element_type=\"container\" data-e-type=\"container\">\n\t\t\t\t\t<div class=\"e-con-inner\">\n\t\t\t\t<div class=\"elementor-element elementor-element-5d4adc23 elementor-widget elementor-widget-text-editor\" data-id=\"5d4adc23\" data-element_type=\"widget\" data-e-type=\"widget\" data-widget_type=\"text-editor.default\">\n\t\t\t\t<div class=\"elementor-widget-container\">\n\t\t\t\t\t\t\t\t\t<p>Die Bibliothek des Dokumentationszentrums bietet einen internationalen Einblick in den Ersten Weltkrieg, indem sie die milit\u00e4rische, politische und kulturelle Geschichte des Zeitraums 1910-1930 darstellt, unter anderem durch:<\/p><p>&#8211; Deutsche, britische und franz\u00f6sische Nachschlagewerke<br \/>&#8211; Zeitschriften aus aller Welt (1914-1918)<br \/>&#8211; Dokumentation \u00fcber Kunstwerke und Ikonografie des Gro\u00dfen Krieges<br \/>&#8211; Thematischer Ansatz: Gedenken und Kriegerdenkm\u00e4ler, Literatur, Dichtung und Lied<br \/>&#8211; Regionalismus, Wiederaufbau, Religion&#8230;<br \/>&#8211; Technische Dokumentation und milit\u00e4rische Ausbildung, Regimentsgeschichten<br \/>&#8211; Zeugnisse von Soldaten (Korrespondenzen, Milit\u00e4rpapiere, pers\u00f6nliche Tageb\u00fccher,&#8230;)<br \/>&#8211; Diplomarbeiten und Dissertationen von Universit\u00e4ten<br \/>&#8211; Friedhofsregister der Commonwealth War Graves Commission<br \/>&#8211; Kartographie (\u201eLes Arm\u00e9es Fran\u00e7aises dans la Grande Guerre\u201c).<\/p><p>Nachfolgend finden Sie das Bestandsverzeichnis des Dokumentationszentrums. Die Werke k\u00f6nnen vor Ort nach Terminvereinbarung eingesehen werden. Keine Ausleihe m\u00f6glich.<\/p>\t\t\t\t\t\t\t\t<\/div>\n\t\t\t\t<\/div>\n\t\t\t\t\t<\/div>\n\t\t\t\t<\/div>\n\t\t<div class=\"elementor-element elementor-element-0f9ca95 e-flex e-con-boxed e-con e-parent\" data-id=\"0f9ca95\" data-element_type=\"container\" data-e-type=\"container\">\n\t\t\t\t\t<div class=\"e-con-inner\">\n\t\t<div class=\"elementor-element elementor-element-b52938e e-con-full e-flex e-con e-child\" data-id=\"b52938e\" data-element_type=\"container\" data-e-type=\"container\">\n\t\t\t\t<div class=\"elementor-element elementor-element-bf8807c elementor-align-justify elementor-widget elementor-widget-button\" data-id=\"bf8807c\" data-element_type=\"widget\" data-e-type=\"widget\" data-widget_type=\"button.default\">\n\t\t\t\t<div class=\"elementor-widget-container\">\n\t\t\t\t\t\t\t\t\t<div class=\"elementor-button-wrapper\">\n\t\t\t\t\t<a class=\"elementor-button elementor-button-link elementor-size-sm\" href=\"https:\/\/www.historial.fr\/wp-content\/uploads\/2024\/01\/Bibliotheque-Liste-des-ouvrages-2019.pdf\" target=\"_blank\">\n\t\t\t\t\t\t<span class=\"elementor-button-content-wrapper\">\n\t\t\t\t\t\t\t\t\t<span class=\"elementor-button-text\">Bibliothek Liste der Werke 2019<\/span>\n\t\t\t\t\t<\/span>\n\t\t\t\t\t<\/a>\n\t\t\t\t<\/div>\n\t\t\t\t\t\t\t\t<\/div>\n\t\t\t\t<\/div>\n\t\t\t\t<\/div>\n\t\t<div class=\"elementor-element elementor-element-774888c e-con-full e-flex e-con e-child\" data-id=\"774888c\" data-element_type=\"container\" data-e-type=\"container\">\n\t\t\t\t<div class=\"elementor-element elementor-element-375cb77 elementor-align-justify elementor-widget elementor-widget-button\" data-id=\"375cb77\" data-element_type=\"widget\" data-e-type=\"widget\" data-widget_type=\"button.default\">\n\t\t\t\t<div class=\"elementor-widget-container\">\n\t\t\t\t\t\t\t\t\t<div class=\"elementor-button-wrapper\">\n\t\t\t\t\t<a class=\"elementor-button elementor-button-link elementor-size-sm\" href=\"https:\/\/www.historial.fr\/wp-content\/uploads\/2024\/01\/Liste-theses-et-memoires.pdf\" target=\"_blank\">\n\t\t\t\t\t\t<span class=\"elementor-button-content-wrapper\">\n\t\t\t\t\t\t\t\t\t<span class=\"elementor-button-text\">Liste der Dissertationen und Diplomarbeiten <\/span>\n\t\t\t\t\t<\/span>\n\t\t\t\t\t<\/a>\n\t\t\t\t<\/div>\n\t\t\t\t\t\t\t\t<\/div>\n\t\t\t\t<\/div>\n\t\t\t\t<\/div>\n\t\t\t\t\t<\/div>\n\t\t\t\t<\/div>\n\t\t<div class=\"elementor-element elementor-element-0382169 e-flex e-con-boxed e-con e-parent\" data-id=\"0382169\" data-element_type=\"container\" data-e-type=\"container\">\n\t\t\t\t\t<div class=\"e-con-inner\">\n\t\t\t\t<div class=\"elementor-element elementor-element-346c70f elementor-widget elementor-widget-text-editor\" data-id=\"346c70f\" data-element_type=\"widget\" data-e-type=\"widget\" data-widget_type=\"text-editor.default\">\n\t\t\t\t<div class=\"elementor-widget-container\">\n\t\t\t\t\t\t\t\t\t<p>Das Inventar des Museums ist ebenfalls zug\u00e4nglich (Suche nach Thema, Titel, Autor\u2026).<\/p><p>\u00dcber 9.300 Fotografien aus den Sammlungen des Historial sind auf dem <a href=\"https:\/\/archives.somme.fr\/search\/results?q=Historial+de+la+Grande+Guerre&amp;scope=all\">Bildportal des Archives D\u00e9partementales de la Somme<\/a> zu sehen.<\/p>\t\t\t\t\t\t\t\t<\/div>\n\t\t\t\t<\/div>\n\t\t\t\t<div class=\"elementor-element elementor-element-98bf7c8 elementor-widget elementor-widget-text-editor\" data-id=\"98bf7c8\" data-element_type=\"widget\" data-e-type=\"widget\" data-widget_type=\"text-editor.default\">\n\t\t\t\t<div class=\"elementor-widget-container\">\n\t\t\t\t\t\t\t\t\t<p><strong>Termine f\u00fcr das Dokumentationszentrum k\u00f6nnen nur telefonisch vereinbart werden<\/strong> (+33 (0)3 22 83 54 19). Anfragen per E-Mail werden abgelehnt, um den reibungslosen Ablauf beim Empfang und zur Vorbereitung der Dokumente zu erm\u00f6glichen.<\/p><p>Kontakt: Tel.: +33 (0)3 22 83 54 19 F\u00fcr weitere Informationen wenden Sie sich an: <a href=\"mailto:doc@historial.org\">doc@historial.org<\/a><\/p>\t\t\t\t\t\t\t\t<\/div>\n\t\t\t\t<\/div>\n\t\t\t\t\t<\/div>\n\t\t\t\t<\/div>\n\t\t\t\t<\/div>\n\t\t","protected":false},"excerpt":{"rendered":"<p>Das Dokumentationszentrum Das Dokumentationszentrum ist nach Voranmeldung von Montag bis Freitag (9-12 Uhr \/ 14-17 Uhr) kostenlos zug\u00e4nglich und erm\u00f6glicht den Zugang zu Archivbest\u00e4nden, Fotografien, Postkarten, B\u00fcchern, Brosch\u00fcren und gebundenen [&hellip;]<\/p>\n","protected":false},"author":2,"featured_media":0,"parent":4889,"menu_order":0,"comment_status":"closed","ping_status":"closed","template":"","meta":{"_acf_changed":false,"footnotes":""},"class_list":["post-4859","page","type-page","status-publish","hentry"],"acf":[],"yoast_head":"<!-- This site is optimized with the Yoast SEO plugin v27.3 - https:\/\/yoast.com\/product\/yoast-seo-wordpress\/ -->\n<title>Dokumentationszentrum - Historial de la Grande Guerre<\/title>\n<meta name=\"robots\" content=\"index, follow, max-snippet:-1, max-image-preview:large, max-video-preview:-1\" \/>\n<link rel=\"canonical\" href=\"https:\/\/www.historial.fr\/de\/ressourcen\/sammlungen-und-dokumentationen\/dokumentationszentrum\/\" \/>\n<meta property=\"og:locale\" content=\"de_DE\" \/>\n<meta property=\"og:type\" content=\"article\" \/>\n<meta property=\"og:title\" content=\"Dokumentationszentrum - Historial de la Grande Guerre\" \/>\n<meta property=\"og:description\" content=\"Das Dokumentationszentrum Das Dokumentationszentrum ist nach Voranmeldung von Montag bis Freitag (9-12 Uhr \/ 14-17 Uhr) kostenlos zug\u00e4nglich und erm\u00f6glicht den Zugang zu Archivbest\u00e4nden, Fotografien, Postkarten, B\u00fcchern, Brosch\u00fcren und gebundenen [&hellip;]\" \/>\n<meta property=\"og:url\" content=\"https:\/\/www.historial.fr\/de\/ressourcen\/sammlungen-und-dokumentationen\/dokumentationszentrum\/\" \/>\n<meta property=\"og:site_name\" content=\"Historial de la Grande Guerre\" \/>\n<meta property=\"article:modified_time\" content=\"2024-03-15T09:36:19+00:00\" \/>\n<meta name=\"twitter:card\" content=\"summary_large_image\" \/>\n<meta name=\"twitter:label1\" content=\"Gesch\u00e4tzte Lesezeit\" \/>\n\t<meta name=\"twitter:data1\" content=\"2\u00a0Minuten\" \/>\n<script type=\"application\/ld+json\" class=\"yoast-schema-graph\">{\"@context\":\"https:\\\/\\\/schema.org\",\"@graph\":[{\"@type\":\"WebPage\",\"@id\":\"https:\\\/\\\/www.historial.fr\\\/de\\\/ressourcen\\\/sammlungen-und-dokumentationen\\\/dokumentationszentrum\\\/\",\"url\":\"https:\\\/\\\/www.historial.fr\\\/de\\\/ressourcen\\\/sammlungen-und-dokumentationen\\\/dokumentationszentrum\\\/\",\"name\":\"Dokumentationszentrum - Historial de la Grande Guerre\",\"isPartOf\":{\"@id\":\"https:\\\/\\\/www.historial.fr\\\/#website\"},\"datePublished\":\"2023-12-07T13:40:54+00:00\",\"dateModified\":\"2024-03-15T09:36:19+00:00\",\"breadcrumb\":{\"@id\":\"https:\\\/\\\/www.historial.fr\\\/de\\\/ressourcen\\\/sammlungen-und-dokumentationen\\\/dokumentationszentrum\\\/#breadcrumb\"},\"inLanguage\":\"de\",\"potentialAction\":[{\"@type\":\"ReadAction\",\"target\":[\"https:\\\/\\\/www.historial.fr\\\/de\\\/ressourcen\\\/sammlungen-und-dokumentationen\\\/dokumentationszentrum\\\/\"]}]},{\"@type\":\"BreadcrumbList\",\"@id\":\"https:\\\/\\\/www.historial.fr\\\/de\\\/ressourcen\\\/sammlungen-und-dokumentationen\\\/dokumentationszentrum\\\/#breadcrumb\",\"itemListElement\":[{\"@type\":\"ListItem\",\"position\":1,\"name\":\"Accueil\",\"item\":\"https:\\\/\\\/www.historial.fr\\\/de\\\/\"},{\"@type\":\"ListItem\",\"position\":2,\"name\":\"Ressourcen\",\"item\":\"https:\\\/\\\/www.historial.fr\\\/de\\\/ressourcen\\\/\"},{\"@type\":\"ListItem\",\"position\":3,\"name\":\"Sammlungen und Dokumentationen\",\"item\":\"https:\\\/\\\/www.historial.fr\\\/de\\\/ressourcen\\\/sammlungen-und-dokumentationen\\\/\"},{\"@type\":\"ListItem\",\"position\":4,\"name\":\"Dokumentationszentrum\"}]},{\"@type\":\"WebSite\",\"@id\":\"https:\\\/\\\/www.historial.fr\\\/#website\",\"url\":\"https:\\\/\\\/www.historial.fr\\\/\",\"name\":\"Historial de la Grande Guerre\",\"description\":\"Mus\u00e9e de la Premi\u00e8re Guerre Mondiale\",\"potentialAction\":[{\"@type\":\"SearchAction\",\"target\":{\"@type\":\"EntryPoint\",\"urlTemplate\":\"https:\\\/\\\/www.historial.fr\\\/?s={search_term_string}\"},\"query-input\":{\"@type\":\"PropertyValueSpecification\",\"valueRequired\":true,\"valueName\":\"search_term_string\"}}],\"inLanguage\":\"de\"}]}<\/script>\n<!-- \/ Yoast SEO plugin. -->","yoast_head_json":{"title":"Dokumentationszentrum - Historial de la Grande Guerre","robots":{"index":"index","follow":"follow","max-snippet":"max-snippet:-1","max-image-preview":"max-image-preview:large","max-video-preview":"max-video-preview:-1"},"canonical":"https:\/\/www.historial.fr\/de\/ressourcen\/sammlungen-und-dokumentationen\/dokumentationszentrum\/","og_locale":"de_DE","og_type":"article","og_title":"Dokumentationszentrum - Historial de la Grande Guerre","og_description":"Das Dokumentationszentrum Das Dokumentationszentrum ist nach Voranmeldung von Montag bis Freitag (9-12 Uhr \/ 14-17 Uhr) kostenlos zug\u00e4nglich und erm\u00f6glicht den Zugang zu Archivbest\u00e4nden, Fotografien, Postkarten, B\u00fcchern, Brosch\u00fcren und gebundenen [&hellip;]","og_url":"https:\/\/www.historial.fr\/de\/ressourcen\/sammlungen-und-dokumentationen\/dokumentationszentrum\/","og_site_name":"Historial de la Grande Guerre","article_modified_time":"2024-03-15T09:36:19+00:00","twitter_card":"summary_large_image","twitter_misc":{"Gesch\u00e4tzte Lesezeit":"2\u00a0Minuten"},"schema":{"@context":"https:\/\/schema.org","@graph":[{"@type":"WebPage","@id":"https:\/\/www.historial.fr\/de\/ressourcen\/sammlungen-und-dokumentationen\/dokumentationszentrum\/","url":"https:\/\/www.historial.fr\/de\/ressourcen\/sammlungen-und-dokumentationen\/dokumentationszentrum\/","name":"Dokumentationszentrum - Historial de la Grande Guerre","isPartOf":{"@id":"https:\/\/www.historial.fr\/#website"},"datePublished":"2023-12-07T13:40:54+00:00","dateModified":"2024-03-15T09:36:19+00:00","breadcrumb":{"@id":"https:\/\/www.historial.fr\/de\/ressourcen\/sammlungen-und-dokumentationen\/dokumentationszentrum\/#breadcrumb"},"inLanguage":"de","potentialAction":[{"@type":"ReadAction","target":["https:\/\/www.historial.fr\/de\/ressourcen\/sammlungen-und-dokumentationen\/dokumentationszentrum\/"]}]},{"@type":"BreadcrumbList","@id":"https:\/\/www.historial.fr\/de\/ressourcen\/sammlungen-und-dokumentationen\/dokumentationszentrum\/#breadcrumb","itemListElement":[{"@type":"ListItem","position":1,"name":"Accueil","item":"https:\/\/www.historial.fr\/de\/"},{"@type":"ListItem","position":2,"name":"Ressourcen","item":"https:\/\/www.historial.fr\/de\/ressourcen\/"},{"@type":"ListItem","position":3,"name":"Sammlungen und Dokumentationen","item":"https:\/\/www.historial.fr\/de\/ressourcen\/sammlungen-und-dokumentationen\/"},{"@type":"ListItem","position":4,"name":"Dokumentationszentrum"}]},{"@type":"WebSite","@id":"https:\/\/www.historial.fr\/#website","url":"https:\/\/www.historial.fr\/","name":"Historial de la Grande Guerre","description":"Mus\u00e9e de la Premi\u00e8re Guerre Mondiale","potentialAction":[{"@type":"SearchAction","target":{"@type":"EntryPoint","urlTemplate":"https:\/\/www.historial.fr\/?s={search_term_string}"},"query-input":{"@type":"PropertyValueSpecification","valueRequired":true,"valueName":"search_term_string"}}],"inLanguage":"de"}]}},"jetpack_sharing_enabled":true,"_links":{"self":[{"href":"https:\/\/www.historial.fr\/de\/wp-json\/wp\/v2\/pages\/4859","targetHints":{"allow":["GET"]}}],"collection":[{"href":"https:\/\/www.historial.fr\/de\/wp-json\/wp\/v2\/pages"}],"about":[{"href":"https:\/\/www.historial.fr\/de\/wp-json\/wp\/v2\/types\/page"}],"author":[{"embeddable":true,"href":"https:\/\/www.historial.fr\/de\/wp-json\/wp\/v2\/users\/2"}],"replies":[{"embeddable":true,"href":"https:\/\/www.historial.fr\/de\/wp-json\/wp\/v2\/comments?post=4859"}],"version-history":[{"count":29,"href":"https:\/\/www.historial.fr\/de\/wp-json\/wp\/v2\/pages\/4859\/revisions"}],"predecessor-version":[{"id":4993,"href":"https:\/\/www.historial.fr\/de\/wp-json\/wp\/v2\/pages\/4859\/revisions\/4993"}],"up":[{"embeddable":true,"href":"https:\/\/www.historial.fr\/de\/wp-json\/wp\/v2\/pages\/4889"}],"wp:attachment":[{"href":"https:\/\/www.historial.fr\/de\/wp-json\/wp\/v2\/media?parent=4859"}],"curies":[{"name":"wp","href":"https:\/\/api.w.org\/{rel}","templated":true}]}}