{"id":4930,"date":"2023-12-18T14:27:01","date_gmt":"2023-12-18T14:27:01","guid":{"rendered":"https:\/\/www.historial.fr\/otto-dix\/"},"modified":"2024-03-15T09:08:26","modified_gmt":"2024-03-15T09:08:26","slug":"otto-dix","status":"publish","type":"page","link":"https:\/\/www.historial.fr\/de\/praesentation-der-sammlung\/otto-dix\/","title":{"rendered":"Otto Dix"},"content":{"rendered":"\t\t<div data-elementor-type=\"wp-page\" data-elementor-id=\"4930\" class=\"elementor elementor-4930 elementor-1844\">\n\t\t\t\t<div class=\"elementor-element elementor-element-29b63b3c e-flex e-con-boxed e-con e-parent\" data-id=\"29b63b3c\" data-element_type=\"container\" data-e-type=\"container\" data-settings=\"{&quot;background_background&quot;:&quot;classic&quot;}\">\n\t\t\t\t\t<div class=\"e-con-inner\">\n\t\t\t\t<div class=\"elementor-element elementor-element-5a0bb8d1 elementor-widget__width-inherit elementor-widget elementor-widget-heading\" data-id=\"5a0bb8d1\" data-element_type=\"widget\" data-e-type=\"widget\" data-widget_type=\"heading.default\">\n\t\t\t\t<div class=\"elementor-widget-container\">\n\t\t\t\t\t<h1 class=\"elementor-heading-title elementor-size-default\">Otto Dix<\/h1>\t\t\t\t<\/div>\n\t\t\t\t<\/div>\n\t\t\t\t\t<\/div>\n\t\t\t\t<\/div>\n\t\t<div class=\"elementor-element elementor-element-615a6178 e-flex e-con-boxed e-con e-parent\" data-id=\"615a6178\" data-element_type=\"container\" data-e-type=\"container\">\n\t\t\t\t\t<div class=\"e-con-inner\">\n\t\t\t\t<div class=\"elementor-element elementor-element-5a0e3c53 elementor-widget elementor-widget-text-editor\" data-id=\"5a0e3c53\" data-element_type=\"widget\" data-e-type=\"widget\" data-widget_type=\"text-editor.default\">\n\t\t\t\t<div class=\"elementor-widget-container\">\n\t\t\t\t\t\t\t\t\t<h3>Im Jahr 1914 meldete sich Otto Dix, ein Student der D\u00fcsseldorfer Kunstakademie, im Alter von 24 Jahren freiwillig an die Westfront.<br \/>Der Meister des deutschen Expressionismus schuf zwischen 1920 und 1924 unter dem Einfluss von Grosz ein Werk, das seinen Antimilitarismus und seinen Hass auf den Krieg in einer gewaltigen und bewegenden Art erz\u00e4hlt.<\/h3>\t\t\t\t\t\t\t\t<\/div>\n\t\t\t\t<\/div>\n\t\t\t\t\t<\/div>\n\t\t\t\t<\/div>\n\t\t<div class=\"elementor-element elementor-element-a43d21b e-flex e-con-boxed e-con e-parent\" data-id=\"a43d21b\" data-element_type=\"container\" data-e-type=\"container\">\n\t\t\t\t\t<div class=\"e-con-inner\">\n\t\t\t\t<div class=\"elementor-element elementor-element-cd4160c elementor-widget elementor-widget-text-editor\" data-id=\"cd4160c\" data-element_type=\"widget\" data-e-type=\"widget\" data-widget_type=\"text-editor.default\">\n\t\t\t\t<div class=\"elementor-widget-container\">\n\t\t\t\t\t\t\t\t\t<p>Die 50 Radierungen, die im Historial zu sehen sind, sind in einer der wenigen vollst\u00e4ndigen Sammlungen der Serie <em>Der Krieg<\/em> zusammengefasst. Fast alle Mappen mit den 70 Zeichnungen, die 1924 von Karl Nierendorf in Berlin herausgegeben wurden, fielen unter dem Vorwurf der \u201eWehrsabotage\u201c dem Nazi-Regime zum Opfer.<\/p><p>Im Jahr 2021 erwarb das Historial die 51. Radierung \u201eSoldat und Nonne, Vergewaltigung\u201c! Das Werk war als Teil der Serie <em>Der Krieg<\/em> geplant, wurde aber vom Verleger aufgrund des transgressiven Charakters der dargestellten Szene zur\u00fcckgezogen. <span style=\"text-decoration: line-through;\"><br \/><\/span>Die Thematik dieser 51. Radierung war tabu: eine Szene, in der ein deutscher Soldat eine Nonne vergewaltigt, die an ihrer Fl\u00fcgelhaube gut erkennbar ist. Dix wollte damit an die sexuellen Misshandlungen w\u00e4hrend des Konflikts erinnern.<\/p><p>Dank dieses Erwerbs ist das Historial de la Grande Guerre das einzige Museum der Welt, das die Serie Der Krieg in ihrer Gesamtheit ausstellen kann. (Die 51. Radierung ist im Schubladenschrank im Otto-Dix-Saal ausgestellt).<\/p>\t\t\t\t\t\t\t\t<\/div>\n\t\t\t\t<\/div>\n\t\t\t\t\t<\/div>\n\t\t\t\t<\/div>\n\t\t<div class=\"elementor-element elementor-element-4d11123 e-flex e-con-boxed e-con e-parent\" data-id=\"4d11123\" data-element_type=\"container\" data-e-type=\"container\">\n\t\t\t\t\t<div class=\"e-con-inner\">\n\t\t<div class=\"elementor-element elementor-element-4223784 e-con-full e-flex e-con e-child\" data-id=\"4223784\" data-element_type=\"container\" data-e-type=\"container\">\n\t\t\t\t<div class=\"elementor-element elementor-element-8353476 elementor-widget elementor-widget-image\" data-id=\"8353476\" data-element_type=\"widget\" data-e-type=\"widget\" data-widget_type=\"image.default\">\n\t\t\t\t<div class=\"elementor-widget-container\">\n\t\t\t\t\t\t\t\t\t\t\t\t\t\t\t<img fetchpriority=\"high\" decoding=\"async\" width=\"2000\" height=\"1333\" src=\"https:\/\/www.historial.fr\/wp-content\/uploads\/2023\/12\/HGG-otto-Dix-.jpg\" class=\"attachment-full size-full wp-image-1854\" alt=\"\" srcset=\"https:\/\/www.historial.fr\/wp-content\/uploads\/2023\/12\/HGG-otto-Dix-.jpg 2000w, https:\/\/www.historial.fr\/wp-content\/uploads\/2023\/12\/HGG-otto-Dix--300x200.jpg 300w, https:\/\/www.historial.fr\/wp-content\/uploads\/2023\/12\/HGG-otto-Dix--1024x682.jpg 1024w, https:\/\/www.historial.fr\/wp-content\/uploads\/2023\/12\/HGG-otto-Dix--768x512.jpg 768w, https:\/\/www.historial.fr\/wp-content\/uploads\/2023\/12\/HGG-otto-Dix--1536x1024.jpg 1536w\" sizes=\"(max-width: 2000px) 100vw, 2000px\" \/>\t\t\t\t\t\t\t\t\t\t\t\t\t\t\t<\/div>\n\t\t\t\t<\/div>\n\t\t\t\t<\/div>\n\t\t\t\t\t<\/div>\n\t\t\t\t<\/div>\n\t\t<div class=\"elementor-element elementor-element-52943d7 e-flex e-con-boxed e-con e-parent\" data-id=\"52943d7\" data-element_type=\"container\" data-e-type=\"container\">\n\t\t\t\t\t<div class=\"e-con-inner\">\n\t\t\t\t<div class=\"elementor-element elementor-element-2df948a elementor-widget elementor-widget-heading\" data-id=\"2df948a\" data-element_type=\"widget\" data-e-type=\"widget\" data-widget_type=\"heading.default\">\n\t\t\t\t<div class=\"elementor-widget-container\">\n\t\t\t\t\t<h1 class=\"elementor-heading-title elementor-size-default\">Der Krieg<\/h1>\t\t\t\t<\/div>\n\t\t\t\t<\/div>\n\t\t\t\t\t<\/div>\n\t\t\t\t<\/div>\n\t\t<div class=\"elementor-element elementor-element-0ba14d5 e-flex e-con-boxed e-con e-parent\" data-id=\"0ba14d5\" data-element_type=\"container\" data-e-type=\"container\">\n\t\t\t\t\t<div class=\"e-con-inner\">\n\t\t\t\t<div class=\"elementor-element elementor-element-b8b1926 elementor-widget elementor-widget-text-editor\" data-id=\"b8b1926\" data-element_type=\"widget\" data-e-type=\"widget\" data-widget_type=\"text-editor.default\">\n\t\t\t\t<div class=\"elementor-widget-container\">\n\t\t\t\t\t\t\t\t\t<h3>Das Werk Der Krieg erinnert auf au\u00dfergew\u00f6hnliche Weise an die tragischen Realit\u00e4ten des Ersten Weltkriegs, gesehen von der deutschen Seite, d. h. ohne jegliche Unterscheidungsmerkmale der Feinde. Otto Dix wollte unbedingt das Leiden, die Verletzungen und den Tod der Soldaten aus seinem Lager zeigen, zu einer Zeit, in der er ahnte, dass der Aufstieg des Nationalsozialismus einen neuen Konflikt heraufbeschw\u00f6ren k\u00f6nnte.<\/h3>\t\t\t\t\t\t\t\t<\/div>\n\t\t\t\t<\/div>\n\t\t\t\t\t<\/div>\n\t\t\t\t<\/div>\n\t\t<div class=\"elementor-element elementor-element-72cebd5 e-flex e-con-boxed e-con e-parent\" data-id=\"72cebd5\" data-element_type=\"container\" data-e-type=\"container\">\n\t\t\t\t\t<div class=\"e-con-inner\">\n\t\t\t\t<div class=\"elementor-element elementor-element-009c1e9 elementor-widget elementor-widget-text-editor\" data-id=\"009c1e9\" data-element_type=\"widget\" data-e-type=\"widget\" data-widget_type=\"text-editor.default\">\n\t\t\t\t<div class=\"elementor-widget-container\">\n\t\t\t\t\t\t\t\t\t<p>Dieser Zyklus, der deutliche Parallelen zu Goyas \u201eSchrecken des Krieges\u201c aufweist, ist ein Versuch von Otto Dix, seine furchtbaren Kriegserlebnisse zu verarbeiten. \u201eTatsache ist, dass, auch wenn man noch jung ist, man nicht einsch\u00e4tzen kann, welch einen tiefen Schock diese Erlebnisse ausl\u00f6sen. Zehn lange Jahre habe ich getr\u00e4umt, ich w\u00fcrde durch H\u00e4userruinen oder Flure kriechen, die kaum Platz lie\u00dfen, sich dort zu bewegen. Die Ruinen waren in meinen Tr\u00e4umen immer pr\u00e4sent.\u201c<\/p><p>Die Radierungen sind eine Chronik des allt\u00e4glichen Horrors. Die Themen der Zerst\u00f6rung, Deformation und Verst\u00fcmmelung des menschlichen K\u00f6rpers tauchen aus einem vorherrschenden Helldunkel in einer apokalyptischen Vision auf. Die meisten Szenen beschreiben bildlich die Allgegenw\u00e4rtigkeit des Todes, die an der Somme und in der Picardie herrschte, wo Otto Dix k\u00e4mpfte.<\/p><p>Otto Dix zeigte keinen Respekt vor den K\u00e4mpfern, seinen ehemaligen Kameraden. Er will keine Helden glorifizieren, sondern er zeigt die wilde Zerst\u00f6rungswut, die sich im Krieg entladen hat. Der K\u00fcnstler h\u00f6rte nie auf, die Zerst\u00f6rungsmacht des Krieges und die daraus folgenden Konsequenzen f\u00fcr Mensch, Natur und Nation hervorzuheben. 1933 musste er unter dem Naziregime seine Professur an der Akademie in Dresden aufgeben und seine Werke wurden in der Ausstellung \u201e<em>Entartete Kunst<\/em>\u201d gezeigt. Otto Dix lie\u00df sich in Hegau, Baden-W\u00fcrttemberg, und ab 1936 in Hemmenhofen am Bodensee nieder und widmete sich fortan religi\u00f6sen Themen.<\/p>\t\t\t\t\t\t\t\t<\/div>\n\t\t\t\t<\/div>\n\t\t\t\t\t<\/div>\n\t\t\t\t<\/div>\n\t\t<div class=\"elementor-element elementor-element-6dff8c5 e-flex e-con-boxed e-con e-parent\" data-id=\"6dff8c5\" data-element_type=\"container\" data-e-type=\"container\">\n\t\t\t\t\t<div class=\"e-con-inner\">\n\t\t\t\t<div class=\"elementor-element elementor-element-151b7fd elementor-widget elementor-widget-text-editor\" data-id=\"151b7fd\" data-element_type=\"widget\" data-e-type=\"widget\" data-widget_type=\"text-editor.default\">\n\t\t\t\t<div class=\"elementor-widget-container\">\n\t\t\t\t\t\t\t\t\t<h2>Weiterf\u00fchrende Informationen :<\/h2><p><a href=\"https:\/\/www.librairie-gallimard.com\/livre\/9782070105960-la-guerre-otto-dix\/\"><strong>&#8211; Gallimard-Katalog: Der Krieg<\/strong><\/a><\/p><p>In diesem gro\u00dfartigen Werk, das von den Editions Gallimard herausgegeben und vom Historial de la Grande Guerre produziert wurde, finden Sie alle 50 Radierungen zusammen mit Kommentaren. <br \/>Erh\u00e4ltlich im Museumsshop des Historial in P\u00e9ronne. Preis: 24\u00a0Euro.<br \/><br \/>&#8211; Heft des Historial Nr. 4 \u201eOtto Dix, les morsures de la guerre\u201c<br \/>Erh\u00e4ltlich in der Boutique zum Preis von 2\u00a0\u20ac.<\/p>\t\t\t\t\t\t\t\t<\/div>\n\t\t\t\t<\/div>\n\t\t\t\t\t<\/div>\n\t\t\t\t<\/div>\n\t\t\t\t<\/div>\n\t\t","protected":false},"excerpt":{"rendered":"<p>Otto Dix Im Jahr 1914 meldete sich Otto Dix, ein Student der D\u00fcsseldorfer Kunstakademie, im Alter von 24 Jahren freiwillig an die Westfront.Der Meister des deutschen Expressionismus schuf zwischen 1920 [&hellip;]<\/p>\n","protected":false},"author":3,"featured_media":0,"parent":4948,"menu_order":0,"comment_status":"closed","ping_status":"closed","template":"","meta":{"_acf_changed":false,"footnotes":""},"class_list":["post-4930","page","type-page","status-publish","hentry"],"acf":[],"yoast_head":"<!-- This site is optimized with the Yoast SEO plugin v27.4 - https:\/\/yoast.com\/product\/yoast-seo-wordpress\/ -->\n<title>Otto Dix - Historial de la Grande Guerre<\/title>\n<meta name=\"robots\" content=\"index, follow, max-snippet:-1, max-image-preview:large, max-video-preview:-1\" \/>\n<link rel=\"canonical\" href=\"https:\/\/www.historial.fr\/de\/praesentation-der-sammlung\/otto-dix\/\" \/>\n<meta property=\"og:locale\" content=\"de_DE\" \/>\n<meta property=\"og:type\" content=\"article\" \/>\n<meta property=\"og:title\" content=\"Otto Dix - Historial de la Grande Guerre\" \/>\n<meta property=\"og:description\" content=\"Otto Dix Im Jahr 1914 meldete sich Otto Dix, ein Student der D\u00fcsseldorfer Kunstakademie, im Alter von 24 Jahren freiwillig an die Westfront.Der Meister des deutschen Expressionismus schuf zwischen 1920 [&hellip;]\" \/>\n<meta property=\"og:url\" content=\"https:\/\/www.historial.fr\/de\/praesentation-der-sammlung\/otto-dix\/\" \/>\n<meta property=\"og:site_name\" content=\"Historial de la Grande Guerre\" \/>\n<meta property=\"article:modified_time\" content=\"2024-03-15T09:08:26+00:00\" \/>\n<meta property=\"og:image\" content=\"https:\/\/www.historial.fr\/wp-content\/uploads\/2023\/12\/HGG-otto-Dix-.jpg\" \/>\n<meta name=\"twitter:card\" content=\"summary_large_image\" \/>\n<meta name=\"twitter:label1\" content=\"Gesch\u00e4tzte Lesezeit\" \/>\n\t<meta name=\"twitter:data1\" content=\"4\u00a0Minuten\" \/>\n<script type=\"application\/ld+json\" class=\"yoast-schema-graph\">{\"@context\":\"https:\\\/\\\/schema.org\",\"@graph\":[{\"@type\":\"WebPage\",\"@id\":\"https:\\\/\\\/www.historial.fr\\\/de\\\/praesentation-der-sammlung\\\/otto-dix\\\/\",\"url\":\"https:\\\/\\\/www.historial.fr\\\/de\\\/praesentation-der-sammlung\\\/otto-dix\\\/\",\"name\":\"Otto Dix - Historial de la Grande Guerre\",\"isPartOf\":{\"@id\":\"https:\\\/\\\/www.historial.fr\\\/#website\"},\"primaryImageOfPage\":{\"@id\":\"https:\\\/\\\/www.historial.fr\\\/de\\\/praesentation-der-sammlung\\\/otto-dix\\\/#primaryimage\"},\"image\":{\"@id\":\"https:\\\/\\\/www.historial.fr\\\/de\\\/praesentation-der-sammlung\\\/otto-dix\\\/#primaryimage\"},\"thumbnailUrl\":\"https:\\\/\\\/www.historial.fr\\\/wp-content\\\/uploads\\\/2023\\\/12\\\/HGG-otto-Dix-.jpg\",\"datePublished\":\"2023-12-18T14:27:01+00:00\",\"dateModified\":\"2024-03-15T09:08:26+00:00\",\"breadcrumb\":{\"@id\":\"https:\\\/\\\/www.historial.fr\\\/de\\\/praesentation-der-sammlung\\\/otto-dix\\\/#breadcrumb\"},\"inLanguage\":\"de\",\"potentialAction\":[{\"@type\":\"ReadAction\",\"target\":[\"https:\\\/\\\/www.historial.fr\\\/de\\\/praesentation-der-sammlung\\\/otto-dix\\\/\"]}]},{\"@type\":\"ImageObject\",\"inLanguage\":\"de\",\"@id\":\"https:\\\/\\\/www.historial.fr\\\/de\\\/praesentation-der-sammlung\\\/otto-dix\\\/#primaryimage\",\"url\":\"https:\\\/\\\/www.historial.fr\\\/wp-content\\\/uploads\\\/2023\\\/12\\\/HGG-otto-Dix-.jpg\",\"contentUrl\":\"https:\\\/\\\/www.historial.fr\\\/wp-content\\\/uploads\\\/2023\\\/12\\\/HGG-otto-Dix-.jpg\"},{\"@type\":\"BreadcrumbList\",\"@id\":\"https:\\\/\\\/www.historial.fr\\\/de\\\/praesentation-der-sammlung\\\/otto-dix\\\/#breadcrumb\",\"itemListElement\":[{\"@type\":\"ListItem\",\"position\":1,\"name\":\"Accueil\",\"item\":\"https:\\\/\\\/www.historial.fr\\\/de\\\/\"},{\"@type\":\"ListItem\",\"position\":2,\"name\":\"Pr\u00e4sentation der Sammlung\",\"item\":\"https:\\\/\\\/www.historial.fr\\\/de\\\/praesentation-der-sammlung\\\/\"},{\"@type\":\"ListItem\",\"position\":3,\"name\":\"Otto Dix\"}]},{\"@type\":\"WebSite\",\"@id\":\"https:\\\/\\\/www.historial.fr\\\/#website\",\"url\":\"https:\\\/\\\/www.historial.fr\\\/\",\"name\":\"Historial de la Grande Guerre\",\"description\":\"Mus\u00e9e de la Premi\u00e8re Guerre Mondiale\",\"potentialAction\":[{\"@type\":\"SearchAction\",\"target\":{\"@type\":\"EntryPoint\",\"urlTemplate\":\"https:\\\/\\\/www.historial.fr\\\/?s={search_term_string}\"},\"query-input\":{\"@type\":\"PropertyValueSpecification\",\"valueRequired\":true,\"valueName\":\"search_term_string\"}}],\"inLanguage\":\"de\"}]}<\/script>\n<!-- \/ Yoast SEO plugin. -->","yoast_head_json":{"title":"Otto Dix - Historial de la Grande Guerre","robots":{"index":"index","follow":"follow","max-snippet":"max-snippet:-1","max-image-preview":"max-image-preview:large","max-video-preview":"max-video-preview:-1"},"canonical":"https:\/\/www.historial.fr\/de\/praesentation-der-sammlung\/otto-dix\/","og_locale":"de_DE","og_type":"article","og_title":"Otto Dix - Historial de la Grande Guerre","og_description":"Otto Dix Im Jahr 1914 meldete sich Otto Dix, ein Student der D\u00fcsseldorfer Kunstakademie, im Alter von 24 Jahren freiwillig an die Westfront.Der Meister des deutschen Expressionismus schuf zwischen 1920 [&hellip;]","og_url":"https:\/\/www.historial.fr\/de\/praesentation-der-sammlung\/otto-dix\/","og_site_name":"Historial de la Grande Guerre","article_modified_time":"2024-03-15T09:08:26+00:00","og_image":[{"url":"https:\/\/www.historial.fr\/wp-content\/uploads\/2023\/12\/HGG-otto-Dix-.jpg","type":"","width":"","height":""}],"twitter_card":"summary_large_image","twitter_misc":{"Gesch\u00e4tzte Lesezeit":"4\u00a0Minuten"},"schema":{"@context":"https:\/\/schema.org","@graph":[{"@type":"WebPage","@id":"https:\/\/www.historial.fr\/de\/praesentation-der-sammlung\/otto-dix\/","url":"https:\/\/www.historial.fr\/de\/praesentation-der-sammlung\/otto-dix\/","name":"Otto Dix - Historial de la Grande Guerre","isPartOf":{"@id":"https:\/\/www.historial.fr\/#website"},"primaryImageOfPage":{"@id":"https:\/\/www.historial.fr\/de\/praesentation-der-sammlung\/otto-dix\/#primaryimage"},"image":{"@id":"https:\/\/www.historial.fr\/de\/praesentation-der-sammlung\/otto-dix\/#primaryimage"},"thumbnailUrl":"https:\/\/www.historial.fr\/wp-content\/uploads\/2023\/12\/HGG-otto-Dix-.jpg","datePublished":"2023-12-18T14:27:01+00:00","dateModified":"2024-03-15T09:08:26+00:00","breadcrumb":{"@id":"https:\/\/www.historial.fr\/de\/praesentation-der-sammlung\/otto-dix\/#breadcrumb"},"inLanguage":"de","potentialAction":[{"@type":"ReadAction","target":["https:\/\/www.historial.fr\/de\/praesentation-der-sammlung\/otto-dix\/"]}]},{"@type":"ImageObject","inLanguage":"de","@id":"https:\/\/www.historial.fr\/de\/praesentation-der-sammlung\/otto-dix\/#primaryimage","url":"https:\/\/www.historial.fr\/wp-content\/uploads\/2023\/12\/HGG-otto-Dix-.jpg","contentUrl":"https:\/\/www.historial.fr\/wp-content\/uploads\/2023\/12\/HGG-otto-Dix-.jpg"},{"@type":"BreadcrumbList","@id":"https:\/\/www.historial.fr\/de\/praesentation-der-sammlung\/otto-dix\/#breadcrumb","itemListElement":[{"@type":"ListItem","position":1,"name":"Accueil","item":"https:\/\/www.historial.fr\/de\/"},{"@type":"ListItem","position":2,"name":"Pr\u00e4sentation der Sammlung","item":"https:\/\/www.historial.fr\/de\/praesentation-der-sammlung\/"},{"@type":"ListItem","position":3,"name":"Otto Dix"}]},{"@type":"WebSite","@id":"https:\/\/www.historial.fr\/#website","url":"https:\/\/www.historial.fr\/","name":"Historial de la Grande Guerre","description":"Mus\u00e9e de la Premi\u00e8re Guerre Mondiale","potentialAction":[{"@type":"SearchAction","target":{"@type":"EntryPoint","urlTemplate":"https:\/\/www.historial.fr\/?s={search_term_string}"},"query-input":{"@type":"PropertyValueSpecification","valueRequired":true,"valueName":"search_term_string"}}],"inLanguage":"de"}]}},"jetpack_sharing_enabled":true,"_links":{"self":[{"href":"https:\/\/www.historial.fr\/de\/wp-json\/wp\/v2\/pages\/4930","targetHints":{"allow":["GET"]}}],"collection":[{"href":"https:\/\/www.historial.fr\/de\/wp-json\/wp\/v2\/pages"}],"about":[{"href":"https:\/\/www.historial.fr\/de\/wp-json\/wp\/v2\/types\/page"}],"author":[{"embeddable":true,"href":"https:\/\/www.historial.fr\/de\/wp-json\/wp\/v2\/users\/3"}],"replies":[{"embeddable":true,"href":"https:\/\/www.historial.fr\/de\/wp-json\/wp\/v2\/comments?post=4930"}],"version-history":[{"count":16,"href":"https:\/\/www.historial.fr\/de\/wp-json\/wp\/v2\/pages\/4930\/revisions"}],"predecessor-version":[{"id":4947,"href":"https:\/\/www.historial.fr\/de\/wp-json\/wp\/v2\/pages\/4930\/revisions\/4947"}],"up":[{"embeddable":true,"href":"https:\/\/www.historial.fr\/de\/wp-json\/wp\/v2\/pages\/4948"}],"wp:attachment":[{"href":"https:\/\/www.historial.fr\/de\/wp-json\/wp\/v2\/media?parent=4930"}],"curies":[{"name":"wp","href":"https:\/\/api.w.org\/{rel}","templated":true}]}}