{"id":4948,"date":"2023-12-18T14:37:55","date_gmt":"2023-12-18T14:37:55","guid":{"rendered":"https:\/\/www.historial.fr\/ueberblick-ueber-die-sammlung\/"},"modified":"2024-03-15T09:28:16","modified_gmt":"2024-03-15T09:28:16","slug":"praesentation-der-sammlung","status":"publish","type":"page","link":"https:\/\/www.historial.fr\/de\/praesentation-der-sammlung\/","title":{"rendered":"Pr\u00e4sentation der Sammlung"},"content":{"rendered":"\t\t<div data-elementor-type=\"wp-page\" data-elementor-id=\"4948\" class=\"elementor elementor-4948 elementor-1864\">\n\t\t\t\t<div class=\"elementor-element elementor-element-39e900f7 e-flex e-con-boxed e-con e-parent\" data-id=\"39e900f7\" data-element_type=\"container\" data-e-type=\"container\" data-settings=\"{&quot;background_background&quot;:&quot;classic&quot;}\">\n\t\t\t\t\t<div class=\"e-con-inner\">\n\t\t\t\t<div class=\"elementor-element elementor-element-27cd99a3 elementor-widget__width-inherit elementor-widget elementor-widget-heading\" data-id=\"27cd99a3\" data-element_type=\"widget\" data-e-type=\"widget\" data-widget_type=\"heading.default\">\n\t\t\t\t<div class=\"elementor-widget-container\">\n\t\t\t\t\t<h1 class=\"elementor-heading-title elementor-size-default\">Pr\u00e4sentation der Sammlung<\/h1>\t\t\t\t<\/div>\n\t\t\t\t<\/div>\n\t\t\t\t\t<\/div>\n\t\t\t\t<\/div>\n\t\t<div class=\"elementor-element elementor-element-7bd12cfc e-flex e-con-boxed e-con e-parent\" data-id=\"7bd12cfc\" data-element_type=\"container\" data-e-type=\"container\">\n\t\t\t\t\t<div class=\"e-con-inner\">\n\t\t\t\t<div class=\"elementor-element elementor-element-4cf7725f elementor-widget elementor-widget-text-editor\" data-id=\"4cf7725f\" data-element_type=\"widget\" data-e-type=\"widget\" data-widget_type=\"text-editor.default\">\n\t\t\t\t<div class=\"elementor-widget-container\">\n\t\t\t\t\t\t\t\t\t<h3>Diese pers\u00f6nlichen und kollektiven Erinnerungsst\u00fccke sind erstaunliche, ungew\u00f6hnliche und manchmal etwas l\u00e4cherliche Zeugnisse, die den Untergang der alten Welt und die Geburt des 20. Jahrhunderts durch einen kulturellen, sozialen und milit\u00e4rischen Einblick darstellen.<\/h3>\t\t\t\t\t\t\t\t<\/div>\n\t\t\t\t<\/div>\n\t\t\t\t<div class=\"elementor-element elementor-element-5222bac3 elementor-widget elementor-widget-text-editor\" data-id=\"5222bac3\" data-element_type=\"widget\" data-e-type=\"widget\" data-widget_type=\"text-editor.default\">\n\t\t\t\t<div class=\"elementor-widget-container\">\n\t\t\t\t\t\t\t\t\t<p>Tausende von Plakaten, Lithographien, Uniformteilen, Alltagsgegenst\u00e4nden, Postkarten, B\u00fcchern und Zeitschriften, Fotografien*, Erinnerungsalben&#8230; und viele mehr bilden dieses internationale Panorama des Konflikts. **<\/p><p>Das Museum bietet einen Einblick in die Lebensbedingungen von Soldaten und Zivilisten und zeigt, wie sich ein moderner Krieg auf einen v\u00f6llig ver\u00e4nderten Alltag auswirkt. Ein Alltag, der zwar in einer nationalen und internationalen Dimension, aber auch auf lokaler Ebene wahrgenommen wird. Dadurch l\u00e4sst sich die Geschichte der Somme besser verstehen.<\/p><p>Die Sammlung umfasst etwa 75.000 authentische St\u00fccke aller Art und veranschaulicht die Denkweise der Gesellschaften der drei gro\u00dfen Kriegsm\u00e4chte zwischen 1914 und 1918.<\/p><p>Die Serie der einundf\u00fcnfzig Radierungen von Otto Dix (<em>Der Krieg<\/em>), die im Hauptsaal gezeigt wird, ist ein einzigartiges Zeugnis f\u00fcr den Schrecken und die Absurdit\u00e4t des Krieges. Das Historial de la Grande Guerre ist in Frankreich die einzige \u00f6ffentliche Einrichtung, die diese \u00e4u\u00dferst seltene Serie beherbergt. Weitere Informationen finden Sie auf der Seite, die der Otto-Dix-Sammlung gewidmet ist.\u00a0<\/p>\t\t\t\t\t\t\t\t<\/div>\n\t\t\t\t<\/div>\n\t\t\t\t<div class=\"elementor-element elementor-element-60c3290 elementor-widget elementor-widget-text-editor\" data-id=\"60c3290\" data-element_type=\"widget\" data-e-type=\"widget\" data-widget_type=\"text-editor.default\">\n\t\t\t\t<div class=\"elementor-widget-container\">\n\t\t\t\t\t\t\t\t\t<p><em>*9.355 Exemplare aus unseren Sammlungen (Fotografien, Fotoalben, Postkarten und Sch\u00fctzengrabenzeitungen) sind online auf dem<\/em> <a href=\"https:\/\/archives.somme.fr\/search\/results?q=Historial+de+la+Grande+Guerre&amp;scope=all\" target=\"_blank\" rel=\"noopener\"><em>Bilderportal des Archives d\u00e9partementales de la Somme<\/em><br \/><\/a><\/p><p>** <em>Die 479 Eintr\u00e4ge k\u00f6nnen Sie sich auf Pop, der offenen Plattform des franz\u00f6sischen Kulturerbes, ansehen.<\/em><\/p>\t\t\t\t\t\t\t\t<\/div>\n\t\t\t\t<\/div>\n\t\t\t\t\t<\/div>\n\t\t\t\t<\/div>\n\t\t<div class=\"elementor-element elementor-element-5e8b7f0e e-flex e-con-boxed e-con e-parent\" data-id=\"5e8b7f0e\" data-element_type=\"container\" data-e-type=\"container\">\n\t\t\t\t\t<div class=\"e-con-inner\">\n\t\t\t\t<div class=\"elementor-element elementor-element-58bce3b4 elementor-arrows-position-inside elementor-pagination-position-outside elementor-widget elementor-widget-image-carousel\" data-id=\"58bce3b4\" data-element_type=\"widget\" data-e-type=\"widget\" data-settings=\"{&quot;slides_to_show&quot;:&quot;1&quot;,&quot;slides_to_show_mobile&quot;:&quot;1&quot;,&quot;navigation&quot;:&quot;both&quot;,&quot;autoplay&quot;:&quot;yes&quot;,&quot;pause_on_hover&quot;:&quot;yes&quot;,&quot;pause_on_interaction&quot;:&quot;yes&quot;,&quot;autoplay_speed&quot;:5000,&quot;infinite&quot;:&quot;yes&quot;,&quot;effect&quot;:&quot;slide&quot;,&quot;speed&quot;:500}\" data-widget_type=\"image-carousel.default\">\n\t\t\t\t<div class=\"elementor-widget-container\">\n\t\t\t\t\t\t\t<div class=\"elementor-image-carousel-wrapper swiper\" role=\"region\" aria-roledescription=\"carousel\" aria-label=\"Bild Karussell\" dir=\"ltr\">\n\t\t\t<div class=\"elementor-image-carousel swiper-wrapper\" aria-live=\"off\">\n\t\t\t\t\t\t\t\t<div class=\"swiper-slide\" role=\"group\" aria-roledescription=\"slide\" aria-label=\"1 von 8\"><figure class=\"swiper-slide-inner\"><img decoding=\"async\" class=\"swiper-slide-image\" src=\"https:\/\/www.historial.fr\/wp-content\/uploads\/2023\/12\/HGG-Presentation-de-la-collection8.jpg\" alt=\"Britisches Rekrutierungsplakat &quot;Komm und nimm deinen Platz ein&quot;. K\u00fcste 2 AFF 17_3. Foto \u00a9Yazid Medmoun\" \/><figcaption class=\"elementor-image-carousel-caption\">Britisches Rekrutierungsplakat \"Komm und nimm deinen Platz ein\". K\u00fcste 2 AFF 17_3. Foto \u00a9Yazid Medmoun<\/figcaption><\/figure><\/div><div class=\"swiper-slide\" role=\"group\" aria-roledescription=\"slide\" aria-label=\"2 von 8\"><figure class=\"swiper-slide-inner\"><img decoding=\"async\" class=\"swiper-slide-image\" src=\"https:\/\/www.historial.fr\/wp-content\/uploads\/2023\/12\/HGG-Presentation-de-la-collection7.jpg\" alt=\"Teller &quot;Rotes Kreuz 1914&quot;. K\u00fcste 1 VAD 63_2. Foto \u00a9Yazid Medmoun\" \/><figcaption class=\"elementor-image-carousel-caption\">Teller \"Rotes Kreuz 1914\". K\u00fcste 1 VAD 63_2. Foto \u00a9Yazid Medmoun<\/figcaption><\/figure><\/div><div class=\"swiper-slide\" role=\"group\" aria-roledescription=\"slide\" aria-label=\"3 von 8\"><figure class=\"swiper-slide-inner\"><img decoding=\"async\" class=\"swiper-slide-image\" src=\"https:\/\/www.historial.fr\/wp-content\/uploads\/2023\/12\/HGG-Presentation-de-la-collection6.jpg\" alt=\"Adrian-Helm der Infanterie. K\u00fcste 1 UNF 86_1. Foto \u00a9Aur\u00e9lien Roger\" \/><figcaption class=\"elementor-image-carousel-caption\">Adrian-Helm der Infanterie. K\u00fcste 1 UNF 86_1. Foto \u00a9Aur\u00e9lien Roger<\/figcaption><\/figure><\/div><div class=\"swiper-slide\" role=\"group\" aria-roledescription=\"slide\" aria-label=\"4 von 8\"><figure class=\"swiper-slide-inner\"><img decoding=\"async\" class=\"swiper-slide-image\" src=\"https:\/\/www.historial.fr\/wp-content\/uploads\/2023\/12\/HGG-Presentation-de-la-collection5jpg.jpg\" alt=\"Char Le JOuet Fran\u00e7ais. K\u00fcste 17 JOJ 14_1 Foto \u00a9Aur\u00e9lien Roger\" \/><figcaption class=\"elementor-image-carousel-caption\">Modell eines Panzers \"Le Jouet Franc\u0327ais\". Co\u0302te 17 JOJ 14_1 Photo \u00a9Aure\u0301lien Roger<\/figcaption><\/figure><\/div><div class=\"swiper-slide\" role=\"group\" aria-roledescription=\"slide\" aria-label=\"5 von 8\"><figure class=\"swiper-slide-inner\"><img decoding=\"async\" class=\"swiper-slide-image\" src=\"https:\/\/www.historial.fr\/wp-content\/uploads\/2023\/12\/HGG-Presentation-de-la-collection4.jpg\" alt=\"Selbstgemachte Mandoline. K\u00fcste 6 ART 2_2. Foto \u00a9Yazid Medmoun\" \/><figcaption class=\"elementor-image-carousel-caption\">Selbstgemachte Mandoline. K\u00fcste 6 ART 2_2. Foto \u00a9Yazid Medmoun<\/figcaption><\/figure><\/div><div class=\"swiper-slide\" role=\"group\" aria-roledescription=\"slide\" aria-label=\"6 von 8\"><figure class=\"swiper-slide-inner\"><img decoding=\"async\" class=\"swiper-slide-image\" src=\"https:\/\/www.historial.fr\/wp-content\/uploads\/2023\/12\/HGG-Presentation-de-la-collection3.jpg\" alt=\"Maurice Le Poitevin. Kohlezeichnung. K\u00fcste 9 FI 779. Foto\u00a9Aur\u00e9lien Roger\" \/><figcaption class=\"elementor-image-carousel-caption\">Maurice Le Poitevin. Kohlezeichnung. K\u00fcste 9 FI 779. Foto\u00a9Aur\u00e9lien Roger<\/figcaption><\/figure><\/div><div class=\"swiper-slide\" role=\"group\" aria-roledescription=\"slide\" aria-label=\"7 von 8\"><figure class=\"swiper-slide-inner\"><img decoding=\"async\" class=\"swiper-slide-image\" src=\"https:\/\/www.historial.fr\/wp-content\/uploads\/2023\/12\/HGG-Presentation-de-la-collection2.jpg\" alt=\"Taschentuch aus Seide. K\u00fcste 4 LIM 39_3. Foto \u00a9Yazid Medmoun\" \/><figcaption class=\"elementor-image-carousel-caption\">Taschentuch aus Seide. K\u00fcste 4 LIM 39_3. Foto \u00a9Yazid Medmoun<\/figcaption><\/figure><\/div><div class=\"swiper-slide\" role=\"group\" aria-roledescription=\"slide\" aria-label=\"8 von 8\"><figure class=\"swiper-slide-inner\"><img decoding=\"async\" class=\"swiper-slide-image\" src=\"https:\/\/www.historial.fr\/wp-content\/uploads\/2023\/12\/HGG-Presentation-de-la-collection.jpg\" alt=\"Deutsches N\u00e4hset Gott mit dir. K\u00fcste 6 MCO 9_2. Foto\u00a9Aur\u00e9lien Roger\" \/><figcaption class=\"elementor-image-carousel-caption\">Deutsches N\u00e4hset Gott mit dir. K\u00fcste 6 MCO 9_2. Foto\u00a9Aur\u00e9lien Roger<\/figcaption><\/figure><\/div>\t\t\t<\/div>\n\t\t\t\t\t\t\t\t\t\t\t\t<div class=\"elementor-swiper-button elementor-swiper-button-prev\" role=\"button\" tabindex=\"0\">\n\t\t\t\t\t\t<svg aria-hidden=\"true\" class=\"e-font-icon-svg e-eicon-chevron-left\" viewBox=\"0 0 1000 1000\" xmlns=\"http:\/\/www.w3.org\/2000\/svg\"><path d=\"M646 125C629 125 613 133 604 142L308 442C296 454 292 471 292 487 292 504 296 521 308 533L604 854C617 867 629 875 646 875 663 875 679 871 692 858 704 846 713 829 713 812 713 796 708 779 692 767L438 487 692 225C700 217 708 204 708 187 708 171 704 154 692 142 675 129 663 125 646 125Z\"><\/path><\/svg>\t\t\t\t\t<\/div>\n\t\t\t\t\t<div class=\"elementor-swiper-button elementor-swiper-button-next\" role=\"button\" tabindex=\"0\">\n\t\t\t\t\t\t<svg aria-hidden=\"true\" class=\"e-font-icon-svg e-eicon-chevron-right\" viewBox=\"0 0 1000 1000\" xmlns=\"http:\/\/www.w3.org\/2000\/svg\"><path d=\"M696 533C708 521 713 504 713 487 713 471 708 454 696 446L400 146C388 133 375 125 354 125 338 125 325 129 313 142 300 154 292 171 292 187 292 204 296 221 308 233L563 492 304 771C292 783 288 800 288 817 288 833 296 850 308 863 321 871 338 875 354 875 371 875 388 867 400 854L696 533Z\"><\/path><\/svg>\t\t\t\t\t<\/div>\n\t\t\t\t\n\t\t\t\t\t\t\t\t\t<div class=\"swiper-pagination\"><\/div>\n\t\t\t\t\t\t\t\t\t<\/div>\n\t\t\t\t\t\t<\/div>\n\t\t\t\t<\/div>\n\t\t\t\t\t<\/div>\n\t\t\t\t<\/div>\n\t\t<div class=\"elementor-element elementor-element-87de60b e-flex e-con-boxed e-con e-parent\" data-id=\"87de60b\" data-element_type=\"container\" data-e-type=\"container\">\n\t\t\t\t\t<div class=\"e-con-inner\">\n\t\t\t\t<div class=\"elementor-element elementor-element-7ae24a8 elementor-widget elementor-widget-heading\" data-id=\"7ae24a8\" data-element_type=\"widget\" data-e-type=\"widget\" data-widget_type=\"heading.default\">\n\t\t\t\t<div class=\"elementor-widget-container\">\n\t\t\t\t\t<h2 class=\"elementor-heading-title elementor-size-default\">Die thematischen Schwerpunkte<\/h2>\t\t\t\t<\/div>\n\t\t\t\t<\/div>\n\t\t\t\t<div class=\"elementor-element elementor-element-904c0a6 elementor-widget elementor-widget-text-editor\" data-id=\"904c0a6\" data-element_type=\"widget\" data-e-type=\"widget\" data-widget_type=\"text-editor.default\">\n\t\t\t\t<div class=\"elementor-widget-container\">\n\t\t\t\t\t\t\t\t\t<p><strong><u>Die Plakate<\/u><\/strong><\/p><p>Das Plakat wurde als Informations- und Propagandawerkzeug von allen Kriegsparteien massiv eingesetzt. Als direktes und schnelles Kommunikationsmittel zeugen diese Plakate eindringlich von der t\u00e4glichen Kriegsrealit\u00e4t im Hinterland sowie von der Manipulation der Vorstellung des Volkes. In unseren Sammlungen befinden sich rund 1.000 gezeichnete Plakate, vor allem Lithografien, und Textplakate, vor allem aus Deutschland.<\/p><p><strong><u>Das Handwerk in den Sch\u00fctzengraben<\/u><\/strong><\/p><p>Zu Beginn des Jahrhunderts waren 45 % der Franzosen vom Land und hatten eine starke handwerkliche Tradition. An der Front fand man \u00fcberwiegend Bauern, die bei langen Aufenthalten in den Sch\u00fctzengr\u00e4ben versuchten, sich die Zeit zu vertreiben, indem sie das vor Ort gefundene Material zweckentfremdeten und sich aneigneten.<\/p><p><strong><u>Die Postkarten<\/u><\/strong><\/p><p>Postkarten waren das popul\u00e4re Verbreitungsmedium schlechthin und dienten w\u00e4hrend des Ersten Weltkriegs als Propagandawerkzeug, insbesondere durch Karikaturen, aber auch durch unendlich segmentierte Fotoreportagen. In den Sammlungen des Historial werden mehrere Tausend Postkarten aufbewahrt, die nach Themen und geografischer Herkunft geordnet sind.<\/p><p><strong><u>Die Kinder im Ersten Weltkrieg<\/u><\/strong><\/p><p>Wie der Rest der Bev\u00f6lkerung litten auch die Kinder unter dem Krieg und sahen hilflos zu, wie sich ihre Lebensbedingungen ver\u00e4nderten. Sie wurden in den Konflikt hineingezogen, beteiligten sich an den Kriegsanstrengungen und wurden sowohl als Tr\u00e4ger als auch als Ziel der Propaganda mobilisiert.<\/p><p><strong><u>Puppen im Krieg<\/u><\/strong><\/p><p>Der Krieg der Puppen beginnt lange vor 1914. Zwar gab es 1863 in Paris mehr als 100 Gesch\u00e4fte, die sich ausschlie\u00dflich mit Puppen besch\u00e4ftigten, doch ihre franz\u00f6sischen Hersteller schienen 50 Jahre sp\u00e4ter trotz der Arbeit der Historiker Claretie und d&#8217;Allemagne oder von K\u00fcnstlern wie Poulbot oder Rabier nicht mehr in der Lage, dem Gesch\u00e4ft wieder Leben zu bringen.<\/p><p><strong><u>Spiele und Spielzeug von 1914 &#8211; 1918<\/u><\/strong><\/p><p>Mit der Industrialisierung am Ende des 18. Jahrhunderts erlebte die Spielwarenindustrie ihren Aufschwung, was zu einer tiefgreifenden Ver\u00e4nderung des sozialen Denkens f\u00fchrte. Im Jahr 1914 \u201ehatte ich sofort einen beispielhaften Patriotismus an den Tag gelegt, indem ich auf einer Zelluloidpuppe mit der Aufschrift \u201emade in Germany\u201c herumtrampelte, die im \u00dcbrigen meiner Schwester geh\u00f6rte\u201c <em>(1)<\/em>, erinnert sich Simone de Beauvoir und demonstriert damit sowohl die ideologische als auch die affektive Kraft von Spielen und Spielzeug.<\/p><p><strong><u>Otto Dix<br \/><\/u><\/strong><br \/>Im Jahr 1914 meldete sich <strong>Otto Dix<\/strong>, ein Student der D\u00fcsseldorfer Kunstakademie, im Alter von 24 Jahren freiwillig an die Westfront. Der Meister des deutschen Expressionismus schuf zwischen 1920 und 1924 unter dem Einfluss von Grosz ein Werk, das seinen Antimilitarismus und seinen Hass auf den Krieg in einer gewaltigen und bewegenden Art erz\u00e4hlt. <\/p>\t\t\t\t\t\t\t\t<\/div>\n\t\t\t\t<\/div>\n\t\t\t\t\t<\/div>\n\t\t\t\t<\/div>\n\t\t<div class=\"elementor-element elementor-element-5123af9 e-flex e-con-boxed e-con e-parent\" data-id=\"5123af9\" data-element_type=\"container\" data-e-type=\"container\">\n\t\t\t\t\t<div class=\"e-con-inner\">\n\t\t\t\t<div class=\"elementor-element elementor-element-55c9f4f elementor-align-justify elementor-widget elementor-widget-button\" data-id=\"55c9f4f\" data-element_type=\"widget\" data-e-type=\"widget\" data-widget_type=\"button.default\">\n\t\t\t\t<div class=\"elementor-widget-container\">\n\t\t\t\t\t\t\t\t\t<div class=\"elementor-button-wrapper\">\n\t\t\t\t\t<a class=\"elementor-button elementor-button-link elementor-size-sm\" href=\"https:\/\/www.historial.fr\/wp-content\/uploads\/2023\/12\/Les-collections-thematiques.pdf\" target=\"_blank\">\n\t\t\t\t\t\t<span class=\"elementor-button-content-wrapper\">\n\t\t\t\t\t\t\t\t\t<span class=\"elementor-button-text\">THEMATISCHE SAMMLUNGEN HERUNTERLADEN<\/span>\n\t\t\t\t\t<\/span>\n\t\t\t\t\t<\/a>\n\t\t\t\t<\/div>\n\t\t\t\t\t\t\t\t<\/div>\n\t\t\t\t<\/div>\n\t\t\t\t\t<\/div>\n\t\t\t\t<\/div>\n\t\t\t\t<\/div>\n\t\t","protected":false},"excerpt":{"rendered":"<p>Pr\u00e4sentation der Sammlung Diese pers\u00f6nlichen und kollektiven Erinnerungsst\u00fccke sind erstaunliche, ungew\u00f6hnliche und manchmal etwas l\u00e4cherliche Zeugnisse, die den Untergang der alten Welt und die Geburt des 20. Jahrhunderts durch einen [&hellip;]<\/p>\n","protected":false},"author":3,"featured_media":0,"parent":0,"menu_order":0,"comment_status":"closed","ping_status":"closed","template":"","meta":{"_acf_changed":false,"footnotes":""},"class_list":["post-4948","page","type-page","status-publish","hentry"],"acf":[],"yoast_head":"<!-- This site is optimized with the Yoast SEO plugin v27.4 - https:\/\/yoast.com\/product\/yoast-seo-wordpress\/ -->\n<title>Pr\u00e4sentation der Sammlung - Historial de la Grande Guerre<\/title>\n<meta name=\"robots\" content=\"index, follow, max-snippet:-1, max-image-preview:large, max-video-preview:-1\" \/>\n<link rel=\"canonical\" href=\"https:\/\/www.historial.fr\/de\/praesentation-der-sammlung\/\" \/>\n<meta property=\"og:locale\" content=\"de_DE\" \/>\n<meta property=\"og:type\" content=\"article\" \/>\n<meta property=\"og:title\" content=\"Pr\u00e4sentation der Sammlung - Historial de la Grande Guerre\" \/>\n<meta property=\"og:description\" content=\"Pr\u00e4sentation der Sammlung Diese pers\u00f6nlichen und kollektiven Erinnerungsst\u00fccke sind erstaunliche, ungew\u00f6hnliche und manchmal etwas l\u00e4cherliche Zeugnisse, die den Untergang der alten Welt und die Geburt des 20. Jahrhunderts durch einen [&hellip;]\" \/>\n<meta property=\"og:url\" content=\"https:\/\/www.historial.fr\/de\/praesentation-der-sammlung\/\" \/>\n<meta property=\"og:site_name\" content=\"Historial de la Grande Guerre\" \/>\n<meta property=\"article:modified_time\" content=\"2024-03-15T09:28:16+00:00\" \/>\n<meta property=\"og:image\" content=\"https:\/\/www.historial.fr\/wp-content\/uploads\/2023\/12\/HGG-Presentation-de-la-collection8.jpg\" \/>\n<meta name=\"twitter:card\" content=\"summary_large_image\" \/>\n<meta name=\"twitter:label1\" content=\"Gesch\u00e4tzte Lesezeit\" \/>\n\t<meta name=\"twitter:data1\" content=\"6\u00a0Minuten\" \/>\n<script type=\"application\/ld+json\" class=\"yoast-schema-graph\">{\"@context\":\"https:\\\/\\\/schema.org\",\"@graph\":[{\"@type\":\"WebPage\",\"@id\":\"https:\\\/\\\/www.historial.fr\\\/de\\\/praesentation-der-sammlung\\\/\",\"url\":\"https:\\\/\\\/www.historial.fr\\\/de\\\/praesentation-der-sammlung\\\/\",\"name\":\"Pr\u00e4sentation der Sammlung - Historial de la Grande Guerre\",\"isPartOf\":{\"@id\":\"https:\\\/\\\/www.historial.fr\\\/#website\"},\"primaryImageOfPage\":{\"@id\":\"https:\\\/\\\/www.historial.fr\\\/de\\\/praesentation-der-sammlung\\\/#primaryimage\"},\"image\":{\"@id\":\"https:\\\/\\\/www.historial.fr\\\/de\\\/praesentation-der-sammlung\\\/#primaryimage\"},\"thumbnailUrl\":\"https:\\\/\\\/www.historial.fr\\\/wp-content\\\/uploads\\\/2023\\\/12\\\/HGG-Presentation-de-la-collection8.jpg\",\"datePublished\":\"2023-12-18T14:37:55+00:00\",\"dateModified\":\"2024-03-15T09:28:16+00:00\",\"breadcrumb\":{\"@id\":\"https:\\\/\\\/www.historial.fr\\\/de\\\/praesentation-der-sammlung\\\/#breadcrumb\"},\"inLanguage\":\"de\",\"potentialAction\":[{\"@type\":\"ReadAction\",\"target\":[\"https:\\\/\\\/www.historial.fr\\\/de\\\/praesentation-der-sammlung\\\/\"]}]},{\"@type\":\"ImageObject\",\"inLanguage\":\"de\",\"@id\":\"https:\\\/\\\/www.historial.fr\\\/de\\\/praesentation-der-sammlung\\\/#primaryimage\",\"url\":\"https:\\\/\\\/www.historial.fr\\\/wp-content\\\/uploads\\\/2023\\\/12\\\/HGG-Presentation-de-la-collection8.jpg\",\"contentUrl\":\"https:\\\/\\\/www.historial.fr\\\/wp-content\\\/uploads\\\/2023\\\/12\\\/HGG-Presentation-de-la-collection8.jpg\"},{\"@type\":\"BreadcrumbList\",\"@id\":\"https:\\\/\\\/www.historial.fr\\\/de\\\/praesentation-der-sammlung\\\/#breadcrumb\",\"itemListElement\":[{\"@type\":\"ListItem\",\"position\":1,\"name\":\"Accueil\",\"item\":\"https:\\\/\\\/www.historial.fr\\\/de\\\/\"},{\"@type\":\"ListItem\",\"position\":2,\"name\":\"Pr\u00e4sentation der Sammlung\"}]},{\"@type\":\"WebSite\",\"@id\":\"https:\\\/\\\/www.historial.fr\\\/#website\",\"url\":\"https:\\\/\\\/www.historial.fr\\\/\",\"name\":\"Historial de la Grande Guerre\",\"description\":\"Mus\u00e9e de la Premi\u00e8re Guerre Mondiale\",\"potentialAction\":[{\"@type\":\"SearchAction\",\"target\":{\"@type\":\"EntryPoint\",\"urlTemplate\":\"https:\\\/\\\/www.historial.fr\\\/?s={search_term_string}\"},\"query-input\":{\"@type\":\"PropertyValueSpecification\",\"valueRequired\":true,\"valueName\":\"search_term_string\"}}],\"inLanguage\":\"de\"}]}<\/script>\n<!-- \/ Yoast SEO plugin. -->","yoast_head_json":{"title":"Pr\u00e4sentation der Sammlung - Historial de la Grande Guerre","robots":{"index":"index","follow":"follow","max-snippet":"max-snippet:-1","max-image-preview":"max-image-preview:large","max-video-preview":"max-video-preview:-1"},"canonical":"https:\/\/www.historial.fr\/de\/praesentation-der-sammlung\/","og_locale":"de_DE","og_type":"article","og_title":"Pr\u00e4sentation der Sammlung - Historial de la Grande Guerre","og_description":"Pr\u00e4sentation der Sammlung Diese pers\u00f6nlichen und kollektiven Erinnerungsst\u00fccke sind erstaunliche, ungew\u00f6hnliche und manchmal etwas l\u00e4cherliche Zeugnisse, die den Untergang der alten Welt und die Geburt des 20. Jahrhunderts durch einen [&hellip;]","og_url":"https:\/\/www.historial.fr\/de\/praesentation-der-sammlung\/","og_site_name":"Historial de la Grande Guerre","article_modified_time":"2024-03-15T09:28:16+00:00","og_image":[{"url":"https:\/\/www.historial.fr\/wp-content\/uploads\/2023\/12\/HGG-Presentation-de-la-collection8.jpg","type":"","width":"","height":""}],"twitter_card":"summary_large_image","twitter_misc":{"Gesch\u00e4tzte Lesezeit":"6\u00a0Minuten"},"schema":{"@context":"https:\/\/schema.org","@graph":[{"@type":"WebPage","@id":"https:\/\/www.historial.fr\/de\/praesentation-der-sammlung\/","url":"https:\/\/www.historial.fr\/de\/praesentation-der-sammlung\/","name":"Pr\u00e4sentation der Sammlung - Historial de la Grande Guerre","isPartOf":{"@id":"https:\/\/www.historial.fr\/#website"},"primaryImageOfPage":{"@id":"https:\/\/www.historial.fr\/de\/praesentation-der-sammlung\/#primaryimage"},"image":{"@id":"https:\/\/www.historial.fr\/de\/praesentation-der-sammlung\/#primaryimage"},"thumbnailUrl":"https:\/\/www.historial.fr\/wp-content\/uploads\/2023\/12\/HGG-Presentation-de-la-collection8.jpg","datePublished":"2023-12-18T14:37:55+00:00","dateModified":"2024-03-15T09:28:16+00:00","breadcrumb":{"@id":"https:\/\/www.historial.fr\/de\/praesentation-der-sammlung\/#breadcrumb"},"inLanguage":"de","potentialAction":[{"@type":"ReadAction","target":["https:\/\/www.historial.fr\/de\/praesentation-der-sammlung\/"]}]},{"@type":"ImageObject","inLanguage":"de","@id":"https:\/\/www.historial.fr\/de\/praesentation-der-sammlung\/#primaryimage","url":"https:\/\/www.historial.fr\/wp-content\/uploads\/2023\/12\/HGG-Presentation-de-la-collection8.jpg","contentUrl":"https:\/\/www.historial.fr\/wp-content\/uploads\/2023\/12\/HGG-Presentation-de-la-collection8.jpg"},{"@type":"BreadcrumbList","@id":"https:\/\/www.historial.fr\/de\/praesentation-der-sammlung\/#breadcrumb","itemListElement":[{"@type":"ListItem","position":1,"name":"Accueil","item":"https:\/\/www.historial.fr\/de\/"},{"@type":"ListItem","position":2,"name":"Pr\u00e4sentation der Sammlung"}]},{"@type":"WebSite","@id":"https:\/\/www.historial.fr\/#website","url":"https:\/\/www.historial.fr\/","name":"Historial de la Grande Guerre","description":"Mus\u00e9e de la Premi\u00e8re Guerre Mondiale","potentialAction":[{"@type":"SearchAction","target":{"@type":"EntryPoint","urlTemplate":"https:\/\/www.historial.fr\/?s={search_term_string}"},"query-input":{"@type":"PropertyValueSpecification","valueRequired":true,"valueName":"search_term_string"}}],"inLanguage":"de"}]}},"jetpack_sharing_enabled":true,"_links":{"self":[{"href":"https:\/\/www.historial.fr\/de\/wp-json\/wp\/v2\/pages\/4948","targetHints":{"allow":["GET"]}}],"collection":[{"href":"https:\/\/www.historial.fr\/de\/wp-json\/wp\/v2\/pages"}],"about":[{"href":"https:\/\/www.historial.fr\/de\/wp-json\/wp\/v2\/types\/page"}],"author":[{"embeddable":true,"href":"https:\/\/www.historial.fr\/de\/wp-json\/wp\/v2\/users\/3"}],"replies":[{"embeddable":true,"href":"https:\/\/www.historial.fr\/de\/wp-json\/wp\/v2\/comments?post=4948"}],"version-history":[{"count":17,"href":"https:\/\/www.historial.fr\/de\/wp-json\/wp\/v2\/pages\/4948\/revisions"}],"predecessor-version":[{"id":4978,"href":"https:\/\/www.historial.fr\/de\/wp-json\/wp\/v2\/pages\/4948\/revisions\/4978"}],"wp:attachment":[{"href":"https:\/\/www.historial.fr\/de\/wp-json\/wp\/v2\/media?parent=4948"}],"curies":[{"name":"wp","href":"https:\/\/api.w.org\/{rel}","templated":true}]}}