{"id":4994,"date":"2023-12-07T13:43:16","date_gmt":"2023-12-07T13:43:16","guid":{"rendered":"https:\/\/www.historial.fr\/ressourcen\/sammlungen-und-dokumentationen\/ressourcen\/"},"modified":"2024-03-15T12:45:20","modified_gmt":"2024-03-15T12:45:20","slug":"ressourcen","status":"publish","type":"page","link":"https:\/\/www.historial.fr\/de\/ressourcen\/sammlungen-und-dokumentationen\/ressourcen\/","title":{"rendered":"Ressourcen"},"content":{"rendered":"\t\t<div data-elementor-type=\"wp-page\" data-elementor-id=\"4994\" class=\"elementor elementor-4994 elementor-404\">\n\t\t\t\t<div class=\"elementor-element elementor-element-1ac29ae5 e-flex e-con-boxed e-con e-parent\" data-id=\"1ac29ae5\" data-element_type=\"container\" data-e-type=\"container\" data-settings=\"{&quot;background_background&quot;:&quot;classic&quot;}\">\n\t\t\t\t\t<div class=\"e-con-inner\">\n\t\t\t\t<div class=\"elementor-element elementor-element-830abf5 elementor-widget__width-inherit elementor-widget elementor-widget-heading\" data-id=\"830abf5\" data-element_type=\"widget\" data-e-type=\"widget\" data-widget_type=\"heading.default\">\n\t\t\t\t<div class=\"elementor-widget-container\">\n\t\t\t\t\t<h1 class=\"elementor-heading-title elementor-size-default\">Ressourcen<\/h1>\t\t\t\t<\/div>\n\t\t\t\t<\/div>\n\t\t\t\t\t<\/div>\n\t\t\t\t<\/div>\n\t\t<div class=\"elementor-element elementor-element-d27508c e-flex e-con-boxed e-con e-parent\" data-id=\"d27508c\" data-element_type=\"container\" data-e-type=\"container\">\n\t\t\t\t\t<div class=\"e-con-inner\">\n\t\t<div class=\"elementor-element elementor-element-9a7337e e-con-full e-flex e-con e-child\" data-id=\"9a7337e\" data-element_type=\"container\" data-e-type=\"container\">\n\t\t\t\t<div class=\"elementor-element elementor-element-7599a87 elementor-widget elementor-widget-image\" data-id=\"7599a87\" data-element_type=\"widget\" data-e-type=\"widget\" data-widget_type=\"image.default\">\n\t\t\t\t<div class=\"elementor-widget-container\">\n\t\t\t\t\t\t\t\t\t\t\t\t\t\t\t\t<a href=\"https:\/\/www.historial.fr\/de\/ressourcen\/sammlungen-und-dokumentationen\/ressourcen\/kartierung-der-frontlinien\/\">\n\t\t\t\t\t\t\t<img fetchpriority=\"high\" decoding=\"async\" width=\"500\" height=\"500\" src=\"https:\/\/www.historial.fr\/wp-content\/uploads\/2024\/01\/cartographie-012b_Le-reglement-du-conflit-500x500.jpg\" class=\"attachment-Image Size 500x500 size-Image Size 500x500 wp-image-3062\" alt=\"\" srcset=\"https:\/\/www.historial.fr\/wp-content\/uploads\/2024\/01\/cartographie-012b_Le-reglement-du-conflit-500x500.jpg 500w, https:\/\/www.historial.fr\/wp-content\/uploads\/2024\/01\/cartographie-012b_Le-reglement-du-conflit-150x150.jpg 150w\" sizes=\"(max-width: 500px) 100vw, 500px\" \/>\t\t\t\t\t\t\t\t<\/a>\n\t\t\t\t\t\t\t\t\t\t\t\t\t\t\t<\/div>\n\t\t\t\t<\/div>\n\t\t\t\t<div class=\"elementor-element elementor-element-c0e9445 elementor-widget elementor-widget-heading\" data-id=\"c0e9445\" data-element_type=\"widget\" data-e-type=\"widget\" data-widget_type=\"heading.default\">\n\t\t\t\t<div class=\"elementor-widget-container\">\n\t\t\t\t\t<h2 class=\"elementor-heading-title elementor-size-default\"><a href=\"https:\/\/www.historial.fr\/de\/ressourcen\/sammlungen-und-dokumentationen\/ressourcen\/kartierung-der-frontlinien\/\">Kartografie der Frontlinien <\/a><\/h2>\t\t\t\t<\/div>\n\t\t\t\t<\/div>\n\t\t\t\t<\/div>\n\t\t<div class=\"elementor-element elementor-element-a31baa2 e-con-full e-flex e-con e-child\" data-id=\"a31baa2\" data-element_type=\"container\" data-e-type=\"container\">\n\t\t\t\t<div class=\"elementor-element elementor-element-2bc6b29 elementor-widget elementor-widget-image\" data-id=\"2bc6b29\" data-element_type=\"widget\" data-e-type=\"widget\" data-widget_type=\"image.default\">\n\t\t\t\t<div class=\"elementor-widget-container\">\n\t\t\t\t\t\t\t\t\t\t\t\t\t\t\t\t<a href=\"https:\/\/www.historial.fr\/de\/ressourcen\/sammlungen-und-dokumentationen\/ressourcen\/amerikanische-plakate-aus-dem-ersten-weltkrieg\/\">\n\t\t\t\t\t\t\t<img decoding=\"async\" width=\"500\" height=\"500\" src=\"https:\/\/www.historial.fr\/wp-content\/uploads\/2024\/01\/008_4-AFF12_5-500x500.jpg\" class=\"attachment-Image Size 500x500 size-Image Size 500x500 wp-image-2076\" alt=\"\" srcset=\"https:\/\/www.historial.fr\/wp-content\/uploads\/2024\/01\/008_4-AFF12_5-500x500.jpg 500w, https:\/\/www.historial.fr\/wp-content\/uploads\/2024\/01\/008_4-AFF12_5-150x150.jpg 150w\" sizes=\"(max-width: 500px) 100vw, 500px\" \/>\t\t\t\t\t\t\t\t<\/a>\n\t\t\t\t\t\t\t\t\t\t\t\t\t\t\t<\/div>\n\t\t\t\t<\/div>\n\t\t\t\t<div class=\"elementor-element elementor-element-08c0cd0 elementor-widget elementor-widget-heading\" data-id=\"08c0cd0\" data-element_type=\"widget\" data-e-type=\"widget\" data-widget_type=\"heading.default\">\n\t\t\t\t<div class=\"elementor-widget-container\">\n\t\t\t\t\t<h2 class=\"elementor-heading-title elementor-size-default\"><a href=\"https:\/\/www.historial.fr\/de\/ressourcen\/sammlungen-und-dokumentationen\/ressourcen\/amerikanische-plakate-aus-dem-ersten-weltkrieg\/\">Amerikanische Plakate aus dem Ersten Weltkrieg<\/a><\/h2>\t\t\t\t<\/div>\n\t\t\t\t<\/div>\n\t\t\t\t<\/div>\n\t\t<div class=\"elementor-element elementor-element-a4d28f0 e-con-full e-flex e-con e-child\" data-id=\"a4d28f0\" data-element_type=\"container\" data-e-type=\"container\">\n\t\t\t\t<div class=\"elementor-element elementor-element-dda7bee elementor-widget elementor-widget-image\" data-id=\"dda7bee\" data-element_type=\"widget\" data-e-type=\"widget\" data-widget_type=\"image.default\">\n\t\t\t\t<div class=\"elementor-widget-container\">\n\t\t\t\t\t\t\t\t\t\t\t\t\t\t\t\t<a href=\"https:\/\/www.historial.fr\/ressources\/collections-et-documentations\/ressources\/les-affiches-demprunts-francaises-de-1919-et-1920\/\">\n\t\t\t\t\t\t\t<img decoding=\"async\" width=\"500\" height=\"500\" src=\"https:\/\/www.historial.fr\/wp-content\/uploads\/2024\/01\/003_1-AFF-22_1-500x500.jpg\" class=\"attachment-Image Size 500x500 size-Image Size 500x500 wp-image-2136\" alt=\"\" srcset=\"https:\/\/www.historial.fr\/wp-content\/uploads\/2024\/01\/003_1-AFF-22_1-500x500.jpg 500w, https:\/\/www.historial.fr\/wp-content\/uploads\/2024\/01\/003_1-AFF-22_1-150x150.jpg 150w\" sizes=\"(max-width: 500px) 100vw, 500px\" \/>\t\t\t\t\t\t\t\t<\/a>\n\t\t\t\t\t\t\t\t\t\t\t\t\t\t\t<\/div>\n\t\t\t\t<\/div>\n\t\t\t\t<div class=\"elementor-element elementor-element-eb71692 elementor-widget elementor-widget-heading\" data-id=\"eb71692\" data-element_type=\"widget\" data-e-type=\"widget\" data-widget_type=\"heading.default\">\n\t\t\t\t<div class=\"elementor-widget-container\">\n\t\t\t\t\t<h2 class=\"elementor-heading-title elementor-size-default\"><a href=\"https:\/\/www.historial.fr\/ressources\/collections-et-documentations\/ressources\/les-affiches-demprunts-francaises-de-1919-et-1920\/\">Die franz\u00f6sischen Anleiheplakate von 1919 und 1920<\/a><\/h2>\t\t\t\t<\/div>\n\t\t\t\t<\/div>\n\t\t\t\t<\/div>\n\t\t\t\t\t<\/div>\n\t\t\t\t<\/div>\n\t\t<div class=\"elementor-element elementor-element-d81af05 e-flex e-con-boxed e-con e-parent\" data-id=\"d81af05\" data-element_type=\"container\" data-e-type=\"container\">\n\t\t\t\t\t<div class=\"e-con-inner\">\n\t\t<div class=\"elementor-element elementor-element-57a6100 e-con-full e-flex e-con e-child\" data-id=\"57a6100\" data-element_type=\"container\" data-e-type=\"container\">\n\t\t\t\t<div class=\"elementor-element elementor-element-75d1519 elementor-widget elementor-widget-image\" data-id=\"75d1519\" data-element_type=\"widget\" data-e-type=\"widget\" data-widget_type=\"image.default\">\n\t\t\t\t<div class=\"elementor-widget-container\">\n\t\t\t\t\t\t\t\t\t\t\t\t\t\t\t\t<a href=\"https:\/\/www.historial.fr\/de\/ressourcen\/sammlungen-und-dokumentationen\/ressourcen\/erinnerung-an-die-besatzung-in-der-region-lille\/\">\n\t\t\t\t\t\t\t<img loading=\"lazy\" decoding=\"async\" width=\"500\" height=\"470\" src=\"https:\/\/www.historial.fr\/wp-content\/uploads\/2024\/01\/slider-Stoll-500x470.jpg\" class=\"attachment-Image Size 500x500 size-Image Size 500x500 wp-image-2488\" alt=\"\" \/>\t\t\t\t\t\t\t\t<\/a>\n\t\t\t\t\t\t\t\t\t\t\t\t\t\t\t<\/div>\n\t\t\t\t<\/div>\n\t\t\t\t<div class=\"elementor-element elementor-element-e3f5531 elementor-widget elementor-widget-heading\" data-id=\"e3f5531\" data-element_type=\"widget\" data-e-type=\"widget\" data-widget_type=\"heading.default\">\n\t\t\t\t<div class=\"elementor-widget-container\">\n\t\t\t\t\t<h2 class=\"elementor-heading-title elementor-size-default\"><a href=\"https:\/\/www.historial.fr\/de\/ressourcen\/sammlungen-und-dokumentationen\/ressourcen\/erinnerung-an-die-besatzung-in-der-region-lille\/\">Erinnerung an die Besatzung in der Region Lille<\/a><\/h2>\t\t\t\t<\/div>\n\t\t\t\t<\/div>\n\t\t\t\t<\/div>\n\t\t<div class=\"elementor-element elementor-element-0cf6c53 e-con-full e-flex e-con e-child\" data-id=\"0cf6c53\" data-element_type=\"container\" data-e-type=\"container\">\n\t\t\t\t<div class=\"elementor-element elementor-element-7268d93 elementor-widget elementor-widget-image\" data-id=\"7268d93\" data-element_type=\"widget\" data-e-type=\"widget\" data-widget_type=\"image.default\">\n\t\t\t\t<div class=\"elementor-widget-container\">\n\t\t\t\t\t\t\t\t\t\t\t\t\t\t\t\t<a href=\"https:\/\/www.historial.fr\/de\/ressourcen\/sammlungen-und-dokumentationen\/ressourcen\/ein-aussergewoehnliches-zeugnis\/\">\n\t\t\t\t\t\t\t<img loading=\"lazy\" decoding=\"async\" width=\"500\" height=\"500\" src=\"https:\/\/www.historial.fr\/wp-content\/uploads\/2024\/03\/Genevieve-Letrosne_portrait-500x500.jpg\" class=\"attachment-Image Size 500x500 size-Image Size 500x500 wp-image-5042\" alt=\"\" srcset=\"https:\/\/www.historial.fr\/wp-content\/uploads\/2024\/03\/Genevieve-Letrosne_portrait-500x500.jpg 500w, https:\/\/www.historial.fr\/wp-content\/uploads\/2024\/03\/Genevieve-Letrosne_portrait-150x150.jpg 150w\" sizes=\"(max-width: 500px) 100vw, 500px\" \/>\t\t\t\t\t\t\t\t<\/a>\n\t\t\t\t\t\t\t\t\t\t\t\t\t\t\t<\/div>\n\t\t\t\t<\/div>\n\t\t\t\t<div class=\"elementor-element elementor-element-32ae607 elementor-widget elementor-widget-heading\" data-id=\"32ae607\" data-element_type=\"widget\" data-e-type=\"widget\" data-widget_type=\"heading.default\">\n\t\t\t\t<div class=\"elementor-widget-container\">\n\t\t\t\t\t<h2 class=\"elementor-heading-title elementor-size-default\"><a href=\"https:\/\/www.historial.fr\/de\/ressourcen\/sammlungen-und-dokumentationen\/ressourcen\/ein-aussergewoehnliches-zeugnis\/\">Ein au\u00dfergew\u00f6hnliches Zeugnis<\/a><\/h2>\t\t\t\t<\/div>\n\t\t\t\t<\/div>\n\t\t\t\t<\/div>\n\t\t<div class=\"elementor-element elementor-element-5f19423 e-con-full e-flex e-con e-child\" data-id=\"5f19423\" data-element_type=\"container\" data-e-type=\"container\">\n\t\t\t\t<div class=\"elementor-element elementor-element-befc1cd elementor-widget elementor-widget-image\" data-id=\"befc1cd\" data-element_type=\"widget\" data-e-type=\"widget\" data-widget_type=\"image.default\">\n\t\t\t\t<div class=\"elementor-widget-container\">\n\t\t\t\t\t\t\t\t\t\t\t\t\t\t\t\t<a href=\"https:\/\/www.historial.fr\/de\/ressourcen\/sammlungen-und-dokumentationen\/ressourcen\/der-grosse-krieg-in-kuerze\/\">\n\t\t\t\t\t\t\t<img loading=\"lazy\" decoding=\"async\" width=\"500\" height=\"500\" src=\"https:\/\/www.historial.fr\/wp-content\/uploads\/2024\/01\/Slider-La-Grande-Guerre-en-bref-500x500.jpg\" class=\"attachment-Image Size 500x500 size-Image Size 500x500 wp-image-2865\" alt=\"\" srcset=\"https:\/\/www.historial.fr\/wp-content\/uploads\/2024\/01\/Slider-La-Grande-Guerre-en-bref-500x500.jpg 500w, https:\/\/www.historial.fr\/wp-content\/uploads\/2024\/01\/Slider-La-Grande-Guerre-en-bref-150x150.jpg 150w\" sizes=\"(max-width: 500px) 100vw, 500px\" \/>\t\t\t\t\t\t\t\t<\/a>\n\t\t\t\t\t\t\t\t\t\t\t\t\t\t\t<\/div>\n\t\t\t\t<\/div>\n\t\t\t\t<div class=\"elementor-element elementor-element-ace329b elementor-widget elementor-widget-heading\" data-id=\"ace329b\" data-element_type=\"widget\" data-e-type=\"widget\" data-widget_type=\"heading.default\">\n\t\t\t\t<div class=\"elementor-widget-container\">\n\t\t\t\t\t<h2 class=\"elementor-heading-title elementor-size-default\"><a href=\"https:\/\/www.historial.fr\/de\/ressourcen\/sammlungen-und-dokumentationen\/ressourcen\/der-grosse-krieg-in-kuerze\/\">Der Gro\u00dfe Krieg in K\u00fcrze<\/a><\/h2>\t\t\t\t<\/div>\n\t\t\t\t<\/div>\n\t\t\t\t<\/div>\n\t\t\t\t\t<\/div>\n\t\t\t\t<\/div>\n\t\t\t\t<\/div>\n\t\t","protected":false},"excerpt":{"rendered":"<p>Ressourcen Kartografie der Frontlinien Amerikanische Plakate aus dem Ersten Weltkrieg Die franz\u00f6sischen Anleiheplakate von 1919 und 1920 Erinnerung an die Besatzung in der Region Lille Ein au\u00dfergew\u00f6hnliches Zeugnis Der Gro\u00dfe [&hellip;]<\/p>\n","protected":false},"author":2,"featured_media":0,"parent":4889,"menu_order":0,"comment_status":"closed","ping_status":"closed","template":"","meta":{"_acf_changed":false,"footnotes":""},"class_list":["post-4994","page","type-page","status-publish","hentry"],"acf":[],"yoast_head":"<!-- This site is optimized with the Yoast SEO plugin v27.5 - https:\/\/yoast.com\/product\/yoast-seo-wordpress\/ -->\n<title>Ressourcen - Historial de la Grande Guerre<\/title>\n<meta name=\"robots\" content=\"index, follow, max-snippet:-1, max-image-preview:large, max-video-preview:-1\" \/>\n<link rel=\"canonical\" href=\"https:\/\/www.historial.fr\/de\/ressourcen\/sammlungen-und-dokumentationen\/ressourcen\/\" \/>\n<meta property=\"og:locale\" content=\"de_DE\" \/>\n<meta property=\"og:type\" content=\"article\" \/>\n<meta property=\"og:title\" content=\"Ressourcen - Historial de la Grande Guerre\" \/>\n<meta property=\"og:description\" content=\"Ressourcen Kartografie der Frontlinien Amerikanische Plakate aus dem Ersten Weltkrieg Die franz\u00f6sischen Anleiheplakate von 1919 und 1920 Erinnerung an die Besatzung in der Region Lille Ein au\u00dfergew\u00f6hnliches Zeugnis Der Gro\u00dfe [&hellip;]\" \/>\n<meta property=\"og:url\" content=\"https:\/\/www.historial.fr\/de\/ressourcen\/sammlungen-und-dokumentationen\/ressourcen\/\" \/>\n<meta property=\"og:site_name\" content=\"Historial de la Grande Guerre\" \/>\n<meta property=\"article:modified_time\" content=\"2024-03-15T12:45:20+00:00\" \/>\n<meta property=\"og:image\" content=\"https:\/\/www.historial.fr\/wp-content\/uploads\/2024\/01\/cartographie-012b_Le-reglement-du-conflit-500x500.jpg\" \/>\n<meta name=\"twitter:card\" content=\"summary_large_image\" \/>\n<meta name=\"twitter:label1\" content=\"Gesch\u00e4tzte Lesezeit\" \/>\n\t<meta name=\"twitter:data1\" content=\"2\u00a0Minuten\" \/>\n<script type=\"application\/ld+json\" class=\"yoast-schema-graph\">{\"@context\":\"https:\\\/\\\/schema.org\",\"@graph\":[{\"@type\":\"WebPage\",\"@id\":\"https:\\\/\\\/www.historial.fr\\\/de\\\/ressourcen\\\/sammlungen-und-dokumentationen\\\/ressourcen\\\/\",\"url\":\"https:\\\/\\\/www.historial.fr\\\/de\\\/ressourcen\\\/sammlungen-und-dokumentationen\\\/ressourcen\\\/\",\"name\":\"Ressourcen - Historial de la Grande Guerre\",\"isPartOf\":{\"@id\":\"https:\\\/\\\/www.historial.fr\\\/#website\"},\"primaryImageOfPage\":{\"@id\":\"https:\\\/\\\/www.historial.fr\\\/de\\\/ressourcen\\\/sammlungen-und-dokumentationen\\\/ressourcen\\\/#primaryimage\"},\"image\":{\"@id\":\"https:\\\/\\\/www.historial.fr\\\/de\\\/ressourcen\\\/sammlungen-und-dokumentationen\\\/ressourcen\\\/#primaryimage\"},\"thumbnailUrl\":\"https:\\\/\\\/www.historial.fr\\\/wp-content\\\/uploads\\\/2024\\\/01\\\/cartographie-012b_Le-reglement-du-conflit-500x500.jpg\",\"datePublished\":\"2023-12-07T13:43:16+00:00\",\"dateModified\":\"2024-03-15T12:45:20+00:00\",\"breadcrumb\":{\"@id\":\"https:\\\/\\\/www.historial.fr\\\/de\\\/ressourcen\\\/sammlungen-und-dokumentationen\\\/ressourcen\\\/#breadcrumb\"},\"inLanguage\":\"de\",\"potentialAction\":[{\"@type\":\"ReadAction\",\"target\":[\"https:\\\/\\\/www.historial.fr\\\/de\\\/ressourcen\\\/sammlungen-und-dokumentationen\\\/ressourcen\\\/\"]}]},{\"@type\":\"ImageObject\",\"inLanguage\":\"de\",\"@id\":\"https:\\\/\\\/www.historial.fr\\\/de\\\/ressourcen\\\/sammlungen-und-dokumentationen\\\/ressourcen\\\/#primaryimage\",\"url\":\"https:\\\/\\\/www.historial.fr\\\/wp-content\\\/uploads\\\/2024\\\/01\\\/cartographie-012b_Le-reglement-du-conflit-500x500.jpg\",\"contentUrl\":\"https:\\\/\\\/www.historial.fr\\\/wp-content\\\/uploads\\\/2024\\\/01\\\/cartographie-012b_Le-reglement-du-conflit-500x500.jpg\"},{\"@type\":\"BreadcrumbList\",\"@id\":\"https:\\\/\\\/www.historial.fr\\\/de\\\/ressourcen\\\/sammlungen-und-dokumentationen\\\/ressourcen\\\/#breadcrumb\",\"itemListElement\":[{\"@type\":\"ListItem\",\"position\":1,\"name\":\"Accueil\",\"item\":\"https:\\\/\\\/www.historial.fr\\\/de\\\/\"},{\"@type\":\"ListItem\",\"position\":2,\"name\":\"Ressourcen\",\"item\":\"https:\\\/\\\/www.historial.fr\\\/de\\\/ressourcen\\\/\"},{\"@type\":\"ListItem\",\"position\":3,\"name\":\"Sammlungen und Dokumentationen\",\"item\":\"https:\\\/\\\/www.historial.fr\\\/de\\\/ressourcen\\\/sammlungen-und-dokumentationen\\\/\"},{\"@type\":\"ListItem\",\"position\":4,\"name\":\"Ressourcen\"}]},{\"@type\":\"WebSite\",\"@id\":\"https:\\\/\\\/www.historial.fr\\\/#website\",\"url\":\"https:\\\/\\\/www.historial.fr\\\/\",\"name\":\"Historial de la Grande Guerre\",\"description\":\"Mus\u00e9e de la Premi\u00e8re Guerre Mondiale\",\"potentialAction\":[{\"@type\":\"SearchAction\",\"target\":{\"@type\":\"EntryPoint\",\"urlTemplate\":\"https:\\\/\\\/www.historial.fr\\\/?s={search_term_string}\"},\"query-input\":{\"@type\":\"PropertyValueSpecification\",\"valueRequired\":true,\"valueName\":\"search_term_string\"}}],\"inLanguage\":\"de\"}]}<\/script>\n<!-- \/ Yoast SEO plugin. -->","yoast_head_json":{"title":"Ressourcen - Historial de la Grande Guerre","robots":{"index":"index","follow":"follow","max-snippet":"max-snippet:-1","max-image-preview":"max-image-preview:large","max-video-preview":"max-video-preview:-1"},"canonical":"https:\/\/www.historial.fr\/de\/ressourcen\/sammlungen-und-dokumentationen\/ressourcen\/","og_locale":"de_DE","og_type":"article","og_title":"Ressourcen - Historial de la Grande Guerre","og_description":"Ressourcen Kartografie der Frontlinien Amerikanische Plakate aus dem Ersten Weltkrieg Die franz\u00f6sischen Anleiheplakate von 1919 und 1920 Erinnerung an die Besatzung in der Region Lille Ein au\u00dfergew\u00f6hnliches Zeugnis Der Gro\u00dfe [&hellip;]","og_url":"https:\/\/www.historial.fr\/de\/ressourcen\/sammlungen-und-dokumentationen\/ressourcen\/","og_site_name":"Historial de la Grande Guerre","article_modified_time":"2024-03-15T12:45:20+00:00","og_image":[{"url":"https:\/\/www.historial.fr\/wp-content\/uploads\/2024\/01\/cartographie-012b_Le-reglement-du-conflit-500x500.jpg","type":"","width":"","height":""}],"twitter_card":"summary_large_image","twitter_misc":{"Gesch\u00e4tzte Lesezeit":"2\u00a0Minuten"},"schema":{"@context":"https:\/\/schema.org","@graph":[{"@type":"WebPage","@id":"https:\/\/www.historial.fr\/de\/ressourcen\/sammlungen-und-dokumentationen\/ressourcen\/","url":"https:\/\/www.historial.fr\/de\/ressourcen\/sammlungen-und-dokumentationen\/ressourcen\/","name":"Ressourcen - Historial de la Grande Guerre","isPartOf":{"@id":"https:\/\/www.historial.fr\/#website"},"primaryImageOfPage":{"@id":"https:\/\/www.historial.fr\/de\/ressourcen\/sammlungen-und-dokumentationen\/ressourcen\/#primaryimage"},"image":{"@id":"https:\/\/www.historial.fr\/de\/ressourcen\/sammlungen-und-dokumentationen\/ressourcen\/#primaryimage"},"thumbnailUrl":"https:\/\/www.historial.fr\/wp-content\/uploads\/2024\/01\/cartographie-012b_Le-reglement-du-conflit-500x500.jpg","datePublished":"2023-12-07T13:43:16+00:00","dateModified":"2024-03-15T12:45:20+00:00","breadcrumb":{"@id":"https:\/\/www.historial.fr\/de\/ressourcen\/sammlungen-und-dokumentationen\/ressourcen\/#breadcrumb"},"inLanguage":"de","potentialAction":[{"@type":"ReadAction","target":["https:\/\/www.historial.fr\/de\/ressourcen\/sammlungen-und-dokumentationen\/ressourcen\/"]}]},{"@type":"ImageObject","inLanguage":"de","@id":"https:\/\/www.historial.fr\/de\/ressourcen\/sammlungen-und-dokumentationen\/ressourcen\/#primaryimage","url":"https:\/\/www.historial.fr\/wp-content\/uploads\/2024\/01\/cartographie-012b_Le-reglement-du-conflit-500x500.jpg","contentUrl":"https:\/\/www.historial.fr\/wp-content\/uploads\/2024\/01\/cartographie-012b_Le-reglement-du-conflit-500x500.jpg"},{"@type":"BreadcrumbList","@id":"https:\/\/www.historial.fr\/de\/ressourcen\/sammlungen-und-dokumentationen\/ressourcen\/#breadcrumb","itemListElement":[{"@type":"ListItem","position":1,"name":"Accueil","item":"https:\/\/www.historial.fr\/de\/"},{"@type":"ListItem","position":2,"name":"Ressourcen","item":"https:\/\/www.historial.fr\/de\/ressourcen\/"},{"@type":"ListItem","position":3,"name":"Sammlungen und Dokumentationen","item":"https:\/\/www.historial.fr\/de\/ressourcen\/sammlungen-und-dokumentationen\/"},{"@type":"ListItem","position":4,"name":"Ressourcen"}]},{"@type":"WebSite","@id":"https:\/\/www.historial.fr\/#website","url":"https:\/\/www.historial.fr\/","name":"Historial de la Grande Guerre","description":"Mus\u00e9e de la Premi\u00e8re Guerre Mondiale","potentialAction":[{"@type":"SearchAction","target":{"@type":"EntryPoint","urlTemplate":"https:\/\/www.historial.fr\/?s={search_term_string}"},"query-input":{"@type":"PropertyValueSpecification","valueRequired":true,"valueName":"search_term_string"}}],"inLanguage":"de"}]}},"jetpack_sharing_enabled":true,"_links":{"self":[{"href":"https:\/\/www.historial.fr\/de\/wp-json\/wp\/v2\/pages\/4994","targetHints":{"allow":["GET"]}}],"collection":[{"href":"https:\/\/www.historial.fr\/de\/wp-json\/wp\/v2\/pages"}],"about":[{"href":"https:\/\/www.historial.fr\/de\/wp-json\/wp\/v2\/types\/page"}],"author":[{"embeddable":true,"href":"https:\/\/www.historial.fr\/de\/wp-json\/wp\/v2\/users\/2"}],"replies":[{"embeddable":true,"href":"https:\/\/www.historial.fr\/de\/wp-json\/wp\/v2\/comments?post=4994"}],"version-history":[{"count":43,"href":"https:\/\/www.historial.fr\/de\/wp-json\/wp\/v2\/pages\/4994\/revisions"}],"predecessor-version":[{"id":5207,"href":"https:\/\/www.historial.fr\/de\/wp-json\/wp\/v2\/pages\/4994\/revisions\/5207"}],"up":[{"embeddable":true,"href":"https:\/\/www.historial.fr\/de\/wp-json\/wp\/v2\/pages\/4889"}],"wp:attachment":[{"href":"https:\/\/www.historial.fr\/de\/wp-json\/wp\/v2\/media?parent=4994"}],"curies":[{"name":"wp","href":"https:\/\/api.w.org\/{rel}","templated":true}]}}