{"id":5418,"date":"2023-12-07T13:44:31","date_gmt":"2023-12-07T13:44:31","guid":{"rendered":"https:\/\/www.historial.fr\/ressourcen\/museumspaedagogische-abteilung\/vorbereitung-des-besuchs\/"},"modified":"2024-04-09T13:28:10","modified_gmt":"2024-04-09T13:28:10","slug":"vorbereitung-des-besuchs","status":"publish","type":"page","link":"https:\/\/www.historial.fr\/de\/ressourcen\/museumspaedagogische-abteilung\/vorbereitung-des-besuchs\/","title":{"rendered":"Vorbereitung des Besuchs"},"content":{"rendered":"\t\t<div data-elementor-type=\"wp-page\" data-elementor-id=\"5418\" class=\"elementor elementor-5418 elementor-410\">\n\t\t\t\t<div class=\"elementor-element elementor-element-3ff49fde e-flex e-con-boxed e-con e-parent\" data-id=\"3ff49fde\" data-element_type=\"container\" data-e-type=\"container\" data-settings=\"{&quot;background_background&quot;:&quot;classic&quot;}\">\n\t\t\t\t\t<div class=\"e-con-inner\">\n\t\t\t\t<div class=\"elementor-element elementor-element-6c3ce32c elementor-widget__width-inherit elementor-widget elementor-widget-heading\" data-id=\"6c3ce32c\" data-element_type=\"widget\" data-e-type=\"widget\" data-widget_type=\"heading.default\">\n\t\t\t\t<div class=\"elementor-widget-container\">\n\t\t\t\t\t<h1 class=\"elementor-heading-title elementor-size-default\">Vorbereitung des Besuchs<\/h1>\t\t\t\t<\/div>\n\t\t\t\t<\/div>\n\t\t\t\t\t<\/div>\n\t\t\t\t<\/div>\n\t\t<div class=\"elementor-element elementor-element-2bbbd167 e-flex e-con-boxed e-con e-parent\" data-id=\"2bbbd167\" data-element_type=\"container\" data-e-type=\"container\">\n\t\t\t\t\t<div class=\"e-con-inner\">\n\t\t\t\t<div class=\"elementor-element elementor-element-72aac2a9 elementor-widget elementor-widget-text-editor\" data-id=\"72aac2a9\" data-element_type=\"widget\" data-e-type=\"widget\" data-widget_type=\"text-editor.default\">\n\t\t\t\t<div class=\"elementor-widget-container\">\n\t\t\t\t\t\t\t\t\t<h3>Als Erg\u00e4nzung zum Besuch im Historial bieten wir Ihnen verschiedene Aktivit\u00e4ten im Museum oder au\u00dferhalb des Museums an.<\/h3>\n\t\t\t\t\t\t\t\t<\/div>\n\t\t\t\t<\/div>\n\t\t\t\t\t<\/div>\n\t\t\t\t<\/div>\n\t\t<div class=\"elementor-element elementor-element-1fb92f15 e-flex e-con-boxed e-con e-parent\" data-id=\"1fb92f15\" data-element_type=\"container\" data-e-type=\"container\">\n\t\t\t\t\t<div class=\"e-con-inner\">\n\t\t\t\t<div class=\"elementor-element elementor-element-7b1eabf3 elementor-widget elementor-widget-text-editor\" data-id=\"7b1eabf3\" data-element_type=\"widget\" data-e-type=\"widget\" data-widget_type=\"text-editor.default\">\n\t\t\t\t<div class=\"elementor-widget-container\">\n\t\t\t\t\t\t\t\t\t<p style=\"font-weight: 400;\">Als international anerkanntes Referenzmuseum tr\u00e4gt das Museum zum Verst\u00e4ndnis der Geschichte dieser globalen Trag\u00f6die bei. Der Rundgang verbindet die Front und das Hinterland, die K\u00e4mpfer und die Gesellschaft und folgt den verschiedenen Sichtweisen der drei Hauptkriegsparteien an der Westfront.<\/p>\n\t\t\t\t\t\t\t\t<\/div>\n\t\t\t\t<\/div>\n\t\t\t\t\t<\/div>\n\t\t\t\t<\/div>\n\t\t<div class=\"elementor-element elementor-element-010dbd0 e-flex e-con-boxed e-con e-parent\" data-id=\"010dbd0\" data-element_type=\"container\" data-e-type=\"container\">\n\t\t\t\t\t<div class=\"e-con-inner\">\n\t\t\t\t<div class=\"elementor-element elementor-element-edd5ff6 elementor-widget elementor-widget-heading\" data-id=\"edd5ff6\" data-element_type=\"widget\" data-e-type=\"widget\" data-widget_type=\"heading.default\">\n\t\t\t\t<div class=\"elementor-widget-container\">\n\t\t\t\t\t<h2 class=\"elementor-heading-title elementor-size-default\">Aktivit\u00e4ten<\/h2>\t\t\t\t<\/div>\n\t\t\t\t<\/div>\n\t\t\t\t<div class=\"elementor-element elementor-element-cbdf7fc elementor-widget elementor-widget-image\" data-id=\"cbdf7fc\" data-element_type=\"widget\" data-e-type=\"widget\" data-widget_type=\"image.default\">\n\t\t\t\t<div class=\"elementor-widget-container\">\n\t\t\t\t\t\t\t\t\t\t\t\t\t\t\t<img fetchpriority=\"high\" decoding=\"async\" width=\"1500\" height=\"1125\" src=\"https:\/\/www.historial.fr\/wp-content\/uploads\/2023\/12\/HGG-Image_Preparer-sa-visite.jpg\" class=\"attachment-full size-full wp-image-1735\" alt=\"\" srcset=\"https:\/\/www.historial.fr\/wp-content\/uploads\/2023\/12\/HGG-Image_Preparer-sa-visite.jpg 1500w, https:\/\/www.historial.fr\/wp-content\/uploads\/2023\/12\/HGG-Image_Preparer-sa-visite-300x225.jpg 300w, https:\/\/www.historial.fr\/wp-content\/uploads\/2023\/12\/HGG-Image_Preparer-sa-visite-1024x768.jpg 1024w, https:\/\/www.historial.fr\/wp-content\/uploads\/2023\/12\/HGG-Image_Preparer-sa-visite-768x576.jpg 768w\" sizes=\"(max-width: 1500px) 100vw, 1500px\" \/>\t\t\t\t\t\t\t\t\t\t\t\t\t\t\t<\/div>\n\t\t\t\t<\/div>\n\t\t\t\t<div class=\"elementor-element elementor-element-299f573 elementor-widget elementor-widget-text-editor\" data-id=\"299f573\" data-element_type=\"widget\" data-e-type=\"widget\" data-widget_type=\"text-editor.default\">\n\t\t\t\t<div class=\"elementor-widget-container\">\n\t\t\t\t\t\t\t\t\t<p><u>Ermittlung im Museum<\/u> <em>(Dauer: 1,5 bis 2 Stunden)<\/em>: Die Sch\u00fclerinnen und Sch\u00fcler arbeiten selbstst\u00e4ndig anhand der von der Museumsp\u00e4dagogischen Abteilung erstellten Unterlagen. Es obliegt dem Lehrer, die f\u00fcr seine Sch\u00fcler notwendigen Dokumente auszuw\u00e4hlen, herunterzuladen und anschlie\u00dfend auszudrucken (<strong>das Historial stellt keine Kopien zur Verf\u00fcgung<\/strong>).<\/p>\n\t\t\t\t\t\t\t\t<\/div>\n\t\t\t\t<\/div>\n\t\t\t\t<div class=\"elementor-element elementor-element-2fbe84a elementor-widget elementor-widget-image\" data-id=\"2fbe84a\" data-element_type=\"widget\" data-e-type=\"widget\" data-widget_type=\"image.default\">\n\t\t\t\t<div class=\"elementor-widget-container\">\n\t\t\t\t\t\t\t\t\t\t\t\t\t\t\t<img decoding=\"async\" width=\"1500\" height=\"1000\" src=\"https:\/\/www.historial.fr\/wp-content\/uploads\/2023\/12\/HGG-Preparer-sa-visite.jpg\" class=\"attachment-full size-full wp-image-1770\" alt=\"\" srcset=\"https:\/\/www.historial.fr\/wp-content\/uploads\/2023\/12\/HGG-Preparer-sa-visite.jpg 1500w, https:\/\/www.historial.fr\/wp-content\/uploads\/2023\/12\/HGG-Preparer-sa-visite-300x200.jpg 300w, https:\/\/www.historial.fr\/wp-content\/uploads\/2023\/12\/HGG-Preparer-sa-visite-1024x683.jpg 1024w, https:\/\/www.historial.fr\/wp-content\/uploads\/2023\/12\/HGG-Preparer-sa-visite-768x512.jpg 768w\" sizes=\"(max-width: 1500px) 100vw, 1500px\" \/>\t\t\t\t\t\t\t\t\t\t\t\t\t\t\t<\/div>\n\t\t\t\t<\/div>\n\t\t\t\t<div class=\"elementor-element elementor-element-e83f44e elementor-widget elementor-widget-text-editor\" data-id=\"e83f44e\" data-element_type=\"widget\" data-e-type=\"widget\" data-widget_type=\"text-editor.default\">\n\t\t\t\t<div class=\"elementor-widget-container\">\n\t\t\t\t\t\t\t\t\t<p><u>Rundg\u00e4nge<\/u>: Die Rundg\u00e4nge erg\u00e4nzen den Museumsbesuch und f\u00fchren die Sch\u00fcler auf das Gel\u00e4nde.<\/p>\n\t\t\t\t\t\t\t\t<\/div>\n\t\t\t\t<\/div>\n\t\t\t\t<div class=\"elementor-element elementor-element-687aa8d elementor-widget elementor-widget-text-editor\" data-id=\"687aa8d\" data-element_type=\"widget\" data-e-type=\"widget\" data-widget_type=\"text-editor.default\">\n\t\t\t\t<div class=\"elementor-widget-container\">\n\t\t\t\t\t\t\t\t\t<p><a href=\"https:\/\/www.historial.fr\/de\/unsere-museen\/schlachtfelder\/\"><u>Der Rundgang der Erinnerung<\/u><\/a> f\u00fchrt einen halben Tag lang an bedeutenden Orten der Schlacht an der Somme vorbei. In der Regel besteht der Rundgang aus drei Etappen: dem Minentrichter in La Boisselle, dem Neufundlandpark in Beaumont-Hamel und dem Denkmal in Thiepval.<\/p>\t\t\t\t\t\t\t\t<\/div>\n\t\t\t\t<\/div>\n\t\t\t\t<div class=\"elementor-element elementor-element-723058a elementor-widget elementor-widget-text-editor\" data-id=\"723058a\" data-element_type=\"widget\" data-e-type=\"widget\" data-widget_type=\"text-editor.default\">\n\t\t\t\t<div class=\"elementor-widget-container\">\n\t\t\t\t\t\t\t\t\t<p><u>Der Rundgang zum Wiederaufbau<\/u> in P\u00e9ronne (<em>Dauer: 1 bis 1,5 Stunden<\/em>) k\u00f6nnen Sie selbstst\u00e4ndig mit dem von der Museumsp\u00e4dagogischen Abteilung erstellten Begleitheft (Rundgang, Fragen, L\u00f6sungen) durchf\u00fchren. (in franz\u00f6sicher Sprache)<\/p>\t\t\t\t\t\t\t\t<\/div>\n\t\t\t\t<\/div>\n\t\t\t\t\t<\/div>\n\t\t\t\t<\/div>\n\t\t<div class=\"elementor-element elementor-element-c23ffd5 e-flex e-con-boxed e-con e-parent\" data-id=\"c23ffd5\" data-element_type=\"container\" data-e-type=\"container\">\n\t\t\t\t\t<div class=\"e-con-inner\">\n\t\t\t\t<div class=\"elementor-element elementor-element-77869b2 elementor-widget elementor-widget-heading\" data-id=\"77869b2\" data-element_type=\"widget\" data-e-type=\"widget\" data-widget_type=\"heading.default\">\n\t\t\t\t<div class=\"elementor-widget-container\">\n\t\t\t\t\t<h2 class=\"elementor-heading-title elementor-size-default\">N\u00fctzliche Informationen<\/h2>\t\t\t\t<\/div>\n\t\t\t\t<\/div>\n\t\t\t\t<div class=\"elementor-element elementor-element-b457aa0 elementor-widget elementor-widget-text-editor\" data-id=\"b457aa0\" data-element_type=\"widget\" data-e-type=\"widget\" data-widget_type=\"text-editor.default\">\n\t\t\t\t<div class=\"elementor-widget-container\">\n\t\t\t\t\t\t\t\t\t<p><strong><u>Eintrittspreise<\/u><\/strong><\/p>\n<p>Besuch im Museum in P\u00e9ronne: 4,50 \u20ac pro Sch\u00fcler (Freier Eintritt f\u00fcr eine Begleitperson pro 10 Sch\u00fcler, Aufpreis von 4,50 \u20ac pro Person)<br \/>Besuch im Museum in Thiepval: 3 \u20ac pro Sch\u00fcler (Freier Eintritt f\u00fcr eine Begleitperson pro 10 Sch\u00fcler, Aufpreis von 3 \u20ac pro Person)<br \/>Kombi-Ticket f\u00fcr die Museen in P\u00e9ronne und Thiepval: 6 \u20ac pro Sch\u00fcler<\/p>\n<p>Rundgang der Erinnerung: Pauschalpreis von 110\u20ac f\u00fcr eine F\u00fchrung auf Franz\u00f6sisch und 130\u20ac f\u00fcr eine F\u00fchrung auf Englisch (1 F\u00fchrer pro Bus).<\/p>\n<p>Workshops: kostenlos (im Eintrittspreis des Museums enthalten. Max. 1 Klasse).<\/p>\n\t\t\t\t\t\t\t\t<\/div>\n\t\t\t\t<\/div>\n\t\t\t\t<div class=\"elementor-element elementor-element-1ea51ee elementor-widget elementor-widget-text-editor\" data-id=\"1ea51ee\" data-element_type=\"widget\" data-e-type=\"widget\" data-widget_type=\"text-editor.default\">\n\t\t\t\t<div class=\"elementor-widget-container\">\n\t\t\t\t\t\t\t\t\t<p><strong><u>Busparkpl\u00e4tze<\/u><\/strong><\/p>\n<p>Kostenlose Busparkpl\u00e4tze: Hinter dem Museum in P\u00e9ronne, Espace Mac Orlan.<\/p>\n<p><span style=\"color: var( --e-global-color-text ); font-family: var( --e-global-typography-text-font-family ), Sans-serif; font-weight: var( --e-global-typography-text-font-weight ); font-size: 1rem;\">In Thiepval finden Sie den Parkplatz gegen\u00fcber vom Eingang des Museums.<\/span><\/p>\n\t\t\t\t\t\t\t\t<\/div>\n\t\t\t\t<\/div>\n\t\t\t\t<div class=\"elementor-element elementor-element-5ec561b elementor-widget elementor-widget-image\" data-id=\"5ec561b\" data-element_type=\"widget\" data-e-type=\"widget\" data-widget_type=\"image.default\">\n\t\t\t\t<div class=\"elementor-widget-container\">\n\t\t\t\t\t\t\t\t\t\t\t\t\t\t\t<img decoding=\"async\" width=\"3508\" height=\"2481\" src=\"https:\/\/www.historial.fr\/wp-content\/uploads\/2023\/12\/Plan-acces-historial-4_Plan-de-travail-1.png\" class=\"attachment-full size-full wp-image-1098\" alt=\"\" srcset=\"https:\/\/www.historial.fr\/wp-content\/uploads\/2023\/12\/Plan-acces-historial-4_Plan-de-travail-1.png 3508w, https:\/\/www.historial.fr\/wp-content\/uploads\/2023\/12\/Plan-acces-historial-4_Plan-de-travail-1-300x212.png 300w, https:\/\/www.historial.fr\/wp-content\/uploads\/2023\/12\/Plan-acces-historial-4_Plan-de-travail-1-1024x724.png 1024w, https:\/\/www.historial.fr\/wp-content\/uploads\/2023\/12\/Plan-acces-historial-4_Plan-de-travail-1-768x543.png 768w, https:\/\/www.historial.fr\/wp-content\/uploads\/2023\/12\/Plan-acces-historial-4_Plan-de-travail-1-1536x1086.png 1536w, https:\/\/www.historial.fr\/wp-content\/uploads\/2023\/12\/Plan-acces-historial-4_Plan-de-travail-1-2048x1448.png 2048w\" sizes=\"(max-width: 3508px) 100vw, 3508px\" \/>\t\t\t\t\t\t\t\t\t\t\t\t\t\t\t<\/div>\n\t\t\t\t<\/div>\n\t\t\t\t<div class=\"elementor-element elementor-element-5b9fa00 elementor-widget elementor-widget-button\" data-id=\"5b9fa00\" data-element_type=\"widget\" data-e-type=\"widget\" data-widget_type=\"button.default\">\n\t\t\t\t<div class=\"elementor-widget-container\">\n\t\t\t\t\t\t\t\t\t<div class=\"elementor-button-wrapper\">\n\t\t\t\t\t<a class=\"elementor-button elementor-button-link elementor-size-sm\" href=\"https:\/\/www.historial.fr\/wp-content\/uploads\/2023\/12\/Plan-acces-historial-4_Plan-de-travail-1.png\">\n\t\t\t\t\t\t<span class=\"elementor-button-content-wrapper\">\n\t\t\t\t\t\t\t\t\t<span class=\"elementor-button-text\">Download der Wegbeschreibung zum Museum in P\u00e9ronne<\/span>\n\t\t\t\t\t<\/span>\n\t\t\t\t\t<\/a>\n\t\t\t\t<\/div>\n\t\t\t\t\t\t\t\t<\/div>\n\t\t\t\t<\/div>\n\t\t\t\t<div class=\"elementor-element elementor-element-b634966 elementor-widget elementor-widget-text-editor\" data-id=\"b634966\" data-element_type=\"widget\" data-e-type=\"widget\" data-widget_type=\"text-editor.default\">\n\t\t\t\t<div class=\"elementor-widget-container\">\n\t\t\t\t\t\t\t\t\t<p><strong><u>Hausordnung<\/u><\/strong><\/p>\n<ul>\n<li>\u2022 Rucks\u00e4cke m\u00fcssen im Bus oder in dem Ihnen zugewiesenen Picknickraum zur\u00fcckgelassen werden (nur f\u00fcr Ganztagsgruppen und je nach Verf\u00fcgbarkeit).<\/li>\n<li>In den Ausstellungss\u00e4len des Museums sind nur Bleistifte erlaubt.<\/li>\n<li>Aus Gr\u00fcnden der Erhaltung der lichtempfindlichen Objekte ist die Verwendung von Blitzlicht zum Fotografieren untersagt.<\/li>\n<li>Die Sch\u00fclerinnen und Sch\u00fcler bleiben stets unter der Verantwortung ihrer Lehrkraft.<\/li>\n<li>Die Leitung des Vereins \u201eHistorial de la Grande Guerre\u201c lehnt jede Verantwortung bei Diebstahl, Verlust oder Besch\u00e4digung pers\u00f6nlicher Gegenst\u00e4nde ab.<\/li>\n<\/ul>\n\t\t\t\t\t\t\t\t<\/div>\n\t\t\t\t<\/div>\n\t\t\t\t<div class=\"elementor-element elementor-element-a4de1d6 elementor-widget elementor-widget-text-editor\" data-id=\"a4de1d6\" data-element_type=\"widget\" data-e-type=\"widget\" data-widget_type=\"text-editor.default\">\n\t\t\t\t<div class=\"elementor-widget-container\">\n\t\t\t\t\t\t\t\t\t<p><span style=\"text-decoration: underline;\"><strong>Reservierung<\/strong><\/span><\/p>\n<p>Angesichts der Notwendigkeit, die Besucherstr\u00f6me im Museum zu bew\u00e4ltigen, und um Ihnen gute Besuchsbedingungen zu gew\u00e4hrleisten, werden Schulgruppen nur nach vorheriger Reservierung zugelassen.<\/p>\n<p>Um Ihren Besuch zu reservieren, f\u00fcllen Sie bitte das Formular aus. Reservierungsabteilung wird sich so bald wie m\u00f6glich mit Ihnen in Verbindung setzen, um Ihre Reservierung zu best\u00e4tigen.<\/p>\n\t\t\t\t\t\t\t\t<\/div>\n\t\t\t\t<\/div>\n\t\t\t\t\t<\/div>\n\t\t\t\t<\/div>\n\t\t<div class=\"elementor-element elementor-element-a69d8ef e-flex e-con-boxed e-con e-parent\" data-id=\"a69d8ef\" data-element_type=\"container\" data-e-type=\"container\">\n\t\t\t\t\t<div class=\"e-con-inner\">\n\t\t\t\t<div class=\"elementor-element elementor-element-1d43dc3c elementor-align-center elementor-widget elementor-widget-button\" data-id=\"1d43dc3c\" data-element_type=\"widget\" data-e-type=\"widget\" data-widget_type=\"button.default\">\n\t\t\t\t<div class=\"elementor-widget-container\">\n\t\t\t\t\t\t\t\t\t<div class=\"elementor-button-wrapper\">\n\t\t\t\t\t<a class=\"elementor-button elementor-button-link elementor-size-xl\" href=\"https:\/\/form.jotform.com\/240813216077351\" target=\"_blank\">\n\t\t\t\t\t\t<span class=\"elementor-button-content-wrapper\">\n\t\t\t\t\t\t\t\t\t<span class=\"elementor-button-text\">RESERVIERUNG<\/span>\n\t\t\t\t\t<\/span>\n\t\t\t\t\t<\/a>\n\t\t\t\t<\/div>\n\t\t\t\t\t\t\t\t<\/div>\n\t\t\t\t<\/div>\n\t\t\t\t\t<\/div>\n\t\t\t\t<\/div>\n\t\t\t\t<\/div>\n\t\t","protected":false},"excerpt":{"rendered":"<p>Vorbereitung des Besuchs Als Erg\u00e4nzung zum Besuch im Historial bieten wir Ihnen verschiedene Aktivit\u00e4ten im Museum oder au\u00dferhalb des Museums an. Als international anerkanntes Referenzmuseum tr\u00e4gt das Museum zum Verst\u00e4ndnis [&hellip;]<\/p>\n","protected":false},"author":2,"featured_media":0,"parent":5415,"menu_order":0,"comment_status":"closed","ping_status":"closed","template":"","meta":{"_acf_changed":false,"footnotes":""},"class_list":["post-5418","page","type-page","status-publish","hentry"],"acf":[],"yoast_head":"<!-- This site is optimized with the Yoast SEO plugin v27.4 - https:\/\/yoast.com\/product\/yoast-seo-wordpress\/ -->\n<title>Vorbereitung des Besuchs - Historial de la Grande Guerre<\/title>\n<meta name=\"robots\" content=\"index, follow, max-snippet:-1, max-image-preview:large, max-video-preview:-1\" \/>\n<link rel=\"canonical\" href=\"https:\/\/www.historial.fr\/de\/ressourcen\/museumspaedagogische-abteilung\/vorbereitung-des-besuchs\/\" \/>\n<meta property=\"og:locale\" content=\"de_DE\" \/>\n<meta property=\"og:type\" content=\"article\" \/>\n<meta property=\"og:title\" content=\"Vorbereitung des Besuchs - Historial de la Grande Guerre\" \/>\n<meta property=\"og:description\" content=\"Vorbereitung des Besuchs Als Erg\u00e4nzung zum Besuch im Historial bieten wir Ihnen verschiedene Aktivit\u00e4ten im Museum oder au\u00dferhalb des Museums an. Als international anerkanntes Referenzmuseum tr\u00e4gt das Museum zum Verst\u00e4ndnis [&hellip;]\" \/>\n<meta property=\"og:url\" content=\"https:\/\/www.historial.fr\/de\/ressourcen\/museumspaedagogische-abteilung\/vorbereitung-des-besuchs\/\" \/>\n<meta property=\"og:site_name\" content=\"Historial de la Grande Guerre\" \/>\n<meta property=\"article:modified_time\" content=\"2024-04-09T13:28:10+00:00\" \/>\n<meta property=\"og:image\" content=\"https:\/\/www.historial.fr\/wp-content\/uploads\/2023\/12\/HGG-Image_Preparer-sa-visite.jpg\" \/>\n<meta name=\"twitter:card\" content=\"summary_large_image\" \/>\n<meta name=\"twitter:label1\" content=\"Gesch\u00e4tzte Lesezeit\" \/>\n\t<meta name=\"twitter:data1\" content=\"4\u00a0Minuten\" \/>\n<script type=\"application\/ld+json\" class=\"yoast-schema-graph\">{\"@context\":\"https:\\\/\\\/schema.org\",\"@graph\":[{\"@type\":\"WebPage\",\"@id\":\"https:\\\/\\\/www.historial.fr\\\/de\\\/ressourcen\\\/museumspaedagogische-abteilung\\\/vorbereitung-des-besuchs\\\/\",\"url\":\"https:\\\/\\\/www.historial.fr\\\/de\\\/ressourcen\\\/museumspaedagogische-abteilung\\\/vorbereitung-des-besuchs\\\/\",\"name\":\"Vorbereitung des Besuchs - Historial de la Grande Guerre\",\"isPartOf\":{\"@id\":\"https:\\\/\\\/www.historial.fr\\\/#website\"},\"primaryImageOfPage\":{\"@id\":\"https:\\\/\\\/www.historial.fr\\\/de\\\/ressourcen\\\/museumspaedagogische-abteilung\\\/vorbereitung-des-besuchs\\\/#primaryimage\"},\"image\":{\"@id\":\"https:\\\/\\\/www.historial.fr\\\/de\\\/ressourcen\\\/museumspaedagogische-abteilung\\\/vorbereitung-des-besuchs\\\/#primaryimage\"},\"thumbnailUrl\":\"https:\\\/\\\/www.historial.fr\\\/wp-content\\\/uploads\\\/2023\\\/12\\\/HGG-Image_Preparer-sa-visite.jpg\",\"datePublished\":\"2023-12-07T13:44:31+00:00\",\"dateModified\":\"2024-04-09T13:28:10+00:00\",\"breadcrumb\":{\"@id\":\"https:\\\/\\\/www.historial.fr\\\/de\\\/ressourcen\\\/museumspaedagogische-abteilung\\\/vorbereitung-des-besuchs\\\/#breadcrumb\"},\"inLanguage\":\"de\",\"potentialAction\":[{\"@type\":\"ReadAction\",\"target\":[\"https:\\\/\\\/www.historial.fr\\\/de\\\/ressourcen\\\/museumspaedagogische-abteilung\\\/vorbereitung-des-besuchs\\\/\"]}]},{\"@type\":\"ImageObject\",\"inLanguage\":\"de\",\"@id\":\"https:\\\/\\\/www.historial.fr\\\/de\\\/ressourcen\\\/museumspaedagogische-abteilung\\\/vorbereitung-des-besuchs\\\/#primaryimage\",\"url\":\"https:\\\/\\\/www.historial.fr\\\/wp-content\\\/uploads\\\/2023\\\/12\\\/HGG-Image_Preparer-sa-visite.jpg\",\"contentUrl\":\"https:\\\/\\\/www.historial.fr\\\/wp-content\\\/uploads\\\/2023\\\/12\\\/HGG-Image_Preparer-sa-visite.jpg\"},{\"@type\":\"BreadcrumbList\",\"@id\":\"https:\\\/\\\/www.historial.fr\\\/de\\\/ressourcen\\\/museumspaedagogische-abteilung\\\/vorbereitung-des-besuchs\\\/#breadcrumb\",\"itemListElement\":[{\"@type\":\"ListItem\",\"position\":1,\"name\":\"Accueil\",\"item\":\"https:\\\/\\\/www.historial.fr\\\/de\\\/\"},{\"@type\":\"ListItem\",\"position\":2,\"name\":\"Ressourcen\",\"item\":\"https:\\\/\\\/www.historial.fr\\\/de\\\/ressourcen\\\/\"},{\"@type\":\"ListItem\",\"position\":3,\"name\":\"Museumsp\u00e4dagogische Abteilung\",\"item\":\"https:\\\/\\\/www.historial.fr\\\/de\\\/ressourcen\\\/museumspaedagogische-abteilung\\\/\"},{\"@type\":\"ListItem\",\"position\":4,\"name\":\"Vorbereitung des Besuchs\"}]},{\"@type\":\"WebSite\",\"@id\":\"https:\\\/\\\/www.historial.fr\\\/#website\",\"url\":\"https:\\\/\\\/www.historial.fr\\\/\",\"name\":\"Historial de la Grande Guerre\",\"description\":\"Mus\u00e9e de la Premi\u00e8re Guerre Mondiale\",\"potentialAction\":[{\"@type\":\"SearchAction\",\"target\":{\"@type\":\"EntryPoint\",\"urlTemplate\":\"https:\\\/\\\/www.historial.fr\\\/?s={search_term_string}\"},\"query-input\":{\"@type\":\"PropertyValueSpecification\",\"valueRequired\":true,\"valueName\":\"search_term_string\"}}],\"inLanguage\":\"de\"}]}<\/script>\n<!-- \/ Yoast SEO plugin. -->","yoast_head_json":{"title":"Vorbereitung des Besuchs - Historial de la Grande Guerre","robots":{"index":"index","follow":"follow","max-snippet":"max-snippet:-1","max-image-preview":"max-image-preview:large","max-video-preview":"max-video-preview:-1"},"canonical":"https:\/\/www.historial.fr\/de\/ressourcen\/museumspaedagogische-abteilung\/vorbereitung-des-besuchs\/","og_locale":"de_DE","og_type":"article","og_title":"Vorbereitung des Besuchs - Historial de la Grande Guerre","og_description":"Vorbereitung des Besuchs Als Erg\u00e4nzung zum Besuch im Historial bieten wir Ihnen verschiedene Aktivit\u00e4ten im Museum oder au\u00dferhalb des Museums an. Als international anerkanntes Referenzmuseum tr\u00e4gt das Museum zum Verst\u00e4ndnis [&hellip;]","og_url":"https:\/\/www.historial.fr\/de\/ressourcen\/museumspaedagogische-abteilung\/vorbereitung-des-besuchs\/","og_site_name":"Historial de la Grande Guerre","article_modified_time":"2024-04-09T13:28:10+00:00","og_image":[{"url":"https:\/\/www.historial.fr\/wp-content\/uploads\/2023\/12\/HGG-Image_Preparer-sa-visite.jpg","type":"","width":"","height":""}],"twitter_card":"summary_large_image","twitter_misc":{"Gesch\u00e4tzte Lesezeit":"4\u00a0Minuten"},"schema":{"@context":"https:\/\/schema.org","@graph":[{"@type":"WebPage","@id":"https:\/\/www.historial.fr\/de\/ressourcen\/museumspaedagogische-abteilung\/vorbereitung-des-besuchs\/","url":"https:\/\/www.historial.fr\/de\/ressourcen\/museumspaedagogische-abteilung\/vorbereitung-des-besuchs\/","name":"Vorbereitung des Besuchs - Historial de la Grande Guerre","isPartOf":{"@id":"https:\/\/www.historial.fr\/#website"},"primaryImageOfPage":{"@id":"https:\/\/www.historial.fr\/de\/ressourcen\/museumspaedagogische-abteilung\/vorbereitung-des-besuchs\/#primaryimage"},"image":{"@id":"https:\/\/www.historial.fr\/de\/ressourcen\/museumspaedagogische-abteilung\/vorbereitung-des-besuchs\/#primaryimage"},"thumbnailUrl":"https:\/\/www.historial.fr\/wp-content\/uploads\/2023\/12\/HGG-Image_Preparer-sa-visite.jpg","datePublished":"2023-12-07T13:44:31+00:00","dateModified":"2024-04-09T13:28:10+00:00","breadcrumb":{"@id":"https:\/\/www.historial.fr\/de\/ressourcen\/museumspaedagogische-abteilung\/vorbereitung-des-besuchs\/#breadcrumb"},"inLanguage":"de","potentialAction":[{"@type":"ReadAction","target":["https:\/\/www.historial.fr\/de\/ressourcen\/museumspaedagogische-abteilung\/vorbereitung-des-besuchs\/"]}]},{"@type":"ImageObject","inLanguage":"de","@id":"https:\/\/www.historial.fr\/de\/ressourcen\/museumspaedagogische-abteilung\/vorbereitung-des-besuchs\/#primaryimage","url":"https:\/\/www.historial.fr\/wp-content\/uploads\/2023\/12\/HGG-Image_Preparer-sa-visite.jpg","contentUrl":"https:\/\/www.historial.fr\/wp-content\/uploads\/2023\/12\/HGG-Image_Preparer-sa-visite.jpg"},{"@type":"BreadcrumbList","@id":"https:\/\/www.historial.fr\/de\/ressourcen\/museumspaedagogische-abteilung\/vorbereitung-des-besuchs\/#breadcrumb","itemListElement":[{"@type":"ListItem","position":1,"name":"Accueil","item":"https:\/\/www.historial.fr\/de\/"},{"@type":"ListItem","position":2,"name":"Ressourcen","item":"https:\/\/www.historial.fr\/de\/ressourcen\/"},{"@type":"ListItem","position":3,"name":"Museumsp\u00e4dagogische Abteilung","item":"https:\/\/www.historial.fr\/de\/ressourcen\/museumspaedagogische-abteilung\/"},{"@type":"ListItem","position":4,"name":"Vorbereitung des Besuchs"}]},{"@type":"WebSite","@id":"https:\/\/www.historial.fr\/#website","url":"https:\/\/www.historial.fr\/","name":"Historial de la Grande Guerre","description":"Mus\u00e9e de la Premi\u00e8re Guerre Mondiale","potentialAction":[{"@type":"SearchAction","target":{"@type":"EntryPoint","urlTemplate":"https:\/\/www.historial.fr\/?s={search_term_string}"},"query-input":{"@type":"PropertyValueSpecification","valueRequired":true,"valueName":"search_term_string"}}],"inLanguage":"de"}]}},"jetpack_sharing_enabled":true,"_links":{"self":[{"href":"https:\/\/www.historial.fr\/de\/wp-json\/wp\/v2\/pages\/5418","targetHints":{"allow":["GET"]}}],"collection":[{"href":"https:\/\/www.historial.fr\/de\/wp-json\/wp\/v2\/pages"}],"about":[{"href":"https:\/\/www.historial.fr\/de\/wp-json\/wp\/v2\/types\/page"}],"author":[{"embeddable":true,"href":"https:\/\/www.historial.fr\/de\/wp-json\/wp\/v2\/users\/2"}],"replies":[{"embeddable":true,"href":"https:\/\/www.historial.fr\/de\/wp-json\/wp\/v2\/comments?post=5418"}],"version-history":[{"count":7,"href":"https:\/\/www.historial.fr\/de\/wp-json\/wp\/v2\/pages\/5418\/revisions"}],"predecessor-version":[{"id":7089,"href":"https:\/\/www.historial.fr\/de\/wp-json\/wp\/v2\/pages\/5418\/revisions\/7089"}],"up":[{"embeddable":true,"href":"https:\/\/www.historial.fr\/de\/wp-json\/wp\/v2\/pages\/5415"}],"wp:attachment":[{"href":"https:\/\/www.historial.fr\/de\/wp-json\/wp\/v2\/media?parent=5418"}],"curies":[{"name":"wp","href":"https:\/\/api.w.org\/{rel}","templated":true}]}}