{"id":5420,"date":"2023-12-07T13:45:35","date_gmt":"2023-12-07T13:45:35","guid":{"rendered":"https:\/\/www.historial.fr\/ressourcen\/museumspaedagogische-abteilung\/paedagogische-inhalte\/"},"modified":"2024-04-09T13:23:38","modified_gmt":"2024-04-09T13:23:38","slug":"paedagogische-inhalte","status":"publish","type":"page","link":"https:\/\/www.historial.fr\/de\/ressourcen\/museumspaedagogische-abteilung\/paedagogische-inhalte\/","title":{"rendered":"P\u00e4dagogische Inhalte"},"content":{"rendered":"\t\t<div data-elementor-type=\"wp-page\" data-elementor-id=\"5420\" class=\"elementor elementor-5420 elementor-412\">\n\t\t\t\t<div class=\"elementor-element elementor-element-69bc1c49 e-flex e-con-boxed e-con e-parent\" data-id=\"69bc1c49\" data-element_type=\"container\" data-e-type=\"container\" data-settings=\"{&quot;background_background&quot;:&quot;classic&quot;}\">\n\t\t\t\t\t<div class=\"e-con-inner\">\n\t\t\t\t<div class=\"elementor-element elementor-element-4f99d89b elementor-widget__width-inherit elementor-widget elementor-widget-heading\" data-id=\"4f99d89b\" data-element_type=\"widget\" data-e-type=\"widget\" data-widget_type=\"heading.default\">\n\t\t\t\t<div class=\"elementor-widget-container\">\n\t\t\t\t\t<h1 class=\"elementor-heading-title elementor-size-default\">P\u00e4dagogische Inhalte<\/h1>\t\t\t\t<\/div>\n\t\t\t\t<\/div>\n\t\t\t\t\t<\/div>\n\t\t\t\t<\/div>\n\t\t<div class=\"elementor-element elementor-element-1643458d e-flex e-con-boxed e-con e-parent\" data-id=\"1643458d\" data-element_type=\"container\" data-e-type=\"container\">\n\t\t\t\t\t<div class=\"e-con-inner\">\n\t\t\t\t<div class=\"elementor-element elementor-element-577e2db9 elementor-widget elementor-widget-text-editor\" data-id=\"577e2db9\" data-element_type=\"widget\" data-e-type=\"widget\" data-widget_type=\"text-editor.default\">\n\t\t\t\t<div class=\"elementor-widget-container\">\n\t\t\t\t\t\t\t\t\t<h3>In dieser Rubrik finden Sie eine Datenbank mit Materialien f\u00fcr Lehrer und Sch\u00fcler. Sie befassen sich mit verschiedenen Themenbereichen des Gro\u00dfen Krieges und des Museums. Es obliegt dem Lehrer, die f\u00fcr seine Sch\u00fcler notwendigen Dokumente auszuw\u00e4hlen, herunterzuladen und anschlie\u00dfend auszudrucken (das Historial stellt keine Kopien zur Verf\u00fcgung).<\/h3>\n\t\t\t\t\t\t\t\t<\/div>\n\t\t\t\t<\/div>\n\t\t\t\t\t<\/div>\n\t\t\t\t<\/div>\n\t\t<div class=\"elementor-element elementor-element-8af48b3 e-flex e-con-boxed e-con e-parent\" data-id=\"8af48b3\" data-element_type=\"container\" data-e-type=\"container\">\n\t\t\t\t\t<div class=\"e-con-inner\">\n\t\t\t\t<div class=\"elementor-element elementor-element-fd111d6 elementor-widget elementor-widget-text-editor\" data-id=\"fd111d6\" data-element_type=\"widget\" data-e-type=\"widget\" data-widget_type=\"text-editor.default\">\n\t\t\t\t<div class=\"elementor-widget-container\">\n\t\t\t\t\t\t\t\t\t<h2><strong>\/\/\/ Neuheiten 2023-2024 \/\/\/<\/strong><\/h2>\n\t\t\t\t\t\t\t\t<\/div>\n\t\t\t\t<\/div>\n\t\t\t\t<div class=\"elementor-element elementor-element-25cbe4f elementor-widget elementor-widget-text-editor\" data-id=\"25cbe4f\" data-element_type=\"widget\" data-e-type=\"widget\" data-widget_type=\"text-editor.default\">\n\t\t\t\t<div class=\"elementor-widget-container\">\n\t\t\t\t\t\t\t\t\t<ul>\n<li>&#8211; Es werden \u201e<strong>p\u00e4dagogische Spiele<\/strong>\u201c angeboten, um den Gro\u00dfen Krieg auf andere Weise zu behandeln: Spiele, die den Sch\u00fclern helfen, sich Ereignisse und pr\u00e4gende Personen des Konflikts einzupr\u00e4gen, Spiele, die den Museumsbesuch verl\u00e4ngern oder Spiele zur damaligen Zeit, um in die Kriegskultur von 14-18 einzutauchen. -&gt; <em>Die Rubrik wird regelm\u00e4\u00dfig mit neuen Spielen erweitert.<\/em> <\/li>\n<li>\u201e<strong>Rund um die Olympischen Spiele in Paris, 2024<\/strong>\u201c: Diese neue Rubrik bietet p\u00e4dagogische Aktivit\u00e4ten f\u00fcr den Unterricht, die Geschichte, Erdkunde und Bildende Kunst miteinander verbinden (ein Memory-Kartenspiel, das einige gro\u00dfe Namen des Sports zu Beginn des 20. Jahrhunderts vorstellt \/ eine Aktivit\u00e4t rund um die Plakate der Olympischen Spiele \/ eine Aktivit\u00e4t rund um die olympischen Werte).<\/li>\n<\/ul>\n\t\t\t\t\t\t\t\t<\/div>\n\t\t\t\t<\/div>\n\t\t\t\t\t<\/div>\n\t\t\t\t<\/div>\n\t\t<div class=\"elementor-element elementor-element-874db09 e-flex e-con-boxed e-con e-parent\" data-id=\"874db09\" data-element_type=\"container\" data-e-type=\"container\">\n\t\t\t\t\t<div class=\"e-con-inner\">\n\t\t\t\t<div class=\"elementor-element elementor-element-7f53655 elementor-widget elementor-widget-text-editor\" data-id=\"7f53655\" data-element_type=\"widget\" data-e-type=\"widget\" data-widget_type=\"text-editor.default\">\n\t\t\t\t<div class=\"elementor-widget-container\">\n\t\t\t\t\t\t\t\t\t<p><strong>P\u00e4dagogisches Dossier in Deutsch : <br \/><a href=\"https:\/\/www.historial.fr\/wp-content\/uploads\/2024\/04\/Padagogische-Akte.pdf\">Pa\u0308dagogische Akte<\/a><br \/><\/strong><\/p><p><strong>Z\u00f6gern Sie nicht, die in <a href=\"https:\/\/www.historial.fr\/ressources\/service-educatif\/contenus-pedagogiques\/\" target=\"_blank\" rel=\"noopener\">franz\u00f6sischer<\/a> oder <a href=\"https:\/\/www.historial.fr\/en\/resources-2\/educational-department\/educational-content\/\" target=\"_blank\" rel=\"noopener\">englischer<\/a> Sprache verf\u00fcgbaren Lehrmaterialien zu konsultieren<\/strong><\/p>\t\t\t\t\t\t\t\t<\/div>\n\t\t\t\t<\/div>\n\t\t\t\t\t<\/div>\n\t\t\t\t<\/div>\n\t\t\t\t<\/div>\n\t\t","protected":false},"excerpt":{"rendered":"<p>P\u00e4dagogische Inhalte In dieser Rubrik finden Sie eine Datenbank mit Materialien f\u00fcr Lehrer und Sch\u00fcler. Sie befassen sich mit verschiedenen Themenbereichen des Gro\u00dfen Krieges und des Museums. Es obliegt dem [&hellip;]<\/p>\n","protected":false},"author":2,"featured_media":0,"parent":5415,"menu_order":0,"comment_status":"closed","ping_status":"closed","template":"","meta":{"_acf_changed":false,"footnotes":""},"class_list":["post-5420","page","type-page","status-publish","hentry"],"acf":[],"yoast_head":"<!-- This site is optimized with the Yoast SEO plugin v27.4 - https:\/\/yoast.com\/product\/yoast-seo-wordpress\/ -->\n<title>P\u00e4dagogische Inhalte - Historial de la Grande Guerre<\/title>\n<meta name=\"robots\" content=\"index, follow, max-snippet:-1, max-image-preview:large, max-video-preview:-1\" \/>\n<link rel=\"canonical\" href=\"https:\/\/www.historial.fr\/de\/ressourcen\/museumspaedagogische-abteilung\/paedagogische-inhalte\/\" \/>\n<meta property=\"og:locale\" content=\"de_DE\" \/>\n<meta property=\"og:type\" content=\"article\" \/>\n<meta property=\"og:title\" content=\"P\u00e4dagogische Inhalte - Historial de la Grande Guerre\" \/>\n<meta property=\"og:description\" content=\"P\u00e4dagogische Inhalte In dieser Rubrik finden Sie eine Datenbank mit Materialien f\u00fcr Lehrer und Sch\u00fcler. Sie befassen sich mit verschiedenen Themenbereichen des Gro\u00dfen Krieges und des Museums. Es obliegt dem [&hellip;]\" \/>\n<meta property=\"og:url\" content=\"https:\/\/www.historial.fr\/de\/ressourcen\/museumspaedagogische-abteilung\/paedagogische-inhalte\/\" \/>\n<meta property=\"og:site_name\" content=\"Historial de la Grande Guerre\" \/>\n<meta property=\"article:modified_time\" content=\"2024-04-09T13:23:38+00:00\" \/>\n<meta name=\"twitter:card\" content=\"summary_large_image\" \/>\n<meta name=\"twitter:label1\" content=\"Gesch\u00e4tzte Lesezeit\" \/>\n\t<meta name=\"twitter:data1\" content=\"2\u00a0Minuten\" \/>\n<script type=\"application\/ld+json\" class=\"yoast-schema-graph\">{\"@context\":\"https:\\\/\\\/schema.org\",\"@graph\":[{\"@type\":\"WebPage\",\"@id\":\"https:\\\/\\\/www.historial.fr\\\/de\\\/ressourcen\\\/museumspaedagogische-abteilung\\\/paedagogische-inhalte\\\/\",\"url\":\"https:\\\/\\\/www.historial.fr\\\/de\\\/ressourcen\\\/museumspaedagogische-abteilung\\\/paedagogische-inhalte\\\/\",\"name\":\"P\u00e4dagogische Inhalte - Historial de la Grande Guerre\",\"isPartOf\":{\"@id\":\"https:\\\/\\\/www.historial.fr\\\/#website\"},\"datePublished\":\"2023-12-07T13:45:35+00:00\",\"dateModified\":\"2024-04-09T13:23:38+00:00\",\"breadcrumb\":{\"@id\":\"https:\\\/\\\/www.historial.fr\\\/de\\\/ressourcen\\\/museumspaedagogische-abteilung\\\/paedagogische-inhalte\\\/#breadcrumb\"},\"inLanguage\":\"de\",\"potentialAction\":[{\"@type\":\"ReadAction\",\"target\":[\"https:\\\/\\\/www.historial.fr\\\/de\\\/ressourcen\\\/museumspaedagogische-abteilung\\\/paedagogische-inhalte\\\/\"]}]},{\"@type\":\"BreadcrumbList\",\"@id\":\"https:\\\/\\\/www.historial.fr\\\/de\\\/ressourcen\\\/museumspaedagogische-abteilung\\\/paedagogische-inhalte\\\/#breadcrumb\",\"itemListElement\":[{\"@type\":\"ListItem\",\"position\":1,\"name\":\"Accueil\",\"item\":\"https:\\\/\\\/www.historial.fr\\\/de\\\/\"},{\"@type\":\"ListItem\",\"position\":2,\"name\":\"Ressourcen\",\"item\":\"https:\\\/\\\/www.historial.fr\\\/de\\\/ressourcen\\\/\"},{\"@type\":\"ListItem\",\"position\":3,\"name\":\"Museumsp\u00e4dagogische Abteilung\",\"item\":\"https:\\\/\\\/www.historial.fr\\\/de\\\/ressourcen\\\/museumspaedagogische-abteilung\\\/\"},{\"@type\":\"ListItem\",\"position\":4,\"name\":\"P\u00e4dagogische Inhalte\"}]},{\"@type\":\"WebSite\",\"@id\":\"https:\\\/\\\/www.historial.fr\\\/#website\",\"url\":\"https:\\\/\\\/www.historial.fr\\\/\",\"name\":\"Historial de la Grande Guerre\",\"description\":\"Mus\u00e9e de la Premi\u00e8re Guerre Mondiale\",\"potentialAction\":[{\"@type\":\"SearchAction\",\"target\":{\"@type\":\"EntryPoint\",\"urlTemplate\":\"https:\\\/\\\/www.historial.fr\\\/?s={search_term_string}\"},\"query-input\":{\"@type\":\"PropertyValueSpecification\",\"valueRequired\":true,\"valueName\":\"search_term_string\"}}],\"inLanguage\":\"de\"}]}<\/script>\n<!-- \/ Yoast SEO plugin. -->","yoast_head_json":{"title":"P\u00e4dagogische Inhalte - Historial de la Grande Guerre","robots":{"index":"index","follow":"follow","max-snippet":"max-snippet:-1","max-image-preview":"max-image-preview:large","max-video-preview":"max-video-preview:-1"},"canonical":"https:\/\/www.historial.fr\/de\/ressourcen\/museumspaedagogische-abteilung\/paedagogische-inhalte\/","og_locale":"de_DE","og_type":"article","og_title":"P\u00e4dagogische Inhalte - Historial de la Grande Guerre","og_description":"P\u00e4dagogische Inhalte In dieser Rubrik finden Sie eine Datenbank mit Materialien f\u00fcr Lehrer und Sch\u00fcler. Sie befassen sich mit verschiedenen Themenbereichen des Gro\u00dfen Krieges und des Museums. Es obliegt dem [&hellip;]","og_url":"https:\/\/www.historial.fr\/de\/ressourcen\/museumspaedagogische-abteilung\/paedagogische-inhalte\/","og_site_name":"Historial de la Grande Guerre","article_modified_time":"2024-04-09T13:23:38+00:00","twitter_card":"summary_large_image","twitter_misc":{"Gesch\u00e4tzte Lesezeit":"2\u00a0Minuten"},"schema":{"@context":"https:\/\/schema.org","@graph":[{"@type":"WebPage","@id":"https:\/\/www.historial.fr\/de\/ressourcen\/museumspaedagogische-abteilung\/paedagogische-inhalte\/","url":"https:\/\/www.historial.fr\/de\/ressourcen\/museumspaedagogische-abteilung\/paedagogische-inhalte\/","name":"P\u00e4dagogische Inhalte - Historial de la Grande Guerre","isPartOf":{"@id":"https:\/\/www.historial.fr\/#website"},"datePublished":"2023-12-07T13:45:35+00:00","dateModified":"2024-04-09T13:23:38+00:00","breadcrumb":{"@id":"https:\/\/www.historial.fr\/de\/ressourcen\/museumspaedagogische-abteilung\/paedagogische-inhalte\/#breadcrumb"},"inLanguage":"de","potentialAction":[{"@type":"ReadAction","target":["https:\/\/www.historial.fr\/de\/ressourcen\/museumspaedagogische-abteilung\/paedagogische-inhalte\/"]}]},{"@type":"BreadcrumbList","@id":"https:\/\/www.historial.fr\/de\/ressourcen\/museumspaedagogische-abteilung\/paedagogische-inhalte\/#breadcrumb","itemListElement":[{"@type":"ListItem","position":1,"name":"Accueil","item":"https:\/\/www.historial.fr\/de\/"},{"@type":"ListItem","position":2,"name":"Ressourcen","item":"https:\/\/www.historial.fr\/de\/ressourcen\/"},{"@type":"ListItem","position":3,"name":"Museumsp\u00e4dagogische Abteilung","item":"https:\/\/www.historial.fr\/de\/ressourcen\/museumspaedagogische-abteilung\/"},{"@type":"ListItem","position":4,"name":"P\u00e4dagogische Inhalte"}]},{"@type":"WebSite","@id":"https:\/\/www.historial.fr\/#website","url":"https:\/\/www.historial.fr\/","name":"Historial de la Grande Guerre","description":"Mus\u00e9e de la Premi\u00e8re Guerre Mondiale","potentialAction":[{"@type":"SearchAction","target":{"@type":"EntryPoint","urlTemplate":"https:\/\/www.historial.fr\/?s={search_term_string}"},"query-input":{"@type":"PropertyValueSpecification","valueRequired":true,"valueName":"search_term_string"}}],"inLanguage":"de"}]}},"jetpack_sharing_enabled":true,"_links":{"self":[{"href":"https:\/\/www.historial.fr\/de\/wp-json\/wp\/v2\/pages\/5420","targetHints":{"allow":["GET"]}}],"collection":[{"href":"https:\/\/www.historial.fr\/de\/wp-json\/wp\/v2\/pages"}],"about":[{"href":"https:\/\/www.historial.fr\/de\/wp-json\/wp\/v2\/types\/page"}],"author":[{"embeddable":true,"href":"https:\/\/www.historial.fr\/de\/wp-json\/wp\/v2\/users\/2"}],"replies":[{"embeddable":true,"href":"https:\/\/www.historial.fr\/de\/wp-json\/wp\/v2\/comments?post=5420"}],"version-history":[{"count":4,"href":"https:\/\/www.historial.fr\/de\/wp-json\/wp\/v2\/pages\/5420\/revisions"}],"predecessor-version":[{"id":7083,"href":"https:\/\/www.historial.fr\/de\/wp-json\/wp\/v2\/pages\/5420\/revisions\/7083"}],"up":[{"embeddable":true,"href":"https:\/\/www.historial.fr\/de\/wp-json\/wp\/v2\/pages\/5415"}],"wp:attachment":[{"href":"https:\/\/www.historial.fr\/de\/wp-json\/wp\/v2\/media?parent=5420"}],"curies":[{"name":"wp","href":"https:\/\/api.w.org\/{rel}","templated":true}]}}