{"id":5466,"date":"2023-12-07T13:20:00","date_gmt":"2023-12-07T13:20:00","guid":{"rendered":"https:\/\/www.historial.fr\/visites-et-activites\/seminare-und-firmenveranstaltungen\/"},"modified":"2026-03-27T13:25:59","modified_gmt":"2026-03-27T13:25:59","slug":"seminare-und-firmenveranstaltungen","status":"publish","type":"page","link":"https:\/\/www.historial.fr\/de\/visites-et-activites\/seminare-und-firmenveranstaltungen\/","title":{"rendered":"Seminare und Firmenveranstaltungen"},"content":{"rendered":"\t\t<div data-elementor-type=\"wp-page\" data-elementor-id=\"5466\" class=\"elementor elementor-5466 elementor-363\">\n\t\t\t\t<div class=\"elementor-element elementor-element-2e26716 e-flex e-con-boxed e-con e-parent\" data-id=\"2e26716\" data-element_type=\"container\" data-e-type=\"container\" data-settings=\"{&quot;background_background&quot;:&quot;classic&quot;}\">\n\t\t\t\t\t<div class=\"e-con-inner\">\n\t\t\t\t<div class=\"elementor-element elementor-element-fd05e8f elementor-widget__width-inherit elementor-widget elementor-widget-heading\" data-id=\"fd05e8f\" data-element_type=\"widget\" data-e-type=\"widget\" data-widget_type=\"heading.default\">\n\t\t\t\t<div class=\"elementor-widget-container\">\n\t\t\t\t\t<h1 class=\"elementor-heading-title elementor-size-default\">Seminare und Firmenveranstaltungen<\/h1>\t\t\t\t<\/div>\n\t\t\t\t<\/div>\n\t\t\t\t\t<\/div>\n\t\t\t\t<\/div>\n\t\t<div class=\"elementor-element elementor-element-22e5680 e-flex e-con-boxed e-con e-parent\" data-id=\"22e5680\" data-element_type=\"container\" data-e-type=\"container\">\n\t\t\t\t\t<div class=\"e-con-inner\">\n\t\t\t\t<div class=\"elementor-element elementor-element-a3da9e0 elementor-widget elementor-widget-text-editor\" data-id=\"a3da9e0\" data-element_type=\"widget\" data-e-type=\"widget\" data-widget_type=\"text-editor.default\">\n\t\t\t\t<div class=\"elementor-widget-container\">\n\t\t\t\t\t\t\t\t\t<h3><strong>Ihre Seminare und Firmenveranstaltungen im Historial de la Grande Guerre<\/strong><\/h3>\n\t\t\t\t\t\t\t\t<\/div>\n\t\t\t\t<\/div>\n\t\t\t\t<div class=\"elementor-element elementor-element-f7d10af elementor-widget elementor-widget-text-editor\" data-id=\"f7d10af\" data-element_type=\"widget\" data-e-type=\"widget\" data-widget_type=\"text-editor.default\">\n\t\t\t\t<div class=\"elementor-widget-container\">\n\t\t\t\t\t\t\t\t\t<p>Das in P\u00e9ronne im Herzen der Schlachtfelder (auf der Achse Paris\/Lille und Amiens\/Saint-Quentin) gelegene Historial de la Grande Guerre ist das f\u00fchrende Museum f\u00fcr vergleichende Geschichte des Ersten Weltkriegs. Wir empfangen Sie in einer nat\u00fcrlichen Umgebung mit gro\u00dfer historischer Bedeutung und begleiten Sie bei der Gestaltung all Ihrer Firmenveranstaltungen.<\/p>\n\t\t\t\t\t\t\t\t<\/div>\n\t\t\t\t<\/div>\n\t\t\t\t<div class=\"elementor-element elementor-element-9ae56bd elementor-widget elementor-widget-image\" data-id=\"9ae56bd\" data-element_type=\"widget\" data-e-type=\"widget\" data-widget_type=\"image.default\">\n\t\t\t\t<div class=\"elementor-widget-container\">\n\t\t\t\t\t\t\t\t\t\t\t\t\t\t\t<img fetchpriority=\"high\" decoding=\"async\" width=\"1916\" height=\"490\" src=\"https:\/\/www.historial.fr\/wp-content\/uploads\/2023\/12\/HGG-Groupes_professionnels5.jpg\" class=\"attachment-full size-full wp-image-1608\" alt=\"\" srcset=\"https:\/\/www.historial.fr\/wp-content\/uploads\/2023\/12\/HGG-Groupes_professionnels5.jpg 1916w, https:\/\/www.historial.fr\/wp-content\/uploads\/2023\/12\/HGG-Groupes_professionnels5-300x77.jpg 300w, https:\/\/www.historial.fr\/wp-content\/uploads\/2023\/12\/HGG-Groupes_professionnels5-1024x262.jpg 1024w, https:\/\/www.historial.fr\/wp-content\/uploads\/2023\/12\/HGG-Groupes_professionnels5-768x196.jpg 768w, https:\/\/www.historial.fr\/wp-content\/uploads\/2023\/12\/HGG-Groupes_professionnels5-1536x393.jpg 1536w\" sizes=\"(max-width: 1916px) 100vw, 1916px\" \/>\t\t\t\t\t\t\t\t\t\t\t\t\t\t\t<\/div>\n\t\t\t\t<\/div>\n\t\t\t\t<div class=\"elementor-element elementor-element-2b46255 elementor-widget elementor-widget-text-editor\" data-id=\"2b46255\" data-element_type=\"widget\" data-e-type=\"widget\" data-widget_type=\"text-editor.default\">\n\t\t\t\t<div class=\"elementor-widget-container\">\n\t\t\t\t\t\t\t\t\t<h2><strong>Einladende und voll ausgestattete Arbeitsr\u00e4ume in einer einzigartigen Umgebung<\/strong><\/h2>\n\t\t\t\t\t\t\t\t<\/div>\n\t\t\t\t<\/div>\n\t\t\t\t<div class=\"elementor-element elementor-element-bdd2f53 elementor-widget elementor-widget-text-editor\" data-id=\"bdd2f53\" data-element_type=\"widget\" data-e-type=\"widget\" data-widget_type=\"text-editor.default\">\n\t\t\t\t<div class=\"elementor-widget-container\">\n\t\t\t\t\t\t\t\t\t<p>Unser Museum eignet sich dank seiner verschiedenen R\u00e4ume mit einer Kapazit\u00e4t <strong>von 10 bis 250 G\u00e4sten<\/strong> f\u00fcr jede Art von Veranstaltung: Seminare, Teambuilding, Gesch\u00e4ftsplena, Kolloquien oder auch Arbeitssitzungen&#8230; Wir passen uns Ihren Vorstellungen an.<\/p>\n\t\t\t\t\t\t\t\t<\/div>\n\t\t\t\t<\/div>\n\t\t\t\t<div class=\"elementor-element elementor-element-aa220bd elementor-widget elementor-widget-image\" data-id=\"aa220bd\" data-element_type=\"widget\" data-e-type=\"widget\" data-widget_type=\"image.default\">\n\t\t\t\t<div class=\"elementor-widget-container\">\n\t\t\t\t\t\t\t\t\t\t\t\t\t\t\t<img decoding=\"async\" width=\"2145\" height=\"1235\" src=\"https:\/\/www.historial.fr\/wp-content\/uploads\/2026\/03\/Infographie-capacites_OK_DE.jpg\" class=\"attachment-full size-full wp-image-13514\" alt=\"\" srcset=\"https:\/\/www.historial.fr\/wp-content\/uploads\/2026\/03\/Infographie-capacites_OK_DE.jpg 2145w, https:\/\/www.historial.fr\/wp-content\/uploads\/2026\/03\/Infographie-capacites_OK_DE-300x173.jpg 300w, https:\/\/www.historial.fr\/wp-content\/uploads\/2026\/03\/Infographie-capacites_OK_DE-1024x590.jpg 1024w, https:\/\/www.historial.fr\/wp-content\/uploads\/2026\/03\/Infographie-capacites_OK_DE-768x442.jpg 768w, https:\/\/www.historial.fr\/wp-content\/uploads\/2026\/03\/Infographie-capacites_OK_DE-1536x884.jpg 1536w, https:\/\/www.historial.fr\/wp-content\/uploads\/2026\/03\/Infographie-capacites_OK_DE-2048x1179.jpg 2048w\" sizes=\"(max-width: 2145px) 100vw, 2145px\" \/>\t\t\t\t\t\t\t\t\t\t\t\t\t\t\t<\/div>\n\t\t\t\t<\/div>\n\t\t\t\t\t<\/div>\n\t\t\t\t<\/div>\n\t\t<div class=\"elementor-element elementor-element-48bd59e e-flex e-con-boxed e-con e-parent\" data-id=\"48bd59e\" data-element_type=\"container\" data-e-type=\"container\">\n\t\t\t\t\t<div class=\"e-con-inner\">\n\t\t\t\t<div class=\"elementor-element elementor-element-7d52a1c raven--h-position-center raven--v-position-middle elementor-arrows-position-inside elementor-pagination-position-inside elementor-widget elementor-widget-raven-slider\" data-id=\"7d52a1c\" data-element_type=\"widget\" data-e-type=\"widget\" data-settings=\"{&quot;navigation&quot;:&quot;both&quot;,&quot;autoplay&quot;:&quot;yes&quot;,&quot;pause_on_hover&quot;:&quot;yes&quot;,&quot;pause_on_interaction&quot;:&quot;yes&quot;,&quot;autoplay_speed&quot;:5000,&quot;infinite&quot;:&quot;yes&quot;,&quot;transition&quot;:&quot;slide&quot;,&quot;transition_speed&quot;:500}\" data-widget_type=\"raven-slider.default\">\n\t\t\t\t<div class=\"elementor-widget-container\">\n\t\t\t\t\t\t\t<div class=\"elementor-swiper\">\n\t\t\t<div class=\"raven-slider-wrapper elementor-main-swiper swiper\" dir=\"ltr\" data-animation=\"fadeInUp\">\n\t\t\t\t<div class=\"swiper-wrapper raven-slider\">\n\t\t\t\t\t\t\t\t\t\t<div class=\"elementor-repeater-item-78bf46c swiper-slide\"><div style=\"background-image: url(https:\/\/www.historial.fr\/wp-content\/uploads\/2023\/12\/HGG-Groupes_professionnels4.jpg)\" class=\"swiper-slide-bg\"><\/div><div class=\"swiper-slide-inner\" ><div class=\"swiper-slide-contents\"><\/div><\/div><\/div><div class=\"elementor-repeater-item-d0c7a45 swiper-slide\"><div style=\"background-image: url(https:\/\/www.historial.fr\/wp-content\/uploads\/2023\/12\/HGG-Groupes_professionnels3.jpg)\" class=\"swiper-slide-bg\"><\/div><div class=\"swiper-slide-inner\" ><div class=\"swiper-slide-contents\"><\/div><\/div><\/div><div class=\"elementor-repeater-item-3fe2494 swiper-slide\"><div style=\"background-image: url(https:\/\/www.historial.fr\/wp-content\/uploads\/2023\/12\/HGG-Groupes_professionnels2.jpg)\" class=\"swiper-slide-bg\"><\/div><div class=\"swiper-slide-inner\" ><div class=\"swiper-slide-contents\"><\/div><\/div><\/div><div class=\"elementor-repeater-item-202d021 swiper-slide\"><div style=\"background-image: url(https:\/\/www.historial.fr\/wp-content\/uploads\/2023\/12\/HGG-Groupes_professionnels1.jpg)\" class=\"swiper-slide-bg\"><\/div><div class=\"swiper-slide-inner\" ><div class=\"swiper-slide-contents\"><\/div><\/div><\/div><div class=\"elementor-repeater-item-3290d4c swiper-slide\"><div style=\"background-image: url(https:\/\/www.historial.fr\/wp-content\/uploads\/2023\/12\/HGG-Groupes_professionnels.jpg)\" class=\"swiper-slide-bg\"><\/div><div class=\"swiper-slide-inner\" ><div class=\"swiper-slide-contents\"><\/div><\/div><\/div><div class=\"elementor-repeater-item-8c3bdcb swiper-slide\"><div style=\"background-image: url(https:\/\/www.historial.fr\/wp-content\/uploads\/2024\/01\/002_Salle-des-Douves-1-\u00a9-Jerome-Halatre.png)\" class=\"swiper-slide-bg\"><\/div><div class=\"swiper-slide-inner\" ><div class=\"swiper-slide-contents\"><\/div><\/div><\/div>\t\t\t\t<\/div>\n\t\t\t\t\t\t\t\t\t\t\t\t\t\t\t<div class=\"swiper-pagination\"><\/div>\n\t\t\t\t\t\t\t\t\t\t\t\t\t\t\t\t<div class=\"elementor-swiper-button elementor-swiper-button-prev\">\n\t\t\t\t\t\t\t<svg aria-hidden=\"true\" class=\"e-font-icon-svg e-eicon-chevron-left\" viewBox=\"0 0 1000 1000\" xmlns=\"http:\/\/www.w3.org\/2000\/svg\"><path d=\"M646 125C629 125 613 133 604 142L308 442C296 454 292 471 292 487 292 504 296 521 308 533L604 854C617 867 629 875 646 875 663 875 679 871 692 858 704 846 713 829 713 812 713 796 708 779 692 767L438 487 692 225C700 217 708 204 708 187 708 171 704 154 692 142 675 129 663 125 646 125Z\"><\/path><\/svg>\t\t\t\t\t\t\t<span class=\"elementor-screen-only\">Previous<\/span>\n\t\t\t\t\t\t<\/div>\n\t\t\t\t\t\t<div class=\"elementor-swiper-button elementor-swiper-button-next\">\n\t\t\t\t\t\t\t<svg aria-hidden=\"true\" class=\"e-font-icon-svg e-eicon-chevron-right\" viewBox=\"0 0 1000 1000\" xmlns=\"http:\/\/www.w3.org\/2000\/svg\"><path d=\"M696 533C708 521 713 504 713 487 713 471 708 454 696 446L400 146C388 133 375 125 354 125 338 125 325 129 313 142 300 154 292 171 292 187 292 204 296 221 308 233L563 492 304 771C292 783 288 800 288 817 288 833 296 850 308 863 321 871 338 875 354 875 371 875 388 867 400 854L696 533Z\"><\/path><\/svg>\t\t\t\t\t\t\t<span class=\"elementor-screen-only\">Next<\/span>\n\t\t\t\t\t\t<\/div>\n\t\t\t\t\t\t\t\t\t\t\t\t<\/div>\n\t\t<\/div>\n\t\t\t\t\t\t<\/div>\n\t\t\t\t<\/div>\n\t\t\t\t\t<\/div>\n\t\t\t\t<\/div>\n\t\t<div class=\"elementor-element elementor-element-442af5e e-flex e-con-boxed e-con e-parent\" data-id=\"442af5e\" data-element_type=\"container\" data-e-type=\"container\">\n\t\t\t\t\t<div class=\"e-con-inner\">\n\t\t\t\t<div class=\"elementor-element elementor-element-3c03a6e elementor-widget elementor-widget-text-editor\" data-id=\"3c03a6e\" data-element_type=\"widget\" data-e-type=\"widget\" data-widget_type=\"text-editor.default\">\n\t\t\t\t<div class=\"elementor-widget-container\">\n\t\t\t\t\t\t\t\t\t<h2><strong>Individuelle Betreuung und Dienstleistungen<\/strong><\/h2>\n\t\t\t\t\t\t\t\t<\/div>\n\t\t\t\t<\/div>\n\t\t\t\t<div class=\"elementor-element elementor-element-18da13f elementor-widget elementor-widget-text-editor\" data-id=\"18da13f\" data-element_type=\"widget\" data-e-type=\"widget\" data-widget_type=\"text-editor.default\">\n\t\t\t\t<div class=\"elementor-widget-container\">\n\t\t\t\t\t\t\t\t\t<p>Wollen Sie zum essen bleiben? Wir bieten Ihnen verschiedene M\u00f6glichkeiten an, <strong>von fertigen Mahlzeiten zum Service \u00e0 la Carte bis hin zum Mittags- oder Abendcocktail.<\/strong> Wir warten auf Ihre Bestellung!<\/p>\n\t\t\t\t\t\t\t\t<\/div>\n\t\t\t\t<\/div>\n\t\t\t\t<div class=\"elementor-element elementor-element-082bbf0 elementor-widget elementor-widget-text-editor\" data-id=\"082bbf0\" data-element_type=\"widget\" data-e-type=\"widget\" data-widget_type=\"text-editor.default\">\n\t\t\t\t<div class=\"elementor-widget-container\">\n\t\t\t\t\t\t\t\t\t<h2><strong>Schenken Sie Ihren Mitarbeitern einen Moment der kulturellen Bereicherung<\/strong><\/h2>\n\t\t\t\t\t\t\t\t<\/div>\n\t\t\t\t<\/div>\n\t\t\t\t<div class=\"elementor-element elementor-element-acc1ead elementor-widget elementor-widget-text-editor\" data-id=\"acc1ead\" data-element_type=\"widget\" data-e-type=\"widget\" data-widget_type=\"text-editor.default\">\n\t\t\t\t<div class=\"elementor-widget-container\">\n\t\t\t\t\t\t\t\t\t<p>Das Historial de la Grande Guerre bietet Ihnen privilegierte Besuche f\u00fcr einen einzigartigen kulturellen und geselligen Moment.<br \/>Allgemeine oder thematische F\u00fchrungen, Eintauchen in die Schlachtfelder der Somme, zus\u00e4tzliche Aktivit\u00e4ten oder Teambuilding: Unser Verkaufsteam und unsere Mediatoren stehen Ihnen zur Verf\u00fcgung, um gemeinsam Ihre Veranstaltung zu gestalten.<\/p>\n\t\t\t\t\t\t\t\t<\/div>\n\t\t\t\t<\/div>\n\t\t\t\t<div class=\"elementor-element elementor-element-d1f63f8 elementor-widget elementor-widget-text-editor\" data-id=\"d1f63f8\" data-element_type=\"widget\" data-e-type=\"widget\" data-widget_type=\"text-editor.default\">\n\t\t\t\t<div class=\"elementor-widget-container\">\n\t\t\t\t\t\t\t\t\t<h2><strong>Informationen und Vorbesichtigungen<\/strong><\/h2>\n\t\t\t\t\t\t\t\t<\/div>\n\t\t\t\t<\/div>\n\t\t\t\t<div class=\"elementor-element elementor-element-763380d elementor-widget elementor-widget-text-editor\" data-id=\"763380d\" data-element_type=\"widget\" data-e-type=\"widget\" data-widget_type=\"text-editor.default\">\n\t\t\t\t<div class=\"elementor-widget-container\">\n\t\t\t\t\t\t\t\t\t<p>Unser Vertriebsteam steht Ihnen gerne zur Verf\u00fcgung, wenn Sie ein individuelles Angebot w\u00fcnschen.<br \/><span style=\"color: var( --e-global-color-text ); font-family: var( --e-global-typography-text-font-family ), Sans-serif; font-weight: var( --e-global-typography-text-font-weight ); font-size: 1rem;\">Kontakt: <\/span><span style=\"color: var( --e-global-color-text ); font-family: var( --e-global-typography-text-font-family ), Sans-serif; font-weight: var( --e-global-typography-text-font-weight ); font-size: 1rem;\">Verkaufsabteilung &#8211; Kevin Deneux +33 (0)3 22 83 54 15 &#8211; <\/span><a href=\"mailto:kedeneux@somme.fr\">kedeneux@somme.fr<\/a><\/p><p>Reservierungsabteilung<span style=\"color: var( --e-global-color-text ); font-family: var( --e-global-typography-text-font-family ), Sans-serif; font-weight: var( --e-global-typography-text-font-weight ); font-size: 1rem;\"> +33 (0)3 22 83 54 14 &#8211;<\/span> <a href=\"mailto:historialreservation@somme.fr\">historialreservation@somme.fr<\/a><span style=\"color: var( --e-global-color-text ); font-family: var( --e-global-typography-text-font-family ), Sans-serif; font-weight: var( --e-global-typography-text-font-weight ); font-size: 1rem;\"> <br \/><\/span><span style=\"color: var( --e-global-color-text ); font-family: var( --e-global-typography-text-font-family ), Sans-serif; font-weight: var( --e-global-typography-text-font-weight ); font-size: 1rem;\">Zentrale +33 (0)3 22 83 14 18<\/span><\/p>\t\t\t\t\t\t\t\t<\/div>\n\t\t\t\t<\/div>\n\t\t\t\t\t<\/div>\n\t\t\t\t<\/div>\n\t\t\t\t<\/div>\n\t\t","protected":false},"excerpt":{"rendered":"<p>Seminare und Firmenveranstaltungen Ihre Seminare und Firmenveranstaltungen im Historial de la Grande Guerre Das in P\u00e9ronne im Herzen der Schlachtfelder (auf der Achse Paris\/Lille und Amiens\/Saint-Quentin) gelegene Historial de la [&hellip;]<\/p>\n","protected":false},"author":2,"featured_media":0,"parent":3856,"menu_order":0,"comment_status":"closed","ping_status":"closed","template":"","meta":{"_acf_changed":false,"footnotes":""},"class_list":["post-5466","page","type-page","status-publish","hentry"],"acf":[],"yoast_head":"<!-- This site is optimized with the Yoast SEO plugin v27.4 - https:\/\/yoast.com\/product\/yoast-seo-wordpress\/ -->\n<title>Seminare und Firmenveranstaltungen - Historial de la Grande Guerre<\/title>\n<meta name=\"robots\" content=\"index, follow, max-snippet:-1, max-image-preview:large, max-video-preview:-1\" \/>\n<link rel=\"canonical\" href=\"https:\/\/www.historial.fr\/de\/visites-et-activites\/seminare-und-firmenveranstaltungen\/\" \/>\n<meta property=\"og:locale\" content=\"de_DE\" \/>\n<meta property=\"og:type\" content=\"article\" \/>\n<meta property=\"og:title\" content=\"Seminare und Firmenveranstaltungen - Historial de la Grande Guerre\" \/>\n<meta property=\"og:description\" content=\"Seminare und Firmenveranstaltungen Ihre Seminare und Firmenveranstaltungen im Historial de la Grande Guerre Das in P\u00e9ronne im Herzen der Schlachtfelder (auf der Achse Paris\/Lille und Amiens\/Saint-Quentin) gelegene Historial de la [&hellip;]\" \/>\n<meta property=\"og:url\" content=\"https:\/\/www.historial.fr\/de\/visites-et-activites\/seminare-und-firmenveranstaltungen\/\" \/>\n<meta property=\"og:site_name\" content=\"Historial de la Grande Guerre\" \/>\n<meta property=\"article:modified_time\" content=\"2026-03-27T13:25:59+00:00\" \/>\n<meta property=\"og:image\" content=\"https:\/\/www.historial.fr\/wp-content\/uploads\/2023\/12\/HGG-Groupes_professionnels5.jpg\" \/>\n\t<meta property=\"og:image:width\" content=\"1916\" \/>\n\t<meta property=\"og:image:height\" content=\"490\" \/>\n\t<meta property=\"og:image:type\" content=\"image\/jpeg\" \/>\n<meta name=\"twitter:card\" content=\"summary_large_image\" \/>\n<meta name=\"twitter:label1\" content=\"Gesch\u00e4tzte Lesezeit\" \/>\n\t<meta name=\"twitter:data1\" content=\"2\u00a0Minuten\" \/>\n<script type=\"application\/ld+json\" class=\"yoast-schema-graph\">{\"@context\":\"https:\\\/\\\/schema.org\",\"@graph\":[{\"@type\":\"WebPage\",\"@id\":\"https:\\\/\\\/www.historial.fr\\\/de\\\/visites-et-activites\\\/seminare-und-firmenveranstaltungen\\\/\",\"url\":\"https:\\\/\\\/www.historial.fr\\\/de\\\/visites-et-activites\\\/seminare-und-firmenveranstaltungen\\\/\",\"name\":\"Seminare und Firmenveranstaltungen - Historial de la Grande Guerre\",\"isPartOf\":{\"@id\":\"https:\\\/\\\/www.historial.fr\\\/#website\"},\"primaryImageOfPage\":{\"@id\":\"https:\\\/\\\/www.historial.fr\\\/de\\\/visites-et-activites\\\/seminare-und-firmenveranstaltungen\\\/#primaryimage\"},\"image\":{\"@id\":\"https:\\\/\\\/www.historial.fr\\\/de\\\/visites-et-activites\\\/seminare-und-firmenveranstaltungen\\\/#primaryimage\"},\"thumbnailUrl\":\"https:\\\/\\\/www.historial.fr\\\/wp-content\\\/uploads\\\/2023\\\/12\\\/HGG-Groupes_professionnels5.jpg\",\"datePublished\":\"2023-12-07T13:20:00+00:00\",\"dateModified\":\"2026-03-27T13:25:59+00:00\",\"breadcrumb\":{\"@id\":\"https:\\\/\\\/www.historial.fr\\\/de\\\/visites-et-activites\\\/seminare-und-firmenveranstaltungen\\\/#breadcrumb\"},\"inLanguage\":\"de\",\"potentialAction\":[{\"@type\":\"ReadAction\",\"target\":[\"https:\\\/\\\/www.historial.fr\\\/de\\\/visites-et-activites\\\/seminare-und-firmenveranstaltungen\\\/\"]}]},{\"@type\":\"ImageObject\",\"inLanguage\":\"de\",\"@id\":\"https:\\\/\\\/www.historial.fr\\\/de\\\/visites-et-activites\\\/seminare-und-firmenveranstaltungen\\\/#primaryimage\",\"url\":\"https:\\\/\\\/www.historial.fr\\\/wp-content\\\/uploads\\\/2023\\\/12\\\/HGG-Groupes_professionnels5.jpg\",\"contentUrl\":\"https:\\\/\\\/www.historial.fr\\\/wp-content\\\/uploads\\\/2023\\\/12\\\/HGG-Groupes_professionnels5.jpg\"},{\"@type\":\"BreadcrumbList\",\"@id\":\"https:\\\/\\\/www.historial.fr\\\/de\\\/visites-et-activites\\\/seminare-und-firmenveranstaltungen\\\/#breadcrumb\",\"itemListElement\":[{\"@type\":\"ListItem\",\"position\":1,\"name\":\"Accueil\",\"item\":\"https:\\\/\\\/www.historial.fr\\\/de\\\/\"},{\"@type\":\"ListItem\",\"position\":2,\"name\":\"Touren und Aktivit\u00e4ten\",\"item\":\"https:\\\/\\\/www.historial.fr\\\/de\\\/visites-et-activites\\\/\"},{\"@type\":\"ListItem\",\"position\":3,\"name\":\"Seminare und Firmenveranstaltungen\"}]},{\"@type\":\"WebSite\",\"@id\":\"https:\\\/\\\/www.historial.fr\\\/#website\",\"url\":\"https:\\\/\\\/www.historial.fr\\\/\",\"name\":\"Historial de la Grande Guerre\",\"description\":\"Mus\u00e9e de la Premi\u00e8re Guerre Mondiale\",\"potentialAction\":[{\"@type\":\"SearchAction\",\"target\":{\"@type\":\"EntryPoint\",\"urlTemplate\":\"https:\\\/\\\/www.historial.fr\\\/?s={search_term_string}\"},\"query-input\":{\"@type\":\"PropertyValueSpecification\",\"valueRequired\":true,\"valueName\":\"search_term_string\"}}],\"inLanguage\":\"de\"}]}<\/script>\n<!-- \/ Yoast SEO plugin. -->","yoast_head_json":{"title":"Seminare und Firmenveranstaltungen - Historial de la Grande Guerre","robots":{"index":"index","follow":"follow","max-snippet":"max-snippet:-1","max-image-preview":"max-image-preview:large","max-video-preview":"max-video-preview:-1"},"canonical":"https:\/\/www.historial.fr\/de\/visites-et-activites\/seminare-und-firmenveranstaltungen\/","og_locale":"de_DE","og_type":"article","og_title":"Seminare und Firmenveranstaltungen - Historial de la Grande Guerre","og_description":"Seminare und Firmenveranstaltungen Ihre Seminare und Firmenveranstaltungen im Historial de la Grande Guerre Das in P\u00e9ronne im Herzen der Schlachtfelder (auf der Achse Paris\/Lille und Amiens\/Saint-Quentin) gelegene Historial de la [&hellip;]","og_url":"https:\/\/www.historial.fr\/de\/visites-et-activites\/seminare-und-firmenveranstaltungen\/","og_site_name":"Historial de la Grande Guerre","article_modified_time":"2026-03-27T13:25:59+00:00","og_image":[{"width":1916,"height":490,"url":"https:\/\/www.historial.fr\/wp-content\/uploads\/2023\/12\/HGG-Groupes_professionnels5.jpg","type":"image\/jpeg"}],"twitter_card":"summary_large_image","twitter_misc":{"Gesch\u00e4tzte Lesezeit":"2\u00a0Minuten"},"schema":{"@context":"https:\/\/schema.org","@graph":[{"@type":"WebPage","@id":"https:\/\/www.historial.fr\/de\/visites-et-activites\/seminare-und-firmenveranstaltungen\/","url":"https:\/\/www.historial.fr\/de\/visites-et-activites\/seminare-und-firmenveranstaltungen\/","name":"Seminare und Firmenveranstaltungen - Historial de la Grande Guerre","isPartOf":{"@id":"https:\/\/www.historial.fr\/#website"},"primaryImageOfPage":{"@id":"https:\/\/www.historial.fr\/de\/visites-et-activites\/seminare-und-firmenveranstaltungen\/#primaryimage"},"image":{"@id":"https:\/\/www.historial.fr\/de\/visites-et-activites\/seminare-und-firmenveranstaltungen\/#primaryimage"},"thumbnailUrl":"https:\/\/www.historial.fr\/wp-content\/uploads\/2023\/12\/HGG-Groupes_professionnels5.jpg","datePublished":"2023-12-07T13:20:00+00:00","dateModified":"2026-03-27T13:25:59+00:00","breadcrumb":{"@id":"https:\/\/www.historial.fr\/de\/visites-et-activites\/seminare-und-firmenveranstaltungen\/#breadcrumb"},"inLanguage":"de","potentialAction":[{"@type":"ReadAction","target":["https:\/\/www.historial.fr\/de\/visites-et-activites\/seminare-und-firmenveranstaltungen\/"]}]},{"@type":"ImageObject","inLanguage":"de","@id":"https:\/\/www.historial.fr\/de\/visites-et-activites\/seminare-und-firmenveranstaltungen\/#primaryimage","url":"https:\/\/www.historial.fr\/wp-content\/uploads\/2023\/12\/HGG-Groupes_professionnels5.jpg","contentUrl":"https:\/\/www.historial.fr\/wp-content\/uploads\/2023\/12\/HGG-Groupes_professionnels5.jpg"},{"@type":"BreadcrumbList","@id":"https:\/\/www.historial.fr\/de\/visites-et-activites\/seminare-und-firmenveranstaltungen\/#breadcrumb","itemListElement":[{"@type":"ListItem","position":1,"name":"Accueil","item":"https:\/\/www.historial.fr\/de\/"},{"@type":"ListItem","position":2,"name":"Touren und Aktivit\u00e4ten","item":"https:\/\/www.historial.fr\/de\/visites-et-activites\/"},{"@type":"ListItem","position":3,"name":"Seminare und Firmenveranstaltungen"}]},{"@type":"WebSite","@id":"https:\/\/www.historial.fr\/#website","url":"https:\/\/www.historial.fr\/","name":"Historial de la Grande Guerre","description":"Mus\u00e9e de la Premi\u00e8re Guerre Mondiale","potentialAction":[{"@type":"SearchAction","target":{"@type":"EntryPoint","urlTemplate":"https:\/\/www.historial.fr\/?s={search_term_string}"},"query-input":{"@type":"PropertyValueSpecification","valueRequired":true,"valueName":"search_term_string"}}],"inLanguage":"de"}]}},"jetpack_sharing_enabled":true,"_links":{"self":[{"href":"https:\/\/www.historial.fr\/de\/wp-json\/wp\/v2\/pages\/5466","targetHints":{"allow":["GET"]}}],"collection":[{"href":"https:\/\/www.historial.fr\/de\/wp-json\/wp\/v2\/pages"}],"about":[{"href":"https:\/\/www.historial.fr\/de\/wp-json\/wp\/v2\/types\/page"}],"author":[{"embeddable":true,"href":"https:\/\/www.historial.fr\/de\/wp-json\/wp\/v2\/users\/2"}],"replies":[{"embeddable":true,"href":"https:\/\/www.historial.fr\/de\/wp-json\/wp\/v2\/comments?post=5466"}],"version-history":[{"count":13,"href":"https:\/\/www.historial.fr\/de\/wp-json\/wp\/v2\/pages\/5466\/revisions"}],"predecessor-version":[{"id":13520,"href":"https:\/\/www.historial.fr\/de\/wp-json\/wp\/v2\/pages\/5466\/revisions\/13520"}],"up":[{"embeddable":true,"href":"https:\/\/www.historial.fr\/de\/wp-json\/wp\/v2\/pages\/3856"}],"wp:attachment":[{"href":"https:\/\/www.historial.fr\/de\/wp-json\/wp\/v2\/media?parent=5466"}],"curies":[{"name":"wp","href":"https:\/\/api.w.org\/{rel}","templated":true}]}}