{"id":13308,"date":"2026-02-23T12:00:42","date_gmt":"2026-02-23T12:00:42","guid":{"rendered":"https:\/\/www.historial.fr\/news\/temporary-exhibits\/the-somme-remembers-a-look-from-claude-paul\/"},"modified":"2026-04-03T09:45:36","modified_gmt":"2026-04-03T09:45:36","slug":"the-somme-remembers-a-look-from-claude-paul","status":"publish","type":"page","link":"https:\/\/www.historial.fr\/en\/news\/temporary-exhibits\/the-somme-remembers-a-look-from-claude-paul\/","title":{"rendered":"The Somme remembers. A look from Claude Paul."},"content":{"rendered":"\t\t<div data-elementor-type=\"wp-page\" data-elementor-id=\"13308\" class=\"elementor elementor-13308 elementor-13253\">\n\t\t\t\t<div class=\"elementor-element elementor-element-35a58a15 e-flex e-con-boxed e-con e-parent\" data-id=\"35a58a15\" data-element_type=\"container\" data-e-type=\"container\" data-settings=\"{&quot;background_background&quot;:&quot;classic&quot;}\">\n\t\t\t\t\t<div class=\"e-con-inner\">\n\t\t\t\t<div class=\"elementor-element elementor-element-773de8e5 elementor-widget__width-inherit elementor-widget elementor-widget-heading\" data-id=\"773de8e5\" data-element_type=\"widget\" data-e-type=\"widget\" data-widget_type=\"heading.default\">\n\t\t\t\t<div class=\"elementor-widget-container\">\n\t\t\t\t\t<h1 class=\"elementor-heading-title elementor-size-default\"><i>The Somme remembers. <br>A look from Claude Paul. \n<\/h1>\t\t\t\t<\/div>\n\t\t\t\t<\/div>\n\t\t\t\t\t<\/div>\n\t\t\t\t<\/div>\n\t\t<div class=\"elementor-element elementor-element-9acb667 e-grid e-con-boxed e-con e-parent\" data-id=\"9acb667\" data-element_type=\"container\" data-e-type=\"container\">\n\t\t\t\t\t<div class=\"e-con-inner\">\n\t\t\t\t<div class=\"elementor-element elementor-element-6f01c17 elementor-widget elementor-widget-heading\" data-id=\"6f01c17\" data-element_type=\"widget\" data-e-type=\"widget\" data-widget_type=\"heading.default\">\n\t\t\t\t<div class=\"elementor-widget-container\">\n\t\t\t\t\t<h2 class=\"elementor-heading-title elementor-size-default\">Du 28 juin au 6 d\u00e9cembre 2026<br>\u00c0 P\u00e9ronne<\/h2>\t\t\t\t<\/div>\n\t\t\t\t<\/div>\n\t\t\t\t<div class=\"elementor-element elementor-element-ab4cf73 elementor-widget elementor-widget-image\" data-id=\"ab4cf73\" data-element_type=\"widget\" data-e-type=\"widget\" data-widget_type=\"image.default\">\n\t\t\t\t<div class=\"elementor-widget-container\">\n\t\t\t\t\t\t\t\t\t\t\t\t\t\t\t<img fetchpriority=\"high\" decoding=\"async\" width=\"1024\" height=\"469\" src=\"https:\/\/www.historial.fr\/wp-content\/uploads\/2026\/02\/slider_110-1024x469.jpg\" class=\"attachment-large size-large wp-image-13185\" alt=\"\" srcset=\"https:\/\/www.historial.fr\/wp-content\/uploads\/2026\/02\/slider_110-1024x469.jpg 1024w, https:\/\/www.historial.fr\/wp-content\/uploads\/2026\/02\/slider_110-300x138.jpg 300w, https:\/\/www.historial.fr\/wp-content\/uploads\/2026\/02\/slider_110-768x352.jpg 768w, https:\/\/www.historial.fr\/wp-content\/uploads\/2026\/02\/slider_110.jpg 1200w\" sizes=\"(max-width: 1024px) 100vw, 1024px\" \/>\t\t\t\t\t\t\t\t\t\t\t\t\t\t\t<\/div>\n\t\t\t\t<\/div>\n\t\t\t\t\t<\/div>\n\t\t\t\t<\/div>\n\t\t<div class=\"elementor-element elementor-element-0444300 e-flex e-con-boxed e-con e-parent\" data-id=\"0444300\" data-element_type=\"container\" data-e-type=\"container\">\n\t\t\t\t\t<div class=\"e-con-inner\">\n\t\t<div class=\"elementor-element elementor-element-cc17f42 e-con-full e-flex e-con e-child\" data-id=\"cc17f42\" data-element_type=\"container\" data-e-type=\"container\">\n\t\t\t\t<div class=\"elementor-element elementor-element-0b5009f elementor-widget elementor-widget-text-editor\" data-id=\"0b5009f\" data-element_type=\"widget\" data-e-type=\"widget\" data-widget_type=\"text-editor.default\">\n\t\t\t\t<div class=\"elementor-widget-container\">\n\t\t\t\t\t\t\t\t\t<p>This unique photographic exhibition highlights <strong>thirteen years of images dedicated to places of memory and commemorations in the Somme.<\/strong><\/p><p><strong>Through the sensitive and humane gaze of the photographer from P\u00e9ronne, Claude Paul <\/strong>&#8211; whose collection joined the Historial&#8217;s collections in 2025 &#8211; it reveals <strong>how the memory of the Great War is transmitted and reinvented today<\/strong>.<\/p><p>With a sober and contemplative display, the exhibition highlights both the work of the photographer and that of memorial institutions, inviting everyone to reflect on <strong>the persistence of commemorative gestures and their role in our collective memory.<\/strong><\/p>\t\t\t\t\t\t\t\t<\/div>\n\t\t\t\t<\/div>\n\t\t\t\t<\/div>\n\t\t<div class=\"elementor-element elementor-element-b334370 e-con-full e-flex e-con e-child\" data-id=\"b334370\" data-element_type=\"container\" data-e-type=\"container\">\n\t\t\t\t<div class=\"elementor-element elementor-element-e849fbe elementor-widget elementor-widget-image\" data-id=\"e849fbe\" data-element_type=\"widget\" data-e-type=\"widget\" data-widget_type=\"image.default\">\n\t\t\t\t<div class=\"elementor-widget-container\">\n\t\t\t\t\t\t\t\t\t\t\t\t\t\t\t<img decoding=\"async\" width=\"1024\" height=\"723\" src=\"https:\/\/www.historial.fr\/wp-content\/uploads\/2026\/02\/Photo-\u00a9laude-PAUL_003-1024x723.jpg\" class=\"attachment-large size-large wp-image-13197\" alt=\"\" srcset=\"https:\/\/www.historial.fr\/wp-content\/uploads\/2026\/02\/Photo-\u00a9laude-PAUL_003-1024x723.jpg 1024w, https:\/\/www.historial.fr\/wp-content\/uploads\/2026\/02\/Photo-\u00a9laude-PAUL_003-300x212.jpg 300w, https:\/\/www.historial.fr\/wp-content\/uploads\/2026\/02\/Photo-\u00a9laude-PAUL_003-768x542.jpg 768w, https:\/\/www.historial.fr\/wp-content\/uploads\/2026\/02\/Photo-\u00a9laude-PAUL_003-1536x1085.jpg 1536w, https:\/\/www.historial.fr\/wp-content\/uploads\/2026\/02\/Photo-\u00a9laude-PAUL_003-2048x1446.jpg 2048w\" sizes=\"(max-width: 1024px) 100vw, 1024px\" \/>\t\t\t\t\t\t\t\t\t\t\t\t\t\t\t<\/div>\n\t\t\t\t<\/div>\n\t\t\t\t<\/div>\n\t\t\t\t\t<\/div>\n\t\t\t\t<\/div>\n\t\t\t\t<\/div>\n\t\t","protected":false},"excerpt":{"rendered":"<p>The Somme remembers. A look from Claude Paul. Du 28 juin au 6 d\u00e9cembre 2026\u00c0 P\u00e9ronne This unique photographic exhibition highlights thirteen years of images dedicated to places of memory [&hellip;]<\/p>\n","protected":false},"author":4,"featured_media":0,"parent":4097,"menu_order":0,"comment_status":"closed","ping_status":"closed","template":"","meta":{"_acf_changed":false,"footnotes":""},"class_list":["post-13308","page","type-page","status-publish","hentry"],"acf":[],"yoast_head":"<!-- This site is optimized with the Yoast SEO plugin v27.4 - https:\/\/yoast.com\/product\/yoast-seo-wordpress\/ -->\n<title>The Somme remembers. A look from Claude Paul. - Historial de la Grande Guerre<\/title>\n<meta name=\"robots\" content=\"index, follow, max-snippet:-1, max-image-preview:large, max-video-preview:-1\" \/>\n<link rel=\"canonical\" href=\"https:\/\/www.historial.fr\/actualites\/exposition-temporaire\/la-somme-se-souvient-regards-de-claude-paul\/\" \/>\n<meta property=\"og:locale\" content=\"en_US\" \/>\n<meta property=\"og:type\" content=\"article\" \/>\n<meta property=\"og:title\" content=\"The Somme remembers. A look from Claude Paul. - Historial de la Grande Guerre\" \/>\n<meta property=\"og:description\" content=\"The Somme remembers. A look from Claude Paul. Du 28 juin au 6 d\u00e9cembre 2026\u00c0 P\u00e9ronne This unique photographic exhibition highlights thirteen years of images dedicated to places of memory [&hellip;]\" \/>\n<meta property=\"og:url\" content=\"https:\/\/www.historial.fr\/actualites\/exposition-temporaire\/la-somme-se-souvient-regards-de-claude-paul\/\" \/>\n<meta property=\"og:site_name\" content=\"Historial de la Grande Guerre\" \/>\n<meta property=\"article:modified_time\" content=\"2026-04-03T09:45:36+00:00\" \/>\n<meta property=\"og:image\" content=\"https:\/\/www.historial.fr\/wp-content\/uploads\/2026\/02\/slider_110.jpg\" \/>\n\t<meta property=\"og:image:width\" content=\"1200\" \/>\n\t<meta property=\"og:image:height\" content=\"550\" \/>\n\t<meta property=\"og:image:type\" content=\"image\/jpeg\" \/>\n<meta name=\"twitter:card\" content=\"summary_large_image\" \/>\n<meta name=\"twitter:label1\" content=\"Est. reading time\" \/>\n\t<meta name=\"twitter:data1\" content=\"1 minute\" \/>\n<script type=\"application\/ld+json\" class=\"yoast-schema-graph\">{\"@context\":\"https:\\\/\\\/schema.org\",\"@graph\":[{\"@type\":\"WebPage\",\"@id\":\"https:\\\/\\\/www.historial.fr\\\/actualites\\\/exposition-temporaire\\\/la-somme-se-souvient-regards-de-claude-paul\\\/\",\"url\":\"https:\\\/\\\/www.historial.fr\\\/actualites\\\/exposition-temporaire\\\/la-somme-se-souvient-regards-de-claude-paul\\\/\",\"name\":\"The Somme remembers. A look from Claude Paul. - Historial de la Grande Guerre\",\"isPartOf\":{\"@id\":\"https:\\\/\\\/www.historial.fr\\\/#website\"},\"primaryImageOfPage\":{\"@id\":\"https:\\\/\\\/www.historial.fr\\\/actualites\\\/exposition-temporaire\\\/la-somme-se-souvient-regards-de-claude-paul\\\/#primaryimage\"},\"image\":{\"@id\":\"https:\\\/\\\/www.historial.fr\\\/actualites\\\/exposition-temporaire\\\/la-somme-se-souvient-regards-de-claude-paul\\\/#primaryimage\"},\"thumbnailUrl\":\"https:\\\/\\\/www.historial.fr\\\/wp-content\\\/uploads\\\/2026\\\/02\\\/slider_110-1024x469.jpg\",\"datePublished\":\"2026-02-23T12:00:42+00:00\",\"dateModified\":\"2026-04-03T09:45:36+00:00\",\"breadcrumb\":{\"@id\":\"https:\\\/\\\/www.historial.fr\\\/actualites\\\/exposition-temporaire\\\/la-somme-se-souvient-regards-de-claude-paul\\\/#breadcrumb\"},\"inLanguage\":\"en-US\",\"potentialAction\":[{\"@type\":\"ReadAction\",\"target\":[\"https:\\\/\\\/www.historial.fr\\\/actualites\\\/exposition-temporaire\\\/la-somme-se-souvient-regards-de-claude-paul\\\/\"]}]},{\"@type\":\"ImageObject\",\"inLanguage\":\"en-US\",\"@id\":\"https:\\\/\\\/www.historial.fr\\\/actualites\\\/exposition-temporaire\\\/la-somme-se-souvient-regards-de-claude-paul\\\/#primaryimage\",\"url\":\"https:\\\/\\\/www.historial.fr\\\/wp-content\\\/uploads\\\/2026\\\/02\\\/slider_110-1024x469.jpg\",\"contentUrl\":\"https:\\\/\\\/www.historial.fr\\\/wp-content\\\/uploads\\\/2026\\\/02\\\/slider_110-1024x469.jpg\"},{\"@type\":\"BreadcrumbList\",\"@id\":\"https:\\\/\\\/www.historial.fr\\\/actualites\\\/exposition-temporaire\\\/la-somme-se-souvient-regards-de-claude-paul\\\/#breadcrumb\",\"itemListElement\":[{\"@type\":\"ListItem\",\"position\":1,\"name\":\"Accueil\",\"item\":\"https:\\\/\\\/www.historial.fr\\\/en\\\/\"},{\"@type\":\"ListItem\",\"position\":2,\"name\":\"News\",\"item\":\"https:\\\/\\\/www.historial.fr\\\/en\\\/news\\\/\"},{\"@type\":\"ListItem\",\"position\":3,\"name\":\"Temporary exhibits\",\"item\":\"https:\\\/\\\/www.historial.fr\\\/en\\\/news\\\/temporary-exhibits\\\/\"},{\"@type\":\"ListItem\",\"position\":4,\"name\":\"The Somme remembers. A look from Claude Paul.\"}]},{\"@type\":\"WebSite\",\"@id\":\"https:\\\/\\\/www.historial.fr\\\/#website\",\"url\":\"https:\\\/\\\/www.historial.fr\\\/\",\"name\":\"Historial de la Grande Guerre\",\"description\":\"Mus\u00e9e de la Premi\u00e8re Guerre Mondiale\",\"potentialAction\":[{\"@type\":\"SearchAction\",\"target\":{\"@type\":\"EntryPoint\",\"urlTemplate\":\"https:\\\/\\\/www.historial.fr\\\/?s={search_term_string}\"},\"query-input\":{\"@type\":\"PropertyValueSpecification\",\"valueRequired\":true,\"valueName\":\"search_term_string\"}}],\"inLanguage\":\"en-US\"}]}<\/script>\n<!-- \/ Yoast SEO plugin. -->","yoast_head_json":{"title":"The Somme remembers. A look from Claude Paul. - Historial de la Grande Guerre","robots":{"index":"index","follow":"follow","max-snippet":"max-snippet:-1","max-image-preview":"max-image-preview:large","max-video-preview":"max-video-preview:-1"},"canonical":"https:\/\/www.historial.fr\/actualites\/exposition-temporaire\/la-somme-se-souvient-regards-de-claude-paul\/","og_locale":"en_US","og_type":"article","og_title":"The Somme remembers. A look from Claude Paul. - Historial de la Grande Guerre","og_description":"The Somme remembers. A look from Claude Paul. Du 28 juin au 6 d\u00e9cembre 2026\u00c0 P\u00e9ronne This unique photographic exhibition highlights thirteen years of images dedicated to places of memory [&hellip;]","og_url":"https:\/\/www.historial.fr\/actualites\/exposition-temporaire\/la-somme-se-souvient-regards-de-claude-paul\/","og_site_name":"Historial de la Grande Guerre","article_modified_time":"2026-04-03T09:45:36+00:00","og_image":[{"width":1200,"height":550,"url":"https:\/\/www.historial.fr\/wp-content\/uploads\/2026\/02\/slider_110.jpg","type":"image\/jpeg"}],"twitter_card":"summary_large_image","twitter_misc":{"Est. reading time":"1 minute"},"schema":{"@context":"https:\/\/schema.org","@graph":[{"@type":"WebPage","@id":"https:\/\/www.historial.fr\/actualites\/exposition-temporaire\/la-somme-se-souvient-regards-de-claude-paul\/","url":"https:\/\/www.historial.fr\/actualites\/exposition-temporaire\/la-somme-se-souvient-regards-de-claude-paul\/","name":"The Somme remembers. A look from Claude Paul. - Historial de la Grande Guerre","isPartOf":{"@id":"https:\/\/www.historial.fr\/#website"},"primaryImageOfPage":{"@id":"https:\/\/www.historial.fr\/actualites\/exposition-temporaire\/la-somme-se-souvient-regards-de-claude-paul\/#primaryimage"},"image":{"@id":"https:\/\/www.historial.fr\/actualites\/exposition-temporaire\/la-somme-se-souvient-regards-de-claude-paul\/#primaryimage"},"thumbnailUrl":"https:\/\/www.historial.fr\/wp-content\/uploads\/2026\/02\/slider_110-1024x469.jpg","datePublished":"2026-02-23T12:00:42+00:00","dateModified":"2026-04-03T09:45:36+00:00","breadcrumb":{"@id":"https:\/\/www.historial.fr\/actualites\/exposition-temporaire\/la-somme-se-souvient-regards-de-claude-paul\/#breadcrumb"},"inLanguage":"en-US","potentialAction":[{"@type":"ReadAction","target":["https:\/\/www.historial.fr\/actualites\/exposition-temporaire\/la-somme-se-souvient-regards-de-claude-paul\/"]}]},{"@type":"ImageObject","inLanguage":"en-US","@id":"https:\/\/www.historial.fr\/actualites\/exposition-temporaire\/la-somme-se-souvient-regards-de-claude-paul\/#primaryimage","url":"https:\/\/www.historial.fr\/wp-content\/uploads\/2026\/02\/slider_110-1024x469.jpg","contentUrl":"https:\/\/www.historial.fr\/wp-content\/uploads\/2026\/02\/slider_110-1024x469.jpg"},{"@type":"BreadcrumbList","@id":"https:\/\/www.historial.fr\/actualites\/exposition-temporaire\/la-somme-se-souvient-regards-de-claude-paul\/#breadcrumb","itemListElement":[{"@type":"ListItem","position":1,"name":"Accueil","item":"https:\/\/www.historial.fr\/en\/"},{"@type":"ListItem","position":2,"name":"News","item":"https:\/\/www.historial.fr\/en\/news\/"},{"@type":"ListItem","position":3,"name":"Temporary exhibits","item":"https:\/\/www.historial.fr\/en\/news\/temporary-exhibits\/"},{"@type":"ListItem","position":4,"name":"The Somme remembers. A look from Claude Paul."}]},{"@type":"WebSite","@id":"https:\/\/www.historial.fr\/#website","url":"https:\/\/www.historial.fr\/","name":"Historial de la Grande Guerre","description":"Mus\u00e9e de la Premi\u00e8re Guerre Mondiale","potentialAction":[{"@type":"SearchAction","target":{"@type":"EntryPoint","urlTemplate":"https:\/\/www.historial.fr\/?s={search_term_string}"},"query-input":{"@type":"PropertyValueSpecification","valueRequired":true,"valueName":"search_term_string"}}],"inLanguage":"en-US"}]}},"jetpack_sharing_enabled":true,"_links":{"self":[{"href":"https:\/\/www.historial.fr\/en\/wp-json\/wp\/v2\/pages\/13308","targetHints":{"allow":["GET"]}}],"collection":[{"href":"https:\/\/www.historial.fr\/en\/wp-json\/wp\/v2\/pages"}],"about":[{"href":"https:\/\/www.historial.fr\/en\/wp-json\/wp\/v2\/types\/page"}],"author":[{"embeddable":true,"href":"https:\/\/www.historial.fr\/en\/wp-json\/wp\/v2\/users\/4"}],"replies":[{"embeddable":true,"href":"https:\/\/www.historial.fr\/en\/wp-json\/wp\/v2\/comments?post=13308"}],"version-history":[{"count":2,"href":"https:\/\/www.historial.fr\/en\/wp-json\/wp\/v2\/pages\/13308\/revisions"}],"predecessor-version":[{"id":13594,"href":"https:\/\/www.historial.fr\/en\/wp-json\/wp\/v2\/pages\/13308\/revisions\/13594"}],"up":[{"embeddable":true,"href":"https:\/\/www.historial.fr\/en\/wp-json\/wp\/v2\/pages\/4097"}],"wp:attachment":[{"href":"https:\/\/www.historial.fr\/en\/wp-json\/wp\/v2\/media?parent=13308"}],"curies":[{"name":"wp","href":"https:\/\/api.w.org\/{rel}","templated":true}]}}