{"id":3718,"date":"2023-12-18T09:31:52","date_gmt":"2023-12-18T09:31:52","guid":{"rendered":"https:\/\/www.historial.fr\/infos-pratiques\/friends-of-the-historial\/"},"modified":"2024-04-08T12:11:07","modified_gmt":"2024-04-08T12:11:07","slug":"friends-of-the-historial","status":"publish","type":"page","link":"https:\/\/www.historial.fr\/en\/infos-pratiques\/friends-of-the-historial\/","title":{"rendered":"Friends of the Historial"},"content":{"rendered":"\t\t<div data-elementor-type=\"wp-page\" data-elementor-id=\"3718\" class=\"elementor elementor-3718 elementor-1636\">\n\t\t\t\t<div class=\"elementor-element elementor-element-628a51a e-flex e-con-boxed e-con e-parent\" data-id=\"628a51a\" data-element_type=\"container\" data-e-type=\"container\" data-settings=\"{&quot;background_background&quot;:&quot;classic&quot;}\">\n\t\t\t\t\t<div class=\"e-con-inner\">\n\t\t\t\t<div class=\"elementor-element elementor-element-5ca80d11 elementor-widget__width-inherit elementor-widget elementor-widget-heading\" data-id=\"5ca80d11\" data-element_type=\"widget\" data-e-type=\"widget\" data-widget_type=\"heading.default\">\n\t\t\t\t<div class=\"elementor-widget-container\">\n\t\t\t\t\t<h1 class=\"elementor-heading-title elementor-size-default\">Friends of the Historial<\/h1>\t\t\t\t<\/div>\n\t\t\t\t<\/div>\n\t\t\t\t\t<\/div>\n\t\t\t\t<\/div>\n\t\t<div class=\"elementor-element elementor-element-308a140e e-flex e-con-boxed e-con e-parent\" data-id=\"308a140e\" data-element_type=\"container\" data-e-type=\"container\">\n\t\t\t\t\t<div class=\"e-con-inner\">\n\t\t\t\t<div class=\"elementor-element elementor-element-293c8993 elementor-widget elementor-widget-text-editor\" data-id=\"293c8993\" data-element_type=\"widget\" data-e-type=\"widget\" data-widget_type=\"text-editor.default\">\n\t\t\t\t<div class=\"elementor-widget-container\">\n\t\t\t\t\t\t\t\t\t<h3><strong>WELCOME !<\/strong><\/h3>\n\t\t\t\t\t\t\t\t<\/div>\n\t\t\t\t<\/div>\n\t\t\t\t<div class=\"elementor-element elementor-element-da0c65a elementor-widget elementor-widget-text-editor\" data-id=\"da0c65a\" data-element_type=\"widget\" data-e-type=\"widget\" data-widget_type=\"text-editor.default\">\n\t\t\t\t<div class=\"elementor-widget-container\">\n\t\t\t\t\t\t\t\t\t<p>Join the Friends of the Historial of the Great War and contribute to its cultural and heritage outreach. As members of the association, the Friends support the work of the Historial and enjoy a range of benefits.<br \/>Families come first, and all workshops and events are free for the children and grandchildren under the age of 18 of Friends of the Historial.<\/p>\n\t\t\t\t\t\t\t\t<\/div>\n\t\t\t\t<\/div>\n\t\t\t\t\t<\/div>\n\t\t\t\t<\/div>\n\t\t<div class=\"elementor-element elementor-element-c3633f5 e-flex e-con-boxed e-con e-parent\" data-id=\"c3633f5\" data-element_type=\"container\" data-e-type=\"container\">\n\t\t\t\t\t<div class=\"e-con-inner\">\n\t\t\t\t<div class=\"elementor-element elementor-element-a349f1f elementor-widget elementor-widget-text-editor\" data-id=\"a349f1f\" data-element_type=\"widget\" data-e-type=\"widget\" data-widget_type=\"text-editor.default\">\n\t\t\t\t<div class=\"elementor-widget-container\">\n\t\t\t\t\t\t\t\t\t<p><strong>Becoming a Friend of the Historial of the Great War<\/strong> &nbsp;entitles you to&nbsp;:<\/p>\n<ul>\n<li>Unlimited&nbsp; <strong>and free visits<\/strong> &nbsp;to the Historial in P\u00e9ronne and Thiepval<\/li>\n<li>&nbsp;<strong>Free<\/strong> &nbsp;participation in all workshops with your family (workshops are available during school holidays, some weekends and public holidays)<\/li>\n<li>&nbsp;<strong>Free<\/strong> &nbsp;participation in events and special invitations (previews, themed evenings, conferences, Nuit des Mus\u00e9es, etc.)<\/li>\n<li>&nbsp;<strong>A 5% discount on books in our two shops<\/strong> &nbsp;(P\u00e9ronne and Thiepval)<\/li><li>An invitation to attend the <strong style=\"color: var( --e-global-color-text ); font-family: var( --e-global-typography-text-font-family ), Sans-serif; text-align: var(--text-align); font-size: 1rem;\">Annual General Meeting of the Historial of the Great War<\/strong><\/li><\/ul>\t\t\t\t\t\t\t\t<\/div>\n\t\t\t\t<\/div>\n\t\t\t\t<div class=\"elementor-element elementor-element-52d3d68 elementor-widget elementor-widget-text-editor\" data-id=\"52d3d68\" data-element_type=\"widget\" data-e-type=\"widget\" data-widget_type=\"text-editor.default\">\n\t\t\t\t<div class=\"elementor-widget-container\">\n\t\t\t\t\t\t\t\t\t<p><strong>The individual annual subscription (calendar year) is \u20ac25. <br \/>Once you have joined, you will receive a card enabling you to benefit from all the advantages.<\/strong><\/p>\n\t\t\t\t\t\t\t\t<\/div>\n\t\t\t\t<\/div>\n\t\t\t\t\t<\/div>\n\t\t\t\t<\/div>\n\t\t<div class=\"elementor-element elementor-element-f69e8e2 e-flex e-con-boxed e-con e-parent\" data-id=\"f69e8e2\" data-element_type=\"container\" data-e-type=\"container\">\n\t\t\t\t\t<div class=\"e-con-inner\">\n\t\t\t\t<div class=\"elementor-element elementor-element-c4cf652 elementor-widget elementor-widget-text-editor\" data-id=\"c4cf652\" data-element_type=\"widget\" data-e-type=\"widget\" data-widget_type=\"text-editor.default\">\n\t\t\t\t<div class=\"elementor-widget-container\">\n\t\t\t\t\t\t\t\t\t<p><strong>WOULD YOU LIKE TO JOIN THE FRIENDS OF THE HISTORIAL?<\/strong><\/p>\n\t\t\t\t\t\t\t\t<\/div>\n\t\t\t\t<\/div>\n\t\t\t\t<div class=\"elementor-element elementor-element-7f05169 elementor-widget elementor-widget-text-editor\" data-id=\"7f05169\" data-element_type=\"widget\" data-e-type=\"widget\" data-widget_type=\"text-editor.default\">\n\t\t\t\t<div class=\"elementor-widget-container\">\n\t\t\t\t\t\t\t\t\t<p><a href=\"https:\/\/www.historial.fr\/wp-content\/uploads\/2024\/04\/Membership-Form.pdf\" target=\"_blank\" rel=\"noopener\">Download the membership form<\/a>, fill it in and return it to:<\/p><p><strong>Historial of the Great War &#8211; Ch\u00e2teau de P\u00e9ronne &#8211; B.P. 20063 &#8211; 80201 P\u00e9ronne<\/strong><\/p><p>For more information, please contact S\u00e9verine LAVALLARD: <a href=\"mailto:secretariat@historial.org\">secretariat@historial.org<\/a> or +33(0)3 22 83 14 18.<\/p>\t\t\t\t\t\t\t\t<\/div>\n\t\t\t\t<\/div>\n\t\t\t\t\t<\/div>\n\t\t\t\t<\/div>\n\t\t<div class=\"elementor-element elementor-element-150bee8 e-flex e-con-boxed e-con e-parent\" data-id=\"150bee8\" data-element_type=\"container\" data-e-type=\"container\">\n\t\t\t\t\t<div class=\"e-con-inner\">\n\t\t\t\t<div class=\"elementor-element elementor-element-1f5c098 elementor-widget elementor-widget-text-editor\" data-id=\"1f5c098\" data-element_type=\"widget\" data-e-type=\"widget\" data-widget_type=\"text-editor.default\">\n\t\t\t\t<div class=\"elementor-widget-container\">\n\t\t\t\t\t\t\t\t\t<p><strong>Become a patron!<\/strong><\/p>\n<p>Are you a professional or a company?<br \/>You can contribute to the development of the Historial by supporting its ambitions:<\/p>\n<ul>\n<li>Remembrance: Conveying a message of peace and tolerance and building on our approaches to different nations<\/li>\n<li>Education: Work with us to develop the historical knowledge we want to pass on to young people and develop a shared history;<\/li>\n<li>Promoting heritage: Maintaining and developing remembrance tourism, at memorial sites and museums, but also through landscapes;<\/li>\n<li>Attractiveness of the region: Maintaining and developing sustainable tourism throughout the region and creating remembrance trails.<\/li>\n<\/ul>\n<p>There are many options available. Please contact us at:<br \/><a href=\"mailto:info@historial.org\">info@historial.org<\/a> or +33(0)3 22 83 14 18.<\/p>\n\t\t\t\t\t\t\t\t<\/div>\n\t\t\t\t<\/div>\n\t\t\t\t\t<\/div>\n\t\t\t\t<\/div>\n\t\t\t\t<\/div>\n\t\t","protected":false},"excerpt":{"rendered":"<p>Friends of the Historial WELCOME ! Join the Friends of the Historial of the Great War and contribute to its cultural and heritage outreach. As members of the association, the [&hellip;]<\/p>\n","protected":false},"author":3,"featured_media":0,"parent":3716,"menu_order":0,"comment_status":"closed","ping_status":"closed","template":"","meta":{"_acf_changed":false,"footnotes":""},"class_list":["post-3718","page","type-page","status-publish","hentry"],"acf":[],"yoast_head":"<!-- This site is optimized with the Yoast SEO plugin v27.4 - https:\/\/yoast.com\/product\/yoast-seo-wordpress\/ -->\n<title>Friends of the Historial - Historial de la Grande Guerre<\/title>\n<meta name=\"robots\" content=\"index, follow, max-snippet:-1, max-image-preview:large, max-video-preview:-1\" \/>\n<link rel=\"canonical\" href=\"https:\/\/www.historial.fr\/en\/infos-pratiques\/friends-of-the-historial\/\" \/>\n<meta property=\"og:locale\" content=\"en_US\" \/>\n<meta property=\"og:type\" content=\"article\" \/>\n<meta property=\"og:title\" content=\"Friends of the Historial - Historial de la Grande Guerre\" \/>\n<meta property=\"og:description\" content=\"Friends of the Historial WELCOME ! Join the Friends of the Historial of the Great War and contribute to its cultural and heritage outreach. As members of the association, the [&hellip;]\" \/>\n<meta property=\"og:url\" content=\"https:\/\/www.historial.fr\/en\/infos-pratiques\/friends-of-the-historial\/\" \/>\n<meta property=\"og:site_name\" content=\"Historial de la Grande Guerre\" \/>\n<meta property=\"article:modified_time\" content=\"2024-04-08T12:11:07+00:00\" \/>\n<meta name=\"twitter:card\" content=\"summary_large_image\" \/>\n<meta name=\"twitter:label1\" content=\"Est. reading time\" \/>\n\t<meta name=\"twitter:data1\" content=\"2 minutes\" \/>\n<script type=\"application\/ld+json\" class=\"yoast-schema-graph\">{\"@context\":\"https:\\\/\\\/schema.org\",\"@graph\":[{\"@type\":\"WebPage\",\"@id\":\"https:\\\/\\\/www.historial.fr\\\/en\\\/infos-pratiques\\\/friends-of-the-historial\\\/\",\"url\":\"https:\\\/\\\/www.historial.fr\\\/en\\\/infos-pratiques\\\/friends-of-the-historial\\\/\",\"name\":\"Friends of the Historial - Historial de la Grande Guerre\",\"isPartOf\":{\"@id\":\"https:\\\/\\\/www.historial.fr\\\/#website\"},\"datePublished\":\"2023-12-18T09:31:52+00:00\",\"dateModified\":\"2024-04-08T12:11:07+00:00\",\"breadcrumb\":{\"@id\":\"https:\\\/\\\/www.historial.fr\\\/en\\\/infos-pratiques\\\/friends-of-the-historial\\\/#breadcrumb\"},\"inLanguage\":\"en-US\",\"potentialAction\":[{\"@type\":\"ReadAction\",\"target\":[\"https:\\\/\\\/www.historial.fr\\\/en\\\/infos-pratiques\\\/friends-of-the-historial\\\/\"]}]},{\"@type\":\"BreadcrumbList\",\"@id\":\"https:\\\/\\\/www.historial.fr\\\/en\\\/infos-pratiques\\\/friends-of-the-historial\\\/#breadcrumb\",\"itemListElement\":[{\"@type\":\"ListItem\",\"position\":1,\"name\":\"Accueil\",\"item\":\"https:\\\/\\\/www.historial.fr\\\/en\\\/\"},{\"@type\":\"ListItem\",\"position\":2,\"name\":\"Informations\",\"item\":\"https:\\\/\\\/www.historial.fr\\\/en\\\/infos-pratiques\\\/\"},{\"@type\":\"ListItem\",\"position\":3,\"name\":\"Friends of the Historial\"}]},{\"@type\":\"WebSite\",\"@id\":\"https:\\\/\\\/www.historial.fr\\\/#website\",\"url\":\"https:\\\/\\\/www.historial.fr\\\/\",\"name\":\"Historial de la Grande Guerre\",\"description\":\"Mus\u00e9e de la Premi\u00e8re Guerre Mondiale\",\"potentialAction\":[{\"@type\":\"SearchAction\",\"target\":{\"@type\":\"EntryPoint\",\"urlTemplate\":\"https:\\\/\\\/www.historial.fr\\\/?s={search_term_string}\"},\"query-input\":{\"@type\":\"PropertyValueSpecification\",\"valueRequired\":true,\"valueName\":\"search_term_string\"}}],\"inLanguage\":\"en-US\"}]}<\/script>\n<!-- \/ Yoast SEO plugin. -->","yoast_head_json":{"title":"Friends of the Historial - Historial de la Grande Guerre","robots":{"index":"index","follow":"follow","max-snippet":"max-snippet:-1","max-image-preview":"max-image-preview:large","max-video-preview":"max-video-preview:-1"},"canonical":"https:\/\/www.historial.fr\/en\/infos-pratiques\/friends-of-the-historial\/","og_locale":"en_US","og_type":"article","og_title":"Friends of the Historial - Historial de la Grande Guerre","og_description":"Friends of the Historial WELCOME ! Join the Friends of the Historial of the Great War and contribute to its cultural and heritage outreach. As members of the association, the [&hellip;]","og_url":"https:\/\/www.historial.fr\/en\/infos-pratiques\/friends-of-the-historial\/","og_site_name":"Historial de la Grande Guerre","article_modified_time":"2024-04-08T12:11:07+00:00","twitter_card":"summary_large_image","twitter_misc":{"Est. reading time":"2 minutes"},"schema":{"@context":"https:\/\/schema.org","@graph":[{"@type":"WebPage","@id":"https:\/\/www.historial.fr\/en\/infos-pratiques\/friends-of-the-historial\/","url":"https:\/\/www.historial.fr\/en\/infos-pratiques\/friends-of-the-historial\/","name":"Friends of the Historial - Historial de la Grande Guerre","isPartOf":{"@id":"https:\/\/www.historial.fr\/#website"},"datePublished":"2023-12-18T09:31:52+00:00","dateModified":"2024-04-08T12:11:07+00:00","breadcrumb":{"@id":"https:\/\/www.historial.fr\/en\/infos-pratiques\/friends-of-the-historial\/#breadcrumb"},"inLanguage":"en-US","potentialAction":[{"@type":"ReadAction","target":["https:\/\/www.historial.fr\/en\/infos-pratiques\/friends-of-the-historial\/"]}]},{"@type":"BreadcrumbList","@id":"https:\/\/www.historial.fr\/en\/infos-pratiques\/friends-of-the-historial\/#breadcrumb","itemListElement":[{"@type":"ListItem","position":1,"name":"Accueil","item":"https:\/\/www.historial.fr\/en\/"},{"@type":"ListItem","position":2,"name":"Informations","item":"https:\/\/www.historial.fr\/en\/infos-pratiques\/"},{"@type":"ListItem","position":3,"name":"Friends of the Historial"}]},{"@type":"WebSite","@id":"https:\/\/www.historial.fr\/#website","url":"https:\/\/www.historial.fr\/","name":"Historial de la Grande Guerre","description":"Mus\u00e9e de la Premi\u00e8re Guerre Mondiale","potentialAction":[{"@type":"SearchAction","target":{"@type":"EntryPoint","urlTemplate":"https:\/\/www.historial.fr\/?s={search_term_string}"},"query-input":{"@type":"PropertyValueSpecification","valueRequired":true,"valueName":"search_term_string"}}],"inLanguage":"en-US"}]}},"jetpack_sharing_enabled":true,"_links":{"self":[{"href":"https:\/\/www.historial.fr\/en\/wp-json\/wp\/v2\/pages\/3718","targetHints":{"allow":["GET"]}}],"collection":[{"href":"https:\/\/www.historial.fr\/en\/wp-json\/wp\/v2\/pages"}],"about":[{"href":"https:\/\/www.historial.fr\/en\/wp-json\/wp\/v2\/types\/page"}],"author":[{"embeddable":true,"href":"https:\/\/www.historial.fr\/en\/wp-json\/wp\/v2\/users\/3"}],"replies":[{"embeddable":true,"href":"https:\/\/www.historial.fr\/en\/wp-json\/wp\/v2\/comments?post=3718"}],"version-history":[{"count":4,"href":"https:\/\/www.historial.fr\/en\/wp-json\/wp\/v2\/pages\/3718\/revisions"}],"predecessor-version":[{"id":6744,"href":"https:\/\/www.historial.fr\/en\/wp-json\/wp\/v2\/pages\/3718\/revisions\/6744"}],"up":[{"embeddable":true,"href":"https:\/\/www.historial.fr\/en\/wp-json\/wp\/v2\/pages\/3716"}],"wp:attachment":[{"href":"https:\/\/www.historial.fr\/en\/wp-json\/wp\/v2\/media?parent=3718"}],"curies":[{"name":"wp","href":"https:\/\/api.w.org\/{rel}","templated":true}]}}