{"id":7355,"date":"2024-04-03T13:43:22","date_gmt":"2024-04-03T13:43:22","guid":{"rendered":"https:\/\/www.historial.fr\/news\/temporary-exhibits\/paris-1924-2024les-jeux-olympiques-miroir-des-societes-brparis-1924-2024-the-olympic-games-mirror-of-societies\/"},"modified":"2024-04-11T13:58:35","modified_gmt":"2024-04-11T13:58:35","slug":"paris-1924-2024les-jeux-olympiques-miroir-des-societes-brparis-1924-2024-the-olympic-games-mirror-of-societies","status":"publish","type":"page","link":"https:\/\/www.historial.fr\/en\/news\/temporary-exhibits\/paris-1924-2024les-jeux-olympiques-miroir-des-societes-brparis-1924-2024-the-olympic-games-mirror-of-societies\/","title":{"rendered":"Paris 1924-2024,<br>les Jeux Olympiques, miroir des soci\u00e9t\u00e9s &lt;br&gt;(Paris 1924-2024, the Olympic Games, mirror of societies.)"},"content":{"rendered":"\t\t<div data-elementor-type=\"wp-page\" data-elementor-id=\"7355\" class=\"elementor elementor-7355 elementor-6168\">\n\t\t\t\t<div class=\"elementor-element elementor-element-35a58a15 e-flex e-con-boxed e-con e-parent\" data-id=\"35a58a15\" data-element_type=\"container\" data-e-type=\"container\" data-settings=\"{&quot;background_background&quot;:&quot;classic&quot;}\">\n\t\t\t\t\t<div class=\"e-con-inner\">\n\t\t\t\t<div class=\"elementor-element elementor-element-773de8e5 elementor-widget__width-inherit elementor-widget elementor-widget-heading\" data-id=\"773de8e5\" data-element_type=\"widget\" data-e-type=\"widget\" data-widget_type=\"heading.default\">\n\t\t\t\t<div class=\"elementor-widget-container\">\n\t\t\t\t\t<h1 class=\"elementor-heading-title elementor-size-default\">Paris 1924-2024,<br>les Jeux Olympiques, miroir des soci\u00e9t\u00e9s (Paris 1924-2024, the Olympic Games, mirror of societies.) <\/h1>\t\t\t\t<\/div>\n\t\t\t\t<\/div>\n\t\t\t\t\t<\/div>\n\t\t\t\t<\/div>\n\t\t<div class=\"elementor-element elementor-element-cf89d08 e-flex e-con-boxed e-con e-parent\" data-id=\"cf89d08\" data-element_type=\"container\" data-e-type=\"container\">\n\t\t\t\t\t<div class=\"e-con-inner\">\n\t\t\t\t<div class=\"elementor-element elementor-element-90a18d9 elementor-widget elementor-widget-heading\" data-id=\"90a18d9\" data-element_type=\"widget\" data-e-type=\"widget\" data-widget_type=\"heading.default\">\n\t\t\t\t<div class=\"elementor-widget-container\">\n\t\t\t\t\t<h2 class=\"elementor-heading-title elementor-size-default\">Temporary exhibition - P\u00e9ronne<br>\nFrom 6 May to 9 June <\/h2>\t\t\t\t<\/div>\n\t\t\t\t<\/div>\n\t\t\t\t\t<\/div>\n\t\t\t\t<\/div>\n\t\t<div class=\"elementor-element elementor-element-6eaf0a00 e-flex e-con-boxed e-con e-parent\" data-id=\"6eaf0a00\" data-element_type=\"container\" data-e-type=\"container\">\n\t\t\t\t\t<div class=\"e-con-inner\">\n\t\t\t\t<div class=\"elementor-element elementor-element-fc54bd9 elementor-widget elementor-widget-text-editor\" data-id=\"fc54bd9\" data-element_type=\"widget\" data-e-type=\"widget\" data-widget_type=\"text-editor.default\">\n\t\t\t\t<div class=\"elementor-widget-container\">\n\t\t\t\t\t\t\t\t\t<p>Entitled <strong><em>Paris 1924-2024: the Olympic Games, mirror of societies,<\/em><\/strong> the Shoah Memorial&#8217;s new exhibition highlights the issue of prejudice and discrimination, past and present.<\/p>\n<p><strong>It draws on a century of Olympic Games to retrace an unprecedented history of the Olympic Games.<\/strong>.<\/p>\n<p>Using emblematic images of these sporting events, archive documents, films, extracts from the sporting press and personal accounts, the exhibition reveals <strong>Games marked by friendship and excellence, but also by instrumentalisation for political ends.<\/strong> They often reflect deep-seated trends in our societies.<\/p>\n<p>While the exhibition pays particular attention to the Berlin Olympic Games organised by Nazi Germany in 1936 and to the athletes interned at Drancy during the Second World War, it also shows that<strong> the values of Olympism are a real lever in the fight against racism and anti-Semitism and for a better society.<\/strong><\/p>\n\t\t\t\t\t\t\t\t<\/div>\n\t\t\t\t<\/div>\n\t\t\t\t\t<\/div>\n\t\t\t\t<\/div>\n\t\t<div class=\"elementor-element elementor-element-0444300 e-flex e-con-boxed e-con e-parent\" data-id=\"0444300\" data-element_type=\"container\" data-e-type=\"container\">\n\t\t\t\t\t<div class=\"e-con-inner\">\n\t\t<div class=\"elementor-element elementor-element-cc17f42 e-con-full e-flex e-con e-child\" data-id=\"cc17f42\" data-element_type=\"container\" data-e-type=\"container\">\n\t\t\t\t<div class=\"elementor-element elementor-element-874b456 elementor-widget elementor-widget-image\" data-id=\"874b456\" data-element_type=\"widget\" data-e-type=\"widget\" data-widget_type=\"image.default\">\n\t\t\t\t<div class=\"elementor-widget-container\">\n\t\t\t\t\t\t\t\t\t\t\t\t\t\t\t\t<a href=\"https:\/\/www.memorialdelashoah.org\/\" target=\"_blank\">\n\t\t\t\t\t\t\t<img decoding=\"async\" width=\"150\" height=\"150\" src=\"https:\/\/www.historial.fr\/wp-content\/uploads\/2024\/04\/MS_Logocomplet_HD_quadri_OK-150x150.jpg\" class=\"attachment-thumbnail size-thumbnail wp-image-6133\" alt=\"\" srcset=\"https:\/\/www.historial.fr\/wp-content\/uploads\/2024\/04\/MS_Logocomplet_HD_quadri_OK-150x150.jpg 150w, https:\/\/www.historial.fr\/wp-content\/uploads\/2024\/04\/MS_Logocomplet_HD_quadri_OK-300x300.jpg 300w, https:\/\/www.historial.fr\/wp-content\/uploads\/2024\/04\/MS_Logocomplet_HD_quadri_OK-1024x1024.jpg 1024w, https:\/\/www.historial.fr\/wp-content\/uploads\/2024\/04\/MS_Logocomplet_HD_quadri_OK-768x768.jpg 768w, https:\/\/www.historial.fr\/wp-content\/uploads\/2024\/04\/MS_Logocomplet_HD_quadri_OK-1536x1536.jpg 1536w, https:\/\/www.historial.fr\/wp-content\/uploads\/2024\/04\/MS_Logocomplet_HD_quadri_OK-2048x2048.jpg 2048w, https:\/\/www.historial.fr\/wp-content\/uploads\/2024\/04\/MS_Logocomplet_HD_quadri_OK-500x500.jpg 500w\" sizes=\"(max-width: 150px) 100vw, 150px\" \/>\t\t\t\t\t\t\t\t<\/a>\n\t\t\t\t\t\t\t\t\t\t\t\t\t\t\t<\/div>\n\t\t\t\t<\/div>\n\t\t\t\t<div class=\"elementor-element elementor-element-5166159 elementor-widget elementor-widget-text-editor\" data-id=\"5166159\" data-element_type=\"widget\" data-e-type=\"widget\" data-widget_type=\"text-editor.default\">\n\t\t\t\t<div class=\"elementor-widget-container\">\n\t\t\t\t\t\t\t\t\t<p><span data-contrast=\"auto\">Exhibition produced by the Shoah Memorial<\/span><span data-ccp-props=\"{\"201341983\":0,\"335559739\":160,\"335559740\":259}\"> <\/span><\/p>\n\t\t\t\t\t\t\t\t<\/div>\n\t\t\t\t<\/div>\n\t\t\t\t<\/div>\n\t\t<div class=\"elementor-element elementor-element-b334370 e-con-full e-flex e-con e-child\" data-id=\"b334370\" data-element_type=\"container\" data-e-type=\"container\">\n\t\t\t\t<div class=\"elementor-element elementor-element-8b8b2b1 elementor-widget elementor-widget-image\" data-id=\"8b8b2b1\" data-element_type=\"widget\" data-e-type=\"widget\" data-widget_type=\"image.default\">\n\t\t\t\t<div class=\"elementor-widget-container\">\n\t\t\t\t\t\t\t\t\t\t\t\t<figure class=\"wp-caption\">\n\t\t\t\t\t\t\t\t\t\t<img fetchpriority=\"high\" decoding=\"async\" width=\"2560\" height=\"1814\" src=\"https:\/\/www.historial.fr\/wp-content\/uploads\/2024\/04\/BAL_5669907-scaled.jpg\" class=\"attachment-full size-full wp-image-6129\" alt=\"Jesse Owens Olympic Games Berlin 1936\" srcset=\"https:\/\/www.historial.fr\/wp-content\/uploads\/2024\/04\/BAL_5669907-scaled.jpg 2560w, https:\/\/www.historial.fr\/wp-content\/uploads\/2024\/04\/BAL_5669907-300x213.jpg 300w, https:\/\/www.historial.fr\/wp-content\/uploads\/2024\/04\/BAL_5669907-1024x726.jpg 1024w, https:\/\/www.historial.fr\/wp-content\/uploads\/2024\/04\/BAL_5669907-768x544.jpg 768w, https:\/\/www.historial.fr\/wp-content\/uploads\/2024\/04\/BAL_5669907-1536x1088.jpg 1536w, https:\/\/www.historial.fr\/wp-content\/uploads\/2024\/04\/BAL_5669907-2048x1451.jpg 2048w\" sizes=\"(max-width: 2560px) 100vw, 2560px\" \/>\t\t\t\t\t\t\t\t\t\t\t<figcaption class=\"widget-image-caption wp-caption-text\">Jesse Owens Olympic Games Berlin 1936<\/figcaption>\n\t\t\t\t\t\t\t\t\t\t<\/figure>\n\t\t\t\t\t\t\t\t\t<\/div>\n\t\t\t\t<\/div>\n\t\t\t\t<\/div>\n\t\t\t\t\t<\/div>\n\t\t\t\t<\/div>\n\t\t\t\t<\/div>\n\t\t","protected":false},"excerpt":{"rendered":"<p>Paris 1924-2024,les Jeux Olympiques, miroir des soci\u00e9t\u00e9s (Paris 1924-2024, the Olympic Games, mirror of societies.) Temporary exhibition &#8211; P\u00e9ronne From 6 May to 9 June Entitled Paris 1924-2024: the Olympic [&hellip;]<\/p>\n","protected":false},"author":4,"featured_media":0,"parent":4097,"menu_order":0,"comment_status":"closed","ping_status":"closed","template":"","meta":{"_acf_changed":false,"footnotes":""},"class_list":["post-7355","page","type-page","status-publish","hentry"],"acf":[],"yoast_head":"<!-- This site is optimized with the Yoast SEO plugin v27.4 - https:\/\/yoast.com\/product\/yoast-seo-wordpress\/ -->\n<title>Paris 1924-2024,les Jeux Olympiques, miroir des soci\u00e9t\u00e9s &lt;br&gt;(Paris 1924-2024, the Olympic Games, mirror of societies.) - Historial de la Grande Guerre<\/title>\n<meta name=\"robots\" content=\"index, follow, max-snippet:-1, max-image-preview:large, max-video-preview:-1\" \/>\n<link rel=\"canonical\" href=\"https:\/\/www.historial.fr\/en\/news\/temporary-exhibits\/paris-1924-2024les-jeux-olympiques-miroir-des-societes-brparis-1924-2024-the-olympic-games-mirror-of-societies\/\" \/>\n<meta property=\"og:locale\" content=\"en_US\" \/>\n<meta property=\"og:type\" content=\"article\" \/>\n<meta property=\"og:title\" content=\"Paris 1924-2024,les Jeux Olympiques, miroir des soci\u00e9t\u00e9s &lt;br&gt;(Paris 1924-2024, the Olympic Games, mirror of societies.) - Historial de la Grande Guerre\" \/>\n<meta property=\"og:description\" content=\"Paris 1924-2024,les Jeux Olympiques, miroir des soci\u00e9t\u00e9s (Paris 1924-2024, the Olympic Games, mirror of societies.) Temporary exhibition &#8211; P\u00e9ronne From 6 May to 9 June Entitled Paris 1924-2024: the Olympic [&hellip;]\" \/>\n<meta property=\"og:url\" content=\"https:\/\/www.historial.fr\/en\/news\/temporary-exhibits\/paris-1924-2024les-jeux-olympiques-miroir-des-societes-brparis-1924-2024-the-olympic-games-mirror-of-societies\/\" \/>\n<meta property=\"og:site_name\" content=\"Historial de la Grande Guerre\" \/>\n<meta property=\"article:modified_time\" content=\"2024-04-11T13:58:35+00:00\" \/>\n<meta property=\"og:image\" content=\"https:\/\/www.historial.fr\/wp-content\/uploads\/2024\/04\/MS_Logocomplet_HD_quadri_OK-150x150.jpg\" \/>\n<meta name=\"twitter:card\" content=\"summary_large_image\" \/>\n<meta name=\"twitter:label1\" content=\"Est. reading time\" \/>\n\t<meta name=\"twitter:data1\" content=\"1 minute\" \/>\n<script type=\"application\/ld+json\" class=\"yoast-schema-graph\">{\"@context\":\"https:\\\/\\\/schema.org\",\"@graph\":[{\"@type\":\"WebPage\",\"@id\":\"https:\\\/\\\/www.historial.fr\\\/en\\\/news\\\/temporary-exhibits\\\/paris-1924-2024les-jeux-olympiques-miroir-des-societes-brparis-1924-2024-the-olympic-games-mirror-of-societies\\\/\",\"url\":\"https:\\\/\\\/www.historial.fr\\\/en\\\/news\\\/temporary-exhibits\\\/paris-1924-2024les-jeux-olympiques-miroir-des-societes-brparis-1924-2024-the-olympic-games-mirror-of-societies\\\/\",\"name\":\"Paris 1924-2024, les Jeux Olympiques, miroir des soci\u00e9t\u00e9s &lt;br&gt;(Paris 1924-2024, the Olympic Games, mirror of societies.) - Historial de la Grande Guerre\",\"isPartOf\":{\"@id\":\"https:\\\/\\\/www.historial.fr\\\/#website\"},\"primaryImageOfPage\":{\"@id\":\"https:\\\/\\\/www.historial.fr\\\/en\\\/news\\\/temporary-exhibits\\\/paris-1924-2024les-jeux-olympiques-miroir-des-societes-brparis-1924-2024-the-olympic-games-mirror-of-societies\\\/#primaryimage\"},\"image\":{\"@id\":\"https:\\\/\\\/www.historial.fr\\\/en\\\/news\\\/temporary-exhibits\\\/paris-1924-2024les-jeux-olympiques-miroir-des-societes-brparis-1924-2024-the-olympic-games-mirror-of-societies\\\/#primaryimage\"},\"thumbnailUrl\":\"https:\\\/\\\/www.historial.fr\\\/wp-content\\\/uploads\\\/2024\\\/04\\\/MS_Logocomplet_HD_quadri_OK-150x150.jpg\",\"datePublished\":\"2024-04-03T13:43:22+00:00\",\"dateModified\":\"2024-04-11T13:58:35+00:00\",\"breadcrumb\":{\"@id\":\"https:\\\/\\\/www.historial.fr\\\/en\\\/news\\\/temporary-exhibits\\\/paris-1924-2024les-jeux-olympiques-miroir-des-societes-brparis-1924-2024-the-olympic-games-mirror-of-societies\\\/#breadcrumb\"},\"inLanguage\":\"en-US\",\"potentialAction\":[{\"@type\":\"ReadAction\",\"target\":[\"https:\\\/\\\/www.historial.fr\\\/en\\\/news\\\/temporary-exhibits\\\/paris-1924-2024les-jeux-olympiques-miroir-des-societes-brparis-1924-2024-the-olympic-games-mirror-of-societies\\\/\"]}]},{\"@type\":\"ImageObject\",\"inLanguage\":\"en-US\",\"@id\":\"https:\\\/\\\/www.historial.fr\\\/en\\\/news\\\/temporary-exhibits\\\/paris-1924-2024les-jeux-olympiques-miroir-des-societes-brparis-1924-2024-the-olympic-games-mirror-of-societies\\\/#primaryimage\",\"url\":\"https:\\\/\\\/www.historial.fr\\\/wp-content\\\/uploads\\\/2024\\\/04\\\/MS_Logocomplet_HD_quadri_OK-150x150.jpg\",\"contentUrl\":\"https:\\\/\\\/www.historial.fr\\\/wp-content\\\/uploads\\\/2024\\\/04\\\/MS_Logocomplet_HD_quadri_OK-150x150.jpg\"},{\"@type\":\"BreadcrumbList\",\"@id\":\"https:\\\/\\\/www.historial.fr\\\/en\\\/news\\\/temporary-exhibits\\\/paris-1924-2024les-jeux-olympiques-miroir-des-societes-brparis-1924-2024-the-olympic-games-mirror-of-societies\\\/#breadcrumb\",\"itemListElement\":[{\"@type\":\"ListItem\",\"position\":1,\"name\":\"Accueil\",\"item\":\"https:\\\/\\\/www.historial.fr\\\/en\\\/\"},{\"@type\":\"ListItem\",\"position\":2,\"name\":\"News\",\"item\":\"https:\\\/\\\/www.historial.fr\\\/en\\\/news\\\/\"},{\"@type\":\"ListItem\",\"position\":3,\"name\":\"Temporary exhibits\",\"item\":\"https:\\\/\\\/www.historial.fr\\\/en\\\/news\\\/temporary-exhibits\\\/\"},{\"@type\":\"ListItem\",\"position\":4,\"name\":\"Paris 1924-2024,les Jeux Olympiques, miroir des soci\u00e9t\u00e9s &lt;br&gt;(Paris 1924-2024, the Olympic Games, mirror of societies.)\"}]},{\"@type\":\"WebSite\",\"@id\":\"https:\\\/\\\/www.historial.fr\\\/#website\",\"url\":\"https:\\\/\\\/www.historial.fr\\\/\",\"name\":\"Historial de la Grande Guerre\",\"description\":\"Mus\u00e9e de la Premi\u00e8re Guerre Mondiale\",\"potentialAction\":[{\"@type\":\"SearchAction\",\"target\":{\"@type\":\"EntryPoint\",\"urlTemplate\":\"https:\\\/\\\/www.historial.fr\\\/?s={search_term_string}\"},\"query-input\":{\"@type\":\"PropertyValueSpecification\",\"valueRequired\":true,\"valueName\":\"search_term_string\"}}],\"inLanguage\":\"en-US\"}]}<\/script>\n<!-- \/ Yoast SEO plugin. -->","yoast_head_json":{"title":"Paris 1924-2024,les Jeux Olympiques, miroir des soci\u00e9t\u00e9s &lt;br&gt;(Paris 1924-2024, the Olympic Games, mirror of societies.) - Historial de la Grande Guerre","robots":{"index":"index","follow":"follow","max-snippet":"max-snippet:-1","max-image-preview":"max-image-preview:large","max-video-preview":"max-video-preview:-1"},"canonical":"https:\/\/www.historial.fr\/en\/news\/temporary-exhibits\/paris-1924-2024les-jeux-olympiques-miroir-des-societes-brparis-1924-2024-the-olympic-games-mirror-of-societies\/","og_locale":"en_US","og_type":"article","og_title":"Paris 1924-2024,les Jeux Olympiques, miroir des soci\u00e9t\u00e9s &lt;br&gt;(Paris 1924-2024, the Olympic Games, mirror of societies.) - Historial de la Grande Guerre","og_description":"Paris 1924-2024,les Jeux Olympiques, miroir des soci\u00e9t\u00e9s (Paris 1924-2024, the Olympic Games, mirror of societies.) Temporary exhibition &#8211; P\u00e9ronne From 6 May to 9 June Entitled Paris 1924-2024: the Olympic [&hellip;]","og_url":"https:\/\/www.historial.fr\/en\/news\/temporary-exhibits\/paris-1924-2024les-jeux-olympiques-miroir-des-societes-brparis-1924-2024-the-olympic-games-mirror-of-societies\/","og_site_name":"Historial de la Grande Guerre","article_modified_time":"2024-04-11T13:58:35+00:00","og_image":[{"url":"https:\/\/www.historial.fr\/wp-content\/uploads\/2024\/04\/MS_Logocomplet_HD_quadri_OK-150x150.jpg","type":"","width":"","height":""}],"twitter_card":"summary_large_image","twitter_misc":{"Est. reading time":"1 minute"},"schema":{"@context":"https:\/\/schema.org","@graph":[{"@type":"WebPage","@id":"https:\/\/www.historial.fr\/en\/news\/temporary-exhibits\/paris-1924-2024les-jeux-olympiques-miroir-des-societes-brparis-1924-2024-the-olympic-games-mirror-of-societies\/","url":"https:\/\/www.historial.fr\/en\/news\/temporary-exhibits\/paris-1924-2024les-jeux-olympiques-miroir-des-societes-brparis-1924-2024-the-olympic-games-mirror-of-societies\/","name":"Paris 1924-2024, les Jeux Olympiques, miroir des soci\u00e9t\u00e9s &lt;br&gt;(Paris 1924-2024, the Olympic Games, mirror of societies.) - Historial de la Grande Guerre","isPartOf":{"@id":"https:\/\/www.historial.fr\/#website"},"primaryImageOfPage":{"@id":"https:\/\/www.historial.fr\/en\/news\/temporary-exhibits\/paris-1924-2024les-jeux-olympiques-miroir-des-societes-brparis-1924-2024-the-olympic-games-mirror-of-societies\/#primaryimage"},"image":{"@id":"https:\/\/www.historial.fr\/en\/news\/temporary-exhibits\/paris-1924-2024les-jeux-olympiques-miroir-des-societes-brparis-1924-2024-the-olympic-games-mirror-of-societies\/#primaryimage"},"thumbnailUrl":"https:\/\/www.historial.fr\/wp-content\/uploads\/2024\/04\/MS_Logocomplet_HD_quadri_OK-150x150.jpg","datePublished":"2024-04-03T13:43:22+00:00","dateModified":"2024-04-11T13:58:35+00:00","breadcrumb":{"@id":"https:\/\/www.historial.fr\/en\/news\/temporary-exhibits\/paris-1924-2024les-jeux-olympiques-miroir-des-societes-brparis-1924-2024-the-olympic-games-mirror-of-societies\/#breadcrumb"},"inLanguage":"en-US","potentialAction":[{"@type":"ReadAction","target":["https:\/\/www.historial.fr\/en\/news\/temporary-exhibits\/paris-1924-2024les-jeux-olympiques-miroir-des-societes-brparis-1924-2024-the-olympic-games-mirror-of-societies\/"]}]},{"@type":"ImageObject","inLanguage":"en-US","@id":"https:\/\/www.historial.fr\/en\/news\/temporary-exhibits\/paris-1924-2024les-jeux-olympiques-miroir-des-societes-brparis-1924-2024-the-olympic-games-mirror-of-societies\/#primaryimage","url":"https:\/\/www.historial.fr\/wp-content\/uploads\/2024\/04\/MS_Logocomplet_HD_quadri_OK-150x150.jpg","contentUrl":"https:\/\/www.historial.fr\/wp-content\/uploads\/2024\/04\/MS_Logocomplet_HD_quadri_OK-150x150.jpg"},{"@type":"BreadcrumbList","@id":"https:\/\/www.historial.fr\/en\/news\/temporary-exhibits\/paris-1924-2024les-jeux-olympiques-miroir-des-societes-brparis-1924-2024-the-olympic-games-mirror-of-societies\/#breadcrumb","itemListElement":[{"@type":"ListItem","position":1,"name":"Accueil","item":"https:\/\/www.historial.fr\/en\/"},{"@type":"ListItem","position":2,"name":"News","item":"https:\/\/www.historial.fr\/en\/news\/"},{"@type":"ListItem","position":3,"name":"Temporary exhibits","item":"https:\/\/www.historial.fr\/en\/news\/temporary-exhibits\/"},{"@type":"ListItem","position":4,"name":"Paris 1924-2024,les Jeux Olympiques, miroir des soci\u00e9t\u00e9s &lt;br&gt;(Paris 1924-2024, the Olympic Games, mirror of societies.)"}]},{"@type":"WebSite","@id":"https:\/\/www.historial.fr\/#website","url":"https:\/\/www.historial.fr\/","name":"Historial de la Grande Guerre","description":"Mus\u00e9e de la Premi\u00e8re Guerre Mondiale","potentialAction":[{"@type":"SearchAction","target":{"@type":"EntryPoint","urlTemplate":"https:\/\/www.historial.fr\/?s={search_term_string}"},"query-input":{"@type":"PropertyValueSpecification","valueRequired":true,"valueName":"search_term_string"}}],"inLanguage":"en-US"}]}},"jetpack_sharing_enabled":true,"_links":{"self":[{"href":"https:\/\/www.historial.fr\/en\/wp-json\/wp\/v2\/pages\/7355","targetHints":{"allow":["GET"]}}],"collection":[{"href":"https:\/\/www.historial.fr\/en\/wp-json\/wp\/v2\/pages"}],"about":[{"href":"https:\/\/www.historial.fr\/en\/wp-json\/wp\/v2\/types\/page"}],"author":[{"embeddable":true,"href":"https:\/\/www.historial.fr\/en\/wp-json\/wp\/v2\/users\/4"}],"replies":[{"embeddable":true,"href":"https:\/\/www.historial.fr\/en\/wp-json\/wp\/v2\/comments?post=7355"}],"version-history":[{"count":1,"href":"https:\/\/www.historial.fr\/en\/wp-json\/wp\/v2\/pages\/7355\/revisions"}],"predecessor-version":[{"id":7356,"href":"https:\/\/www.historial.fr\/en\/wp-json\/wp\/v2\/pages\/7355\/revisions\/7356"}],"up":[{"embeddable":true,"href":"https:\/\/www.historial.fr\/en\/wp-json\/wp\/v2\/pages\/4097"}],"wp:attachment":[{"href":"https:\/\/www.historial.fr\/en\/wp-json\/wp\/v2\/media?parent=7355"}],"curies":[{"name":"wp","href":"https:\/\/api.w.org\/{rel}","templated":true}]}}