{"id":8205,"date":"2024-05-28T15:35:33","date_gmt":"2024-05-28T15:35:33","guid":{"rendered":"https:\/\/www.historial.fr\/news\/temporary-exhibits\/velo-folie-velocipedes\/"},"modified":"2024-06-10T14:53:26","modified_gmt":"2024-06-10T14:53:26","slug":"velo-folie-velocipedes","status":"publish","type":"page","link":"https:\/\/www.historial.fr\/en\/news\/temporary-exhibits\/velo-folie-velocipedes\/","title":{"rendered":"V\u00e9lo Folie : V\u00e9locip\u00e8des"},"content":{"rendered":"\t\t<div data-elementor-type=\"wp-page\" data-elementor-id=\"8205\" class=\"elementor elementor-8205 elementor-7967\">\n\t\t\t\t<div class=\"elementor-element elementor-element-35a58a15 e-flex e-con-boxed e-con e-parent\" data-id=\"35a58a15\" data-element_type=\"container\" data-e-type=\"container\" data-settings=\"{&quot;background_background&quot;:&quot;classic&quot;}\">\n\t\t\t\t\t<div class=\"e-con-inner\">\n\t\t\t\t<div class=\"elementor-element elementor-element-773de8e5 elementor-widget__width-inherit elementor-widget elementor-widget-heading\" data-id=\"773de8e5\" data-element_type=\"widget\" data-e-type=\"widget\" data-widget_type=\"heading.default\">\n\t\t\t\t<div class=\"elementor-widget-container\">\n\t\t\t\t\t<h1 class=\"elementor-heading-title elementor-size-default\">V\u00e9lo Folie : V\u00e9locip\u00e8des <\/h1>\t\t\t\t<\/div>\n\t\t\t\t<\/div>\n\t\t\t\t\t<\/div>\n\t\t\t\t<\/div>\n\t\t<div class=\"elementor-element elementor-element-cf89d08 e-flex e-con-boxed e-con e-parent\" data-id=\"cf89d08\" data-element_type=\"container\" data-e-type=\"container\">\n\t\t\t\t\t<div class=\"e-con-inner\">\n\t\t\t\t<div class=\"elementor-element elementor-element-90a18d9 elementor-widget elementor-widget-heading\" data-id=\"90a18d9\" data-element_type=\"widget\" data-e-type=\"widget\" data-widget_type=\"heading.default\">\n\t\t\t\t<div class=\"elementor-widget-container\">\n\t\t\t\t\t<h2 class=\"elementor-heading-title elementor-size-default\">Lively temporary exhibition - P\u00e9ronne<br>\nFrom June 16 to 23 <\/h2>\t\t\t\t<\/div>\n\t\t\t\t<\/div>\n\t\t\t\t\t<\/div>\n\t\t\t\t<\/div>\n\t\t<div class=\"elementor-element elementor-element-6eaf0a00 e-flex e-con-boxed e-con e-parent\" data-id=\"6eaf0a00\" data-element_type=\"container\" data-e-type=\"container\">\n\t\t\t\t\t<div class=\"e-con-inner\">\n\t\t\t\t<div class=\"elementor-element elementor-element-fc54bd9 elementor-widget elementor-widget-text-editor\" data-id=\"fc54bd9\" data-element_type=\"widget\" data-e-type=\"widget\" data-widget_type=\"text-editor.default\">\n\t\t\t\t<div class=\"elementor-widget-container\">\n\t\t\t\t\t\t\t\t\t<div id=\"tw-target-text-container\" class=\"tw-ta-container F0azHf tw-nfl\" tabindex=\"0\"><p><strong>The visit \u201cCYCLEXPO\u201d<\/strong>, presented by \u201cKimagine.fr\u201d, <strong>is exuberant in history and humour, and will yield you many secrets about ancient <em>cycles<\/em> up<\/strong>, from the origin of the wheel, including the dandy-horse and the creation of the \u201cTour de France\u201d, to the thirties.<\/p><p><strong>A fascinating retrospective of ancient bikes<\/strong> that went down in the history of innovation and individual mobility. Find out about <em>cycles<\/em> from the 19<sup>th<\/sup> century, <strong>rare parts and captivating stories which explain the evolution of the bicycle.<\/strong><\/p><p>From the dandy-horse to the penny-farthing, <strong>each <em>cycle<\/em> is a first-hand account of the human ingenuity and its relentless quest for liberty and adventure.<\/strong> Not only are these timeless machines means of transport, but also a reflection of an era, a society, and an everlasting passion.<\/p><p><strong>Come and join us for this memorable journey into the past and let yourself bury in the simplicity and the beauty of these mechanical masterpieces.<\/strong><\/p><p><strong>\u00a0<\/strong><\/p><p>Among the many old cycles (period pieces and reproductions) presented, you will be able to admire the C\u00e9l\u00e9rifere (1790), the Draisienne (1817), the Hobby Horse (1819), the V\u00e9locip\u00e8de Michaux (1861), the Grand-Bi Truffault ( 1875), the Folding Bike of Captain G\u00e9rard (1892), the Fran\u00e7aise Diamant (1898), the Peugeot (1903), the Alcyon (1904), the De Dion-Bouton (1913), the Magnat Debon with gearbox ( 1920), \u2026<\/p><p><strong>You could go back home with a very personal souvenir!<\/strong><\/p><p><strong>\u00a0<\/strong><\/p><\/div>\t\t\t\t\t\t\t\t<\/div>\n\t\t\t\t<\/div>\n\t\t\t\t<div class=\"elementor-element elementor-element-38eb181 elementor-widget elementor-widget-text-editor\" data-id=\"38eb181\" data-element_type=\"widget\" data-e-type=\"widget\" data-widget_type=\"text-editor.default\">\n\t\t\t\t<div class=\"elementor-widget-container\">\n\t\t\t\t\t\t\t\t\t<p><strong>Only by reservation at +33(0)3 22 83 14 18<\/strong><\/p>\t\t\t\t\t\t\t\t<\/div>\n\t\t\t\t<\/div>\n\t\t\t\t<div class=\"elementor-element elementor-element-a004245 elementor-position-inline-start elementor-view-default elementor-mobile-position-block-start elementor-widget elementor-widget-icon-box\" data-id=\"a004245\" data-element_type=\"widget\" data-e-type=\"widget\" data-widget_type=\"icon-box.default\">\n\t\t\t\t<div class=\"elementor-widget-container\">\n\t\t\t\t\t\t\t<div class=\"elementor-icon-box-wrapper\">\n\n\t\t\t\t\t\t<div class=\"elementor-icon-box-icon\">\n\t\t\t\t<span  class=\"elementor-icon\">\n\t\t\t\t<svg aria-hidden=\"true\" class=\"e-font-icon-svg e-far-grin-alt\" viewBox=\"0 0 496 512\" xmlns=\"http:\/\/www.w3.org\/2000\/svg\"><path d=\"M200.3 248c12.4-18.7 15.1-37.3 15.7-56-.5-18.7-3.3-37.3-15.7-56-8-12-25.1-11.4-32.7 0-12.4 18.7-15.1 37.3-15.7 56 .5 18.7 3.3 37.3 15.7 56 8.1 12 25.2 11.4 32.7 0zm128 0c12.4-18.7 15.1-37.3 15.7-56-.5-18.7-3.3-37.3-15.7-56-8-12-25.1-11.4-32.7 0-12.4 18.7-15.1 37.3-15.7 56 .5 18.7 3.3 37.3 15.7 56 8.1 12 25.2 11.4 32.7 0zM248 8C111 8 0 119 0 256s111 248 248 248 248-111 248-248S385 8 248 8zm0 448c-110.3 0-200-89.7-200-200S137.7 56 248 56s200 89.7 200 200-89.7 200-200 200zm105.6-151.4c-25.9 8.3-64.4 13.1-105.6 13.1s-79.6-4.8-105.6-13.1c-9.9-3.1-19.4 5.3-17.7 15.3 7.9 47.2 71.3 80 123.3 80s115.3-32.9 123.3-80c1.6-9.8-7.7-18.4-17.7-15.3z\"><\/path><\/svg>\t\t\t\t<\/span>\n\t\t\t<\/div>\n\t\t\t\n\t\t\t\t\t\t<div class=\"elementor-icon-box-content\">\n\n\t\t\t\t\t\t\t\t\t<h3 class=\"elementor-icon-box-title\">\n\t\t\t\t\t\t<span  >\n\t\t\t\t\t\t\tEntry fee at the exceptional price of 5\u20ac!\t\t\t\t\t\t<\/span>\n\t\t\t\t\t<\/h3>\n\t\t\t\t\n\t\t\t\t\n\t\t\t<\/div>\n\t\t\t\n\t\t<\/div>\n\t\t\t\t\t\t<\/div>\n\t\t\t\t<\/div>\n\t\t\t\t\t<\/div>\n\t\t\t\t<\/div>\n\t\t<div class=\"elementor-element elementor-element-0444300 e-flex e-con-boxed e-con e-parent\" data-id=\"0444300\" data-element_type=\"container\" data-e-type=\"container\">\n\t\t\t\t\t<div class=\"e-con-inner\">\n\t\t<div class=\"elementor-element elementor-element-cc17f42 e-con-full e-flex e-con e-child\" data-id=\"cc17f42\" data-element_type=\"container\" data-e-type=\"container\">\n\t\t\t\t<div class=\"elementor-element elementor-element-874b456 elementor-widget__width-initial elementor-widget elementor-widget-image\" data-id=\"874b456\" data-element_type=\"widget\" data-e-type=\"widget\" data-widget_type=\"image.default\">\n\t\t\t\t<div class=\"elementor-widget-container\">\n\t\t\t\t\t\t\t\t\t\t\t\t<figure class=\"wp-caption\">\n\t\t\t\t\t\t\t\t\t\t<img fetchpriority=\"high\" decoding=\"async\" width=\"969\" height=\"1303\" src=\"https:\/\/www.historial.fr\/wp-content\/uploads\/2024\/05\/cl02_f024a_2_PHO_5172-1.png\" class=\"attachment-full size-full wp-image-8068\" alt=\"\" srcset=\"https:\/\/www.historial.fr\/wp-content\/uploads\/2024\/05\/cl02_f024a_2_PHO_5172-1.png 969w, https:\/\/www.historial.fr\/wp-content\/uploads\/2024\/05\/cl02_f024a_2_PHO_5172-1-223x300.png 223w, https:\/\/www.historial.fr\/wp-content\/uploads\/2024\/05\/cl02_f024a_2_PHO_5172-1-762x1024.png 762w, https:\/\/www.historial.fr\/wp-content\/uploads\/2024\/05\/cl02_f024a_2_PHO_5172-1-768x1033.png 768w\" sizes=\"(max-width: 969px) 100vw, 969px\" \/>\t\t\t\t\t\t\t\t\t\t\t<figcaption class=\"widget-image-caption wp-caption-text\">Cyclist from the 36th infantry regiment.<\/figcaption>\n\t\t\t\t\t\t\t\t\t\t<\/figure>\n\t\t\t\t\t\t\t\t\t<\/div>\n\t\t\t\t<\/div>\n\t\t\t\t<\/div>\n\t\t<div class=\"elementor-element elementor-element-b334370 e-con-full e-flex e-con e-child\" data-id=\"b334370\" data-element_type=\"container\" data-e-type=\"container\">\n\t\t\t\t<div class=\"elementor-element elementor-element-8b8b2b1 elementor-widget__width-initial elementor-widget elementor-widget-image\" data-id=\"8b8b2b1\" data-element_type=\"widget\" data-e-type=\"widget\" data-widget_type=\"image.default\">\n\t\t\t\t<div class=\"elementor-widget-container\">\n\t\t\t\t\t\t\t\t\t\t\t\t<figure class=\"wp-caption\">\n\t\t\t\t\t\t\t\t\t\t<img decoding=\"async\" width=\"1000\" height=\"1525\" src=\"https:\/\/www.historial.fr\/wp-content\/uploads\/2024\/05\/6-AFF-7_1_CC_1.png\" class=\"attachment-full size-full wp-image-8064\" alt=\"\" srcset=\"https:\/\/www.historial.fr\/wp-content\/uploads\/2024\/05\/6-AFF-7_1_CC_1.png 1000w, https:\/\/www.historial.fr\/wp-content\/uploads\/2024\/05\/6-AFF-7_1_CC_1-197x300.png 197w, https:\/\/www.historial.fr\/wp-content\/uploads\/2024\/05\/6-AFF-7_1_CC_1-671x1024.png 671w, https:\/\/www.historial.fr\/wp-content\/uploads\/2024\/05\/6-AFF-7_1_CC_1-768x1171.png 768w\" sizes=\"(max-width: 1000px) 100vw, 1000px\" \/>\t\t\t\t\t\t\t\t\t\t\t<figcaption class=\"widget-image-caption wp-caption-text\">Advertising poster for the ALCYON bicycle for the Tour de France 1910, Jobart Fr\u00e8res, Lille, publisher.<\/figcaption>\n\t\t\t\t\t\t\t\t\t\t<\/figure>\n\t\t\t\t\t\t\t\t\t<\/div>\n\t\t\t\t<\/div>\n\t\t\t\t<\/div>\n\t\t\t\t\t<\/div>\n\t\t\t\t<\/div>\n\t\t\t\t<\/div>\n\t\t","protected":false},"excerpt":{"rendered":"<p>V\u00e9lo Folie : V\u00e9locip\u00e8des Lively temporary exhibition &#8211; P\u00e9ronne From June 16 to 23 The visit \u201cCYCLEXPO\u201d, presented by \u201cKimagine.fr\u201d, is exuberant in history and humour, and will yield you [&hellip;]<\/p>\n","protected":false},"author":4,"featured_media":0,"parent":4097,"menu_order":0,"comment_status":"closed","ping_status":"closed","template":"","meta":{"_acf_changed":false,"footnotes":""},"class_list":["post-8205","page","type-page","status-publish","hentry"],"acf":[],"yoast_head":"<!-- This site is optimized with the Yoast SEO plugin v27.4 - https:\/\/yoast.com\/product\/yoast-seo-wordpress\/ -->\n<title>V\u00e9lo Folie : V\u00e9locip\u00e8des - Historial de la Grande Guerre<\/title>\n<meta name=\"robots\" content=\"index, follow, max-snippet:-1, max-image-preview:large, max-video-preview:-1\" \/>\n<link rel=\"canonical\" href=\"https:\/\/www.historial.fr\/en\/news\/temporary-exhibits\/velo-folie-velocipedes\/\" \/>\n<meta property=\"og:locale\" content=\"en_US\" \/>\n<meta property=\"og:type\" content=\"article\" \/>\n<meta property=\"og:title\" content=\"V\u00e9lo Folie : V\u00e9locip\u00e8des - Historial de la Grande Guerre\" \/>\n<meta property=\"og:description\" content=\"V\u00e9lo Folie : V\u00e9locip\u00e8des Lively temporary exhibition &#8211; P\u00e9ronne From June 16 to 23 The visit \u201cCYCLEXPO\u201d, presented by \u201cKimagine.fr\u201d, is exuberant in history and humour, and will yield you [&hellip;]\" \/>\n<meta property=\"og:url\" content=\"https:\/\/www.historial.fr\/en\/news\/temporary-exhibits\/velo-folie-velocipedes\/\" \/>\n<meta property=\"og:site_name\" content=\"Historial de la Grande Guerre\" \/>\n<meta property=\"article:modified_time\" content=\"2024-06-10T14:53:26+00:00\" \/>\n<meta property=\"og:image\" content=\"https:\/\/www.historial.fr\/wp-content\/uploads\/2024\/05\/cl02_f024a_2_PHO_5172-1.png\" \/>\n<meta name=\"twitter:card\" content=\"summary_large_image\" \/>\n<meta name=\"twitter:label1\" content=\"Est. reading time\" \/>\n\t<meta name=\"twitter:data1\" content=\"2 minutes\" \/>\n<script type=\"application\/ld+json\" class=\"yoast-schema-graph\">{\"@context\":\"https:\\\/\\\/schema.org\",\"@graph\":[{\"@type\":\"WebPage\",\"@id\":\"https:\\\/\\\/www.historial.fr\\\/en\\\/news\\\/temporary-exhibits\\\/velo-folie-velocipedes\\\/\",\"url\":\"https:\\\/\\\/www.historial.fr\\\/en\\\/news\\\/temporary-exhibits\\\/velo-folie-velocipedes\\\/\",\"name\":\"V\u00e9lo Folie : V\u00e9locip\u00e8des - Historial de la Grande Guerre\",\"isPartOf\":{\"@id\":\"https:\\\/\\\/www.historial.fr\\\/#website\"},\"primaryImageOfPage\":{\"@id\":\"https:\\\/\\\/www.historial.fr\\\/en\\\/news\\\/temporary-exhibits\\\/velo-folie-velocipedes\\\/#primaryimage\"},\"image\":{\"@id\":\"https:\\\/\\\/www.historial.fr\\\/en\\\/news\\\/temporary-exhibits\\\/velo-folie-velocipedes\\\/#primaryimage\"},\"thumbnailUrl\":\"https:\\\/\\\/www.historial.fr\\\/wp-content\\\/uploads\\\/2024\\\/05\\\/cl02_f024a_2_PHO_5172-1.png\",\"datePublished\":\"2024-05-28T15:35:33+00:00\",\"dateModified\":\"2024-06-10T14:53:26+00:00\",\"breadcrumb\":{\"@id\":\"https:\\\/\\\/www.historial.fr\\\/en\\\/news\\\/temporary-exhibits\\\/velo-folie-velocipedes\\\/#breadcrumb\"},\"inLanguage\":\"en-US\",\"potentialAction\":[{\"@type\":\"ReadAction\",\"target\":[\"https:\\\/\\\/www.historial.fr\\\/en\\\/news\\\/temporary-exhibits\\\/velo-folie-velocipedes\\\/\"]}]},{\"@type\":\"ImageObject\",\"inLanguage\":\"en-US\",\"@id\":\"https:\\\/\\\/www.historial.fr\\\/en\\\/news\\\/temporary-exhibits\\\/velo-folie-velocipedes\\\/#primaryimage\",\"url\":\"https:\\\/\\\/www.historial.fr\\\/wp-content\\\/uploads\\\/2024\\\/05\\\/cl02_f024a_2_PHO_5172-1.png\",\"contentUrl\":\"https:\\\/\\\/www.historial.fr\\\/wp-content\\\/uploads\\\/2024\\\/05\\\/cl02_f024a_2_PHO_5172-1.png\"},{\"@type\":\"BreadcrumbList\",\"@id\":\"https:\\\/\\\/www.historial.fr\\\/en\\\/news\\\/temporary-exhibits\\\/velo-folie-velocipedes\\\/#breadcrumb\",\"itemListElement\":[{\"@type\":\"ListItem\",\"position\":1,\"name\":\"Accueil\",\"item\":\"https:\\\/\\\/www.historial.fr\\\/en\\\/\"},{\"@type\":\"ListItem\",\"position\":2,\"name\":\"News\",\"item\":\"https:\\\/\\\/www.historial.fr\\\/en\\\/news\\\/\"},{\"@type\":\"ListItem\",\"position\":3,\"name\":\"Temporary exhibits\",\"item\":\"https:\\\/\\\/www.historial.fr\\\/en\\\/news\\\/temporary-exhibits\\\/\"},{\"@type\":\"ListItem\",\"position\":4,\"name\":\"V\u00e9lo Folie : V\u00e9locip\u00e8des\"}]},{\"@type\":\"WebSite\",\"@id\":\"https:\\\/\\\/www.historial.fr\\\/#website\",\"url\":\"https:\\\/\\\/www.historial.fr\\\/\",\"name\":\"Historial de la Grande Guerre\",\"description\":\"Mus\u00e9e de la Premi\u00e8re Guerre Mondiale\",\"potentialAction\":[{\"@type\":\"SearchAction\",\"target\":{\"@type\":\"EntryPoint\",\"urlTemplate\":\"https:\\\/\\\/www.historial.fr\\\/?s={search_term_string}\"},\"query-input\":{\"@type\":\"PropertyValueSpecification\",\"valueRequired\":true,\"valueName\":\"search_term_string\"}}],\"inLanguage\":\"en-US\"}]}<\/script>\n<!-- \/ Yoast SEO plugin. -->","yoast_head_json":{"title":"V\u00e9lo Folie : V\u00e9locip\u00e8des - Historial de la Grande Guerre","robots":{"index":"index","follow":"follow","max-snippet":"max-snippet:-1","max-image-preview":"max-image-preview:large","max-video-preview":"max-video-preview:-1"},"canonical":"https:\/\/www.historial.fr\/en\/news\/temporary-exhibits\/velo-folie-velocipedes\/","og_locale":"en_US","og_type":"article","og_title":"V\u00e9lo Folie : V\u00e9locip\u00e8des - Historial de la Grande Guerre","og_description":"V\u00e9lo Folie : V\u00e9locip\u00e8des Lively temporary exhibition &#8211; P\u00e9ronne From June 16 to 23 The visit \u201cCYCLEXPO\u201d, presented by \u201cKimagine.fr\u201d, is exuberant in history and humour, and will yield you [&hellip;]","og_url":"https:\/\/www.historial.fr\/en\/news\/temporary-exhibits\/velo-folie-velocipedes\/","og_site_name":"Historial de la Grande Guerre","article_modified_time":"2024-06-10T14:53:26+00:00","og_image":[{"url":"https:\/\/www.historial.fr\/wp-content\/uploads\/2024\/05\/cl02_f024a_2_PHO_5172-1.png","type":"","width":"","height":""}],"twitter_card":"summary_large_image","twitter_misc":{"Est. reading time":"2 minutes"},"schema":{"@context":"https:\/\/schema.org","@graph":[{"@type":"WebPage","@id":"https:\/\/www.historial.fr\/en\/news\/temporary-exhibits\/velo-folie-velocipedes\/","url":"https:\/\/www.historial.fr\/en\/news\/temporary-exhibits\/velo-folie-velocipedes\/","name":"V\u00e9lo Folie : V\u00e9locip\u00e8des - Historial de la Grande Guerre","isPartOf":{"@id":"https:\/\/www.historial.fr\/#website"},"primaryImageOfPage":{"@id":"https:\/\/www.historial.fr\/en\/news\/temporary-exhibits\/velo-folie-velocipedes\/#primaryimage"},"image":{"@id":"https:\/\/www.historial.fr\/en\/news\/temporary-exhibits\/velo-folie-velocipedes\/#primaryimage"},"thumbnailUrl":"https:\/\/www.historial.fr\/wp-content\/uploads\/2024\/05\/cl02_f024a_2_PHO_5172-1.png","datePublished":"2024-05-28T15:35:33+00:00","dateModified":"2024-06-10T14:53:26+00:00","breadcrumb":{"@id":"https:\/\/www.historial.fr\/en\/news\/temporary-exhibits\/velo-folie-velocipedes\/#breadcrumb"},"inLanguage":"en-US","potentialAction":[{"@type":"ReadAction","target":["https:\/\/www.historial.fr\/en\/news\/temporary-exhibits\/velo-folie-velocipedes\/"]}]},{"@type":"ImageObject","inLanguage":"en-US","@id":"https:\/\/www.historial.fr\/en\/news\/temporary-exhibits\/velo-folie-velocipedes\/#primaryimage","url":"https:\/\/www.historial.fr\/wp-content\/uploads\/2024\/05\/cl02_f024a_2_PHO_5172-1.png","contentUrl":"https:\/\/www.historial.fr\/wp-content\/uploads\/2024\/05\/cl02_f024a_2_PHO_5172-1.png"},{"@type":"BreadcrumbList","@id":"https:\/\/www.historial.fr\/en\/news\/temporary-exhibits\/velo-folie-velocipedes\/#breadcrumb","itemListElement":[{"@type":"ListItem","position":1,"name":"Accueil","item":"https:\/\/www.historial.fr\/en\/"},{"@type":"ListItem","position":2,"name":"News","item":"https:\/\/www.historial.fr\/en\/news\/"},{"@type":"ListItem","position":3,"name":"Temporary exhibits","item":"https:\/\/www.historial.fr\/en\/news\/temporary-exhibits\/"},{"@type":"ListItem","position":4,"name":"V\u00e9lo Folie : V\u00e9locip\u00e8des"}]},{"@type":"WebSite","@id":"https:\/\/www.historial.fr\/#website","url":"https:\/\/www.historial.fr\/","name":"Historial de la Grande Guerre","description":"Mus\u00e9e de la Premi\u00e8re Guerre Mondiale","potentialAction":[{"@type":"SearchAction","target":{"@type":"EntryPoint","urlTemplate":"https:\/\/www.historial.fr\/?s={search_term_string}"},"query-input":{"@type":"PropertyValueSpecification","valueRequired":true,"valueName":"search_term_string"}}],"inLanguage":"en-US"}]}},"jetpack_sharing_enabled":true,"_links":{"self":[{"href":"https:\/\/www.historial.fr\/en\/wp-json\/wp\/v2\/pages\/8205","targetHints":{"allow":["GET"]}}],"collection":[{"href":"https:\/\/www.historial.fr\/en\/wp-json\/wp\/v2\/pages"}],"about":[{"href":"https:\/\/www.historial.fr\/en\/wp-json\/wp\/v2\/types\/page"}],"author":[{"embeddable":true,"href":"https:\/\/www.historial.fr\/en\/wp-json\/wp\/v2\/users\/4"}],"replies":[{"embeddable":true,"href":"https:\/\/www.historial.fr\/en\/wp-json\/wp\/v2\/comments?post=8205"}],"version-history":[{"count":16,"href":"https:\/\/www.historial.fr\/en\/wp-json\/wp\/v2\/pages\/8205\/revisions"}],"predecessor-version":[{"id":8715,"href":"https:\/\/www.historial.fr\/en\/wp-json\/wp\/v2\/pages\/8205\/revisions\/8715"}],"up":[{"embeddable":true,"href":"https:\/\/www.historial.fr\/en\/wp-json\/wp\/v2\/pages\/4097"}],"wp:attachment":[{"href":"https:\/\/www.historial.fr\/en\/wp-json\/wp\/v2\/media?parent=8205"}],"curies":[{"name":"wp","href":"https:\/\/api.w.org\/{rel}","templated":true}]}}